{"id":259232,"date":"2023-10-24T18:01:34","date_gmt":"2023-10-24T18:01:34","guid":{"rendered":"https:\/\/old.cuorepilates.indexeodev.es\/?post_type=product&#038;p=259232"},"modified":"2026-01-01T05:40:23","modified_gmt":"2026-01-01T05:40:23","slug":"cadillac","status":"publish","type":"product","link":"https:\/\/old.cuorepilates.indexeodev.es\/pt-pt\/reformers-pilates\/cadillac\/","title":{"rendered":"Cadillac"},"content":{"rendered":"<p>[et_pb_section fb_built=&#8221;1&#8243; _builder_version=&#8221;4.16&#8243; custom_padding=&#8221;0px||||false|false&#8221; global_colors_info=&#8221;{}&#8221;][et_pb_row _builder_version=&#8221;4.16&#8243; background_size=&#8221;initial&#8221; background_position=&#8221;top_left&#8221; background_repeat=&#8221;repeat&#8221; width=&#8221;100%&#8221; custom_padding=&#8221;0px||0px||false|false&#8221; global_colors_info=&#8221;{}&#8221;][et_pb_column type=&#8221;4_4&#8243; _builder_version=&#8221;4.16&#8243; custom_padding=&#8221;|||&#8221; global_colors_info=&#8221;{}&#8221; custom_padding__hover=&#8221;|||&#8221;][et_pb_wc_breadcrumb _builder_version=&#8221;4.16&#8243; global_colors_info=&#8221;{}&#8221;][\/et_pb_wc_breadcrumb][et_pb_wc_cart_notice _builder_version=&#8221;4.21.0&#8243; title_text_color=&#8221;#d31479&#8243; background_color=&#8221;RGBA(255,255,255,0)&#8221; custom_button=&#8221;on&#8221; button_text_color=&#8221;#d31479&#8243; button_bg_color=&#8221;#FFFFFF&#8221; button_border_width=&#8221;1px&#8221; button_border_color=&#8221;#d31479&#8243; custom_margin_tablet=&#8221;&#8221; custom_margin_phone=&#8221;&#8221; custom_margin_last_edited=&#8221;on|desktop&#8221; custom_padding=&#8221;15px||||false|false&#8221; custom_css_button=&#8221;border-radius:50px;&#8221; border_radii=&#8221;on||||&#8221; border_width_all=&#8221;2px&#8221; border_color_all=&#8221;#d31479&#8243; global_colors_info=&#8221;{}&#8221; button_text_color__hover_enabled=&#8221;on|hover&#8221; button_text_color__hover=&#8221;#FFFFFF&#8221; button_bg_color__hover_enabled=&#8221;on|hover&#8221; button_bg_color__hover=&#8221;#d31479&#8243; button_bg_enable_color__hover=&#8221;on&#8221;][\/et_pb_wc_cart_notice][\/et_pb_column][\/et_pb_row][et_pb_row column_structure=&#8221;1_2,1_2&#8243; _builder_version=&#8221;4.16&#8243; background_size=&#8221;initial&#8221; background_position=&#8221;top_left&#8221; background_repeat=&#8221;repeat&#8221; width=&#8221;100%&#8221; custom_padding=&#8221;0px||||false|false&#8221; global_colors_info=&#8221;{}&#8221;][et_pb_column type=&#8221;1_2&#8243; _builder_version=&#8221;4.16&#8243; custom_padding=&#8221;|||&#8221; global_colors_info=&#8221;{}&#8221; custom_padding__hover=&#8221;|||&#8221;][et_pb_wc_images _builder_version=&#8221;4.16&#8243; global_colors_info=&#8221;{}&#8221;][\/et_pb_wc_images][\/et_pb_column][et_pb_column type=&#8221;1_2&#8243; _builder_version=&#8221;4.16&#8243; custom_padding=&#8221;|||&#8221; global_colors_info=&#8221;{}&#8221; custom_padding__hover=&#8221;|||&#8221;][et_pb_wc_title _builder_version=&#8221;4.21.0&#8243; header_text_color=&#8221;#d31479&#8243; global_colors_info=&#8221;{}&#8221;][\/et_pb_wc_title][et_pb_wc_rating _builder_version=&#8221;4.21.0&#8243; rating_text_color=&#8221;#E09900&#8243; body_text_color=&#8221;#d31479&#8243; global_colors_info=&#8221;{}&#8221;][\/et_pb_wc_rating][et_pb_wc_price _builder_version=&#8221;4.21.0&#8243; body_text_color=&#8221;#d31479&#8243; global_colors_info=&#8221;{}&#8221;][\/et_pb_wc_price][et_pb_wc_description _builder_version=&#8221;4.16&#8243; global_colors_info=&#8221;{}&#8221;][\/et_pb_wc_description][et_pb_wc_add_to_cart _builder_version=&#8221;4.21.0&#8243; fields_background_color=&#8221;#d31479&#8243; fields_text_color=&#8221;#FFFFFF&#8221; fields_custom_padding=&#8221;||||false|false&#8221; fields_letter_spacing=&#8221;5px&#8221; custom_button=&#8221;on&#8221; button_text_color=&#8221;#d31479&#8243; global_colors_info=&#8221;{}&#8221; button_text_color__hover_enabled=&#8221;on|hover&#8221; button_text_color__hover=&#8221;#FFFFFF&#8221; button_bg_color__hover_enabled=&#8221;on|hover&#8221; button_bg_color__hover=&#8221;#d31479&#8243; button_bg_enable_color__hover=&#8221;on&#8221;][\/et_pb_wc_add_to_cart][et_pb_wc_meta _builder_version=&#8221;4.21.0&#8243; body_text_color=&#8221;#d31479&#8243; global_colors_info=&#8221;{}&#8221;][\/et_pb_wc_meta][\/et_pb_column][\/et_pb_row][et_pb_row _builder_version=&#8221;4.16&#8243; background_size=&#8221;initial&#8221; background_position=&#8221;top_left&#8221; background_repeat=&#8221;repeat&#8221; width=&#8221;100%&#8221; global_colors_info=&#8221;{}&#8221;][et_pb_column type=&#8221;4_4&#8243; _builder_version=&#8221;4.16&#8243; custom_padding=&#8221;|||&#8221; global_colors_info=&#8221;{}&#8221; custom_padding__hover=&#8221;|||&#8221;][et_pb_wc_tabs active_tab_background_color=&#8221;#d31479&#8243; active_tab_text_color=&#8221;#FFFFFF&#8221; _builder_version=&#8221;4.21.0&#8243; tab_text_color=&#8221;#d31479&#8243; body_text_color=&#8221;#d31479&#8243; border_color_all=&#8221;#d31479&#8243; global_colors_info=&#8221;{}&#8221;] [\/et_pb_wc_tabs][et_pb_wc_upsells _builder_version=&#8221;4.16&#8243; global_colors_info=&#8221;{}&#8221;][\/et_pb_wc_upsells][et_pb_wc_related_products include_categories=&#8221;22&#8243; _builder_version=&#8221;4.24.0&#8243; global_colors_info=&#8221;{}&#8221;][\/et_pb_wc_related_products][\/et_pb_column][\/et_pb_row][\/et_pb_section]<\/p>\n","protected":false},"excerpt":{"rendered":"<p><span style=\"font-weight: 400;\">Uma <strong>m\u00e1quina Cadillac Pilates<\/strong> \u00e9 um equipamento de exerc\u00edcio vers\u00e1til e abrangente, concebido para a pr\u00e1tica do m\u00e9todo Pilates. Esta m\u00e1quina tem o nome do seu criador original, Joseph Pilates, e oferece uma vasta gama de exerc\u00edcios que se centram na melhoria da for\u00e7a, flexibilidade, equil\u00edbrio e controlo corporal. <\/span><\/p>\n<p><span style=\"font-weight: 400;\">O <strong>Cadillac<\/strong> \u00e9 conhecido pela sua capacidade de se adaptar \u00e0s <strong>necessidades espec\u00edficas dos utilizadores<\/strong>, desde principiantes a atletas avan\u00e7ados. Os exerc\u00edcios realizados nesta m\u00e1quina focam o controlo do movimento, o alinhamento postural e o fortalecimento funcional, tornando-a uma ferramenta valiosa para melhorar a sa\u00fade f\u00edsica e o bem-estar geral. <\/span><\/p>\n","protected":false},"featured_media":264218,"comment_status":"open","ping_status":"closed","template":"","meta":{"_acf_changed":false,"_et_pb_use_builder":"on","_et_pb_old_content":"O Cadillac \u00e9 a m\u00e1quina mais completa da nossa gama de m\u00e1quinas de Pilates. Este modelo oferece a possibilidade de usufruir das experi\u00eancias do Reformer, do Mat e do Cadillac num s\u00f3 aparelho. O Cadillac Reformer \u00e9 fabricado em madeira e a\u00e7o. \u00c9 muito resistente. Estofo em espuma EVA de alta densidade para maior conforto. Estofado em preto com material lav\u00e1vel e dur\u00e1vel.\r\n<table width=\"0\">\r\n<tbody>\r\n<tr>\r\n<td width=\"177\"><strong>ALTURA DO POSTE<\/strong><\/td>\r\n<td width=\"425\">Ajust\u00e1vel em 5 posi\u00e7\u00f5es<\/td>\r\n<\/tr>\r\n<tr>\r\n<td width=\"177\"><strong>BARRA DE P\u00c9S<\/strong><\/td>\r\n<td width=\"425\">7 posi\u00e7\u00f5es<\/td>\r\n<\/tr>\r\n<tr>\r\n<td width=\"177\"><strong>MOLAS DO CARRINHO REGUL\u00c1VEIS<\/strong><\/td>\r\n<td width=\"425\">3 alturas e 3 intensidades de for\u00e7a (as molas do carrinho s\u00e3o regul\u00e1veis em altura e intensidade)<\/td>\r\n<\/tr>\r\n<tr>\r\n<td width=\"177\"><strong>CABE\u00c7A<\/strong><\/td>\r\n<td width=\"425\">3 posi\u00e7\u00f5es<\/td>\r\n<\/tr>\r\n<tr>\r\n<td width=\"177\"><strong>OMBROS<\/strong><\/td>\r\n<td width=\"425\">Amov\u00edveis e intercambi\u00e1veis, 2 posi\u00e7\u00f5es para alterar a separa\u00e7\u00e3o dos ombros.<\/td>\r\n<\/tr>\r\n<tr>\r\n<td width=\"177\"><strong>MATERIAL<\/strong><\/td>\r\n<td width=\"425\">Madeira maci\u00e7a de carvalho.<\/td>\r\n<\/tr>\r\n<tr>\r\n<td width=\"177\"><strong>MEDIDAS DO REFORMER<\/strong><\/td>\r\n<td width=\"425\">Comprimento: 230 cm Largura: 70 cm Altura: 60 cm<\/td>\r\n<\/tr>\r\n<tr>\r\n<td width=\"177\"><strong>MEDIDAS COM TORRE DE CADILLAC<\/strong><\/td>\r\n<td width=\"425\">Comprimento: 230 cm Largura: 80 cm Altura: 210 cm<\/td>\r\n<\/tr>\r\n<tr>\r\n<td width=\"177\"><strong>PESO<\/strong><\/td>\r\n<td width=\"425\">160 KG<\/td>\r\n<\/tr>\r\n<tr>\r\n<td rowspan=\"9\" width=\"177\"><strong>ACESS\u00d3RIOS DO REFORMER:<\/strong><\/td>\r\n<td width=\"425\">Duas molas vermelhas (fortes), 2 molas verdes (m\u00e9dias) e 2 molas amarelas (leves).<\/td>\r\n<\/tr>\r\n<tr>\r\n<td width=\"425\">Um conjunto de pegas duplas confort\u00e1veis para utiliza\u00e7\u00e3o com as m\u00e3os e os p\u00e9s.<\/td>\r\n<\/tr>\r\n<tr>\r\n<td width=\"425\">Plataforma para os p\u00e9s com superf\u00edcie antiderrapante<\/td>\r\n<\/tr>\r\n<tr>\r\n<td width=\"425\">Cinto de estabilidade<\/td>\r\n<\/tr>\r\n<tr>\r\n<td width=\"425\">Caixa, caixa para dar versatilidade aos exerc\u00edcios no carrinho.<\/td>\r\n<\/tr>\r\n<tr>\r\n<td width=\"425\">Mat, que transforma o reformer numa maca para exerc\u00edcios no ch\u00e3o.<\/td>\r\n<\/tr>\r\n<tr>\r\n<td width=\"425\">Plataforma de p\u00e9s almofadada para o tapete.<\/td>\r\n<\/tr>\r\n<tr>\r\n<td width=\"425\">Mesa de saltos<\/td>\r\n<\/tr>\r\n<tr>\r\n<td width=\"425\">tapete de extens\u00e3o almofadado<\/td>\r\n<\/tr>\r\n<tr>\r\n<td rowspan=\"8\" width=\"177\"><strong>ACESS\u00d3RIOS CADILLAC:<\/strong><\/td>\r\n<td width=\"425\">Um conjunto de pegas em pele de carneiro<\/td>\r\n<\/tr>\r\n<tr>\r\n<td width=\"425\">1 Balan\u00e7o completo com molas<\/td>\r\n<\/tr>\r\n<tr>\r\n<td width=\"425\">Estrutura completa em a\u00e7o inoxid\u00e1vel, facilmente desmont\u00e1vel.<\/td>\r\n<\/tr>\r\n<tr>\r\n<td width=\"425\">Ganchos fixos \u00e0 volta da torre, v\u00e1rias posi\u00e7\u00f5es.<\/td>\r\n<\/tr>\r\n<tr>\r\n<td width=\"425\">Pique de madeira<\/td>\r\n<\/tr>\r\n<tr>\r\n<td width=\"425\">Barra de empurrar antiderrapante, regul\u00e1vel em altura. Com cinta de seguran\u00e7a.<\/td>\r\n<\/tr>\r\n<tr>\r\n<td width=\"425\">13 posi\u00e7\u00f5es para trabalhar com molas, e pica consoante as necessidades.<\/td>\r\n<\/tr>\r\n<tr>\r\n<td width=\"425\">Estribo acolchoado<\/td>\r\n<\/tr>\r\n<\/tbody>\r\n<\/table>","_et_gb_content_width":"","_joinchat":[]},"product_brand":[],"product_cat":[210],"product_tag":[],"class_list":{"0":"post-259232","1":"product","2":"type-product","3":"status-publish","4":"has-post-thumbnail","6":"product_cat-reformers-pilates","7":"product_shipping_class-cadillac-shipping-pt-pt","9":"first","10":"onbackorder","11":"taxable","12":"shipping-taxable","13":"purchasable","14":"product-type-simple"},"acf":{"price_it":0.01,"price_fr":"","price_fin":""},"yoast_head":"<!-- This site is optimized with the Yoast SEO plugin v27.5 - https:\/\/yoast.com\/product\/yoast-seo-wordpress\/ -->\n<title>Cadillac para Pilates | Trap\u00e9zio para Pilates<\/title>\n<meta name=\"description\" content=\"Descobre o caddy de pilates, a ferramenta perfeita para fortalecer e tonificar o teu corpo. Melhora a tua postura e flexibilidade com o nosso trap\u00e9zio de pilates de alta qualidade.\" \/>\n<meta name=\"robots\" content=\"noindex, follow, max-snippet:-1, max-image-preview:large, max-video-preview:-1\" \/>\n<meta property=\"og:locale\" content=\"pt_PT\" \/>\n<meta property=\"og:type\" content=\"article\" \/>\n<meta property=\"og:title\" content=\"Cadillac para Pilates | Trap\u00e9zio para Pilates\" \/>\n<meta property=\"og:description\" content=\"Descobre o caddy de pilates, a ferramenta perfeita para fortalecer e tonificar o teu corpo. Melhora a tua postura e flexibilidade com o nosso trap\u00e9zio de pilates de alta qualidade.\" \/>\n<meta property=\"og:url\" content=\"https:\/\/old.cuorepilates.indexeodev.es\/pt-pt\/reformers-pilates\/cadillac\/\" \/>\n<meta property=\"og:site_name\" content=\"CUORE PILATES\" \/>\n<meta property=\"article:modified_time\" content=\"2026-01-01T05:40:23+00:00\" \/>\n<meta property=\"og:image\" content=\"https:\/\/old.cuorepilates.indexeodev.es\/wp-content\/uploads\/2023\/10\/cadillac-reformer-madera.jpg\" \/>\n\t<meta property=\"og:image:width\" content=\"1200\" \/>\n\t<meta property=\"og:image:height\" content=\"1200\" \/>\n\t<meta property=\"og:image:type\" content=\"image\/jpeg\" \/>\n<meta name=\"twitter:card\" content=\"summary_large_image\" \/>\n<meta name=\"twitter:label1\" content=\"Tempo estimado de leitura\" \/>\n\t<meta name=\"twitter:data1\" content=\"2 minutos\" \/>\n<script type=\"application\/ld+json\" class=\"yoast-schema-graph\">{\"@context\":\"https:\\\/\\\/schema.org\",\"@graph\":[{\"@type\":\"WebPage\",\"@id\":\"https:\\\/\\\/old.cuorepilates.indexeodev.es\\\/pt-pt\\\/reformers-pilates\\\/cadillac\\\/\",\"url\":\"https:\\\/\\\/old.cuorepilates.indexeodev.es\\\/pt-pt\\\/reformers-pilates\\\/cadillac\\\/\",\"name\":\"Cadillac para Pilates | Trap\u00e9zio para Pilates\",\"isPartOf\":{\"@id\":\"https:\\\/\\\/old.cuorepilates.indexeodev.es\\\/pt-pt\\\/#website\"},\"primaryImageOfPage\":{\"@id\":\"https:\\\/\\\/old.cuorepilates.indexeodev.es\\\/pt-pt\\\/reformers-pilates\\\/cadillac\\\/#primaryimage\"},\"image\":{\"@id\":\"https:\\\/\\\/old.cuorepilates.indexeodev.es\\\/pt-pt\\\/reformers-pilates\\\/cadillac\\\/#primaryimage\"},\"thumbnailUrl\":\"https:\\\/\\\/old.cuorepilates.indexeodev.es\\\/wp-content\\\/uploads\\\/2026\\\/02\\\/ChatGPT-Image-3-feb-2026-10_39_31.jpg\",\"datePublished\":\"2023-10-24T18:01:34+00:00\",\"dateModified\":\"2026-01-01T05:40:23+00:00\",\"description\":\"Descobre o caddy de pilates, a ferramenta perfeita para fortalecer e tonificar o teu corpo. Melhora a tua postura e flexibilidade com o nosso trap\u00e9zio de pilates de alta qualidade.\",\"breadcrumb\":{\"@id\":\"https:\\\/\\\/old.cuorepilates.indexeodev.es\\\/pt-pt\\\/reformers-pilates\\\/cadillac\\\/#breadcrumb\"},\"inLanguage\":\"pt-PT\",\"potentialAction\":[{\"@type\":\"ReadAction\",\"target\":[\"https:\\\/\\\/old.cuorepilates.indexeodev.es\\\/pt-pt\\\/reformers-pilates\\\/cadillac\\\/\"]}]},{\"@type\":\"ImageObject\",\"inLanguage\":\"pt-PT\",\"@id\":\"https:\\\/\\\/old.cuorepilates.indexeodev.es\\\/pt-pt\\\/reformers-pilates\\\/cadillac\\\/#primaryimage\",\"url\":\"https:\\\/\\\/old.cuorepilates.indexeodev.es\\\/wp-content\\\/uploads\\\/2026\\\/02\\\/ChatGPT-Image-3-feb-2026-10_39_31.jpg\",\"contentUrl\":\"https:\\\/\\\/old.cuorepilates.indexeodev.es\\\/wp-content\\\/uploads\\\/2026\\\/02\\\/ChatGPT-Image-3-feb-2026-10_39_31.jpg\",\"width\":800,\"height\":800},{\"@type\":\"BreadcrumbList\",\"@id\":\"https:\\\/\\\/old.cuorepilates.indexeodev.es\\\/pt-pt\\\/reformers-pilates\\\/cadillac\\\/#breadcrumb\",\"itemListElement\":[{\"@type\":\"ListItem\",\"position\":1,\"name\":\"Portada\",\"item\":\"https:\\\/\\\/old.cuorepilates.indexeodev.es\\\/pt-pt\\\/\"},{\"@type\":\"ListItem\",\"position\":2,\"name\":\"Nuestra tienda\",\"item\":\"https:\\\/\\\/old.cuorepilates.indexeodev.es\\\/nuestra-tienda\\\/\"},{\"@type\":\"ListItem\",\"position\":3,\"name\":\"Cadillac\"}]},{\"@type\":\"WebSite\",\"@id\":\"https:\\\/\\\/old.cuorepilates.indexeodev.es\\\/pt-pt\\\/#website\",\"url\":\"https:\\\/\\\/old.cuorepilates.indexeodev.es\\\/pt-pt\\\/\",\"name\":\"CUORE PILATES\",\"description\":\"Las m\u00e1quinas de pilates con la mejor Calidad-Precio.\",\"potentialAction\":[{\"@type\":\"SearchAction\",\"target\":{\"@type\":\"EntryPoint\",\"urlTemplate\":\"https:\\\/\\\/old.cuorepilates.indexeodev.es\\\/pt-pt\\\/?s={search_term_string}\"},\"query-input\":{\"@type\":\"PropertyValueSpecification\",\"valueRequired\":true,\"valueName\":\"search_term_string\"}}],\"inLanguage\":\"pt-PT\"}]}<\/script>\n<!-- \/ Yoast SEO plugin. -->","yoast_head_json":{"title":"Cadillac para Pilates | Trap\u00e9zio para Pilates","description":"Descobre o caddy de pilates, a ferramenta perfeita para fortalecer e tonificar o teu corpo. Melhora a tua postura e flexibilidade com o nosso trap\u00e9zio de pilates de alta qualidade.","robots":{"index":"noindex","follow":"follow","max-snippet":"max-snippet:-1","max-image-preview":"max-image-preview:large","max-video-preview":"max-video-preview:-1"},"og_locale":"pt_PT","og_type":"article","og_title":"Cadillac para Pilates | Trap\u00e9zio para Pilates","og_description":"Descobre o caddy de pilates, a ferramenta perfeita para fortalecer e tonificar o teu corpo. Melhora a tua postura e flexibilidade com o nosso trap\u00e9zio de pilates de alta qualidade.","og_url":"https:\/\/old.cuorepilates.indexeodev.es\/pt-pt\/reformers-pilates\/cadillac\/","og_site_name":"CUORE PILATES","article_modified_time":"2026-01-01T05:40:23+00:00","og_image":[{"width":1200,"height":1200,"url":"https:\/\/old.cuorepilates.indexeodev.es\/wp-content\/uploads\/2023\/10\/cadillac-reformer-madera.jpg","type":"image\/jpeg"}],"twitter_card":"summary_large_image","twitter_misc":{"Tempo estimado de leitura":"2 minutos"},"schema":{"@context":"https:\/\/schema.org","@graph":[{"@type":"WebPage","@id":"https:\/\/old.cuorepilates.indexeodev.es\/pt-pt\/reformers-pilates\/cadillac\/","url":"https:\/\/old.cuorepilates.indexeodev.es\/pt-pt\/reformers-pilates\/cadillac\/","name":"Cadillac para Pilates | Trap\u00e9zio para Pilates","isPartOf":{"@id":"https:\/\/old.cuorepilates.indexeodev.es\/pt-pt\/#website"},"primaryImageOfPage":{"@id":"https:\/\/old.cuorepilates.indexeodev.es\/pt-pt\/reformers-pilates\/cadillac\/#primaryimage"},"image":{"@id":"https:\/\/old.cuorepilates.indexeodev.es\/pt-pt\/reformers-pilates\/cadillac\/#primaryimage"},"thumbnailUrl":"https:\/\/old.cuorepilates.indexeodev.es\/wp-content\/uploads\/2026\/02\/ChatGPT-Image-3-feb-2026-10_39_31.jpg","datePublished":"2023-10-24T18:01:34+00:00","dateModified":"2026-01-01T05:40:23+00:00","description":"Descobre o caddy de pilates, a ferramenta perfeita para fortalecer e tonificar o teu corpo. Melhora a tua postura e flexibilidade com o nosso trap\u00e9zio de pilates de alta qualidade.","breadcrumb":{"@id":"https:\/\/old.cuorepilates.indexeodev.es\/pt-pt\/reformers-pilates\/cadillac\/#breadcrumb"},"inLanguage":"pt-PT","potentialAction":[{"@type":"ReadAction","target":["https:\/\/old.cuorepilates.indexeodev.es\/pt-pt\/reformers-pilates\/cadillac\/"]}]},{"@type":"ImageObject","inLanguage":"pt-PT","@id":"https:\/\/old.cuorepilates.indexeodev.es\/pt-pt\/reformers-pilates\/cadillac\/#primaryimage","url":"https:\/\/old.cuorepilates.indexeodev.es\/wp-content\/uploads\/2026\/02\/ChatGPT-Image-3-feb-2026-10_39_31.jpg","contentUrl":"https:\/\/old.cuorepilates.indexeodev.es\/wp-content\/uploads\/2026\/02\/ChatGPT-Image-3-feb-2026-10_39_31.jpg","width":800,"height":800},{"@type":"BreadcrumbList","@id":"https:\/\/old.cuorepilates.indexeodev.es\/pt-pt\/reformers-pilates\/cadillac\/#breadcrumb","itemListElement":[{"@type":"ListItem","position":1,"name":"Portada","item":"https:\/\/old.cuorepilates.indexeodev.es\/pt-pt\/"},{"@type":"ListItem","position":2,"name":"Nuestra tienda","item":"https:\/\/old.cuorepilates.indexeodev.es\/nuestra-tienda\/"},{"@type":"ListItem","position":3,"name":"Cadillac"}]},{"@type":"WebSite","@id":"https:\/\/old.cuorepilates.indexeodev.es\/pt-pt\/#website","url":"https:\/\/old.cuorepilates.indexeodev.es\/pt-pt\/","name":"CUORE PILATES","description":"Las m\u00e1quinas de pilates con la mejor Calidad-Precio.","potentialAction":[{"@type":"SearchAction","target":{"@type":"EntryPoint","urlTemplate":"https:\/\/old.cuorepilates.indexeodev.es\/pt-pt\/?s={search_term_string}"},"query-input":{"@type":"PropertyValueSpecification","valueRequired":true,"valueName":"search_term_string"}}],"inLanguage":"pt-PT"}]}},"_links":{"self":[{"href":"https:\/\/old.cuorepilates.indexeodev.es\/pt-pt\/wp-json\/wp\/v2\/product\/259232","targetHints":{"allow":["GET"]}}],"collection":[{"href":"https:\/\/old.cuorepilates.indexeodev.es\/pt-pt\/wp-json\/wp\/v2\/product"}],"about":[{"href":"https:\/\/old.cuorepilates.indexeodev.es\/pt-pt\/wp-json\/wp\/v2\/types\/product"}],"replies":[{"embeddable":true,"href":"https:\/\/old.cuorepilates.indexeodev.es\/pt-pt\/wp-json\/wp\/v2\/comments?post=259232"}],"wp:featuredmedia":[{"embeddable":true,"href":"https:\/\/old.cuorepilates.indexeodev.es\/pt-pt\/wp-json\/wp\/v2\/media\/264218"}],"wp:attachment":[{"href":"https:\/\/old.cuorepilates.indexeodev.es\/pt-pt\/wp-json\/wp\/v2\/media?parent=259232"}],"wp:term":[{"taxonomy":"product_brand","embeddable":true,"href":"https:\/\/old.cuorepilates.indexeodev.es\/pt-pt\/wp-json\/wp\/v2\/product_brand?post=259232"},{"taxonomy":"product_cat","embeddable":true,"href":"https:\/\/old.cuorepilates.indexeodev.es\/pt-pt\/wp-json\/wp\/v2\/product_cat?post=259232"},{"taxonomy":"product_tag","embeddable":true,"href":"https:\/\/old.cuorepilates.indexeodev.es\/pt-pt\/wp-json\/wp\/v2\/product_tag?post=259232"}],"curies":[{"name":"wp","href":"https:\/\/api.w.org\/{rel}","templated":true}]}}