{"id":259211,"date":"2023-11-27T17:39:06","date_gmt":"2023-11-27T17:39:06","guid":{"rendered":"https:\/\/old.cuorepilates.indexeodev.es\/?post_type=product&#038;p=259211"},"modified":"2026-01-01T05:40:12","modified_gmt":"2026-01-01T05:40:12","slug":"tapete-para-reformer-de-pilates","status":"publish","type":"product","link":"https:\/\/old.cuorepilates.indexeodev.es\/pt-pt\/acessorios-de-pilates-pt-pt\/tapete-para-reformer-de-pilates\/","title":{"rendered":"Tapete para Reformer de Pilates"},"content":{"rendered":"<p>[et_pb_section fb_built=&#8221;1&#8243; _builder_version=&#8221;4.16&#8243; custom_padding=&#8221;0px||||false|false&#8221; global_colors_info=&#8221;{}&#8221;][et_pb_row _builder_version=&#8221;4.16&#8243; background_size=&#8221;initial&#8221; background_position=&#8221;top_left&#8221; background_repeat=&#8221;repeat&#8221; width=&#8221;100%&#8221; custom_padding=&#8221;0px||0px||false|false&#8221; global_colors_info=&#8221;{}&#8221;][et_pb_column type=&#8221;4_4&#8243; _builder_version=&#8221;4.16&#8243; custom_padding=&#8221;|||&#8221; global_colors_info=&#8221;{}&#8221; custom_padding__hover=&#8221;|||&#8221;][et_pb_wc_breadcrumb _builder_version=&#8221;4.16&#8243; global_colors_info=&#8221;{}&#8221;][\/et_pb_wc_breadcrumb][et_pb_wc_cart_notice _builder_version=&#8221;4.16&#8243; global_colors_info=&#8221;{}&#8221;][\/et_pb_wc_cart_notice][\/et_pb_column][\/et_pb_row][et_pb_row column_structure=&#8221;1_2,1_2&#8243; _builder_version=&#8221;4.16&#8243; background_size=&#8221;initial&#8221; background_position=&#8221;top_left&#8221; background_repeat=&#8221;repeat&#8221; width=&#8221;100%&#8221; custom_padding=&#8221;0px||||false|false&#8221; global_colors_info=&#8221;{}&#8221;][et_pb_column type=&#8221;1_2&#8243; _builder_version=&#8221;4.16&#8243; custom_padding=&#8221;|||&#8221; global_colors_info=&#8221;{}&#8221; custom_padding__hover=&#8221;|||&#8221;][et_pb_wc_images _builder_version=&#8221;4.16&#8243; global_colors_info=&#8221;{}&#8221;][\/et_pb_wc_images][\/et_pb_column][et_pb_column type=&#8221;1_2&#8243; _builder_version=&#8221;4.16&#8243; custom_padding=&#8221;|||&#8221; global_colors_info=&#8221;{}&#8221; custom_padding__hover=&#8221;|||&#8221;][et_pb_wc_title _builder_version=&#8221;4.16&#8243; global_colors_info=&#8221;{}&#8221;][\/et_pb_wc_title][et_pb_wc_rating _builder_version=&#8221;4.16&#8243; global_colors_info=&#8221;{}&#8221;][\/et_pb_wc_rating][et_pb_wc_price _builder_version=&#8221;4.16&#8243; global_colors_info=&#8221;{}&#8221;][\/et_pb_wc_price][et_pb_wc_description _builder_version=&#8221;4.16&#8243; global_colors_info=&#8221;{}&#8221;][\/et_pb_wc_description][et_pb_wc_add_to_cart _builder_version=&#8221;4.16&#8243; global_colors_info=&#8221;{}&#8221;][\/et_pb_wc_add_to_cart][et_pb_wc_meta _builder_version=&#8221;4.16&#8243; global_colors_info=&#8221;{}&#8221;][\/et_pb_wc_meta][\/et_pb_column][\/et_pb_row][et_pb_row _builder_version=&#8221;4.16&#8243; background_size=&#8221;initial&#8221; background_position=&#8221;top_left&#8221; background_repeat=&#8221;repeat&#8221; width=&#8221;100%&#8221; global_colors_info=&#8221;{}&#8221;][et_pb_column type=&#8221;4_4&#8243; _builder_version=&#8221;4.16&#8243; custom_padding=&#8221;|||&#8221; global_colors_info=&#8221;{}&#8221; custom_padding__hover=&#8221;|||&#8221;][et_pb_wc_tabs _builder_version=&#8221;4.16&#8243; global_colors_info=&#8221;{}&#8221;]\t\t\t\t\t[\/et_pb_wc_tabs][et_pb_wc_upsells _builder_version=&#8221;4.16&#8243; global_colors_info=&#8221;{}&#8221;][\/et_pb_wc_upsells][et_pb_wc_related_products _builder_version=&#8221;4.16&#8243; global_colors_info=&#8221;{}&#8221;][\/et_pb_wc_related_products][\/et_pb_column][\/et_pb_row][\/et_pb_section][et_pb_section fb_built=&#8221;1&#8243; _builder_version=&#8221;4.16&#8243; custom_padding=&#8221;0px||||false|false&#8221; global_colors_info=&#8221;{}&#8221;][et_pb_row _builder_version=&#8221;4.16&#8243; background_size=&#8221;initial&#8221; background_position=&#8221;top_left&#8221; background_repeat=&#8221;repeat&#8221; width=&#8221;100%&#8221; custom_padding=&#8221;0px||0px||false|false&#8221; global_colors_info=&#8221;{}&#8221;][et_pb_column type=&#8221;4_4&#8243; _builder_version=&#8221;4.16&#8243; custom_padding=&#8221;|||&#8221; global_colors_info=&#8221;{}&#8221; custom_padding__hover=&#8221;|||&#8221;][et_pb_wc_breadcrumb _builder_version=&#8221;4.16&#8243; global_colors_info=&#8221;{}&#8221;][\/et_pb_wc_breadcrumb][et_pb_wc_cart_notice _builder_version=&#8221;4.21.0&#8243; title_text_color=&#8221;#d31479&#8243; background_color=&#8221;RGBA(255,255,255,0)&#8221; custom_button=&#8221;on&#8221; button_text_color=&#8221;#d31479&#8243; button_bg_color=&#8221;#FFFFFF&#8221; button_border_width=&#8221;1px&#8221; button_border_color=&#8221;#d31479&#8243; custom_margin_tablet=&#8221;&#8221; custom_margin_phone=&#8221;&#8221; custom_margin_last_edited=&#8221;on|desktop&#8221; custom_padding=&#8221;15px||||false|false&#8221; custom_css_button=&#8221;border-radius:50px;&#8221; border_radii=&#8221;on||||&#8221; border_width_all=&#8221;2px&#8221; border_color_all=&#8221;#d31479&#8243; global_colors_info=&#8221;{}&#8221; button_text_color__hover_enabled=&#8221;on|hover&#8221; button_text_color__hover=&#8221;#FFFFFF&#8221; button_bg_color__hover_enabled=&#8221;on|hover&#8221; button_bg_color__hover=&#8221;#d31479&#8243; button_bg_enable_color__hover=&#8221;on&#8221;][\/et_pb_wc_cart_notice][\/et_pb_column][\/et_pb_row][et_pb_row column_structure=&#8221;1_2,1_2&#8243; _builder_version=&#8221;4.16&#8243; background_size=&#8221;initial&#8221; background_position=&#8221;top_left&#8221; background_repeat=&#8221;repeat&#8221; width=&#8221;100%&#8221; custom_padding=&#8221;0px||||false|false&#8221; global_colors_info=&#8221;{}&#8221;][et_pb_column type=&#8221;1_2&#8243; _builder_version=&#8221;4.16&#8243; custom_padding=&#8221;|||&#8221; global_colors_info=&#8221;{}&#8221; custom_padding__hover=&#8221;|||&#8221;][et_pb_wc_images _builder_version=&#8221;4.16&#8243; global_colors_info=&#8221;{}&#8221;][\/et_pb_wc_images][\/et_pb_column][et_pb_column type=&#8221;1_2&#8243; _builder_version=&#8221;4.16&#8243; custom_padding=&#8221;|||&#8221; global_colors_info=&#8221;{}&#8221; custom_padding__hover=&#8221;|||&#8221;][et_pb_wc_title _builder_version=&#8221;4.21.0&#8243; header_text_color=&#8221;#d31479&#8243; global_colors_info=&#8221;{}&#8221;][\/et_pb_wc_title][et_pb_wc_rating _builder_version=&#8221;4.21.0&#8243; rating_text_color=&#8221;#E09900&#8243; body_text_color=&#8221;#d31479&#8243; global_colors_info=&#8221;{}&#8221;][\/et_pb_wc_rating][et_pb_wc_price _builder_version=&#8221;4.21.0&#8243; body_text_color=&#8221;#d31479&#8243; global_colors_info=&#8221;{}&#8221;][\/et_pb_wc_price][et_pb_wc_description _builder_version=&#8221;4.16&#8243; global_colors_info=&#8221;{}&#8221;][\/et_pb_wc_description][et_pb_wc_add_to_cart _builder_version=&#8221;4.21.0&#8243; fields_background_color=&#8221;#d31479&#8243; fields_text_color=&#8221;#FFFFFF&#8221; fields_custom_padding=&#8221;||||false|false&#8221; fields_letter_spacing=&#8221;5px&#8221; custom_button=&#8221;on&#8221; button_text_color=&#8221;#d31479&#8243; global_colors_info=&#8221;{}&#8221; button_text_color__hover_enabled=&#8221;on|hover&#8221; button_text_color__hover=&#8221;#FFFFFF&#8221; button_bg_color__hover_enabled=&#8221;on|hover&#8221; button_bg_color__hover=&#8221;#d31479&#8243; button_bg_enable_color__hover=&#8221;on&#8221;][\/et_pb_wc_add_to_cart][et_pb_wc_meta _builder_version=&#8221;4.21.0&#8243; body_text_color=&#8221;#d31479&#8243; global_colors_info=&#8221;{}&#8221;][\/et_pb_wc_meta][\/et_pb_column][\/et_pb_row][et_pb_row _builder_version=&#8221;4.16&#8243; background_size=&#8221;initial&#8221; background_position=&#8221;top_left&#8221; background_repeat=&#8221;repeat&#8221; width=&#8221;100%&#8221; global_colors_info=&#8221;{}&#8221;][et_pb_column type=&#8221;4_4&#8243; _builder_version=&#8221;4.16&#8243; custom_padding=&#8221;|||&#8221; global_colors_info=&#8221;{}&#8221; custom_padding__hover=&#8221;|||&#8221;][et_pb_wc_tabs active_tab_background_color=&#8221;#d31479&#8243; active_tab_text_color=&#8221;#FFFFFF&#8221; _builder_version=&#8221;4.21.0&#8243; tab_text_color=&#8221;#d31479&#8243; body_text_color=&#8221;#d31479&#8243; border_color_all=&#8221;#d31479&#8243; global_colors_info=&#8221;{}&#8221;] [\/et_pb_wc_tabs][et_pb_wc_upsells _builder_version=&#8221;4.16&#8243; global_colors_info=&#8221;{}&#8221;][\/et_pb_wc_upsells][et_pb_wc_related_products _builder_version=&#8221;4.24.0&#8243; global_colors_info=&#8221;{}&#8221;][\/et_pb_wc_related_products][\/et_pb_column][\/et_pb_row][\/et_pb_section]<\/p>\n","protected":false},"excerpt":{"rendered":"<p><b>Tapete especificamente desenhado para uso sobre o Reformer<\/b><\/p>\n<p><span style=\"font-weight: 400;\">Estes tapetes personalizados podem ter v\u00e1rios prop\u00f3sitos:<\/span><\/p>\n<ul>\n<li style=\"font-weight: 400;\"><b>Acolchoamento Adicional:<\/b><span style=\"font-weight: 400;\"> Oferecem uma camada extra de amortecimento para tornar os exerc\u00edcios realizados diretamente sobre o reformer mais confort\u00e1veis.<\/span><\/li>\n<li style=\"font-weight: 400;\"><b>Higiene:<\/b><span style=\"font-weight: 400;\"> Ajudam a manter a superf\u00edcie do reformer limpa, j\u00e1 que o tapete pode ser mais f\u00e1cil de limpar e manter do que a pr\u00f3pria m\u00e1quina.<\/span><\/li>\n<li style=\"font-weight: 400;\"><b>Ader\u00eancia:<\/b><span style=\"font-weight: 400;\"> Alguns tapetes s\u00e3o projetados com uma superf\u00edcie antiderrapante para proporcionar melhor ader\u00eancia durante os exerc\u00edcios, especialmente quando h\u00e1 suor ou umidade.<\/span><\/li>\n<li style=\"font-weight: 400;\"><b>Personaliza\u00e7\u00e3o:<\/b><span style=\"font-weight: 400;\"> Podem ser personalizados com caracter\u00edsticas espec\u00edficas, como linhas de refer\u00eancia ou marcas que ajudam os usu\u00e1rios a posicionar corretamente o corpo durante os exerc\u00edcios.<\/span><\/li>\n<li style=\"font-weight: 400;\"><b>Durabilidade do Reformer:<\/b><span style=\"font-weight: 400;\"> Ao proteger a superf\u00edcie do reformer, esses tapetes podem contribuir para prolongar a vida \u00fatil da m\u00e1quina, reduzindo o desgaste direto sobre a superf\u00edcie original.<\/span><\/li>\n<\/ul>\n","protected":false},"featured_media":260318,"comment_status":"open","ping_status":"closed","template":"","meta":{"_acf_changed":false,"_et_pb_use_builder":"on","_et_pb_old_content":"","_et_gb_content_width":"","_joinchat":[]},"product_brand":[],"product_cat":[232],"product_tag":[],"class_list":{"0":"post-259211","1":"product","2":"type-product","3":"status-publish","4":"has-post-thumbnail","6":"product_cat-acessorios-de-pilates-pt-pt","7":"product_shipping_class-envio-esterillas-carro","9":"first","10":"onbackorder","11":"taxable","12":"shipping-taxable","13":"purchasable","14":"product-type-simple"},"acf":{"price_it":0.01,"price_fr":"","price_fin":""},"yoast_head":"<!-- This site is optimized with the Yoast SEO plugin v27.5 - https:\/\/yoast.com\/product\/yoast-seo-wordpress\/ -->\n<title>Esterilla para Reformer de Pilates | Compre Online | Cuore Pilates<\/title>\n<meta name=\"description\" content=\"Compre Online Tapete para Pilates \u2662 Melhor Pre\u00e7o em Espanha \u2662 Envio R\u00e1pido | Ligue para n\u00f3s: 640 083 116 | Cuore Pilates\" \/>\n<meta name=\"robots\" content=\"noindex, follow, max-snippet:-1, max-image-preview:large, max-video-preview:-1\" \/>\n<meta property=\"og:locale\" content=\"pt_PT\" \/>\n<meta property=\"og:type\" content=\"article\" \/>\n<meta property=\"og:title\" content=\"Esterilla para Reformer de Pilates | Compre Online | Cuore Pilates\" \/>\n<meta property=\"og:description\" content=\"Compre Online Tapete para Pilates \u2662 Melhor Pre\u00e7o em Espanha \u2662 Envio R\u00e1pido | Ligue para n\u00f3s: 640 083 116 | Cuore Pilates\" \/>\n<meta property=\"og:url\" content=\"https:\/\/old.cuorepilates.indexeodev.es\/pt-pt\/acessorios-de-pilates-pt-pt\/tapete-para-reformer-de-pilates\/\" \/>\n<meta property=\"og:site_name\" content=\"CUORE PILATES\" \/>\n<meta property=\"article:modified_time\" content=\"2026-01-01T05:40:12+00:00\" \/>\n<meta property=\"og:image\" content=\"https:\/\/old.cuorepilates.indexeodev.es\/wp-content\/uploads\/2023\/12\/mat-1.png\" \/>\n\t<meta property=\"og:image:width\" content=\"545\" \/>\n\t<meta property=\"og:image:height\" content=\"923\" \/>\n\t<meta property=\"og:image:type\" content=\"image\/png\" \/>\n<meta name=\"twitter:card\" content=\"summary_large_image\" \/>\n<meta name=\"twitter:label1\" content=\"Tempo estimado de leitura\" \/>\n\t<meta name=\"twitter:data1\" content=\"2 minutos\" \/>\n<script type=\"application\/ld+json\" class=\"yoast-schema-graph\">{\"@context\":\"https:\\\/\\\/schema.org\",\"@graph\":[{\"@type\":\"WebPage\",\"@id\":\"https:\\\/\\\/old.cuorepilates.indexeodev.es\\\/pt-pt\\\/acessorios-de-pilates-pt-pt\\\/tapete-para-reformer-de-pilates\\\/\",\"url\":\"https:\\\/\\\/old.cuorepilates.indexeodev.es\\\/pt-pt\\\/acessorios-de-pilates-pt-pt\\\/tapete-para-reformer-de-pilates\\\/\",\"name\":\"Esterilla para Reformer de Pilates | Compre Online | Cuore Pilates\",\"isPartOf\":{\"@id\":\"https:\\\/\\\/old.cuorepilates.indexeodev.es\\\/pt-pt\\\/#website\"},\"primaryImageOfPage\":{\"@id\":\"https:\\\/\\\/old.cuorepilates.indexeodev.es\\\/pt-pt\\\/acessorios-de-pilates-pt-pt\\\/tapete-para-reformer-de-pilates\\\/#primaryimage\"},\"image\":{\"@id\":\"https:\\\/\\\/old.cuorepilates.indexeodev.es\\\/pt-pt\\\/acessorios-de-pilates-pt-pt\\\/tapete-para-reformer-de-pilates\\\/#primaryimage\"},\"thumbnailUrl\":\"https:\\\/\\\/old.cuorepilates.indexeodev.es\\\/wp-content\\\/uploads\\\/2023\\\/12\\\/mat-1.png\",\"datePublished\":\"2023-11-27T17:39:06+00:00\",\"dateModified\":\"2026-01-01T05:40:12+00:00\",\"description\":\"Compre Online Tapete para Pilates \u2662 Melhor Pre\u00e7o em Espanha \u2662 Envio R\u00e1pido | Ligue para n\u00f3s: 640 083 116 | Cuore Pilates\",\"breadcrumb\":{\"@id\":\"https:\\\/\\\/old.cuorepilates.indexeodev.es\\\/pt-pt\\\/acessorios-de-pilates-pt-pt\\\/tapete-para-reformer-de-pilates\\\/#breadcrumb\"},\"inLanguage\":\"pt-PT\",\"potentialAction\":[{\"@type\":\"ReadAction\",\"target\":[\"https:\\\/\\\/old.cuorepilates.indexeodev.es\\\/pt-pt\\\/acessorios-de-pilates-pt-pt\\\/tapete-para-reformer-de-pilates\\\/\"]}]},{\"@type\":\"ImageObject\",\"inLanguage\":\"pt-PT\",\"@id\":\"https:\\\/\\\/old.cuorepilates.indexeodev.es\\\/pt-pt\\\/acessorios-de-pilates-pt-pt\\\/tapete-para-reformer-de-pilates\\\/#primaryimage\",\"url\":\"https:\\\/\\\/old.cuorepilates.indexeodev.es\\\/wp-content\\\/uploads\\\/2023\\\/12\\\/mat-1.png\",\"contentUrl\":\"https:\\\/\\\/old.cuorepilates.indexeodev.es\\\/wp-content\\\/uploads\\\/2023\\\/12\\\/mat-1.png\",\"width\":545,\"height\":923},{\"@type\":\"BreadcrumbList\",\"@id\":\"https:\\\/\\\/old.cuorepilates.indexeodev.es\\\/pt-pt\\\/acessorios-de-pilates-pt-pt\\\/tapete-para-reformer-de-pilates\\\/#breadcrumb\",\"itemListElement\":[{\"@type\":\"ListItem\",\"position\":1,\"name\":\"Portada\",\"item\":\"https:\\\/\\\/old.cuorepilates.indexeodev.es\\\/pt-pt\\\/\"},{\"@type\":\"ListItem\",\"position\":2,\"name\":\"Nuestra tienda\",\"item\":\"https:\\\/\\\/old.cuorepilates.indexeodev.es\\\/nuestra-tienda\\\/\"},{\"@type\":\"ListItem\",\"position\":3,\"name\":\"Tapete para Reformer de Pilates\"}]},{\"@type\":\"WebSite\",\"@id\":\"https:\\\/\\\/old.cuorepilates.indexeodev.es\\\/pt-pt\\\/#website\",\"url\":\"https:\\\/\\\/old.cuorepilates.indexeodev.es\\\/pt-pt\\\/\",\"name\":\"CUORE PILATES\",\"description\":\"Las m\u00e1quinas de pilates con la mejor Calidad-Precio.\",\"potentialAction\":[{\"@type\":\"SearchAction\",\"target\":{\"@type\":\"EntryPoint\",\"urlTemplate\":\"https:\\\/\\\/old.cuorepilates.indexeodev.es\\\/pt-pt\\\/?s={search_term_string}\"},\"query-input\":{\"@type\":\"PropertyValueSpecification\",\"valueRequired\":true,\"valueName\":\"search_term_string\"}}],\"inLanguage\":\"pt-PT\"}]}<\/script>\n<!-- \/ Yoast SEO plugin. -->","yoast_head_json":{"title":"Esterilla para Reformer de Pilates | Compre Online | Cuore Pilates","description":"Compre Online Tapete para Pilates \u2662 Melhor Pre\u00e7o em Espanha \u2662 Envio R\u00e1pido | Ligue para n\u00f3s: 640 083 116 | Cuore Pilates","robots":{"index":"noindex","follow":"follow","max-snippet":"max-snippet:-1","max-image-preview":"max-image-preview:large","max-video-preview":"max-video-preview:-1"},"og_locale":"pt_PT","og_type":"article","og_title":"Esterilla para Reformer de Pilates | Compre Online | Cuore Pilates","og_description":"Compre Online Tapete para Pilates \u2662 Melhor Pre\u00e7o em Espanha \u2662 Envio R\u00e1pido | Ligue para n\u00f3s: 640 083 116 | Cuore Pilates","og_url":"https:\/\/old.cuorepilates.indexeodev.es\/pt-pt\/acessorios-de-pilates-pt-pt\/tapete-para-reformer-de-pilates\/","og_site_name":"CUORE PILATES","article_modified_time":"2026-01-01T05:40:12+00:00","og_image":[{"width":545,"height":923,"url":"https:\/\/old.cuorepilates.indexeodev.es\/wp-content\/uploads\/2023\/12\/mat-1.png","type":"image\/png"}],"twitter_card":"summary_large_image","twitter_misc":{"Tempo estimado de leitura":"2 minutos"},"schema":{"@context":"https:\/\/schema.org","@graph":[{"@type":"WebPage","@id":"https:\/\/old.cuorepilates.indexeodev.es\/pt-pt\/acessorios-de-pilates-pt-pt\/tapete-para-reformer-de-pilates\/","url":"https:\/\/old.cuorepilates.indexeodev.es\/pt-pt\/acessorios-de-pilates-pt-pt\/tapete-para-reformer-de-pilates\/","name":"Esterilla para Reformer de Pilates | Compre Online | Cuore Pilates","isPartOf":{"@id":"https:\/\/old.cuorepilates.indexeodev.es\/pt-pt\/#website"},"primaryImageOfPage":{"@id":"https:\/\/old.cuorepilates.indexeodev.es\/pt-pt\/acessorios-de-pilates-pt-pt\/tapete-para-reformer-de-pilates\/#primaryimage"},"image":{"@id":"https:\/\/old.cuorepilates.indexeodev.es\/pt-pt\/acessorios-de-pilates-pt-pt\/tapete-para-reformer-de-pilates\/#primaryimage"},"thumbnailUrl":"https:\/\/old.cuorepilates.indexeodev.es\/wp-content\/uploads\/2023\/12\/mat-1.png","datePublished":"2023-11-27T17:39:06+00:00","dateModified":"2026-01-01T05:40:12+00:00","description":"Compre Online Tapete para Pilates \u2662 Melhor Pre\u00e7o em Espanha \u2662 Envio R\u00e1pido | Ligue para n\u00f3s: 640 083 116 | Cuore Pilates","breadcrumb":{"@id":"https:\/\/old.cuorepilates.indexeodev.es\/pt-pt\/acessorios-de-pilates-pt-pt\/tapete-para-reformer-de-pilates\/#breadcrumb"},"inLanguage":"pt-PT","potentialAction":[{"@type":"ReadAction","target":["https:\/\/old.cuorepilates.indexeodev.es\/pt-pt\/acessorios-de-pilates-pt-pt\/tapete-para-reformer-de-pilates\/"]}]},{"@type":"ImageObject","inLanguage":"pt-PT","@id":"https:\/\/old.cuorepilates.indexeodev.es\/pt-pt\/acessorios-de-pilates-pt-pt\/tapete-para-reformer-de-pilates\/#primaryimage","url":"https:\/\/old.cuorepilates.indexeodev.es\/wp-content\/uploads\/2023\/12\/mat-1.png","contentUrl":"https:\/\/old.cuorepilates.indexeodev.es\/wp-content\/uploads\/2023\/12\/mat-1.png","width":545,"height":923},{"@type":"BreadcrumbList","@id":"https:\/\/old.cuorepilates.indexeodev.es\/pt-pt\/acessorios-de-pilates-pt-pt\/tapete-para-reformer-de-pilates\/#breadcrumb","itemListElement":[{"@type":"ListItem","position":1,"name":"Portada","item":"https:\/\/old.cuorepilates.indexeodev.es\/pt-pt\/"},{"@type":"ListItem","position":2,"name":"Nuestra tienda","item":"https:\/\/old.cuorepilates.indexeodev.es\/nuestra-tienda\/"},{"@type":"ListItem","position":3,"name":"Tapete para Reformer de Pilates"}]},{"@type":"WebSite","@id":"https:\/\/old.cuorepilates.indexeodev.es\/pt-pt\/#website","url":"https:\/\/old.cuorepilates.indexeodev.es\/pt-pt\/","name":"CUORE PILATES","description":"Las m\u00e1quinas de pilates con la mejor Calidad-Precio.","potentialAction":[{"@type":"SearchAction","target":{"@type":"EntryPoint","urlTemplate":"https:\/\/old.cuorepilates.indexeodev.es\/pt-pt\/?s={search_term_string}"},"query-input":{"@type":"PropertyValueSpecification","valueRequired":true,"valueName":"search_term_string"}}],"inLanguage":"pt-PT"}]}},"_links":{"self":[{"href":"https:\/\/old.cuorepilates.indexeodev.es\/pt-pt\/wp-json\/wp\/v2\/product\/259211","targetHints":{"allow":["GET"]}}],"collection":[{"href":"https:\/\/old.cuorepilates.indexeodev.es\/pt-pt\/wp-json\/wp\/v2\/product"}],"about":[{"href":"https:\/\/old.cuorepilates.indexeodev.es\/pt-pt\/wp-json\/wp\/v2\/types\/product"}],"replies":[{"embeddable":true,"href":"https:\/\/old.cuorepilates.indexeodev.es\/pt-pt\/wp-json\/wp\/v2\/comments?post=259211"}],"wp:featuredmedia":[{"embeddable":true,"href":"https:\/\/old.cuorepilates.indexeodev.es\/pt-pt\/wp-json\/wp\/v2\/media\/260318"}],"wp:attachment":[{"href":"https:\/\/old.cuorepilates.indexeodev.es\/pt-pt\/wp-json\/wp\/v2\/media?parent=259211"}],"wp:term":[{"taxonomy":"product_brand","embeddable":true,"href":"https:\/\/old.cuorepilates.indexeodev.es\/pt-pt\/wp-json\/wp\/v2\/product_brand?post=259211"},{"taxonomy":"product_cat","embeddable":true,"href":"https:\/\/old.cuorepilates.indexeodev.es\/pt-pt\/wp-json\/wp\/v2\/product_cat?post=259211"},{"taxonomy":"product_tag","embeddable":true,"href":"https:\/\/old.cuorepilates.indexeodev.es\/pt-pt\/wp-json\/wp\/v2\/product_tag?post=259211"}],"curies":[{"name":"wp","href":"https:\/\/api.w.org\/{rel}","templated":true}]}}