{"id":259209,"date":"2024-04-28T08:35:21","date_gmt":"2024-04-28T08:35:21","guid":{"rendered":"https:\/\/old.cuorepilates.indexeodev.es\/?post_type=product&#038;p=259209"},"modified":"2026-05-11T10:30:19","modified_gmt":"2026-05-11T08:30:19","slug":"reformer-aluminio-torre","status":"publish","type":"product","link":"https:\/\/old.cuorepilates.indexeodev.es\/pt-pt\/reformers-pilates\/reformer-com-torre\/reformer-aluminio-torre\/","title":{"rendered":"Reformer de Alum\u00ednio com Torre"},"content":{"rendered":"<table dir=\"ltr\" border=\"1\" cellspacing=\"0\" cellpadding=\"0\">\n<colgroup>\n<col width=\"273\" \/>\n<col width=\"550\" \/><\/colgroup>\n<tbody>\n<tr>\n<td>ALTURA POLIAS<\/td>\n<td>Ajust\u00e1vel em 11 posi\u00e7\u00f5es<\/td>\n<\/tr>\n<tr>\n<td>BARRA DE P\u00c9S<\/td>\n<td>5 posi\u00e7\u00f5es, barra deslizante com 8 posi\u00e7\u00f5es<\/td>\n<\/tr>\n<tr>\n<td>MOLAS DO CARRINHO AJUST\u00c1VEIS<\/td>\n<td>2 alturas e 3 intensidades de for\u00e7a (as molas do carrinho s\u00e3o ajust\u00e1veis tanto em altura quanto em intensidade). 2 molas vermelhas (fortes), 2 molas verdes (m\u00e9dias) e 2 molas amarelas (leves)<\/td>\n<\/tr>\n<tr>\n<td>ENCOSTO DE CABE\u00c7A<\/td>\n<td>3 posi\u00e7\u00f5es<\/td>\n<\/tr>\n<tr>\n<td>SUPORTES DE OMBRO<\/td>\n<td>Remov\u00edveis e intercambi\u00e1veis entre si, com 2 posi\u00e7\u00f5es para ajustar a largura dos ombros<\/td>\n<\/tr>\n<tr>\n<td>MATERIAL<\/td>\n<td>Alum\u00ednio<\/td>\n<\/tr>\n<tr>\n<td>MEDIDAS<\/td>\n<td>Comprimento: 244 cm, Largura: 91 cm, Altura: 192 cm<\/td>\n<\/tr>\n<tr>\n<td>PESO<\/td>\n<td>125 KG<\/td>\n<\/tr>\n<tr>\n<td rowspan=\"8\">\n<div>ACESS\u00d3RIOS DO REFORMER:<\/div>\n<\/td>\n<td>Duas molas vermelhas (fortes), 2 molas verdes (m\u00e9dias) e 2 molas amarelas (leves)<\/td>\n<\/tr>\n<tr>\n<td>Um conjunto de al\u00e7as duplas confort\u00e1veis para uso com m\u00e3os e p\u00e9s<\/td>\n<\/tr>\n<tr>\n<td>Plataforma para os p\u00e9s com superf\u00edcie antiderrapante<\/td>\n<\/tr>\n<tr>\n<td>Fita de estabilidade<\/td>\n<\/tr>\n<tr>\n<td>Box: caixa para dar versatilidade aos exerc\u00edcios no carrinho<\/td>\n<\/tr>\n<tr>\n<td>Mat: transforma o reformer em uma maca para exerc\u00edcios de solo<\/td>\n<\/tr>\n<tr>\n<td>Placa de salto<\/td>\n<\/tr>\n<tr>\n<td>Extens\u00e3o de mat acolchoada<\/td>\n<\/tr>\n<tr>\n<td rowspan=\"4\">\n<div>ACESS\u00d3RIOS DA TORRE:<\/div>\n<\/td>\n<td>Molas com al\u00e7as para exerc\u00edcios de membros superiores<\/td>\n<\/tr>\n<tr>\n<td>Vara de madeira<\/td>\n<\/tr>\n<tr>\n<td>Barra push antideslizante, ajust\u00e1vel em altura. Com fita de seguran\u00e7a<\/td>\n<\/tr>\n<tr>\n<td>13 posi\u00e7\u00f5es para trabalhar com molas e vara, conforme necessidade<\/td>\n<\/tr>\n<\/tbody>\n<\/table>\n","protected":false},"excerpt":{"rendered":"<p>Como complemento ao nosso modelo de reformer de madeira com torre, oferecemos este modelo fabricado em alum\u00ednio, com uma est\u00e9tica mais moderna e um produto mais leve do que a vers\u00e3o em madeira, o que nos permite mover o reformer com mais facilidade de um lugar para outro dentro do nosso est\u00fadio de pilates.<\/p>\n<p>Comparado com um reformer tradicional sem torre, seja de madeira ou de alum\u00ednio, este modelo de reformer de alum\u00ednio com torre oferece a possibilidade de ampliar o n\u00famero de exerc\u00edcios e movimentos gra\u00e7as \u00e0s suas polias e barras, que podem ser ajustadas em diferentes alturas da torre.<\/p>\n","protected":false},"featured_media":262751,"comment_status":"open","ping_status":"closed","template":"","meta":{"_acf_changed":false,"_et_pb_use_builder":"","_et_pb_old_content":"","_et_gb_content_width":"","_joinchat":[]},"product_brand":[],"product_cat":[219],"product_tag":[224,225],"class_list":{"0":"post-259209","1":"product","2":"type-product","3":"status-publish","4":"has-post-thumbnail","6":"product_cat-reformer-com-torre","7":"product_tag-reformer-aluminio-pt-pt","8":"product_tag-reformer-con-torre-pt-pt","9":"product_shipping_class-shipping-professional-reformer-com-torre","11":"first","12":"instock","13":"taxable","14":"shipping-taxable","15":"purchasable","16":"product-type-simple"},"acf":{"price_it":0.01,"price_fr":"","price_fin":""},"yoast_head":"<!-- This site is optimized with the Yoast SEO plugin v27.5 - https:\/\/yoast.com\/product\/yoast-seo-wordpress\/ -->\n<title>Reformer de Alum\u00ednio com Torre - CUORE PILATES<\/title>\n<meta name=\"description\" content=\"Reformer de alum\u00ednio com torre. Um aparelho de pilates reformer com design moderno, funcional e, gra\u00e7as \u00e0 sua leveza, f\u00e1cil de mover dentro da sala.\" \/>\n<meta name=\"robots\" content=\"noindex, follow, max-snippet:-1, max-image-preview:large, max-video-preview:-1\" \/>\n<meta property=\"og:locale\" content=\"pt_PT\" \/>\n<meta property=\"og:type\" content=\"article\" \/>\n<meta property=\"og:title\" content=\"Reformer de Alum\u00ednio com Torre - CUORE PILATES\" \/>\n<meta property=\"og:description\" content=\"Reformer de alum\u00ednio com torre. Um aparelho de pilates reformer com design moderno, funcional e, gra\u00e7as \u00e0 sua leveza, f\u00e1cil de mover dentro da sala.\" \/>\n<meta property=\"og:url\" content=\"https:\/\/old.cuorepilates.indexeodev.es\/pt-pt\/reformers-pilates\/reformer-com-torre\/reformer-aluminio-torre\/\" \/>\n<meta property=\"og:site_name\" content=\"CUORE PILATES\" \/>\n<meta property=\"article:modified_time\" content=\"2026-05-11T08:30:19+00:00\" \/>\n<meta property=\"og:image\" content=\"https:\/\/old.cuorepilates.indexeodev.es\/wp-content\/uploads\/2024\/04\/REFTORREALU-2024_1.png\" \/>\n\t<meta property=\"og:image:width\" content=\"992\" \/>\n\t<meta property=\"og:image:height\" content=\"1056\" \/>\n\t<meta property=\"og:image:type\" content=\"image\/png\" \/>\n<meta name=\"twitter:card\" content=\"summary_large_image\" \/>\n<meta name=\"twitter:label1\" content=\"Tempo estimado de leitura\" \/>\n\t<meta name=\"twitter:data1\" content=\"2 minutos\" \/>\n<script type=\"application\/ld+json\" class=\"yoast-schema-graph\">{\"@context\":\"https:\\\/\\\/schema.org\",\"@graph\":[{\"@type\":\"WebPage\",\"@id\":\"https:\\\/\\\/old.cuorepilates.indexeodev.es\\\/pt-pt\\\/reformers-pilates\\\/reformer-com-torre\\\/reformer-aluminio-torre\\\/\",\"url\":\"https:\\\/\\\/old.cuorepilates.indexeodev.es\\\/pt-pt\\\/reformers-pilates\\\/reformer-com-torre\\\/reformer-aluminio-torre\\\/\",\"name\":\"Reformer de Alum\u00ednio com Torre - CUORE PILATES\",\"isPartOf\":{\"@id\":\"https:\\\/\\\/old.cuorepilates.indexeodev.es\\\/pt-pt\\\/#website\"},\"primaryImageOfPage\":{\"@id\":\"https:\\\/\\\/old.cuorepilates.indexeodev.es\\\/pt-pt\\\/reformers-pilates\\\/reformer-com-torre\\\/reformer-aluminio-torre\\\/#primaryimage\"},\"image\":{\"@id\":\"https:\\\/\\\/old.cuorepilates.indexeodev.es\\\/pt-pt\\\/reformers-pilates\\\/reformer-com-torre\\\/reformer-aluminio-torre\\\/#primaryimage\"},\"thumbnailUrl\":\"https:\\\/\\\/old.cuorepilates.indexeodev.es\\\/wp-content\\\/uploads\\\/2024\\\/04\\\/REFTORREALU-2024_1.png\",\"datePublished\":\"2024-04-28T08:35:21+00:00\",\"dateModified\":\"2026-05-11T08:30:19+00:00\",\"description\":\"Reformer de alum\u00ednio com torre. Um aparelho de pilates reformer com design moderno, funcional e, gra\u00e7as \u00e0 sua leveza, f\u00e1cil de mover dentro da sala.\",\"breadcrumb\":{\"@id\":\"https:\\\/\\\/old.cuorepilates.indexeodev.es\\\/pt-pt\\\/reformers-pilates\\\/reformer-com-torre\\\/reformer-aluminio-torre\\\/#breadcrumb\"},\"inLanguage\":\"pt-PT\",\"potentialAction\":[{\"@type\":\"ReadAction\",\"target\":[\"https:\\\/\\\/old.cuorepilates.indexeodev.es\\\/pt-pt\\\/reformers-pilates\\\/reformer-com-torre\\\/reformer-aluminio-torre\\\/\"]}]},{\"@type\":\"ImageObject\",\"inLanguage\":\"pt-PT\",\"@id\":\"https:\\\/\\\/old.cuorepilates.indexeodev.es\\\/pt-pt\\\/reformers-pilates\\\/reformer-com-torre\\\/reformer-aluminio-torre\\\/#primaryimage\",\"url\":\"https:\\\/\\\/old.cuorepilates.indexeodev.es\\\/wp-content\\\/uploads\\\/2024\\\/04\\\/REFTORREALU-2024_1.png\",\"contentUrl\":\"https:\\\/\\\/old.cuorepilates.indexeodev.es\\\/wp-content\\\/uploads\\\/2024\\\/04\\\/REFTORREALU-2024_1.png\",\"width\":992,\"height\":1056},{\"@type\":\"BreadcrumbList\",\"@id\":\"https:\\\/\\\/old.cuorepilates.indexeodev.es\\\/pt-pt\\\/reformers-pilates\\\/reformer-com-torre\\\/reformer-aluminio-torre\\\/#breadcrumb\",\"itemListElement\":[{\"@type\":\"ListItem\",\"position\":1,\"name\":\"Portada\",\"item\":\"https:\\\/\\\/old.cuorepilates.indexeodev.es\\\/pt-pt\\\/\"},{\"@type\":\"ListItem\",\"position\":2,\"name\":\"Nuestra tienda\",\"item\":\"https:\\\/\\\/old.cuorepilates.indexeodev.es\\\/nuestra-tienda\\\/\"},{\"@type\":\"ListItem\",\"position\":3,\"name\":\"Reformer de Alum\u00ednio com Torre\"}]},{\"@type\":\"WebSite\",\"@id\":\"https:\\\/\\\/old.cuorepilates.indexeodev.es\\\/pt-pt\\\/#website\",\"url\":\"https:\\\/\\\/old.cuorepilates.indexeodev.es\\\/pt-pt\\\/\",\"name\":\"CUORE PILATES\",\"description\":\"Las m\u00e1quinas de pilates con la mejor Calidad-Precio.\",\"potentialAction\":[{\"@type\":\"SearchAction\",\"target\":{\"@type\":\"EntryPoint\",\"urlTemplate\":\"https:\\\/\\\/old.cuorepilates.indexeodev.es\\\/pt-pt\\\/?s={search_term_string}\"},\"query-input\":{\"@type\":\"PropertyValueSpecification\",\"valueRequired\":true,\"valueName\":\"search_term_string\"}}],\"inLanguage\":\"pt-PT\"}]}<\/script>\n<!-- \/ Yoast SEO plugin. -->","yoast_head_json":{"title":"Reformer de Alum\u00ednio com Torre - CUORE PILATES","description":"Reformer de alum\u00ednio com torre. Um aparelho de pilates reformer com design moderno, funcional e, gra\u00e7as \u00e0 sua leveza, f\u00e1cil de mover dentro da sala.","robots":{"index":"noindex","follow":"follow","max-snippet":"max-snippet:-1","max-image-preview":"max-image-preview:large","max-video-preview":"max-video-preview:-1"},"og_locale":"pt_PT","og_type":"article","og_title":"Reformer de Alum\u00ednio com Torre - CUORE PILATES","og_description":"Reformer de alum\u00ednio com torre. Um aparelho de pilates reformer com design moderno, funcional e, gra\u00e7as \u00e0 sua leveza, f\u00e1cil de mover dentro da sala.","og_url":"https:\/\/old.cuorepilates.indexeodev.es\/pt-pt\/reformers-pilates\/reformer-com-torre\/reformer-aluminio-torre\/","og_site_name":"CUORE PILATES","article_modified_time":"2026-05-11T08:30:19+00:00","og_image":[{"width":992,"height":1056,"url":"https:\/\/old.cuorepilates.indexeodev.es\/wp-content\/uploads\/2024\/04\/REFTORREALU-2024_1.png","type":"image\/png"}],"twitter_card":"summary_large_image","twitter_misc":{"Tempo estimado de leitura":"2 minutos"},"schema":{"@context":"https:\/\/schema.org","@graph":[{"@type":"WebPage","@id":"https:\/\/old.cuorepilates.indexeodev.es\/pt-pt\/reformers-pilates\/reformer-com-torre\/reformer-aluminio-torre\/","url":"https:\/\/old.cuorepilates.indexeodev.es\/pt-pt\/reformers-pilates\/reformer-com-torre\/reformer-aluminio-torre\/","name":"Reformer de Alum\u00ednio com Torre - CUORE PILATES","isPartOf":{"@id":"https:\/\/old.cuorepilates.indexeodev.es\/pt-pt\/#website"},"primaryImageOfPage":{"@id":"https:\/\/old.cuorepilates.indexeodev.es\/pt-pt\/reformers-pilates\/reformer-com-torre\/reformer-aluminio-torre\/#primaryimage"},"image":{"@id":"https:\/\/old.cuorepilates.indexeodev.es\/pt-pt\/reformers-pilates\/reformer-com-torre\/reformer-aluminio-torre\/#primaryimage"},"thumbnailUrl":"https:\/\/old.cuorepilates.indexeodev.es\/wp-content\/uploads\/2024\/04\/REFTORREALU-2024_1.png","datePublished":"2024-04-28T08:35:21+00:00","dateModified":"2026-05-11T08:30:19+00:00","description":"Reformer de alum\u00ednio com torre. Um aparelho de pilates reformer com design moderno, funcional e, gra\u00e7as \u00e0 sua leveza, f\u00e1cil de mover dentro da sala.","breadcrumb":{"@id":"https:\/\/old.cuorepilates.indexeodev.es\/pt-pt\/reformers-pilates\/reformer-com-torre\/reformer-aluminio-torre\/#breadcrumb"},"inLanguage":"pt-PT","potentialAction":[{"@type":"ReadAction","target":["https:\/\/old.cuorepilates.indexeodev.es\/pt-pt\/reformers-pilates\/reformer-com-torre\/reformer-aluminio-torre\/"]}]},{"@type":"ImageObject","inLanguage":"pt-PT","@id":"https:\/\/old.cuorepilates.indexeodev.es\/pt-pt\/reformers-pilates\/reformer-com-torre\/reformer-aluminio-torre\/#primaryimage","url":"https:\/\/old.cuorepilates.indexeodev.es\/wp-content\/uploads\/2024\/04\/REFTORREALU-2024_1.png","contentUrl":"https:\/\/old.cuorepilates.indexeodev.es\/wp-content\/uploads\/2024\/04\/REFTORREALU-2024_1.png","width":992,"height":1056},{"@type":"BreadcrumbList","@id":"https:\/\/old.cuorepilates.indexeodev.es\/pt-pt\/reformers-pilates\/reformer-com-torre\/reformer-aluminio-torre\/#breadcrumb","itemListElement":[{"@type":"ListItem","position":1,"name":"Portada","item":"https:\/\/old.cuorepilates.indexeodev.es\/pt-pt\/"},{"@type":"ListItem","position":2,"name":"Nuestra tienda","item":"https:\/\/old.cuorepilates.indexeodev.es\/nuestra-tienda\/"},{"@type":"ListItem","position":3,"name":"Reformer de Alum\u00ednio com Torre"}]},{"@type":"WebSite","@id":"https:\/\/old.cuorepilates.indexeodev.es\/pt-pt\/#website","url":"https:\/\/old.cuorepilates.indexeodev.es\/pt-pt\/","name":"CUORE PILATES","description":"Las m\u00e1quinas de pilates con la mejor Calidad-Precio.","potentialAction":[{"@type":"SearchAction","target":{"@type":"EntryPoint","urlTemplate":"https:\/\/old.cuorepilates.indexeodev.es\/pt-pt\/?s={search_term_string}"},"query-input":{"@type":"PropertyValueSpecification","valueRequired":true,"valueName":"search_term_string"}}],"inLanguage":"pt-PT"}]}},"_links":{"self":[{"href":"https:\/\/old.cuorepilates.indexeodev.es\/pt-pt\/wp-json\/wp\/v2\/product\/259209","targetHints":{"allow":["GET"]}}],"collection":[{"href":"https:\/\/old.cuorepilates.indexeodev.es\/pt-pt\/wp-json\/wp\/v2\/product"}],"about":[{"href":"https:\/\/old.cuorepilates.indexeodev.es\/pt-pt\/wp-json\/wp\/v2\/types\/product"}],"replies":[{"embeddable":true,"href":"https:\/\/old.cuorepilates.indexeodev.es\/pt-pt\/wp-json\/wp\/v2\/comments?post=259209"}],"wp:featuredmedia":[{"embeddable":true,"href":"https:\/\/old.cuorepilates.indexeodev.es\/pt-pt\/wp-json\/wp\/v2\/media\/262751"}],"wp:attachment":[{"href":"https:\/\/old.cuorepilates.indexeodev.es\/pt-pt\/wp-json\/wp\/v2\/media?parent=259209"}],"wp:term":[{"taxonomy":"product_brand","embeddable":true,"href":"https:\/\/old.cuorepilates.indexeodev.es\/pt-pt\/wp-json\/wp\/v2\/product_brand?post=259209"},{"taxonomy":"product_cat","embeddable":true,"href":"https:\/\/old.cuorepilates.indexeodev.es\/pt-pt\/wp-json\/wp\/v2\/product_cat?post=259209"},{"taxonomy":"product_tag","embeddable":true,"href":"https:\/\/old.cuorepilates.indexeodev.es\/pt-pt\/wp-json\/wp\/v2\/product_tag?post=259209"}],"curies":[{"name":"wp","href":"https:\/\/api.w.org\/{rel}","templated":true}]}}