{"id":259202,"date":"2025-04-22T10:48:39","date_gmt":"2025-04-22T10:48:39","guid":{"rendered":"https:\/\/old.cuorepilates.indexeodev.es\/?post_type=product&#038;p=259202"},"modified":"2026-01-01T05:39:57","modified_gmt":"2026-01-01T05:39:57","slug":"reformer-com-torre-artesanal-100-made-in-spain","status":"publish","type":"product","link":"https:\/\/old.cuorepilates.indexeodev.es\/pt-pt\/reformers-pilates\/reformer-com-torre\/reformer-com-torre-artesanal-100-made-in-spain\/","title":{"rendered":"Reformador com Torre, 100% Artesanal, 100% Made in Spain"},"content":{"rendered":"<p>[et_pb_section fb_built=&#8221;1&#8243; _builder_version=&#8221;4.16&#8243; custom_padding=&#8221;0px||||false|false&#8221; global_colors_info=&#8221;{}&#8221;][et_pb_row _builder_version=&#8221;4.16&#8243; background_size=&#8221;initial&#8221; background_position=&#8221;top_left&#8221; background_repeat=&#8221;repeat&#8221; width=&#8221;100%&#8221; custom_padding=&#8221;0px||0px||false|false&#8221; global_colors_info=&#8221;{}&#8221;][et_pb_column type=&#8221;4_4&#8243; _builder_version=&#8221;4.16&#8243; custom_padding=&#8221;|||&#8221; global_colors_info=&#8221;{}&#8221; custom_padding__hover=&#8221;|||&#8221;][et_pb_wc_breadcrumb _builder_version=&#8221;4.16&#8243; global_colors_info=&#8221;{}&#8221;][\/et_pb_wc_breadcrumb][et_pb_wc_cart_notice _builder_version=&#8221;4.16&#8243; global_colors_info=&#8221;{}&#8221;][\/et_pb_wc_cart_notice][\/et_pb_column][\/et_pb_row][et_pb_row column_structure=&#8221;1_2,1_2&#8243; _builder_version=&#8221;4.16&#8243; background_size=&#8221;initial&#8221; background_position=&#8221;top_left&#8221; background_repeat=&#8221;repeat&#8221; width=&#8221;100%&#8221; custom_padding=&#8221;0px||||false|false&#8221; global_colors_info=&#8221;{}&#8221;][et_pb_column type=&#8221;1_2&#8243; _builder_version=&#8221;4.16&#8243; custom_padding=&#8221;|||&#8221; global_colors_info=&#8221;{}&#8221; custom_padding__hover=&#8221;|||&#8221;][et_pb_wc_images _builder_version=&#8221;4.16&#8243; global_colors_info=&#8221;{}&#8221;][\/et_pb_wc_images][\/et_pb_column][et_pb_column type=&#8221;1_2&#8243; _builder_version=&#8221;4.16&#8243; custom_padding=&#8221;|||&#8221; global_colors_info=&#8221;{}&#8221; custom_padding__hover=&#8221;|||&#8221;][et_pb_wc_title _builder_version=&#8221;4.16&#8243; global_colors_info=&#8221;{}&#8221;][\/et_pb_wc_title][et_pb_wc_rating _builder_version=&#8221;4.16&#8243; global_colors_info=&#8221;{}&#8221;][\/et_pb_wc_rating][et_pb_wc_price _builder_version=&#8221;4.16&#8243; global_colors_info=&#8221;{}&#8221;][\/et_pb_wc_price][et_pb_wc_description _builder_version=&#8221;4.16&#8243; global_colors_info=&#8221;{}&#8221;][\/et_pb_wc_description][et_pb_wc_add_to_cart _builder_version=&#8221;4.16&#8243; global_colors_info=&#8221;{}&#8221;][\/et_pb_wc_add_to_cart][et_pb_wc_meta _builder_version=&#8221;4.16&#8243; global_colors_info=&#8221;{}&#8221;][\/et_pb_wc_meta][\/et_pb_column][\/et_pb_row][et_pb_row _builder_version=&#8221;4.16&#8243; background_size=&#8221;initial&#8221; background_position=&#8221;top_left&#8221; background_repeat=&#8221;repeat&#8221; width=&#8221;100%&#8221; global_colors_info=&#8221;{}&#8221;][et_pb_column type=&#8221;4_4&#8243; _builder_version=&#8221;4.16&#8243; custom_padding=&#8221;|||&#8221; global_colors_info=&#8221;{}&#8221; custom_padding__hover=&#8221;|||&#8221;][et_pb_wc_tabs _builder_version=&#8221;4.16&#8243; global_colors_info=&#8221;{}&#8221;]\t\t\t\t\t[\/et_pb_wc_tabs][et_pb_wc_upsells _builder_version=&#8221;4.16&#8243; global_colors_info=&#8221;{}&#8221;][\/et_pb_wc_upsells][et_pb_wc_related_products _builder_version=&#8221;4.16&#8243; global_colors_info=&#8221;{}&#8221;][\/et_pb_wc_related_products][\/et_pb_column][\/et_pb_row][\/et_pb_section][et_pb_section fb_built=&#8221;1&#8243; _builder_version=&#8221;4.16&#8243; custom_padding=&#8221;0px||||false|false&#8221; global_colors_info=&#8221;{}&#8221;][et_pb_row _builder_version=&#8221;4.16&#8243; background_size=&#8221;initial&#8221; background_position=&#8221;top_left&#8221; background_repeat=&#8221;repeat&#8221; width=&#8221;100%&#8221; custom_padding=&#8221;0px||0px||false|false&#8221; global_colors_info=&#8221;{}&#8221;][et_pb_column type=&#8221;4_4&#8243; _builder_version=&#8221;4.16&#8243; custom_padding=&#8221;|||&#8221; global_colors_info=&#8221;{}&#8221; custom_padding__hover=&#8221;|||&#8221;][et_pb_wc_breadcrumb _builder_version=&#8221;4.16&#8243; global_colors_info=&#8221;{}&#8221;][\/et_pb_wc_breadcrumb][et_pb_wc_cart_notice _builder_version=&#8221;4.21.0&#8243; title_text_color=&#8221;#d31479&#8243; background_color=&#8221;RGBA(255,255,255,0)&#8221; custom_button=&#8221;on&#8221; button_text_color=&#8221;#d31479&#8243; button_bg_color=&#8221;#FFFFFF&#8221; button_border_width=&#8221;1px&#8221; button_border_color=&#8221;#d31479&#8243; custom_margin_tablet=&#8221;&#8221; custom_margin_phone=&#8221;&#8221; custom_margin_last_edited=&#8221;on|desktop&#8221; custom_padding=&#8221;15px||||false|false&#8221; custom_css_button=&#8221;border-radius:50px;&#8221; border_radii=&#8221;on||||&#8221; border_width_all=&#8221;2px&#8221; border_color_all=&#8221;#d31479&#8243; global_colors_info=&#8221;{}&#8221; button_text_color__hover_enabled=&#8221;on|hover&#8221; button_text_color__hover=&#8221;#FFFFFF&#8221; button_bg_color__hover_enabled=&#8221;on|hover&#8221; button_bg_color__hover=&#8221;#d31479&#8243; button_bg_enable_color__hover=&#8221;on&#8221;][\/et_pb_wc_cart_notice][\/et_pb_column][\/et_pb_row][et_pb_row column_structure=&#8221;1_2,1_2&#8243; _builder_version=&#8221;4.16&#8243; background_size=&#8221;initial&#8221; background_position=&#8221;top_left&#8221; background_repeat=&#8221;repeat&#8221; width=&#8221;100%&#8221; custom_padding=&#8221;0px||||false|false&#8221; global_colors_info=&#8221;{}&#8221;][et_pb_column type=&#8221;1_2&#8243; _builder_version=&#8221;4.16&#8243; custom_padding=&#8221;|||&#8221; global_colors_info=&#8221;{}&#8221; custom_padding__hover=&#8221;|||&#8221;][et_pb_wc_images _builder_version=&#8221;4.16&#8243; global_colors_info=&#8221;{}&#8221;][\/et_pb_wc_images][\/et_pb_column][et_pb_column type=&#8221;1_2&#8243; _builder_version=&#8221;4.16&#8243; custom_padding=&#8221;|||&#8221; global_colors_info=&#8221;{}&#8221; custom_padding__hover=&#8221;|||&#8221;][et_pb_wc_title _builder_version=&#8221;4.21.0&#8243; header_text_color=&#8221;#d31479&#8243; global_colors_info=&#8221;{}&#8221;][\/et_pb_wc_title][et_pb_wc_rating _builder_version=&#8221;4.21.0&#8243; rating_text_color=&#8221;#E09900&#8243; body_text_color=&#8221;#d31479&#8243; global_colors_info=&#8221;{}&#8221;][\/et_pb_wc_rating][et_pb_wc_price _builder_version=&#8221;4.21.0&#8243; body_text_color=&#8221;#d31479&#8243; global_colors_info=&#8221;{}&#8221;][\/et_pb_wc_price][et_pb_wc_description _builder_version=&#8221;4.16&#8243; global_colors_info=&#8221;{}&#8221;][\/et_pb_wc_description][et_pb_wc_add_to_cart _builder_version=&#8221;4.21.0&#8243; fields_background_color=&#8221;#d31479&#8243; fields_text_color=&#8221;#FFFFFF&#8221; fields_custom_padding=&#8221;||||false|false&#8221; fields_letter_spacing=&#8221;5px&#8221; custom_button=&#8221;on&#8221; button_text_color=&#8221;#d31479&#8243; global_colors_info=&#8221;{}&#8221; button_text_color__hover_enabled=&#8221;on|hover&#8221; button_text_color__hover=&#8221;#FFFFFF&#8221; button_bg_color__hover_enabled=&#8221;on|hover&#8221; button_bg_color__hover=&#8221;#d31479&#8243; button_bg_enable_color__hover=&#8221;on&#8221;][\/et_pb_wc_add_to_cart][et_pb_wc_meta _builder_version=&#8221;4.21.0&#8243; body_text_color=&#8221;#d31479&#8243; global_colors_info=&#8221;{}&#8221;][\/et_pb_wc_meta][\/et_pb_column][\/et_pb_row][et_pb_row _builder_version=&#8221;4.16&#8243; background_size=&#8221;initial&#8221; background_position=&#8221;top_left&#8221; background_repeat=&#8221;repeat&#8221; width=&#8221;100%&#8221; global_colors_info=&#8221;{}&#8221;][et_pb_column type=&#8221;4_4&#8243; _builder_version=&#8221;4.16&#8243; custom_padding=&#8221;|||&#8221; global_colors_info=&#8221;{}&#8221; custom_padding__hover=&#8221;|||&#8221;][et_pb_wc_tabs active_tab_background_color=&#8221;#d31479&#8243; active_tab_text_color=&#8221;#FFFFFF&#8221; _builder_version=&#8221;4.21.0&#8243; tab_text_color=&#8221;#d31479&#8243; body_text_color=&#8221;#d31479&#8243; border_color_all=&#8221;#d31479&#8243; global_colors_info=&#8221;{}&#8221;] [\/et_pb_wc_tabs][et_pb_wc_upsells _builder_version=&#8221;4.16&#8243; global_colors_info=&#8221;{}&#8221;][\/et_pb_wc_upsells][et_pb_wc_related_products _builder_version=&#8221;4.16&#8243; global_colors_info=&#8221;{}&#8221;][\/et_pb_wc_related_products][\/et_pb_column][\/et_pb_row][\/et_pb_section]<\/p>\n","protected":false},"excerpt":{"rendered":"<p>Equipamento completo que combina a funcionalidade do reformador cl\u00e1ssico com a versatilidade de uma torre vertical. Perfeito para exerc\u00edcios combinados numa \u00fanica esta\u00e7\u00e3o. Feito \u00e0 m\u00e3o em Espanha com materiais de alta qualidade e op\u00e7\u00f5es personaliz\u00e1veis.<\/p>\n","protected":false},"featured_media":263182,"comment_status":"open","ping_status":"closed","template":"","meta":{"_acf_changed":false,"_et_pb_use_builder":"on","_et_pb_old_content":"<div>\r\n<table>\r\n<tbody>\r\n<tr>\r\n<td>Design Combinado<\/td>\r\n<td>\r\n<div><\/div>\r\n<div>Inclui o reformer completo + torre integrada para m\u00e1ximo desempenho<\/div>\r\n<div><\/div><\/td>\r\n<\/tr>\r\n<tr>\r\n<td>Estrutura Abrangente<\/td>\r\n<td>\r\n<div><\/div>\r\n<div>Cama, carro, mat e caixa combinados com uma estrutura de torre robusta<\/div>\r\n<div><\/div><\/td>\r\n<\/tr>\r\n<tr>\r\n<td>\r\n<div>Sistema de Torre<\/div><\/td>\r\n<td>\r\n<div><\/div>\r\n<div>Tubo de a\u00e7o de 35 mm com v\u00e1rias posi\u00e7\u00f5es de altura e fixa\u00e7\u00e3o<\/div>\r\n<div><\/div><\/td>\r\n<\/tr>\r\n<tr>\r\n<td>\r\n<div>Barra Roll-Down<\/div><\/td>\r\n<td>\r\n<div><\/div>\r\n<div>Barra de madeira (28 mm) para trabalho de membros superiores e exerc\u00edcios funcionais<\/div>\r\n<div><\/div><\/td>\r\n<\/tr>\r\n<tr>\r\n<td>\r\n<div>Molas Combinadas<\/div><\/td>\r\n<td>\r\n<div><\/div>\r\n<div>6 molas (2 amarelas, 2 azuis, 2 vermelhas) para uma ampla variedade de resist\u00eancias<\/div>\r\n<div><\/div><\/td>\r\n<\/tr>\r\n<tr>\r\n<td>\r\n<div>Polias &amp; Al\u00e7as<\/div><\/td>\r\n<td>\r\n<div><\/div>\r\n<div>Inclui polias n\u00e1uticas, al\u00e7as de apoio e fita de seguran\u00e7a obrigat\u00f3ria<\/div>\r\n<div><\/div><\/td>\r\n<\/tr>\r\n<tr>\r\n<td>\r\n<div>Fixa\u00e7\u00e3o Segura<\/div><\/td>\r\n<td>\r\n<div><\/div>\r\n<div>Fixa\u00e7\u00e3o ao reformer com 8 parafusos HEX; alta estabilidade<\/div>\r\n<div><\/div><\/td>\r\n<\/tr>\r\n<tr>\r\n<td>\r\n<div>Personaliza\u00e7\u00e3o Total<\/div><\/td>\r\n<td>\r\n<div><\/div>\r\n<div>Medidas e acabamentos personaliz\u00e1veis conforme as necessidades do cliente<\/div>\r\n<div><\/div><\/td>\r\n<\/tr>\r\n<tr>\r\n<td>\r\n<div>Estofamento Premium<\/div><\/td>\r\n<td>\r\n<div><\/div>\r\n<div>Espuma de alta densidade revestida em courvin, com cores \u00e0 escolha<\/div>\r\n<div><\/div><\/td>\r\n<\/tr>\r\n<\/tbody>\r\n<\/table>\r\n<\/div>","_et_gb_content_width":"","_joinchat":[]},"product_brand":[],"product_cat":[219],"product_tag":[],"class_list":{"0":"post-259202","1":"product","2":"type-product","3":"status-publish","4":"has-post-thumbnail","6":"product_cat-reformer-com-torre","7":"product_shipping_class-shipping-professional-reformer-com-torre","9":"first","10":"onbackorder","11":"taxable","12":"shipping-taxable","13":"purchasable","14":"product-type-simple"},"acf":{"price_it":0.01,"price_fr":"","price_fin":""},"yoast_head":"<!-- This site is optimized with the Yoast SEO plugin v27.5 - https:\/\/yoast.com\/product\/yoast-seo-wordpress\/ -->\n<title>Reformer com Torre de Pilates | Cuore Pilates | Comprar Online<\/title>\n<meta name=\"description\" content=\"Comprar online Reformer com Torre de Pilates \u2662 Melhor pre\u00e7o Espanha \u2662 Envio r\u00e1pido | Ligue-nos 640 083 116 | Cuore Pilates\" \/>\n<meta name=\"robots\" content=\"noindex, follow, max-snippet:-1, max-image-preview:large, max-video-preview:-1\" \/>\n<meta property=\"og:locale\" content=\"pt_PT\" \/>\n<meta property=\"og:type\" content=\"article\" \/>\n<meta property=\"og:title\" content=\"Reformer com Torre de Pilates | Cuore Pilates | Comprar Online\" \/>\n<meta property=\"og:description\" content=\"Comprar online Reformer com Torre de Pilates \u2662 Melhor pre\u00e7o Espanha \u2662 Envio r\u00e1pido | Ligue-nos 640 083 116 | Cuore Pilates\" \/>\n<meta property=\"og:url\" content=\"https:\/\/old.cuorepilates.indexeodev.es\/pt-pt\/reformers-pilates\/reformer-com-torre\/reformer-com-torre-artesanal-100-made-in-spain\/\" \/>\n<meta property=\"og:site_name\" content=\"CUORE PILATES\" \/>\n<meta property=\"article:modified_time\" content=\"2026-01-01T05:39:57+00:00\" \/>\n<meta property=\"og:image\" content=\"https:\/\/old.cuorepilates.indexeodev.es\/wp-content\/uploads\/2025\/10\/Generated-Image-October-24-2025-12_26PM.png\" \/>\n\t<meta property=\"og:image:width\" content=\"1344\" \/>\n\t<meta property=\"og:image:height\" content=\"768\" \/>\n\t<meta property=\"og:image:type\" content=\"image\/png\" \/>\n<meta name=\"twitter:card\" content=\"summary_large_image\" \/>\n<meta name=\"twitter:label1\" content=\"Tempo estimado de leitura\" \/>\n\t<meta name=\"twitter:data1\" content=\"1 minuto\" \/>\n<script type=\"application\/ld+json\" class=\"yoast-schema-graph\">{\"@context\":\"https:\\\/\\\/schema.org\",\"@graph\":[{\"@type\":\"WebPage\",\"@id\":\"https:\\\/\\\/old.cuorepilates.indexeodev.es\\\/pt-pt\\\/reformers-pilates\\\/reformer-com-torre\\\/reformer-com-torre-artesanal-100-made-in-spain\\\/\",\"url\":\"https:\\\/\\\/old.cuorepilates.indexeodev.es\\\/pt-pt\\\/reformers-pilates\\\/reformer-com-torre\\\/reformer-com-torre-artesanal-100-made-in-spain\\\/\",\"name\":\"Reformer com Torre de Pilates | Cuore Pilates | Comprar Online\",\"isPartOf\":{\"@id\":\"https:\\\/\\\/old.cuorepilates.indexeodev.es\\\/pt-pt\\\/#website\"},\"primaryImageOfPage\":{\"@id\":\"https:\\\/\\\/old.cuorepilates.indexeodev.es\\\/pt-pt\\\/reformers-pilates\\\/reformer-com-torre\\\/reformer-com-torre-artesanal-100-made-in-spain\\\/#primaryimage\"},\"image\":{\"@id\":\"https:\\\/\\\/old.cuorepilates.indexeodev.es\\\/pt-pt\\\/reformers-pilates\\\/reformer-com-torre\\\/reformer-com-torre-artesanal-100-made-in-spain\\\/#primaryimage\"},\"thumbnailUrl\":\"https:\\\/\\\/old.cuorepilates.indexeodev.es\\\/wp-content\\\/uploads\\\/2025\\\/10\\\/Generated-Image-October-24-2025-12_26PM.png\",\"datePublished\":\"2025-04-22T10:48:39+00:00\",\"dateModified\":\"2026-01-01T05:39:57+00:00\",\"description\":\"Comprar online Reformer com Torre de Pilates \u2662 Melhor pre\u00e7o Espanha \u2662 Envio r\u00e1pido | Ligue-nos 640 083 116 | Cuore Pilates\",\"breadcrumb\":{\"@id\":\"https:\\\/\\\/old.cuorepilates.indexeodev.es\\\/pt-pt\\\/reformers-pilates\\\/reformer-com-torre\\\/reformer-com-torre-artesanal-100-made-in-spain\\\/#breadcrumb\"},\"inLanguage\":\"pt-PT\",\"potentialAction\":[{\"@type\":\"ReadAction\",\"target\":[\"https:\\\/\\\/old.cuorepilates.indexeodev.es\\\/pt-pt\\\/reformers-pilates\\\/reformer-com-torre\\\/reformer-com-torre-artesanal-100-made-in-spain\\\/\"]}]},{\"@type\":\"ImageObject\",\"inLanguage\":\"pt-PT\",\"@id\":\"https:\\\/\\\/old.cuorepilates.indexeodev.es\\\/pt-pt\\\/reformers-pilates\\\/reformer-com-torre\\\/reformer-com-torre-artesanal-100-made-in-spain\\\/#primaryimage\",\"url\":\"https:\\\/\\\/old.cuorepilates.indexeodev.es\\\/wp-content\\\/uploads\\\/2025\\\/10\\\/Generated-Image-October-24-2025-12_26PM.png\",\"contentUrl\":\"https:\\\/\\\/old.cuorepilates.indexeodev.es\\\/wp-content\\\/uploads\\\/2025\\\/10\\\/Generated-Image-October-24-2025-12_26PM.png\",\"width\":1344,\"height\":768},{\"@type\":\"BreadcrumbList\",\"@id\":\"https:\\\/\\\/old.cuorepilates.indexeodev.es\\\/pt-pt\\\/reformers-pilates\\\/reformer-com-torre\\\/reformer-com-torre-artesanal-100-made-in-spain\\\/#breadcrumb\",\"itemListElement\":[{\"@type\":\"ListItem\",\"position\":1,\"name\":\"Portada\",\"item\":\"https:\\\/\\\/old.cuorepilates.indexeodev.es\\\/pt-pt\\\/\"},{\"@type\":\"ListItem\",\"position\":2,\"name\":\"Nuestra tienda\",\"item\":\"https:\\\/\\\/old.cuorepilates.indexeodev.es\\\/nuestra-tienda\\\/\"},{\"@type\":\"ListItem\",\"position\":3,\"name\":\"Reformador com Torre, 100% Artesanal, 100% Made in Spain\"}]},{\"@type\":\"WebSite\",\"@id\":\"https:\\\/\\\/old.cuorepilates.indexeodev.es\\\/pt-pt\\\/#website\",\"url\":\"https:\\\/\\\/old.cuorepilates.indexeodev.es\\\/pt-pt\\\/\",\"name\":\"CUORE PILATES\",\"description\":\"Las m\u00e1quinas de pilates con la mejor Calidad-Precio.\",\"potentialAction\":[{\"@type\":\"SearchAction\",\"target\":{\"@type\":\"EntryPoint\",\"urlTemplate\":\"https:\\\/\\\/old.cuorepilates.indexeodev.es\\\/pt-pt\\\/?s={search_term_string}\"},\"query-input\":{\"@type\":\"PropertyValueSpecification\",\"valueRequired\":true,\"valueName\":\"search_term_string\"}}],\"inLanguage\":\"pt-PT\"}]}<\/script>\n<!-- \/ Yoast SEO plugin. -->","yoast_head_json":{"title":"Reformer com Torre de Pilates | Cuore Pilates | Comprar Online","description":"Comprar online Reformer com Torre de Pilates \u2662 Melhor pre\u00e7o Espanha \u2662 Envio r\u00e1pido | Ligue-nos 640 083 116 | Cuore Pilates","robots":{"index":"noindex","follow":"follow","max-snippet":"max-snippet:-1","max-image-preview":"max-image-preview:large","max-video-preview":"max-video-preview:-1"},"og_locale":"pt_PT","og_type":"article","og_title":"Reformer com Torre de Pilates | Cuore Pilates | Comprar Online","og_description":"Comprar online Reformer com Torre de Pilates \u2662 Melhor pre\u00e7o Espanha \u2662 Envio r\u00e1pido | Ligue-nos 640 083 116 | Cuore Pilates","og_url":"https:\/\/old.cuorepilates.indexeodev.es\/pt-pt\/reformers-pilates\/reformer-com-torre\/reformer-com-torre-artesanal-100-made-in-spain\/","og_site_name":"CUORE PILATES","article_modified_time":"2026-01-01T05:39:57+00:00","og_image":[{"width":1344,"height":768,"url":"https:\/\/old.cuorepilates.indexeodev.es\/wp-content\/uploads\/2025\/10\/Generated-Image-October-24-2025-12_26PM.png","type":"image\/png"}],"twitter_card":"summary_large_image","twitter_misc":{"Tempo estimado de leitura":"1 minuto"},"schema":{"@context":"https:\/\/schema.org","@graph":[{"@type":"WebPage","@id":"https:\/\/old.cuorepilates.indexeodev.es\/pt-pt\/reformers-pilates\/reformer-com-torre\/reformer-com-torre-artesanal-100-made-in-spain\/","url":"https:\/\/old.cuorepilates.indexeodev.es\/pt-pt\/reformers-pilates\/reformer-com-torre\/reformer-com-torre-artesanal-100-made-in-spain\/","name":"Reformer com Torre de Pilates | Cuore Pilates | Comprar Online","isPartOf":{"@id":"https:\/\/old.cuorepilates.indexeodev.es\/pt-pt\/#website"},"primaryImageOfPage":{"@id":"https:\/\/old.cuorepilates.indexeodev.es\/pt-pt\/reformers-pilates\/reformer-com-torre\/reformer-com-torre-artesanal-100-made-in-spain\/#primaryimage"},"image":{"@id":"https:\/\/old.cuorepilates.indexeodev.es\/pt-pt\/reformers-pilates\/reformer-com-torre\/reformer-com-torre-artesanal-100-made-in-spain\/#primaryimage"},"thumbnailUrl":"https:\/\/old.cuorepilates.indexeodev.es\/wp-content\/uploads\/2025\/10\/Generated-Image-October-24-2025-12_26PM.png","datePublished":"2025-04-22T10:48:39+00:00","dateModified":"2026-01-01T05:39:57+00:00","description":"Comprar online Reformer com Torre de Pilates \u2662 Melhor pre\u00e7o Espanha \u2662 Envio r\u00e1pido | Ligue-nos 640 083 116 | Cuore Pilates","breadcrumb":{"@id":"https:\/\/old.cuorepilates.indexeodev.es\/pt-pt\/reformers-pilates\/reformer-com-torre\/reformer-com-torre-artesanal-100-made-in-spain\/#breadcrumb"},"inLanguage":"pt-PT","potentialAction":[{"@type":"ReadAction","target":["https:\/\/old.cuorepilates.indexeodev.es\/pt-pt\/reformers-pilates\/reformer-com-torre\/reformer-com-torre-artesanal-100-made-in-spain\/"]}]},{"@type":"ImageObject","inLanguage":"pt-PT","@id":"https:\/\/old.cuorepilates.indexeodev.es\/pt-pt\/reformers-pilates\/reformer-com-torre\/reformer-com-torre-artesanal-100-made-in-spain\/#primaryimage","url":"https:\/\/old.cuorepilates.indexeodev.es\/wp-content\/uploads\/2025\/10\/Generated-Image-October-24-2025-12_26PM.png","contentUrl":"https:\/\/old.cuorepilates.indexeodev.es\/wp-content\/uploads\/2025\/10\/Generated-Image-October-24-2025-12_26PM.png","width":1344,"height":768},{"@type":"BreadcrumbList","@id":"https:\/\/old.cuorepilates.indexeodev.es\/pt-pt\/reformers-pilates\/reformer-com-torre\/reformer-com-torre-artesanal-100-made-in-spain\/#breadcrumb","itemListElement":[{"@type":"ListItem","position":1,"name":"Portada","item":"https:\/\/old.cuorepilates.indexeodev.es\/pt-pt\/"},{"@type":"ListItem","position":2,"name":"Nuestra tienda","item":"https:\/\/old.cuorepilates.indexeodev.es\/nuestra-tienda\/"},{"@type":"ListItem","position":3,"name":"Reformador com Torre, 100% Artesanal, 100% Made in Spain"}]},{"@type":"WebSite","@id":"https:\/\/old.cuorepilates.indexeodev.es\/pt-pt\/#website","url":"https:\/\/old.cuorepilates.indexeodev.es\/pt-pt\/","name":"CUORE PILATES","description":"Las m\u00e1quinas de pilates con la mejor Calidad-Precio.","potentialAction":[{"@type":"SearchAction","target":{"@type":"EntryPoint","urlTemplate":"https:\/\/old.cuorepilates.indexeodev.es\/pt-pt\/?s={search_term_string}"},"query-input":{"@type":"PropertyValueSpecification","valueRequired":true,"valueName":"search_term_string"}}],"inLanguage":"pt-PT"}]}},"_links":{"self":[{"href":"https:\/\/old.cuorepilates.indexeodev.es\/pt-pt\/wp-json\/wp\/v2\/product\/259202","targetHints":{"allow":["GET"]}}],"collection":[{"href":"https:\/\/old.cuorepilates.indexeodev.es\/pt-pt\/wp-json\/wp\/v2\/product"}],"about":[{"href":"https:\/\/old.cuorepilates.indexeodev.es\/pt-pt\/wp-json\/wp\/v2\/types\/product"}],"replies":[{"embeddable":true,"href":"https:\/\/old.cuorepilates.indexeodev.es\/pt-pt\/wp-json\/wp\/v2\/comments?post=259202"}],"wp:featuredmedia":[{"embeddable":true,"href":"https:\/\/old.cuorepilates.indexeodev.es\/pt-pt\/wp-json\/wp\/v2\/media\/263182"}],"wp:attachment":[{"href":"https:\/\/old.cuorepilates.indexeodev.es\/pt-pt\/wp-json\/wp\/v2\/media?parent=259202"}],"wp:term":[{"taxonomy":"product_brand","embeddable":true,"href":"https:\/\/old.cuorepilates.indexeodev.es\/pt-pt\/wp-json\/wp\/v2\/product_brand?post=259202"},{"taxonomy":"product_cat","embeddable":true,"href":"https:\/\/old.cuorepilates.indexeodev.es\/pt-pt\/wp-json\/wp\/v2\/product_cat?post=259202"},{"taxonomy":"product_tag","embeddable":true,"href":"https:\/\/old.cuorepilates.indexeodev.es\/pt-pt\/wp-json\/wp\/v2\/product_tag?post=259202"}],"curies":[{"name":"wp","href":"https:\/\/api.w.org\/{rel}","templated":true}]}}