{"id":259276,"date":"2023-06-09T17:34:26","date_gmt":"2023-06-09T17:34:26","guid":{"rendered":"https:\/\/old.cuorepilates.indexeodev.es\/?page_id=259276"},"modified":"2025-05-20T10:06:52","modified_gmt":"2025-05-20T10:06:52","slug":"privacy-policy","status":"publish","type":"page","link":"https:\/\/old.cuorepilates.indexeodev.es\/pt-pt\/privacy-policy\/","title":{"rendered":"Pol\u00edtica de Privacidade"},"content":{"rendered":"<p>[et_pb_section fb_built=&#8221;1&#8243; admin_label=&#8221;section&#8221; _builder_version=&#8221;4.16&#8243; global_colors_info=&#8221;{}&#8221;][et_pb_row admin_label=&#8221;row&#8221; _builder_version=&#8221;4.16&#8243; background_size=&#8221;initial&#8221; background_position=&#8221;top_left&#8221; background_repeat=&#8221;repeat&#8221; global_colors_info=&#8221;{}&#8221;][et_pb_column type=&#8221;4_4&#8243; _builder_version=&#8221;4.16&#8243; custom_padding=&#8221;|||&#8221; global_colors_info=&#8221;{}&#8221; custom_padding__hover=&#8221;|||&#8221;][et_pb_text admin_label=&#8221;Text&#8221; _builder_version=&#8221;4.24.0&#8243; text_font=&#8221;Work Sans||||||||&#8221; background_size=&#8221;initial&#8221; background_position=&#8221;top_left&#8221; background_repeat=&#8221;repeat&#8221; hover_enabled=&#8221;0&#8243; global_colors_info=&#8221;{}&#8221; sticky_enabled=&#8221;0&#8243;]<\/p>\n<h1>POL\u00cdTICA DE PRIVACIDADE<\/h1>\n<p>&nbsp;<\/p>\n<p>Na CUORE PILATES, preocupamo-nos com a privacidade e a transpar\u00eancia.<\/p>\n<p>Quem \u00e9 o respons\u00e1vel pelo tratamento dos seus dados?<\/p>\n<p>CUORE PILATES S.L,<\/p>\n<p>Rua Alcalde Guach Navarro 5, local 3<\/p>\n<p>El Campello (03560)<\/p>\n<p>ALICANTE<\/p>\n<p>+34 640 083 116<\/p>\n<p>admin@cuorepilates.com<\/p>\n<p>A seguir, indicamos detalhadamente os tratamentos de dados pessoais que realizamos, assim como toda a informa\u00e7\u00e3o relativa a eles.<\/p>\n<p>&nbsp;<\/p>\n<p>Com que finalidade tratamos os seus dados pessoais?<\/p>\n<ul>\n<li><strong>Tratamento de dados de potenciais clientes e contactos:<\/strong> Gerir potenciais clientes que demonstraram interesse nos nossos produtos e\/ou servi\u00e7os e fornecer or\u00e7amentos solicitados, bem como outros contactos comerciais e, se for o caso, enviar comunica\u00e7\u00f5es promocionais, inclusive por via eletr\u00f3nica. Caso n\u00e3o forne\u00e7a os seus dados pessoais, n\u00e3o poderemos cumprir com as finalidades descritas.<\/li>\n<li><strong>Tratamento de dados de clientes:<\/strong> Enviar o produto adquirido, bem como gerir quest\u00f5es fiscais, contabil\u00edsticas e administrativas dos clientes, realizar o pagamento corretamente e enviar comunica\u00e7\u00f5es comerciais. Caso n\u00e3o forne\u00e7a os seus dados pessoais, n\u00e3o poderemos cumprir com as finalidades descritas.<\/li>\n<li><strong>Tratamento de dados de candidatos a um posto de trabalho:<\/strong> Gerir os curr\u00edculos recebidos e realizar processos de sele\u00e7\u00e3o de pessoal, entrevistas e demais procedimentos necess\u00e1rios para encontrar o melhor candidato poss\u00edvel para um determinado posto de trabalho. Caso n\u00e3o forne\u00e7a os seus dados pessoais, n\u00e3o poderemos cumprir com as finalidades descritas.<\/li>\n<\/ul>\n<p>Nenhum dos tratamentos envolve decis\u00f5es automatizadas baseadas nos dados fornecidos.<\/p>\n<p>&nbsp;<\/p>\n<p>Por quanto tempo conservaremos os seus dados?<\/p>\n<ul>\n<li><strong>Tratamento de dados de potenciais clientes e contactos:<\/strong> Os dados ser\u00e3o conservados enquanto o interessado n\u00e3o solicitar a sua elimina\u00e7\u00e3o, desde que sejam necess\u00e1rios para as finalidades descritas. Ser\u00e3o eliminados quando deixarem de ser necess\u00e1rios para a finalidade descrita.<\/li>\n<li><strong>Tratamento de dados de clientes:<\/strong> Os dados ser\u00e3o conservados enquanto o interessado n\u00e3o solicitar a sua elimina\u00e7\u00e3o e, no m\u00e1ximo, pelo tempo necess\u00e1rio para cumprir obriga\u00e7\u00f5es legais.<\/li>\n<li><strong>Tratamento de dados de candidatos a um posto de trabalho:<\/strong> Dois anos desde a \u00faltima intera\u00e7\u00e3o.<\/li>\n<\/ul>\n<p>&nbsp;<\/p>\n<p>Qual \u00e9 a base legal para<br \/>\n[\/et_pb_text][\/et_pb_column][\/et_pb_row][\/et_pb_section]<\/p>\n","protected":false},"excerpt":{"rendered":"<p>POL\u00cdTICA DE PRIVACIDADE &nbsp; Na CUORE PILATES, preocupamo-nos com a privacidade e a transpar\u00eancia. Quem \u00e9 o respons\u00e1vel pelo tratamento dos seus dados? CUORE PILATES S.L, Rua Alcalde Guach Navarro 5, local 3 El Campello (03560) ALICANTE +34 640 083 116 admin@cuorepilates.com A seguir, indicamos detalhadamente os tratamentos de dados pessoais que realizamos, assim como toda a informa\u00e7\u00e3o relativa a eles. &nbsp; Com que finalidade tratamos os seus dados pessoais? Tratamento de dados de potenciais clientes e contactos: Gerir potenciais clientes que demonstraram interesse nos nossos produtos e\/ou servi\u00e7os e fornecer or\u00e7amentos solicitados, bem como outros contactos comerciais e, se for o caso, enviar comunica\u00e7\u00f5es promocionais, inclusive por via eletr\u00f3nica. Caso n\u00e3o forne\u00e7a os seus dados pessoais, n\u00e3o poderemos cumprir com as finalidades descritas. Tratamento de dados de clientes: Enviar o produto adquirido, bem como gerir quest\u00f5es fiscais, contabil\u00edsticas e administrativas dos clientes, realizar o pagamento corretamente e enviar comunica\u00e7\u00f5es comerciais. Caso n\u00e3o forne\u00e7a os seus dados pessoais, n\u00e3o poderemos cumprir com as finalidades descritas. Tratamento de dados de candidatos a um posto de trabalho: Gerir os curr\u00edculos recebidos e realizar processos de sele\u00e7\u00e3o de pessoal, entrevistas e demais procedimentos necess\u00e1rios para encontrar o melhor candidato poss\u00edvel para um determinado [&hellip;]<\/p>\n","protected":false},"author":4,"featured_media":0,"parent":0,"menu_order":0,"comment_status":"closed","ping_status":"open","template":"","meta":{"_acf_changed":false,"_et_pb_use_builder":"on","_et_pb_old_content":"<!-- wp:heading --><h2>Who we are<\/h2><!-- \/wp:heading --><!-- wp:paragraph --><p><strong class=\"privacy-policy-tutorial\">Suggested text: <\/strong>Our website address is: http:\/\/cuorepilates.com.<\/p><!-- \/wp:paragraph --><!-- wp:heading --><h2>Comments<\/h2><!-- \/wp:heading --><!-- wp:paragraph --><p><strong class=\"privacy-policy-tutorial\">Suggested text: <\/strong>When visitors leave comments on the site we collect the data shown in the comments form, and also the visitor\u2019s IP address and browser user agent string to help spam detection.<\/p><!-- \/wp:paragraph --><!-- wp:paragraph --><p>An anonymized string created from your email address (also called a hash) may be provided to the Gravatar service to see if you are using it. The Gravatar service privacy policy is available here: https:\/\/automattic.com\/privacy\/. After approval of your comment, your profile picture is visible to the public in the context of your comment.<\/p><!-- \/wp:paragraph --><!-- wp:heading --><h2>Media<\/h2><!-- \/wp:heading --><!-- wp:paragraph --><p><strong class=\"privacy-policy-tutorial\">Suggested text: <\/strong>If you upload images to the website, you should avoid uploading images with embedded location data (EXIF GPS) included. Visitors to the website can download and extract any location data from images on the website.<\/p><!-- \/wp:paragraph --><!-- wp:heading --><h2>Cookies<\/h2><!-- \/wp:heading --><!-- wp:paragraph --><p><strong class=\"privacy-policy-tutorial\">Suggested text: <\/strong>If you leave a comment on our site you may opt-in to saving your name, email address and website in cookies. These are for your convenience so that you do not have to fill in your details again when you leave another comment. These cookies will last for one year.<\/p><!-- \/wp:paragraph --><!-- wp:paragraph --><p>If you visit our login page, we will set a temporary cookie to determine if your browser accepts cookies. This cookie contains no personal data and is discarded when you close your browser.<\/p><!-- \/wp:paragraph --><!-- wp:paragraph --><p>When you log in, we will also set up several cookies to save your login information and your screen display choices. Login cookies last for two days, and screen options cookies last for a year. If you select \"Remember Me\", your login will persist for two weeks. If you log out of your account, the login cookies will be removed.<\/p><!-- \/wp:paragraph --><!-- wp:paragraph --><p>If you edit or publish an article, an additional cookie will be saved in your browser. This cookie includes no personal data and simply indicates the post ID of the article you just edited. It expires after 1 day.<\/p><!-- \/wp:paragraph --><!-- wp:heading --><h2>Embedded content from other websites<\/h2><!-- \/wp:heading --><!-- wp:paragraph --><p><strong class=\"privacy-policy-tutorial\">Suggested text: <\/strong>Articles on this site may include embedded content (e.g. videos, images, articles, etc.). Embedded content from other websites behaves in the exact same way as if the visitor has visited the other website.<\/p><!-- \/wp:paragraph --><!-- wp:paragraph --><p>These websites may collect data about you, use cookies, embed additional third-party tracking, and monitor your interaction with that embedded content, including tracking your interaction with the embedded content if you have an account and are logged in to that website.<\/p><!-- \/wp:paragraph --><!-- wp:heading --><h2>Who we share your data with<\/h2><!-- \/wp:heading --><!-- wp:paragraph --><p><strong class=\"privacy-policy-tutorial\">Suggested text: <\/strong>If you request a password reset, your IP address will be included in the reset email.<\/p><!-- \/wp:paragraph --><!-- wp:heading --><h2>How long we retain your data<\/h2><!-- \/wp:heading --><!-- wp:paragraph --><p><strong class=\"privacy-policy-tutorial\">Suggested text: <\/strong>If you leave a comment, the comment and its metadata are retained indefinitely. This is so we can recognize and approve any follow-up comments automatically instead of holding them in a moderation queue.<\/p><!-- \/wp:paragraph --><!-- wp:paragraph --><p>For users that register on our website (if any), we also store the personal information they provide in their user profile. All users can see, edit, or delete their personal information at any time (except they cannot change their username). Website administrators can also see and edit that information.<\/p><!-- \/wp:paragraph --><!-- wp:heading --><h2>What rights you have over your data<\/h2><!-- \/wp:heading --><!-- wp:paragraph --><p><strong class=\"privacy-policy-tutorial\">Suggested text: <\/strong>If you have an account on this site, or have left comments, you can request to receive an exported file of the personal data we hold about you, including any data you have provided to us. You can also request that we erase any personal data we hold about you. This does not include any data we are obliged to keep for administrative, legal, or security purposes.<\/p><!-- \/wp:paragraph --><!-- wp:heading --><h2>Where your data is sent<\/h2><!-- \/wp:heading --><!-- wp:paragraph --><p><strong class=\"privacy-policy-tutorial\">Suggested text: <\/strong>Visitor comments may be checked through an automated spam detection service.<\/p><!-- \/wp:paragraph -->","_et_gb_content_width":"","_joinchat":[],"footnotes":""},"class_list":["post-259276","page","type-page","status-publish","hentry"],"acf":[],"yoast_head":"<!-- This site is optimized with the Yoast SEO plugin v27.5 - https:\/\/yoast.com\/product\/yoast-seo-wordpress\/ -->\n<title>Pol\u00edtica de Privacidade - CUORE PILATES<\/title>\n<meta name=\"robots\" content=\"noindex, follow\" \/>\n<meta property=\"og:locale\" content=\"pt_PT\" \/>\n<meta property=\"og:type\" content=\"article\" \/>\n<meta property=\"og:title\" content=\"Pol\u00edtica de Privacidade - CUORE PILATES\" \/>\n<meta property=\"og:description\" content=\"POL\u00cdTICA DE PRIVACIDADE &nbsp; Na CUORE PILATES, preocupamo-nos com a privacidade e a transpar\u00eancia. Quem \u00e9 o respons\u00e1vel pelo tratamento dos seus dados? CUORE PILATES S.L, Rua Alcalde Guach Navarro 5, local 3 El Campello (03560) ALICANTE +34 640 083 116 admin@cuorepilates.com A seguir, indicamos detalhadamente os tratamentos de dados pessoais que realizamos, assim como toda a informa\u00e7\u00e3o relativa a eles. &nbsp; Com que finalidade tratamos os seus dados pessoais? Tratamento de dados de potenciais clientes e contactos: Gerir potenciais clientes que demonstraram interesse nos nossos produtos e\/ou servi\u00e7os e fornecer or\u00e7amentos solicitados, bem como outros contactos comerciais e, se for o caso, enviar comunica\u00e7\u00f5es promocionais, inclusive por via eletr\u00f3nica. Caso n\u00e3o forne\u00e7a os seus dados pessoais, n\u00e3o poderemos cumprir com as finalidades descritas. Tratamento de dados de clientes: Enviar o produto adquirido, bem como gerir quest\u00f5es fiscais, contabil\u00edsticas e administrativas dos clientes, realizar o pagamento corretamente e enviar comunica\u00e7\u00f5es comerciais. Caso n\u00e3o forne\u00e7a os seus dados pessoais, n\u00e3o poderemos cumprir com as finalidades descritas. Tratamento de dados de candidatos a um posto de trabalho: Gerir os curr\u00edculos recebidos e realizar processos de sele\u00e7\u00e3o de pessoal, entrevistas e demais procedimentos necess\u00e1rios para encontrar o melhor candidato poss\u00edvel para um determinado [&hellip;]\" \/>\n<meta property=\"og:url\" content=\"https:\/\/old.cuorepilates.indexeodev.es\/pt-pt\/privacy-policy\/\" \/>\n<meta property=\"og:site_name\" content=\"CUORE PILATES\" \/>\n<meta property=\"article:modified_time\" content=\"2025-05-20T10:06:52+00:00\" \/>\n<meta name=\"twitter:card\" content=\"summary_large_image\" \/>\n<meta name=\"twitter:label1\" content=\"Tempo estimado de leitura\" \/>\n\t<meta name=\"twitter:data1\" content=\"5 minutos\" \/>\n<script type=\"application\/ld+json\" class=\"yoast-schema-graph\">{\"@context\":\"https:\\\/\\\/schema.org\",\"@graph\":[{\"@type\":\"WebPage\",\"@id\":\"https:\\\/\\\/old.cuorepilates.indexeodev.es\\\/pt-pt\\\/privacy-policy\\\/\",\"url\":\"https:\\\/\\\/old.cuorepilates.indexeodev.es\\\/pt-pt\\\/privacy-policy\\\/\",\"name\":\"Pol\u00edtica de Privacidade - CUORE PILATES\",\"isPartOf\":{\"@id\":\"https:\\\/\\\/old.cuorepilates.indexeodev.es\\\/pt-pt\\\/#website\"},\"datePublished\":\"2023-06-09T17:34:26+00:00\",\"dateModified\":\"2025-05-20T10:06:52+00:00\",\"breadcrumb\":{\"@id\":\"https:\\\/\\\/old.cuorepilates.indexeodev.es\\\/pt-pt\\\/privacy-policy\\\/#breadcrumb\"},\"inLanguage\":\"pt-PT\",\"potentialAction\":[{\"@type\":\"ReadAction\",\"target\":[\"https:\\\/\\\/old.cuorepilates.indexeodev.es\\\/pt-pt\\\/privacy-policy\\\/\"]}]},{\"@type\":\"BreadcrumbList\",\"@id\":\"https:\\\/\\\/old.cuorepilates.indexeodev.es\\\/pt-pt\\\/privacy-policy\\\/#breadcrumb\",\"itemListElement\":[{\"@type\":\"ListItem\",\"position\":1,\"name\":\"Portada\",\"item\":\"https:\\\/\\\/old.cuorepilates.indexeodev.es\\\/pt-pt\\\/\"},{\"@type\":\"ListItem\",\"position\":2,\"name\":\"Pol\u00edtica de Privacidade\"}]},{\"@type\":\"WebSite\",\"@id\":\"https:\\\/\\\/old.cuorepilates.indexeodev.es\\\/pt-pt\\\/#website\",\"url\":\"https:\\\/\\\/old.cuorepilates.indexeodev.es\\\/pt-pt\\\/\",\"name\":\"CUORE PILATES\",\"description\":\"Las m\u00e1quinas de pilates con la mejor Calidad-Precio.\",\"potentialAction\":[{\"@type\":\"SearchAction\",\"target\":{\"@type\":\"EntryPoint\",\"urlTemplate\":\"https:\\\/\\\/old.cuorepilates.indexeodev.es\\\/pt-pt\\\/?s={search_term_string}\"},\"query-input\":{\"@type\":\"PropertyValueSpecification\",\"valueRequired\":true,\"valueName\":\"search_term_string\"}}],\"inLanguage\":\"pt-PT\"}]}<\/script>\n<!-- \/ Yoast SEO plugin. -->","yoast_head_json":{"title":"Pol\u00edtica de Privacidade - CUORE PILATES","robots":{"index":"noindex","follow":"follow"},"og_locale":"pt_PT","og_type":"article","og_title":"Pol\u00edtica de Privacidade - CUORE PILATES","og_description":"POL\u00cdTICA DE PRIVACIDADE &nbsp; Na CUORE PILATES, preocupamo-nos com a privacidade e a transpar\u00eancia. Quem \u00e9 o respons\u00e1vel pelo tratamento dos seus dados? CUORE PILATES S.L, Rua Alcalde Guach Navarro 5, local 3 El Campello (03560) ALICANTE +34 640 083 116 admin@cuorepilates.com A seguir, indicamos detalhadamente os tratamentos de dados pessoais que realizamos, assim como toda a informa\u00e7\u00e3o relativa a eles. &nbsp; Com que finalidade tratamos os seus dados pessoais? Tratamento de dados de potenciais clientes e contactos: Gerir potenciais clientes que demonstraram interesse nos nossos produtos e\/ou servi\u00e7os e fornecer or\u00e7amentos solicitados, bem como outros contactos comerciais e, se for o caso, enviar comunica\u00e7\u00f5es promocionais, inclusive por via eletr\u00f3nica. Caso n\u00e3o forne\u00e7a os seus dados pessoais, n\u00e3o poderemos cumprir com as finalidades descritas. Tratamento de dados de clientes: Enviar o produto adquirido, bem como gerir quest\u00f5es fiscais, contabil\u00edsticas e administrativas dos clientes, realizar o pagamento corretamente e enviar comunica\u00e7\u00f5es comerciais. Caso n\u00e3o forne\u00e7a os seus dados pessoais, n\u00e3o poderemos cumprir com as finalidades descritas. Tratamento de dados de candidatos a um posto de trabalho: Gerir os curr\u00edculos recebidos e realizar processos de sele\u00e7\u00e3o de pessoal, entrevistas e demais procedimentos necess\u00e1rios para encontrar o melhor candidato poss\u00edvel para um determinado [&hellip;]","og_url":"https:\/\/old.cuorepilates.indexeodev.es\/pt-pt\/privacy-policy\/","og_site_name":"CUORE PILATES","article_modified_time":"2025-05-20T10:06:52+00:00","twitter_card":"summary_large_image","twitter_misc":{"Tempo estimado de leitura":"5 minutos"},"schema":{"@context":"https:\/\/schema.org","@graph":[{"@type":"WebPage","@id":"https:\/\/old.cuorepilates.indexeodev.es\/pt-pt\/privacy-policy\/","url":"https:\/\/old.cuorepilates.indexeodev.es\/pt-pt\/privacy-policy\/","name":"Pol\u00edtica de Privacidade - CUORE PILATES","isPartOf":{"@id":"https:\/\/old.cuorepilates.indexeodev.es\/pt-pt\/#website"},"datePublished":"2023-06-09T17:34:26+00:00","dateModified":"2025-05-20T10:06:52+00:00","breadcrumb":{"@id":"https:\/\/old.cuorepilates.indexeodev.es\/pt-pt\/privacy-policy\/#breadcrumb"},"inLanguage":"pt-PT","potentialAction":[{"@type":"ReadAction","target":["https:\/\/old.cuorepilates.indexeodev.es\/pt-pt\/privacy-policy\/"]}]},{"@type":"BreadcrumbList","@id":"https:\/\/old.cuorepilates.indexeodev.es\/pt-pt\/privacy-policy\/#breadcrumb","itemListElement":[{"@type":"ListItem","position":1,"name":"Portada","item":"https:\/\/old.cuorepilates.indexeodev.es\/pt-pt\/"},{"@type":"ListItem","position":2,"name":"Pol\u00edtica de Privacidade"}]},{"@type":"WebSite","@id":"https:\/\/old.cuorepilates.indexeodev.es\/pt-pt\/#website","url":"https:\/\/old.cuorepilates.indexeodev.es\/pt-pt\/","name":"CUORE PILATES","description":"Las m\u00e1quinas de pilates con la mejor Calidad-Precio.","potentialAction":[{"@type":"SearchAction","target":{"@type":"EntryPoint","urlTemplate":"https:\/\/old.cuorepilates.indexeodev.es\/pt-pt\/?s={search_term_string}"},"query-input":{"@type":"PropertyValueSpecification","valueRequired":true,"valueName":"search_term_string"}}],"inLanguage":"pt-PT"}]}},"_links":{"self":[{"href":"https:\/\/old.cuorepilates.indexeodev.es\/pt-pt\/wp-json\/wp\/v2\/pages\/259276","targetHints":{"allow":["GET"]}}],"collection":[{"href":"https:\/\/old.cuorepilates.indexeodev.es\/pt-pt\/wp-json\/wp\/v2\/pages"}],"about":[{"href":"https:\/\/old.cuorepilates.indexeodev.es\/pt-pt\/wp-json\/wp\/v2\/types\/page"}],"author":[{"embeddable":true,"href":"https:\/\/old.cuorepilates.indexeodev.es\/pt-pt\/wp-json\/wp\/v2\/users\/4"}],"replies":[{"embeddable":true,"href":"https:\/\/old.cuorepilates.indexeodev.es\/pt-pt\/wp-json\/wp\/v2\/comments?post=259276"}],"version-history":[{"count":4,"href":"https:\/\/old.cuorepilates.indexeodev.es\/pt-pt\/wp-json\/wp\/v2\/pages\/259276\/revisions"}],"predecessor-version":[{"id":259280,"href":"https:\/\/old.cuorepilates.indexeodev.es\/pt-pt\/wp-json\/wp\/v2\/pages\/259276\/revisions\/259280"}],"wp:attachment":[{"href":"https:\/\/old.cuorepilates.indexeodev.es\/pt-pt\/wp-json\/wp\/v2\/media?parent=259276"}],"curies":[{"name":"wp","href":"https:\/\/api.w.org\/{rel}","templated":true}]}}