{"id":259253,"date":"2023-06-22T14:00:26","date_gmt":"2023-06-22T14:00:26","guid":{"rendered":"https:\/\/old.cuorepilates.indexeodev.es\/?page_id=259253"},"modified":"2025-05-20T09:53:38","modified_gmt":"2025-05-20T09:53:38","slug":"contacto","status":"publish","type":"page","link":"https:\/\/old.cuorepilates.indexeodev.es\/pt-pt\/contacto\/","title":{"rendered":"Contacto"},"content":{"rendered":"<p>[et_pb_section fb_built=&#8221;1&#8243; admin_label=&#8221;Header&#8221; _builder_version=&#8221;4.19.3&#8243; _module_preset=&#8221;default&#8221; locked=&#8221;off&#8221; collapsed=&#8221;on&#8221; global_colors_info=&#8221;{}&#8221;][et_pb_row column_structure=&#8221;1_2,1_2&#8243; make_equal=&#8221;on&#8221; _builder_version=&#8221;4.21.0&#8243; _module_preset=&#8221;default&#8221; global_colors_info=&#8221;{}&#8221;][et_pb_column type=&#8221;1_2&#8243; _builder_version=&#8221;4.19.3&#8243; _module_preset=&#8221;default&#8221; z_index=&#8221;10&#8243; custom_padding=&#8221;4%||||false|false&#8221; custom_padding_tablet=&#8221;0%||||false|false&#8221; custom_padding_phone=&#8221;0%||||false|false&#8221; custom_padding_last_edited=&#8221;on|tablet&#8221; global_colors_info=&#8221;{}&#8221;][et_pb_text _builder_version=&#8221;4.24.0&#8243; _module_preset=&#8221;7b7dcc6d-c8bf-42c6-ae0f-290a64a39972&#8243; header_font=&#8221;Zen Kaku Gothic New|600|||||||&#8221; header_text_color=&#8221;gcid-555099d8-0bfe-48de-9d1d-02daa12bfc00&#8243; custom_margin=&#8221;|-48%|||false|false&#8221; custom_margin_tablet=&#8221;|0%|||false|false&#8221; custom_margin_phone=&#8221;|0%|||false|false&#8221; custom_margin_last_edited=&#8221;on|tablet&#8221; hover_enabled=&#8221;0&#8243; global_colors_info=&#8221;{%22gcid-555099d8-0bfe-48de-9d1d-02daa12bfc00%22:%91%22header_text_color%22%93}&#8221; sticky_enabled=&#8221;0&#8243;]<\/p>\n<h1>Contacte connosco<\/h1>\n<p>[\/et_pb_text][et_pb_contact_form captcha=&#8221;off&#8221; email=&#8221;admin@cuorepilates.com&#8221; custom_message=&#8221;Mensaje enviado desde el formulario de contacto de la web de totalclean:||et_pb_line_break_holder||||et_pb_line_break_holder||Nombre: %%Name%%||et_pb_line_break_holder||||et_pb_line_break_holder||Email: %%Email%%||et_pb_line_break_holder||||et_pb_line_break_holder||Mensaje: %%Message%%&#8221; _builder_version=&#8221;4.24.0&#8243; _module_preset=&#8221;7fb59c02-7020-4c02-84d6-ddfc6959fcff&#8221; form_field_text_color=&#8221;gcid-555099d8-0bfe-48de-9d1d-02daa12bfc00&#8243; title_font=&#8221;Zen Kaku Gothic New||||||||&#8221; background_color=&#8221;#FFFFFF&#8221; button_bg_color=&#8221;#b10a93&#8243; button_border_color=&#8221;#b10a93&#8243; button_custom_margin=&#8221;30px||||false|false&#8221; custom_margin=&#8221;|-48%|||false|false&#8221; custom_margin_tablet=&#8221;|0%|||false|false&#8221; custom_margin_phone=&#8221;|0%|||false|false&#8221; custom_margin_last_edited=&#8221;on|desktop&#8221; custom_padding=&#8221;60px|60px|60px||true|false&#8221; custom_padding_tablet=&#8221;30px|0px|30px|0px|true|true&#8221; custom_padding_phone=&#8221;20px||20px||true|true&#8221; custom_padding_last_edited=&#8221;on|desktop&#8221; hover_enabled=&#8221;0&#8243; locked=&#8221;off&#8221; global_colors_info=&#8221;{%22gcid-a7422b2f-47f3-46f2-9b9e-dc87bab6d79c%22:%91%22background_color%22%93,%22gcid-555099d8-0bfe-48de-9d1d-02daa12bfc00%22:%91%22form_field_text_color%22%93}&#8221; sticky_enabled=&#8221;0&#8243;][et_pb_contact_field field_id=&#8221;Name&#8221; field_title=&#8221;Nome&#8221; _builder_version=&#8221;4.24.0&#8243; _module_preset=&#8221;default&#8221; form_field_text_color=&#8221;#000000&#8243; form_field_focus_text_color=&#8221;#000000&#8243; form_field_font=&#8221;Zen Kaku Gothic New|500||on|||||&#8221; hover_enabled=&#8221;0&#8243; global_colors_info=&#8221;{}&#8221; button_text_size__hover_enabled=&#8221;off&#8221; button_one_text_size__hover_enabled=&#8221;off&#8221; button_two_text_size__hover_enabled=&#8221;off&#8221; button_text_color__hover_enabled=&#8221;off&#8221; button_one_text_color__hover_enabled=&#8221;off&#8221; button_two_text_color__hover_enabled=&#8221;off&#8221; button_border_width__hover_enabled=&#8221;off&#8221; button_one_border_width__hover_enabled=&#8221;off&#8221; button_two_border_width__hover_enabled=&#8221;off&#8221; button_border_color__hover_enabled=&#8221;off&#8221; button_one_border_color__hover_enabled=&#8221;off&#8221; button_two_border_color__hover_enabled=&#8221;off&#8221; button_border_radius__hover_enabled=&#8221;off&#8221; button_one_border_radius__hover_enabled=&#8221;off&#8221; button_two_border_radius__hover_enabled=&#8221;off&#8221; button_letter_spacing__hover_enabled=&#8221;off&#8221; button_one_letter_spacing__hover_enabled=&#8221;off&#8221; button_two_letter_spacing__hover_enabled=&#8221;off&#8221; button_bg_color__hover_enabled=&#8221;off&#8221; button_one_bg_color__hover_enabled=&#8221;off&#8221; button_two_bg_color__hover_enabled=&#8221;off&#8221; sticky_enabled=&#8221;0&#8243;][\/et_pb_contact_field][et_pb_contact_field field_id=&#8221;Email&#8221; field_title=&#8221;Email&#8221; field_type=&#8221;email&#8221; _builder_version=&#8221;4.24.0&#8243; _module_preset=&#8221;default&#8221; form_field_text_color=&#8221;#000000&#8243; form_field_focus_text_color=&#8221;#000000&#8243; form_field_font=&#8221;Zen Kaku Gothic New|500||on|||||&#8221; hover_enabled=&#8221;0&#8243; global_colors_info=&#8221;{}&#8221; button_text_size__hover_enabled=&#8221;off&#8221; button_one_text_size__hover_enabled=&#8221;off&#8221; button_two_text_size__hover_enabled=&#8221;off&#8221; button_text_color__hover_enabled=&#8221;off&#8221; button_one_text_color__hover_enabled=&#8221;off&#8221; button_two_text_color__hover_enabled=&#8221;off&#8221; button_border_width__hover_enabled=&#8221;off&#8221; button_one_border_width__hover_enabled=&#8221;off&#8221; button_two_border_width__hover_enabled=&#8221;off&#8221; button_border_color__hover_enabled=&#8221;off&#8221; button_one_border_color__hover_enabled=&#8221;off&#8221; button_two_border_color__hover_enabled=&#8221;off&#8221; button_border_radius__hover_enabled=&#8221;off&#8221; button_one_border_radius__hover_enabled=&#8221;off&#8221; button_two_border_radius__hover_enabled=&#8221;off&#8221; button_letter_spacing__hover_enabled=&#8221;off&#8221; button_one_letter_spacing__hover_enabled=&#8221;off&#8221; button_two_letter_spacing__hover_enabled=&#8221;off&#8221; button_bg_color__hover_enabled=&#8221;off&#8221; button_one_bg_color__hover_enabled=&#8221;off&#8221; button_two_bg_color__hover_enabled=&#8221;off&#8221; sticky_enabled=&#8221;0&#8243;][\/et_pb_contact_field][et_pb_contact_field field_id=&#8221;Message&#8221; field_title=&#8221;Mensagem&#8221; field_type=&#8221;text&#8221; fullwidth_field=&#8221;on&#8221; _builder_version=&#8221;4.24.0&#8243; _module_preset=&#8221;default&#8221; hover_enabled=&#8221;0&#8243; global_colors_info=&#8221;{}&#8221; button_text_size__hover_enabled=&#8221;off&#8221; button_one_text_size__hover_enabled=&#8221;off&#8221; button_two_text_size__hover_enabled=&#8221;off&#8221; button_text_color__hover_enabled=&#8221;off&#8221; button_one_text_color__hover_enabled=&#8221;off&#8221; button_two_text_color__hover_enabled=&#8221;off&#8221; button_border_width__hover_enabled=&#8221;off&#8221; button_one_border_width__hover_enabled=&#8221;off&#8221; button_two_border_width__hover_enabled=&#8221;off&#8221; button_border_color__hover_enabled=&#8221;off&#8221; button_one_border_color__hover_enabled=&#8221;off&#8221; button_two_border_color__hover_enabled=&#8221;off&#8221; button_border_radius__hover_enabled=&#8221;off&#8221; button_one_border_radius__hover_enabled=&#8221;off&#8221; button_two_border_radius__hover_enabled=&#8221;off&#8221; button_letter_spacing__hover_enabled=&#8221;off&#8221; button_one_letter_spacing__hover_enabled=&#8221;off&#8221; button_two_letter_spacing__hover_enabled=&#8221;off&#8221; button_bg_color__hover_enabled=&#8221;off&#8221; button_one_bg_color__hover_enabled=&#8221;off&#8221; button_two_bg_color__hover_enabled=&#8221;off&#8221; sticky_enabled=&#8221;0&#8243;][\/et_pb_contact_field][\/et_pb_contact_form][\/et_pb_column][et_pb_column type=&#8221;1_2&#8243; _builder_version=&#8221;4.21.0&#8243; _module_preset=&#8221;default&#8221; background_image=&#8221;http:\/\/cuorepilates.com\/wp-content\/uploads\/2023\/06\/AdobeStock_528988557-scaled.jpeg&#8221; global_colors_info=&#8221;{}&#8221;][et_pb_divider show_divider=&#8221;off&#8221; _builder_version=&#8221;4.19.5&#8243; _module_preset=&#8221;default&#8221; height_tablet=&#8221;40vw&#8221; height_phone=&#8221;40vw&#8221; height_last_edited=&#8221;on|desktop&#8221; global_colors_info=&#8221;{}&#8221;][\/et_pb_divider][\/et_pb_column][\/et_pb_row][et_pb_row module_id=&#8221;trabaja_con_nosotros&#8221; _builder_version=&#8221;4.21.0&#8243; _module_preset=&#8221;default&#8221; custom_padding=&#8221;75px||75px||true|false&#8221; global_colors_info=&#8221;{}&#8221;][et_pb_column type=&#8221;4_4&#8243; _builder_version=&#8221;4.21.0&#8243; _module_preset=&#8221;default&#8221; global_colors_info=&#8221;{}&#8221;][et_pb_text _builder_version=&#8221;4.24.0&#8243; _module_preset=&#8221;default&#8221; text_font_size=&#8221;16px&#8221; header_2_font=&#8221;Zen Kaku Gothic Antique|500|||||||&#8221; header_2_font_size=&#8221;40px&#8221; text_orientation=&#8221;justified&#8221; custom_padding=&#8221;||7px|||&#8221; hover_enabled=&#8221;0&#8243; global_colors_info=&#8221;{}&#8221; sticky_enabled=&#8221;0&#8243;]<\/p>\n<h2>Trabalhe connosco<\/h2>\n<p>&nbsp;<\/p>\n<p>Junte-se \u00e0 nossa equipa e fa\u00e7a parte da fam\u00edlia <strong>CUORE PILATES<\/strong>! Estamos \u00e0 procura de pessoas apaixonadas pelo bem-estar e qualidade de vida, que partilhem a nossa vis\u00e3o de promover a sa\u00fade atrav\u00e9s da pr\u00e1tica do Pilates. Se \u00e9 apaixonado por fitness e quer fazer parte de uma empresa l\u00edder na venda de m\u00e1quinas de Pilates, queremos conhec\u00ea-lo!<\/p>\n<p>&nbsp;<\/p>\n<p>Na <strong>CUORE PILATES<\/strong>, valorizamos a colabora\u00e7\u00e3o e acreditamos no poder de estabelecer rela\u00e7\u00f5es s\u00f3lidas com os nossos distribuidores e parceiros. Esfor\u00e7amo-nos por construir uma rede global de parceiros comprometidos com a excel\u00eancia e a satisfa\u00e7\u00e3o do cliente. Se tem experi\u00eancia em vendas, \u00e9 apaixonado por Pilates e procura uma oportunidade entusiasmante, convidamo-lo a explorar as possibilidades que oferecemos.<\/p>\n<p>&nbsp;<\/p>\n<p>Como distribuidor da <strong>CUORE PILATES<\/strong>, ter\u00e1 acesso a uma linha completa de produtos de alta qualidade respaldados pela nossa reputa\u00e7\u00e3o de excel\u00eancia. Valorizamos os nossos parceiros e fornecemos o apoio necess\u00e1rio para alcan\u00e7ar o sucesso conjunto. Al\u00e9m disso, oferecemos programas de forma\u00e7\u00e3o cont\u00ednua e recursos para garantir que esteja sempre atualizado com as \u00faltimas tend\u00eancias e avan\u00e7os no mundo do Pilates.<\/p>\n<p>&nbsp;<\/p>\n<p>Na <strong>CUORE PILATES<\/strong>, orgulhamo-nos de criar um ambiente de trabalho inclusivo e colaborativo. Valorizamos a diversidade de ideias e experi\u00eancias, acreditando que \u00e9 fundamental para o nosso crescimento e sucesso cont\u00ednuo. Junte-se a n\u00f3s e fa\u00e7a parte de uma empresa que n\u00e3o s\u00f3 vende m\u00e1quinas de Pilates, mas tamb\u00e9m cultiva rela\u00e7\u00f5es duradouras com os seus parceiros.<\/p>\n<p>&nbsp;<\/p>\n<p>Se est\u00e1 pronto para embarcar numa carreira emocionante na ind\u00fastria do Pilates e contribuir para o bem-estar das pessoas, esperamos receber a sua candidatura! Na <strong>CUORE PILATES<\/strong>, estamos comprometidos com o seu sucesso e ansiosos por trabalhar consigo para levar o Pilates a novos patamares. Fa\u00e7a parte da nossa equipa e fa\u00e7a do bem-estar uma prioridade!<br \/>\n[\/et_pb_text][\/et_pb_column][\/et_pb_row][et_pb_row column_structure=&#8221;1_2,1_2&#8243; _builder_version=&#8221;4.21.0&#8243; _module_preset=&#8221;default&#8221; custom_padding=&#8221;||50px||false|false&#8221; global_colors_info=&#8221;{}&#8221;][et_pb_column type=&#8221;1_2&#8243; _builder_version=&#8221;4.20.0&#8243; _module_preset=&#8221;default&#8221; global_colors_info=&#8221;{}&#8221;][et_pb_text _builder_version=&#8221;4.24.0&#8243; _module_preset=&#8221;1ce821ae-b5d7-4061-ad4f-6bd15eb50daf&#8221; header_2_font=&#8221;Zen Kaku Gothic New|600|||||||&#8221; header_2_text_color=&#8221;gcid-555099d8-0bfe-48de-9d1d-02daa12bfc00&#8243; custom_margin_tablet=&#8221;|0%|||false|false&#8221; custom_margin_phone=&#8221;|0%|||false|false&#8221; custom_margin_last_edited=&#8221;off|desktop&#8221; hover_enabled=&#8221;0&#8243; locked=&#8221;off&#8221; global_colors_info=&#8221;{%22gcid-555099d8-0bfe-48de-9d1d-02daa12bfc00%22:%91%22header_2_text_color%22%93}&#8221; sticky_enabled=&#8221;0&#8243;]<\/p>\n<h2>Venha Visitar-nos<\/h2[\/et_pb_text][et_pb_text _builder_version=\"4.21.0\" _module_preset=\"75fa550a-5f5a-4881-b5be-c240207d528e\" text_font=\"Zen Kaku Gothic New||||||||\" text_text_color=\"#000000\" text_line_height=\"2em\" locked=\"off\" global_colors_info=\"{%22gcid-1b9885b1-d5db-4c39-ab49-d8f90e824600%22:%91%22text_text_color%22,%22link_text_color%22%93}\"]\n\n<p><span>Carrer Port d&#8217;Albaida, 4<\/span>, bajo, El Campello 03560 (ALICANTE)<\/p>\n<p>[\/et_pb_text][et_pb_text _builder_version=&#8221;4.21.0&#8243; _module_preset=&#8221;75fa550a-5f5a-4881-b5be-c240207d528e&#8221; text_font=&#8221;Zen Kaku Gothic New||||||||&#8221; text_text_color=&#8221;#000000&#8243; text_line_height=&#8221;2em&#8221; locked=&#8221;off&#8221; global_colors_info=&#8221;{%22gcid-1b9885b1-d5db-4c39-ab49-d8f90e824600%22:%91%22text_text_color%22,%22link_text_color%22%93}&#8221;]<\/p>\n<p>(+34) 640 083 116<\/p>\n<p>[\/et_pb_text][et_pb_text _builder_version=&#8221;4.24.0&#8243; _module_preset=&#8221;75fa550a-5f5a-4881-b5be-c240207d528e&#8221; text_font=&#8221;Zen Kaku Gothic New||||||||&#8221; text_text_color=&#8221;#000000&#8243; text_line_height=&#8221;2em&#8221; link_font=&#8221;||||on|||#b10a93|&#8221; link_text_color=&#8221;#b10a93&#8243; locked=&#8221;off&#8221; global_colors_info=&#8221;{%22gcid-1b9885b1-d5db-4c39-ab49-d8f90e824600%22:%91%22text_text_color%22%93}&#8221;]<\/p>\n<p><a href=\"mailto:contacto@cuorepilates.es\">comercial@cuorepilates.com<\/a><\/p>\n<p>[\/et_pb_text][\/et_pb_column][et_pb_column type=&#8221;1_2&#8243; _builder_version=&#8221;4.20.0&#8243; _module_preset=&#8221;default&#8221; global_colors_info=&#8221;{}&#8221;][et_pb_image src=&#8221;https:\/\/old.cuorepilates.indexeodev.es\/wp-content\/uploads\/2023\/11\/CUORE-PILATES-LOCAL-vista-exterior-1.jpeg&#8221; title_text=&#8221;CUORE PILATES LOCAL vista exterior 1&#8243; align=&#8221;right&#8221; _builder_version=&#8221;4.21.0&#8243; _module_preset=&#8221;default&#8221; max_height=&#8221;500px&#8221; global_colors_info=&#8221;{}&#8221;][\/et_pb_image][\/et_pb_column][\/et_pb_row][et_pb_row _builder_version=&#8221;4.19.3&#8243; _module_preset=&#8221;default&#8221; global_colors_info=&#8221;{}&#8221;][et_pb_column type=&#8221;4_4&#8243; _builder_version=&#8221;4.19.3&#8243; _module_preset=&#8221;default&#8221; global_colors_info=&#8221;{}&#8221;][et_pb_map address=&#8221;Carrer de de l&#8217;Alcalde Guasch Navarro, 5, Local 3 el, 03560 El Campello, Alicante, Espa\u00f1a&#8221; address_lat=&#8221;38.429666639284&#8243; address_lng=&#8221;-0.39410062023773&#8243; mouse_wheel=&#8221;off&#8221; _builder_version=&#8221;4.21.0&#8243; _module_preset=&#8221;default&#8221; global_colors_info=&#8221;{}&#8221;][et_pb_map_pin title=&#8221;CUOREPILATES&#8221; pin_address=&#8221;Carrer de de l&#8217;Alcalde Guasch Navarro, 5, Local 3 el, 03560 El Campello, Alicante, Espa\u00f1a&#8221; pin_address_lat=&#8221;38.4295551&#8243; pin_address_lng=&#8221;-0.3940456&#8243; _builder_version=&#8221;4.21.0&#8243; _module_preset=&#8221;default&#8221; global_colors_info=&#8221;{}&#8221;]<\/p>\n<p>Visita nuestra exposici\u00f3n<\/p>\n<p>[\/et_pb_map_pin][\/et_pb_map][\/et_pb_column][\/et_pb_row][\/et_pb_section]<\/p>\n","protected":false},"excerpt":{"rendered":"<p>Contacte connoscoTrabalhe connosco &nbsp; Junte-se \u00e0 nossa equipa e fa\u00e7a parte da fam\u00edlia CUORE PILATES! Estamos \u00e0 procura de pessoas apaixonadas pelo bem-estar e qualidade de vida, que partilhem a nossa vis\u00e3o de promover a sa\u00fade atrav\u00e9s da pr\u00e1tica do Pilates. Se \u00e9 apaixonado por fitness e quer fazer parte de uma empresa l\u00edder na venda de m\u00e1quinas de Pilates, queremos conhec\u00ea-lo! &nbsp; Na CUORE PILATES, valorizamos a colabora\u00e7\u00e3o e acreditamos no poder de estabelecer rela\u00e7\u00f5es s\u00f3lidas com os nossos distribuidores e parceiros. Esfor\u00e7amo-nos por construir uma rede global de parceiros comprometidos com a excel\u00eancia e a satisfa\u00e7\u00e3o do cliente. Se tem experi\u00eancia em vendas, \u00e9 apaixonado por Pilates e procura uma oportunidade entusiasmante, convidamo-lo a explorar as possibilidades que oferecemos. &nbsp; Como distribuidor da CUORE PILATES, ter\u00e1 acesso a uma linha completa de produtos de alta qualidade respaldados pela nossa reputa\u00e7\u00e3o de excel\u00eancia. Valorizamos os nossos parceiros e fornecemos o apoio necess\u00e1rio para alcan\u00e7ar o sucesso conjunto. Al\u00e9m disso, oferecemos programas de forma\u00e7\u00e3o cont\u00ednua e recursos para garantir que esteja sempre atualizado com as \u00faltimas tend\u00eancias e avan\u00e7os no mundo do Pilates. &nbsp; Na CUORE PILATES, orgulhamo-nos de criar um ambiente de trabalho inclusivo e colaborativo. Valorizamos a diversidade [&hellip;]<\/p>\n","protected":false},"author":4,"featured_media":0,"parent":0,"menu_order":0,"comment_status":"closed","ping_status":"closed","template":"","meta":{"_acf_changed":false,"_et_pb_use_builder":"on","_et_pb_old_content":"","_et_gb_content_width":"","_joinchat":[],"footnotes":""},"class_list":["post-259253","page","type-page","status-publish","hentry"],"acf":[],"yoast_head":"<!-- This site is optimized with the Yoast SEO plugin v27.5 - https:\/\/yoast.com\/product\/yoast-seo-wordpress\/ -->\n<title>Contacto - CUORE PILATES<\/title>\n<meta name=\"robots\" content=\"noindex, follow, max-snippet:-1, max-image-preview:large, max-video-preview:-1\" \/>\n<meta property=\"og:locale\" content=\"pt_PT\" \/>\n<meta property=\"og:type\" content=\"article\" \/>\n<meta property=\"og:title\" content=\"Contacto - CUORE PILATES\" \/>\n<meta property=\"og:description\" content=\"Contacte connoscoTrabalhe connosco &nbsp; Junte-se \u00e0 nossa equipa e fa\u00e7a parte da fam\u00edlia CUORE PILATES! Estamos \u00e0 procura de pessoas apaixonadas pelo bem-estar e qualidade de vida, que partilhem a nossa vis\u00e3o de promover a sa\u00fade atrav\u00e9s da pr\u00e1tica do Pilates. Se \u00e9 apaixonado por fitness e quer fazer parte de uma empresa l\u00edder na venda de m\u00e1quinas de Pilates, queremos conhec\u00ea-lo! &nbsp; Na CUORE PILATES, valorizamos a colabora\u00e7\u00e3o e acreditamos no poder de estabelecer rela\u00e7\u00f5es s\u00f3lidas com os nossos distribuidores e parceiros. Esfor\u00e7amo-nos por construir uma rede global de parceiros comprometidos com a excel\u00eancia e a satisfa\u00e7\u00e3o do cliente. Se tem experi\u00eancia em vendas, \u00e9 apaixonado por Pilates e procura uma oportunidade entusiasmante, convidamo-lo a explorar as possibilidades que oferecemos. &nbsp; Como distribuidor da CUORE PILATES, ter\u00e1 acesso a uma linha completa de produtos de alta qualidade respaldados pela nossa reputa\u00e7\u00e3o de excel\u00eancia. Valorizamos os nossos parceiros e fornecemos o apoio necess\u00e1rio para alcan\u00e7ar o sucesso conjunto. Al\u00e9m disso, oferecemos programas de forma\u00e7\u00e3o cont\u00ednua e recursos para garantir que esteja sempre atualizado com as \u00faltimas tend\u00eancias e avan\u00e7os no mundo do Pilates. &nbsp; Na CUORE PILATES, orgulhamo-nos de criar um ambiente de trabalho inclusivo e colaborativo. Valorizamos a diversidade [&hellip;]\" \/>\n<meta property=\"og:url\" content=\"https:\/\/old.cuorepilates.indexeodev.es\/pt-pt\/contacto\/\" \/>\n<meta property=\"og:site_name\" content=\"CUORE PILATES\" \/>\n<meta property=\"article:modified_time\" content=\"2025-05-20T09:53:38+00:00\" \/>\n<meta name=\"twitter:card\" content=\"summary_large_image\" \/>\n<meta name=\"twitter:label1\" content=\"Tempo estimado de leitura\" \/>\n\t<meta name=\"twitter:data1\" content=\"2 minutos\" \/>\n<script type=\"application\/ld+json\" class=\"yoast-schema-graph\">{\"@context\":\"https:\\\/\\\/schema.org\",\"@graph\":[{\"@type\":\"WebPage\",\"@id\":\"https:\\\/\\\/old.cuorepilates.indexeodev.es\\\/pt-pt\\\/contacto\\\/\",\"url\":\"https:\\\/\\\/old.cuorepilates.indexeodev.es\\\/pt-pt\\\/contacto\\\/\",\"name\":\"Contacto - CUORE PILATES\",\"isPartOf\":{\"@id\":\"https:\\\/\\\/old.cuorepilates.indexeodev.es\\\/pt-pt\\\/#website\"},\"datePublished\":\"2023-06-22T14:00:26+00:00\",\"dateModified\":\"2025-05-20T09:53:38+00:00\",\"breadcrumb\":{\"@id\":\"https:\\\/\\\/old.cuorepilates.indexeodev.es\\\/pt-pt\\\/contacto\\\/#breadcrumb\"},\"inLanguage\":\"pt-PT\",\"potentialAction\":[{\"@type\":\"ReadAction\",\"target\":[\"https:\\\/\\\/old.cuorepilates.indexeodev.es\\\/pt-pt\\\/contacto\\\/\"]}]},{\"@type\":\"BreadcrumbList\",\"@id\":\"https:\\\/\\\/old.cuorepilates.indexeodev.es\\\/pt-pt\\\/contacto\\\/#breadcrumb\",\"itemListElement\":[{\"@type\":\"ListItem\",\"position\":1,\"name\":\"Portada\",\"item\":\"https:\\\/\\\/old.cuorepilates.indexeodev.es\\\/pt-pt\\\/\"},{\"@type\":\"ListItem\",\"position\":2,\"name\":\"Contacto\"}]},{\"@type\":\"WebSite\",\"@id\":\"https:\\\/\\\/old.cuorepilates.indexeodev.es\\\/pt-pt\\\/#website\",\"url\":\"https:\\\/\\\/old.cuorepilates.indexeodev.es\\\/pt-pt\\\/\",\"name\":\"CUORE PILATES\",\"description\":\"Las m\u00e1quinas de pilates con la mejor Calidad-Precio.\",\"potentialAction\":[{\"@type\":\"SearchAction\",\"target\":{\"@type\":\"EntryPoint\",\"urlTemplate\":\"https:\\\/\\\/old.cuorepilates.indexeodev.es\\\/pt-pt\\\/?s={search_term_string}\"},\"query-input\":{\"@type\":\"PropertyValueSpecification\",\"valueRequired\":true,\"valueName\":\"search_term_string\"}}],\"inLanguage\":\"pt-PT\"}]}<\/script>\n<!-- \/ Yoast SEO plugin. -->","yoast_head_json":{"title":"Contacto - CUORE PILATES","robots":{"index":"noindex","follow":"follow","max-snippet":"max-snippet:-1","max-image-preview":"max-image-preview:large","max-video-preview":"max-video-preview:-1"},"og_locale":"pt_PT","og_type":"article","og_title":"Contacto - CUORE PILATES","og_description":"Contacte connoscoTrabalhe connosco &nbsp; Junte-se \u00e0 nossa equipa e fa\u00e7a parte da fam\u00edlia CUORE PILATES! Estamos \u00e0 procura de pessoas apaixonadas pelo bem-estar e qualidade de vida, que partilhem a nossa vis\u00e3o de promover a sa\u00fade atrav\u00e9s da pr\u00e1tica do Pilates. Se \u00e9 apaixonado por fitness e quer fazer parte de uma empresa l\u00edder na venda de m\u00e1quinas de Pilates, queremos conhec\u00ea-lo! &nbsp; Na CUORE PILATES, valorizamos a colabora\u00e7\u00e3o e acreditamos no poder de estabelecer rela\u00e7\u00f5es s\u00f3lidas com os nossos distribuidores e parceiros. Esfor\u00e7amo-nos por construir uma rede global de parceiros comprometidos com a excel\u00eancia e a satisfa\u00e7\u00e3o do cliente. Se tem experi\u00eancia em vendas, \u00e9 apaixonado por Pilates e procura uma oportunidade entusiasmante, convidamo-lo a explorar as possibilidades que oferecemos. &nbsp; Como distribuidor da CUORE PILATES, ter\u00e1 acesso a uma linha completa de produtos de alta qualidade respaldados pela nossa reputa\u00e7\u00e3o de excel\u00eancia. Valorizamos os nossos parceiros e fornecemos o apoio necess\u00e1rio para alcan\u00e7ar o sucesso conjunto. Al\u00e9m disso, oferecemos programas de forma\u00e7\u00e3o cont\u00ednua e recursos para garantir que esteja sempre atualizado com as \u00faltimas tend\u00eancias e avan\u00e7os no mundo do Pilates. &nbsp; Na CUORE PILATES, orgulhamo-nos de criar um ambiente de trabalho inclusivo e colaborativo. Valorizamos a diversidade [&hellip;]","og_url":"https:\/\/old.cuorepilates.indexeodev.es\/pt-pt\/contacto\/","og_site_name":"CUORE PILATES","article_modified_time":"2025-05-20T09:53:38+00:00","twitter_card":"summary_large_image","twitter_misc":{"Tempo estimado de leitura":"2 minutos"},"schema":{"@context":"https:\/\/schema.org","@graph":[{"@type":"WebPage","@id":"https:\/\/old.cuorepilates.indexeodev.es\/pt-pt\/contacto\/","url":"https:\/\/old.cuorepilates.indexeodev.es\/pt-pt\/contacto\/","name":"Contacto - CUORE PILATES","isPartOf":{"@id":"https:\/\/old.cuorepilates.indexeodev.es\/pt-pt\/#website"},"datePublished":"2023-06-22T14:00:26+00:00","dateModified":"2025-05-20T09:53:38+00:00","breadcrumb":{"@id":"https:\/\/old.cuorepilates.indexeodev.es\/pt-pt\/contacto\/#breadcrumb"},"inLanguage":"pt-PT","potentialAction":[{"@type":"ReadAction","target":["https:\/\/old.cuorepilates.indexeodev.es\/pt-pt\/contacto\/"]}]},{"@type":"BreadcrumbList","@id":"https:\/\/old.cuorepilates.indexeodev.es\/pt-pt\/contacto\/#breadcrumb","itemListElement":[{"@type":"ListItem","position":1,"name":"Portada","item":"https:\/\/old.cuorepilates.indexeodev.es\/pt-pt\/"},{"@type":"ListItem","position":2,"name":"Contacto"}]},{"@type":"WebSite","@id":"https:\/\/old.cuorepilates.indexeodev.es\/pt-pt\/#website","url":"https:\/\/old.cuorepilates.indexeodev.es\/pt-pt\/","name":"CUORE PILATES","description":"Las m\u00e1quinas de pilates con la mejor Calidad-Precio.","potentialAction":[{"@type":"SearchAction","target":{"@type":"EntryPoint","urlTemplate":"https:\/\/old.cuorepilates.indexeodev.es\/pt-pt\/?s={search_term_string}"},"query-input":{"@type":"PropertyValueSpecification","valueRequired":true,"valueName":"search_term_string"}}],"inLanguage":"pt-PT"}]}},"_links":{"self":[{"href":"https:\/\/old.cuorepilates.indexeodev.es\/pt-pt\/wp-json\/wp\/v2\/pages\/259253","targetHints":{"allow":["GET"]}}],"collection":[{"href":"https:\/\/old.cuorepilates.indexeodev.es\/pt-pt\/wp-json\/wp\/v2\/pages"}],"about":[{"href":"https:\/\/old.cuorepilates.indexeodev.es\/pt-pt\/wp-json\/wp\/v2\/types\/page"}],"author":[{"embeddable":true,"href":"https:\/\/old.cuorepilates.indexeodev.es\/pt-pt\/wp-json\/wp\/v2\/users\/4"}],"replies":[{"embeddable":true,"href":"https:\/\/old.cuorepilates.indexeodev.es\/pt-pt\/wp-json\/wp\/v2\/comments?post=259253"}],"version-history":[{"count":4,"href":"https:\/\/old.cuorepilates.indexeodev.es\/pt-pt\/wp-json\/wp\/v2\/pages\/259253\/revisions"}],"predecessor-version":[{"id":259258,"href":"https:\/\/old.cuorepilates.indexeodev.es\/pt-pt\/wp-json\/wp\/v2\/pages\/259253\/revisions\/259258"}],"wp:attachment":[{"href":"https:\/\/old.cuorepilates.indexeodev.es\/pt-pt\/wp-json\/wp\/v2\/media?parent=259253"}],"curies":[{"name":"wp","href":"https:\/\/api.w.org\/{rel}","templated":true}]}}