{"id":259185,"date":"2023-06-09T17:48:35","date_gmt":"2023-06-09T17:48:35","guid":{"rendered":"https:\/\/old.cuorepilates.indexeodev.es\/?page_id=259185"},"modified":"2025-09-23T21:14:44","modified_gmt":"2025-09-23T21:14:44","slug":"cart","status":"publish","type":"page","link":"https:\/\/old.cuorepilates.indexeodev.es\/pt-pt\/cart\/","title":{"rendered":"Carrinho"},"content":{"rendered":"<p>[et_pb_section fb_built=&#8221;1&#8243; _builder_version=&#8221;4.27.4&#8243; custom_padding=&#8221;||100px|||&#8221; hover_enabled=&#8221;0&#8243; global_colors_info=&#8221;{}&#8221; background_color=&#8221;#FFFFFF&#8221; sticky_enabled=&#8221;0&#8243;][et_pb_row _builder_version=&#8221;4.16&#8243; background_size=&#8221;initial&#8221; background_position=&#8221;top_left&#8221; background_repeat=&#8221;repeat&#8221; global_colors_info=&#8221;{}&#8221;][et_pb_column type=&#8221;4_4&#8243; _builder_version=&#8221;4.16&#8243; custom_padding=&#8221;|||&#8221; global_colors_info=&#8221;{}&#8221; custom_padding__hover=&#8221;|||&#8221;][et_pb_post_title meta=&#8221;off&#8221; featured_image=&#8221;off&#8221; _builder_version=&#8221;4.21.0&#8243; global_colors_info=&#8221;{}&#8221;][\/et_pb_post_title][et_pb_wc_cart_notice _builder_version=&#8221;4.21.0&#8243; title_font=&#8221;Zen Kaku Gothic New||||||||&#8221; title_text_color=&#8221;#000000&#8243; error_font=&#8221;Zen Kaku Gothic New||||||||&#8221; error_text_color=&#8221;#E02B20&#8243; background_color=&#8221;gcid-7995c5f0-6514-4744-85f0-073eef7ebfb2&#8243; custom_button=&#8221;on&#8221; button_text_color=&#8221;#FFFFFF&#8221; button_bg_color=&#8221;#000000&#8243; button_border_color=&#8221;#000000&#8243; global_colors_info=&#8221;{%22gcid-7995c5f0-6514-4744-85f0-073eef7ebfb2%22:%91%22background_color%22%93}&#8221;][\/et_pb_wc_cart_notice][et_pb_text _builder_version=&#8221;4.27.4&#8243; _module_preset=&#8221;default&#8221; hover_enabled=&#8221;0&#8243; global_colors_info=&#8221;{}&#8221; locked=&#8221;off&#8221; sticky_enabled=&#8221;0&#8243;]<\/p>\n<p style=\"text-align: center;\"><em>As encomendas com destino \u00e0s Ilhas Can\u00e1rias e Baleares incluem um suplemento no custo do envio. Para mais informa\u00e7\u00f5es ou para gerir a sua encomenda, entre em contacto com a nossa equipa de vendas.<\/em><\/p>\n<p>[\/et_pb_text][\/et_pb_column][\/et_pb_row][et_pb_row column_structure=&#8221;3_5,2_5&#8243; make_equal=&#8221;on&#8221; _builder_version=&#8221;4.21.0&#8243; _module_preset=&#8221;default&#8221; background_color=&#8221;#FFFFFF&#8221; custom_margin=&#8221;||||false|false&#8221; custom_padding=&#8221;|20px|||false|false&#8221; custom_css_main_element=&#8221;display:flex;||align-items:center;&#8221; border_radii=&#8221;on|10px|10px|10px|10px&#8221; global_colors_info=&#8221;{}&#8221; custom_css_main_element_last_edited=&#8221;on|tablet&#8221; custom_css_main_element_tablet=&#8221;display:flex;||flex-direction:column;&#8221; custom_css_main_element_phone=&#8221;display:flex;||flex-direction:column;&#8221;][et_pb_column type=&#8221;3_5&#8243; _builder_version=&#8221;4.21.0&#8243; _module_preset=&#8221;default&#8221; background_color=&#8221;gcid-7995c5f0-6514-4744-85f0-073eef7ebfb2&#8243; custom_padding=&#8221;100px||20px||false|false&#8221; box_shadow_style=&#8221;preset1&#8243; global_colors_info=&#8221;{%22gcid-7995c5f0-6514-4744-85f0-073eef7ebfb2%22:%91%22background_color%22%93}&#8221;][et_pb_wc_cart_products row_layout=&#8221;vertical&#8221; placeholder_color=&#8221;#000000&#8243; show_coupon_code=&#8221;off&#8221; _builder_version=&#8221;4.21.0&#8243; table_background_color=&#8221;#FFFFFF&#8221; table_row_background_color=&#8221;RGBA(255,255,255,0)&#8221; table_cell_background_color=&#8221;RGBA(255,255,255,0)&#8221; table_cell_alternating_background_color=&#8221;#FFFFFF&#8221; icon_background_color=&#8221;#FFFFFF&#8221; icon_text_color=&#8221;#E02B20&#8243; form_field_text_color=&#8221;#000000&#8243; form_field_focus_text_color=&#8221;#000000&#8243; body_text_color=&#8221;#000000&#8243; link_font=&#8221;|800|||||||&#8221; link_text_color=&#8221;#b10a93&#8243; table_header_font=&#8221;Zen Kaku Gothic New|700||on|||||&#8221; table_header_text_color=&#8221;#000000&#8243; custom_button=&#8221;on&#8221; button_text_color=&#8221;#FFFFFF&#8221; button_bg_color=&#8221;#b10a93&#8243; button_border_color=&#8221;#b10a93&#8243; custom_disabled_button=&#8221;on&#8221; disabled_button_text_color=&#8221;#FFFFFF&#8221; disabled_button_bg_color=&#8221;#000000&#8243; disabled_button_border_color=&#8221;#000000&#8243; position_origin_a=&#8221;top_center&#8221; position_origin_r=&#8221;top_right&#8221; vertical_offset=&#8221;-137px&#8221; horizontal_offset=&#8221;20px&#8221; text_orientation=&#8221;left&#8221; width=&#8221;100%&#8221; overflow-x=&#8221;hidden&#8221; overflow-y=&#8221;hidden&#8221; custom_margin=&#8221;||||false|false&#8221; custom_padding=&#8221;||||false|false&#8221; border_radii=&#8221;on|10px|10px|10px|10px&#8221; border_color_all_table=&#8221;#000000&#8243; border_color_all_table_cell=&#8221;#000000&#8243; global_colors_info=&#8221;{}&#8221; table_cell_custom_padding__hover_enabled=&#8221;off|desktop&#8221; disabled_button_bg_color__hover_enabled=&#8221;on|desktop&#8221; disabled_button_bg_color__hover=&#8221;#000000&#8243;][\/et_pb_wc_cart_products][\/et_pb_column][et_pb_column type=&#8221;2_5&#8243; _builder_version=&#8221;4.21.0&#8243; _module_preset=&#8221;default&#8221; background_color=&#8221;gcid-7995c5f0-6514-4744-85f0-073eef7ebfb2&#8243; custom_padding=&#8221;100px||20px||false|false&#8221; border_radii=&#8221;on|6px|6px|6px|6px&#8221; box_shadow_style=&#8221;preset1&#8243; global_colors_info=&#8221;{%22gcid-7995c5f0-6514-4744-85f0-073eef7ebfb2%22:%91%22background_color%22%93}&#8221;][et_pb_wc_cart_totals _builder_version=&#8221;4.21.0&#8243; table_background_color=&#8221;#FFFFFF&#8221; title_text_color=&#8221;#000000&#8243; column_label_text_color=&#8221;#000000&#8243; body_text_color=&#8221;#000000&#8243; link_text_color=&#8221;gcid-1b9885b1-d5db-4c39-ab49-d8f90e824600&#8243; background_enable_color=&#8221;off&#8221; custom_button=&#8221;on&#8221; button_text_color=&#8221;#b10a93&#8243; button_bg_color=&#8221;#FFFFFF&#8221; button_border_width=&#8221;1px&#8221; button_border_color=&#8221;gcid-1b9885b1-d5db-4c39-ab49-d8f90e824600&#8243; custom_padding=&#8221;|20px||20px|false|true&#8221; border_width_all_table=&#8221;0px&#8221; border_color_all_table=&#8221;#E09900&#8243; border_color_all_table_cell=&#8221;RGBA(255,255,255,0)&#8221; box_shadow_style_button=&#8221;preset2&#8243; global_colors_info=&#8221;{%22gcid-1b9885b1-d5db-4c39-ab49-d8f90e824600%22:%91%22link_text_color%22,%22button_border_color%22%93}&#8221;][\/et_pb_wc_cart_totals][\/et_pb_column][\/et_pb_row][et_pb_row _builder_version=&#8221;4.21.0&#8243; _module_preset=&#8221;default&#8221; global_colors_info=&#8221;{}&#8221;][et_pb_column type=&#8221;4_4&#8243; _builder_version=&#8221;4.21.0&#8243; _module_preset=&#8221;default&#8221; global_colors_info=&#8221;{}&#8221;][et_pb_text _builder_version=&#8221;4.24.0&#8243; _module_preset=&#8221;default&#8221; header_3_font=&#8221;|700||on|||||&#8221; header_3_font_size=&#8221;30px&#8221; global_colors_info=&#8221;{}&#8221;]<\/p>\n<h3 style=\"text-align: center;\">Instru\u00e7\u00f5es para a entrega de mercadorias<\/h3>\n<p>[\/et_pb_text][\/et_pb_column][\/et_pb_row][et_pb_row column_structure=&#8221;1_2,1_2&#8243; _builder_version=&#8221;4.21.0&#8243; _module_preset=&#8221;default&#8221; locked=&#8221;off&#8221; global_colors_info=&#8221;{}&#8221;][et_pb_column type=&#8221;1_2&#8243; _builder_version=&#8221;4.21.0&#8243; _module_preset=&#8221;default&#8221; global_colors_info=&#8221;{}&#8221;][et_pb_blurb title=&#8221;Acesso para cami\u00e3o de entrega:&#8221; use_icon=&#8221;on&#8221; font_icon=&#8221;&#x52;||divi||400&#8243; icon_color=&#8221;gcid-1b9885b1-d5db-4c39-ab49-d8f90e824600&#8243; icon_placement=&#8221;left&#8221; image_icon_width=&#8221;22px&#8221; _builder_version=&#8221;4.24.0&#8243; _module_preset=&#8221;default&#8221; header_font=&#8221;|700|||||||&#8221; header_font_size=&#8221;20px&#8221; body_font=&#8221;Zen Kaku Gothic New||||||||&#8221; body_text_color=&#8221;#000000&#8243; body_font_size=&#8221;18px&#8221; body_line_height=&#8221;1.8em&#8221; global_colors_info=&#8221;{%22gcid-1b9885b1-d5db-4c39-ab49-d8f90e824600%22:%91%22icon_color%22%93}&#8221;]<\/p>\n<p>Certifique-se de que o local de entrega tem espa\u00e7o suficiente e acesso pelo passeio para um cami\u00e3o com artigos volumosos.<\/p>\n<p>[\/et_pb_blurb][\/et_pb_column][et_pb_column type=&#8221;1_2&#8243; _builder_version=&#8221;4.21.0&#8243; _module_preset=&#8221;default&#8221; global_colors_info=&#8221;{}&#8221;][et_pb_blurb title=&#8221;Disponibilidade na morada de entrega:&#8221; use_icon=&#8221;on&#8221; font_icon=&#8221;&#x52;||divi||400&#8243; icon_color=&#8221;gcid-1b9885b1-d5db-4c39-ab49-d8f90e824600&#8243; icon_placement=&#8221;left&#8221; image_icon_width=&#8221;22px&#8221; _builder_version=&#8221;4.24.0&#8243; _module_preset=&#8221;default&#8221; header_font=&#8221;|700|||||||&#8221; header_font_size=&#8221;20px&#8221; body_font=&#8221;Zen Kaku Gothic New||||||||&#8221; body_text_color=&#8221;#000000&#8243; body_font_size=&#8221;18px&#8221; body_line_height=&#8221;1.8em&#8221; global_colors_info=&#8221;{%22gcid-1b9885b1-d5db-4c39-ab49-d8f90e824600%22:%91%22icon_color%22%93}&#8221;]<\/p>\n<p>Confirme se algu\u00e9m estar\u00e1 dispon\u00edvel na morada de entrega para receber os produtos na data e hora agendadas<\/p>\n<p>[\/et_pb_blurb][\/et_pb_column][\/et_pb_row][et_pb_row column_structure=&#8221;1_2,1_2&#8243; _builder_version=&#8221;4.21.0&#8243; _module_preset=&#8221;default&#8221; locked=&#8221;off&#8221; global_colors_info=&#8221;{}&#8221;][et_pb_column type=&#8221;1_2&#8243; _builder_version=&#8221;4.21.0&#8243; _module_preset=&#8221;default&#8221; global_colors_info=&#8221;{}&#8221;][et_pb_blurb title=&#8221;Coordena\u00e7\u00e3o de Entrega&#8221; use_icon=&#8221;on&#8221; font_icon=&#8221;&#x52;||divi||400&#8243; icon_color=&#8221;gcid-1b9885b1-d5db-4c39-ab49-d8f90e824600&#8243; icon_placement=&#8221;left&#8221; image_icon_width=&#8221;22px&#8221; _builder_version=&#8221;4.24.0&#8243; _module_preset=&#8221;default&#8221; header_font=&#8221;|700|||||||&#8221; header_font_size=&#8221;20px&#8221; body_font=&#8221;Zen Kaku Gothic New||||||||&#8221; body_text_color=&#8221;#000000&#8243; body_font_size=&#8221;18px&#8221; body_line_height=&#8221;1.8em&#8221; global_colors_info=&#8221;{%22gcid-1b9885b1-d5db-4c39-ab49-d8f90e824600%22:%91%22icon_color%22%93}&#8221;]<\/p>\n<p>A nossa equipa de entrega entrar\u00e1 em contacto consigo antes da chegada para coordenar os detalhes e facilitar a recolha na cal\u00e7ada.<\/p>\n<p>[\/et_pb_blurb][\/et_pb_column][et_pb_column type=&#8221;1_2&#8243; _builder_version=&#8221;4.21.0&#8243; _module_preset=&#8221;default&#8221; global_colors_info=&#8221;{}&#8221;][et_pb_blurb title=&#8221;Verifica\u00e7\u00e3o do produto:&#8221; use_icon=&#8221;on&#8221; font_icon=&#8221;&#x52;||divi||400&#8243; icon_color=&#8221;gcid-1b9885b1-d5db-4c39-ab49-d8f90e824600&#8243; icon_placement=&#8221;left&#8221; image_icon_width=&#8221;22px&#8221; _builder_version=&#8221;4.24.0&#8243; _module_preset=&#8221;default&#8221; header_font=&#8221;|700|||||||&#8221; header_font_size=&#8221;20px&#8221; body_font=&#8221;Zen Kaku Gothic New||||||||&#8221; body_text_color=&#8221;#000000&#8243; body_font_size=&#8221;18px&#8221; body_line_height=&#8221;1.8em&#8221; global_colors_info=&#8221;{%22gcid-1b9885b1-d5db-4c39-ab49-d8f90e824600%22:%91%22icon_color%22%93}&#8221;]<\/p>\n<p>Ao receber os produtos, verifique a integridade da embalagem e dos artigos. Em caso de qualquer problema, contacte imediatamente o nosso servi\u00e7o de apoio ao cliente.<\/p>\n<p>[\/et_pb_blurb][\/et_pb_column][\/et_pb_row][et_pb_row _builder_version=&#8221;4.21.0&#8243; _module_preset=&#8221;default&#8221; global_colors_info=&#8221;{}&#8221;][et_pb_column type=&#8221;4_4&#8243; _builder_version=&#8221;4.21.0&#8243; _module_preset=&#8221;default&#8221; global_colors_info=&#8221;{}&#8221;][et_pb_text _builder_version=&#8221;4.24.0&#8243; _module_preset=&#8221;default&#8221; text_font_size=&#8221;18px&#8221; text_orientation=&#8221;justified&#8221; module_alignment=&#8221;center&#8221; custom_padding=&#8221;|||50px|false|false&#8221; global_colors_info=&#8221;{}&#8221;]<\/p>\n<p>Note que a entrega ser\u00e1 feita no passeio, por isso \u00e9 importante que esteja preparado para receber os produtos no local designado. Caso tenha alguma d\u00favida ou necessite de fazer ajustes na data de entrega, por favor contacte a nossa equipa de apoio ao cliente atrav\u00e9s do telefone <strong>640 08 31 16<\/strong> ou do e-mail admin@cuorepilates.com.<\/p>\n<p>&nbsp;<\/p>\n<p>Agradecemos a sua compreens\u00e3o e coopera\u00e7\u00e3o para garantir a entrega bem-sucedida dos seus artigos de grandes dimens\u00f5es.<\/p>\n<p>&nbsp;<\/p>\n<p>&nbsp;<\/p>\n<p>Sinceramente,<\/p>\n<p>&nbsp;<\/p>\n<p>Cuore Pilates &amp; Fitness S.L.<\/p>\n<p>[\/et_pb_text][\/et_pb_column][\/et_pb_row][\/et_pb_section]<\/p>\n","protected":false},"excerpt":{"rendered":"<p>As encomendas com destino \u00e0s Ilhas Can\u00e1rias e Baleares incluem um suplemento no custo do envio. Para mais informa\u00e7\u00f5es ou para gerir a sua encomenda, entre em contacto com a nossa equipa de vendas.Instru\u00e7\u00f5es para a entrega de mercadoriasCertifique-se de que o local de entrega tem espa\u00e7o suficiente e acesso pelo passeio para um cami\u00e3o com artigos volumosos.Confirme se algu\u00e9m estar\u00e1 dispon\u00edvel na morada de entrega para receber os produtos na data e hora agendadasA nossa equipa de entrega entrar\u00e1 em contacto consigo antes da chegada para coordenar os detalhes e facilitar a recolha na cal\u00e7ada.Ao receber os produtos, verifique a integridade da embalagem e dos artigos. Em caso de qualquer problema, contacte imediatamente o nosso servi\u00e7o de apoio ao cliente.Note que a entrega ser\u00e1 feita no passeio, por isso \u00e9 importante que esteja preparado para receber os produtos no local designado. Caso tenha alguma d\u00favida ou necessite de fazer ajustes na data de entrega, por favor contacte a nossa equipa de apoio ao cliente atrav\u00e9s do telefone 640 08 31 16 ou do e-mail admin@cuorepilates.com. &nbsp; Agradecemos a sua compreens\u00e3o e coopera\u00e7\u00e3o para garantir a entrega bem-sucedida dos seus artigos de grandes dimens\u00f5es. &nbsp; &nbsp; Sinceramente, &nbsp; Cuore Pilates [&hellip;]<\/p>\n","protected":false},"author":4,"featured_media":0,"parent":0,"menu_order":0,"comment_status":"closed","ping_status":"closed","template":"","meta":{"_acf_changed":false,"_et_pb_use_builder":"on","_et_pb_old_content":"<!-- wp:shortcode -->[woocommerce_cart]<!-- \/wp:shortcode -->","_et_gb_content_width":"","_joinchat":[],"footnotes":""},"class_list":["post-259185","page","type-page","status-publish","hentry"],"acf":[],"yoast_head":"<!-- This site is optimized with the Yoast SEO plugin v27.5 - https:\/\/yoast.com\/product\/yoast-seo-wordpress\/ -->\n<title>Carrinho - CUORE PILATES<\/title>\n<meta name=\"robots\" content=\"noindex, follow, max-snippet:-1, max-image-preview:large, max-video-preview:-1\" \/>\n<meta property=\"og:locale\" content=\"pt_PT\" \/>\n<meta property=\"og:type\" content=\"article\" \/>\n<meta property=\"og:title\" content=\"Carrinho - CUORE PILATES\" \/>\n<meta property=\"og:description\" content=\"As encomendas com destino \u00e0s Ilhas Can\u00e1rias e Baleares incluem um suplemento no custo do envio. Para mais informa\u00e7\u00f5es ou para gerir a sua encomenda, entre em contacto com a nossa equipa de vendas.Instru\u00e7\u00f5es para a entrega de mercadoriasCertifique-se de que o local de entrega tem espa\u00e7o suficiente e acesso pelo passeio para um cami\u00e3o com artigos volumosos.Confirme se algu\u00e9m estar\u00e1 dispon\u00edvel na morada de entrega para receber os produtos na data e hora agendadasA nossa equipa de entrega entrar\u00e1 em contacto consigo antes da chegada para coordenar os detalhes e facilitar a recolha na cal\u00e7ada.Ao receber os produtos, verifique a integridade da embalagem e dos artigos. Em caso de qualquer problema, contacte imediatamente o nosso servi\u00e7o de apoio ao cliente.Note que a entrega ser\u00e1 feita no passeio, por isso \u00e9 importante que esteja preparado para receber os produtos no local designado. Caso tenha alguma d\u00favida ou necessite de fazer ajustes na data de entrega, por favor contacte a nossa equipa de apoio ao cliente atrav\u00e9s do telefone 640 08 31 16 ou do e-mail admin@cuorepilates.com. &nbsp; Agradecemos a sua compreens\u00e3o e coopera\u00e7\u00e3o para garantir a entrega bem-sucedida dos seus artigos de grandes dimens\u00f5es. &nbsp; &nbsp; Sinceramente, &nbsp; Cuore Pilates [&hellip;]\" \/>\n<meta property=\"og:url\" content=\"https:\/\/old.cuorepilates.indexeodev.es\/pt-pt\/cart\/\" \/>\n<meta property=\"og:site_name\" content=\"CUORE PILATES\" \/>\n<meta property=\"article:modified_time\" content=\"2025-09-23T21:14:44+00:00\" \/>\n<meta name=\"twitter:card\" content=\"summary_large_image\" \/>\n<meta name=\"twitter:label1\" content=\"Tempo estimado de leitura\" \/>\n\t<meta name=\"twitter:data1\" content=\"2 minutos\" \/>\n<script type=\"application\/ld+json\" class=\"yoast-schema-graph\">{\"@context\":\"https:\\\/\\\/schema.org\",\"@graph\":[{\"@type\":\"WebPage\",\"@id\":\"https:\\\/\\\/old.cuorepilates.indexeodev.es\\\/pt-pt\\\/cart\\\/\",\"url\":\"https:\\\/\\\/old.cuorepilates.indexeodev.es\\\/pt-pt\\\/cart\\\/\",\"name\":\"Carrinho - CUORE PILATES\",\"isPartOf\":{\"@id\":\"https:\\\/\\\/old.cuorepilates.indexeodev.es\\\/pt-pt\\\/#website\"},\"datePublished\":\"2023-06-09T17:48:35+00:00\",\"dateModified\":\"2025-09-23T21:14:44+00:00\",\"breadcrumb\":{\"@id\":\"https:\\\/\\\/old.cuorepilates.indexeodev.es\\\/pt-pt\\\/cart\\\/#breadcrumb\"},\"inLanguage\":\"pt-PT\",\"potentialAction\":[{\"@type\":\"ReadAction\",\"target\":[\"https:\\\/\\\/old.cuorepilates.indexeodev.es\\\/pt-pt\\\/cart\\\/\"]}]},{\"@type\":\"BreadcrumbList\",\"@id\":\"https:\\\/\\\/old.cuorepilates.indexeodev.es\\\/pt-pt\\\/cart\\\/#breadcrumb\",\"itemListElement\":[{\"@type\":\"ListItem\",\"position\":1,\"name\":\"Portada\",\"item\":\"https:\\\/\\\/old.cuorepilates.indexeodev.es\\\/pt-pt\\\/\"},{\"@type\":\"ListItem\",\"position\":2,\"name\":\"Carrinho\"}]},{\"@type\":\"WebSite\",\"@id\":\"https:\\\/\\\/old.cuorepilates.indexeodev.es\\\/pt-pt\\\/#website\",\"url\":\"https:\\\/\\\/old.cuorepilates.indexeodev.es\\\/pt-pt\\\/\",\"name\":\"CUORE PILATES\",\"description\":\"Las m\u00e1quinas de pilates con la mejor Calidad-Precio.\",\"potentialAction\":[{\"@type\":\"SearchAction\",\"target\":{\"@type\":\"EntryPoint\",\"urlTemplate\":\"https:\\\/\\\/old.cuorepilates.indexeodev.es\\\/pt-pt\\\/?s={search_term_string}\"},\"query-input\":{\"@type\":\"PropertyValueSpecification\",\"valueRequired\":true,\"valueName\":\"search_term_string\"}}],\"inLanguage\":\"pt-PT\"}]}<\/script>\n<!-- \/ Yoast SEO plugin. -->","yoast_head_json":{"title":"Carrinho - CUORE PILATES","robots":{"index":"noindex","follow":"follow","max-snippet":"max-snippet:-1","max-image-preview":"max-image-preview:large","max-video-preview":"max-video-preview:-1"},"og_locale":"pt_PT","og_type":"article","og_title":"Carrinho - CUORE PILATES","og_description":"As encomendas com destino \u00e0s Ilhas Can\u00e1rias e Baleares incluem um suplemento no custo do envio. Para mais informa\u00e7\u00f5es ou para gerir a sua encomenda, entre em contacto com a nossa equipa de vendas.Instru\u00e7\u00f5es para a entrega de mercadoriasCertifique-se de que o local de entrega tem espa\u00e7o suficiente e acesso pelo passeio para um cami\u00e3o com artigos volumosos.Confirme se algu\u00e9m estar\u00e1 dispon\u00edvel na morada de entrega para receber os produtos na data e hora agendadasA nossa equipa de entrega entrar\u00e1 em contacto consigo antes da chegada para coordenar os detalhes e facilitar a recolha na cal\u00e7ada.Ao receber os produtos, verifique a integridade da embalagem e dos artigos. Em caso de qualquer problema, contacte imediatamente o nosso servi\u00e7o de apoio ao cliente.Note que a entrega ser\u00e1 feita no passeio, por isso \u00e9 importante que esteja preparado para receber os produtos no local designado. Caso tenha alguma d\u00favida ou necessite de fazer ajustes na data de entrega, por favor contacte a nossa equipa de apoio ao cliente atrav\u00e9s do telefone 640 08 31 16 ou do e-mail admin@cuorepilates.com. &nbsp; Agradecemos a sua compreens\u00e3o e coopera\u00e7\u00e3o para garantir a entrega bem-sucedida dos seus artigos de grandes dimens\u00f5es. &nbsp; &nbsp; Sinceramente, &nbsp; Cuore Pilates [&hellip;]","og_url":"https:\/\/old.cuorepilates.indexeodev.es\/pt-pt\/cart\/","og_site_name":"CUORE PILATES","article_modified_time":"2025-09-23T21:14:44+00:00","twitter_card":"summary_large_image","twitter_misc":{"Tempo estimado de leitura":"2 minutos"},"schema":{"@context":"https:\/\/schema.org","@graph":[{"@type":"WebPage","@id":"https:\/\/old.cuorepilates.indexeodev.es\/pt-pt\/cart\/","url":"https:\/\/old.cuorepilates.indexeodev.es\/pt-pt\/cart\/","name":"Carrinho - CUORE PILATES","isPartOf":{"@id":"https:\/\/old.cuorepilates.indexeodev.es\/pt-pt\/#website"},"datePublished":"2023-06-09T17:48:35+00:00","dateModified":"2025-09-23T21:14:44+00:00","breadcrumb":{"@id":"https:\/\/old.cuorepilates.indexeodev.es\/pt-pt\/cart\/#breadcrumb"},"inLanguage":"pt-PT","potentialAction":[{"@type":"ReadAction","target":["https:\/\/old.cuorepilates.indexeodev.es\/pt-pt\/cart\/"]}]},{"@type":"BreadcrumbList","@id":"https:\/\/old.cuorepilates.indexeodev.es\/pt-pt\/cart\/#breadcrumb","itemListElement":[{"@type":"ListItem","position":1,"name":"Portada","item":"https:\/\/old.cuorepilates.indexeodev.es\/pt-pt\/"},{"@type":"ListItem","position":2,"name":"Carrinho"}]},{"@type":"WebSite","@id":"https:\/\/old.cuorepilates.indexeodev.es\/pt-pt\/#website","url":"https:\/\/old.cuorepilates.indexeodev.es\/pt-pt\/","name":"CUORE PILATES","description":"Las m\u00e1quinas de pilates con la mejor Calidad-Precio.","potentialAction":[{"@type":"SearchAction","target":{"@type":"EntryPoint","urlTemplate":"https:\/\/old.cuorepilates.indexeodev.es\/pt-pt\/?s={search_term_string}"},"query-input":{"@type":"PropertyValueSpecification","valueRequired":true,"valueName":"search_term_string"}}],"inLanguage":"pt-PT"}]}},"_links":{"self":[{"href":"https:\/\/old.cuorepilates.indexeodev.es\/pt-pt\/wp-json\/wp\/v2\/pages\/259185","targetHints":{"allow":["GET"]}}],"collection":[{"href":"https:\/\/old.cuorepilates.indexeodev.es\/pt-pt\/wp-json\/wp\/v2\/pages"}],"about":[{"href":"https:\/\/old.cuorepilates.indexeodev.es\/pt-pt\/wp-json\/wp\/v2\/types\/page"}],"author":[{"embeddable":true,"href":"https:\/\/old.cuorepilates.indexeodev.es\/pt-pt\/wp-json\/wp\/v2\/users\/4"}],"replies":[{"embeddable":true,"href":"https:\/\/old.cuorepilates.indexeodev.es\/pt-pt\/wp-json\/wp\/v2\/comments?post=259185"}],"version-history":[{"count":5,"href":"https:\/\/old.cuorepilates.indexeodev.es\/pt-pt\/wp-json\/wp\/v2\/pages\/259185\/revisions"}],"predecessor-version":[{"id":262506,"href":"https:\/\/old.cuorepilates.indexeodev.es\/pt-pt\/wp-json\/wp\/v2\/pages\/259185\/revisions\/262506"}],"wp:attachment":[{"href":"https:\/\/old.cuorepilates.indexeodev.es\/pt-pt\/wp-json\/wp\/v2\/media?parent=259185"}],"curies":[{"name":"wp","href":"https:\/\/api.w.org\/{rel}","templated":true}]}}