{"id":263581,"date":"2025-11-18T13:46:16","date_gmt":"2025-11-18T13:46:16","guid":{"rendered":"https:\/\/old.cuorepilates.indexeodev.es\/?post_type=product&#038;p=263581"},"modified":"2025-11-18T13:46:17","modified_gmt":"2025-11-18T13:46:17","slug":"maniglie-del-reformer","status":"publish","type":"product","link":"https:\/\/old.cuorepilates.indexeodev.es\/it\/accessori-pilates\/maniglie-del-reformer\/","title":{"rendered":"Maniglie del Reformer"},"content":{"rendered":"","protected":false},"excerpt":{"rendered":"<p><b>Goditi il massimo del comfort e della versatilit\u00e0<\/b> con il nostro zaino con maniglie in neoprene di prima qualit\u00e0. L&#8217;<g id=\"gid_1\">imbottitura interna<\/g> ad alta densit\u00e0 elimina l&#8217;attrito e la pressione, proteggendo mani e caviglie durante gli allenamenti pi\u00f9 intensi. Grazie al design <g id=\"gid_2\">a doppio <g id=\"gid_3\">anello<\/g><\/g>, sono perfette per essere utilizzate sia con le mani che con i piedi, consentendo transizioni rapide e fluide. Un accessorio essenziale per migliorare la sicurezza e l&#8217;efficacia di ogni sessione di Pilates sul Reformer.   <\/p>\n","protected":false},"featured_media":263576,"comment_status":"open","ping_status":"closed","template":"","meta":{"_acf_changed":false,"_et_pb_use_builder":"on","_et_pb_old_content":"","_et_gb_content_width":"","_joinchat":[]},"product_brand":[],"product_cat":[133],"product_tag":[],"class_list":{"0":"post-263581","1":"product","2":"type-product","3":"status-publish","4":"has-post-thumbnail","6":"product_cat-accessori-pilates","8":"first","9":"instock","10":"taxable","11":"shipping-taxable","12":"purchasable","13":"product-type-simple"},"acf":{"price_it":0.01,"price_fr":"","price_fin":""},"yoast_head":"<!-- This site is optimized with the Yoast SEO plugin v27.5 - https:\/\/yoast.com\/product\/yoast-seo-wordpress\/ -->\n<title>Maniglie del Reformer - CUORE PILATES<\/title>\n<meta name=\"robots\" content=\"noindex, follow, max-snippet:-1, max-image-preview:large, max-video-preview:-1\" \/>\n<meta property=\"og:locale\" content=\"it_IT\" \/>\n<meta property=\"og:type\" content=\"article\" \/>\n<meta property=\"og:title\" content=\"Maniglie del Reformer - CUORE PILATES\" \/>\n<meta property=\"og:description\" content=\"Goditi il massimo del comfort e della versatilit\u00e0 con il nostro zaino con maniglie in neoprene di prima qualit\u00e0. L&#039;imbottitura interna ad alta densit\u00e0 elimina l&#039;attrito e la pressione, proteggendo mani e caviglie durante gli allenamenti pi\u00f9 intensi. Grazie al design a doppio anello, sono perfette per essere utilizzate sia con le mani che con i piedi, consentendo transizioni rapide e fluide. Un accessorio essenziale per migliorare la sicurezza e l&#039;efficacia di ogni sessione di Pilates sul Reformer.\" \/>\n<meta property=\"og:url\" content=\"https:\/\/old.cuorepilates.indexeodev.es\/it\/accessori-pilates\/maniglie-del-reformer\/\" \/>\n<meta property=\"og:site_name\" content=\"CUORE PILATES\" \/>\n<meta property=\"article:modified_time\" content=\"2025-11-18T13:46:17+00:00\" \/>\n<meta property=\"og:image\" content=\"https:\/\/old.cuorepilates.indexeodev.es\/wp-content\/uploads\/2025\/11\/Generated-Image-November-05-2025-1_30PM.png\" \/>\n\t<meta property=\"og:image:width\" content=\"1024\" \/>\n\t<meta property=\"og:image:height\" content=\"1024\" \/>\n\t<meta property=\"og:image:type\" content=\"image\/png\" \/>\n<meta name=\"twitter:card\" content=\"summary_large_image\" \/>\n<script type=\"application\/ld+json\" class=\"yoast-schema-graph\">{\"@context\":\"https:\\\/\\\/schema.org\",\"@graph\":[{\"@type\":\"WebPage\",\"@id\":\"https:\\\/\\\/old.cuorepilates.indexeodev.es\\\/it\\\/accessori-pilates\\\/maniglie-del-reformer\\\/\",\"url\":\"https:\\\/\\\/old.cuorepilates.indexeodev.es\\\/it\\\/accessori-pilates\\\/maniglie-del-reformer\\\/\",\"name\":\"Maniglie del Reformer - CUORE PILATES\",\"isPartOf\":{\"@id\":\"https:\\\/\\\/old.cuorepilates.indexeodev.es\\\/it\\\/#website\"},\"primaryImageOfPage\":{\"@id\":\"https:\\\/\\\/old.cuorepilates.indexeodev.es\\\/it\\\/accessori-pilates\\\/maniglie-del-reformer\\\/#primaryimage\"},\"image\":{\"@id\":\"https:\\\/\\\/old.cuorepilates.indexeodev.es\\\/it\\\/accessori-pilates\\\/maniglie-del-reformer\\\/#primaryimage\"},\"thumbnailUrl\":\"https:\\\/\\\/old.cuorepilates.indexeodev.es\\\/wp-content\\\/uploads\\\/2025\\\/11\\\/Generated-Image-November-05-2025-1_30PM.png\",\"datePublished\":\"2025-11-18T13:46:16+00:00\",\"dateModified\":\"2025-11-18T13:46:17+00:00\",\"breadcrumb\":{\"@id\":\"https:\\\/\\\/old.cuorepilates.indexeodev.es\\\/it\\\/accessori-pilates\\\/maniglie-del-reformer\\\/#breadcrumb\"},\"inLanguage\":\"it-IT\",\"potentialAction\":[{\"@type\":\"ReadAction\",\"target\":[\"https:\\\/\\\/old.cuorepilates.indexeodev.es\\\/it\\\/accessori-pilates\\\/maniglie-del-reformer\\\/\"]}]},{\"@type\":\"ImageObject\",\"inLanguage\":\"it-IT\",\"@id\":\"https:\\\/\\\/old.cuorepilates.indexeodev.es\\\/it\\\/accessori-pilates\\\/maniglie-del-reformer\\\/#primaryimage\",\"url\":\"https:\\\/\\\/old.cuorepilates.indexeodev.es\\\/wp-content\\\/uploads\\\/2025\\\/11\\\/Generated-Image-November-05-2025-1_30PM.png\",\"contentUrl\":\"https:\\\/\\\/old.cuorepilates.indexeodev.es\\\/wp-content\\\/uploads\\\/2025\\\/11\\\/Generated-Image-November-05-2025-1_30PM.png\",\"width\":1024,\"height\":1024},{\"@type\":\"BreadcrumbList\",\"@id\":\"https:\\\/\\\/old.cuorepilates.indexeodev.es\\\/it\\\/accessori-pilates\\\/maniglie-del-reformer\\\/#breadcrumb\",\"itemListElement\":[{\"@type\":\"ListItem\",\"position\":1,\"name\":\"Portada\",\"item\":\"https:\\\/\\\/old.cuorepilates.indexeodev.es\\\/it\\\/\"},{\"@type\":\"ListItem\",\"position\":2,\"name\":\"Nuestra tienda\",\"item\":\"https:\\\/\\\/old.cuorepilates.indexeodev.es\\\/nuestra-tienda\\\/\"},{\"@type\":\"ListItem\",\"position\":3,\"name\":\"Maniglie del Reformer\"}]},{\"@type\":\"WebSite\",\"@id\":\"https:\\\/\\\/old.cuorepilates.indexeodev.es\\\/it\\\/#website\",\"url\":\"https:\\\/\\\/old.cuorepilates.indexeodev.es\\\/it\\\/\",\"name\":\"CUORE PILATES\",\"description\":\"Las m\u00e1quinas de pilates con la mejor Calidad-Precio.\",\"potentialAction\":[{\"@type\":\"SearchAction\",\"target\":{\"@type\":\"EntryPoint\",\"urlTemplate\":\"https:\\\/\\\/old.cuorepilates.indexeodev.es\\\/it\\\/?s={search_term_string}\"},\"query-input\":{\"@type\":\"PropertyValueSpecification\",\"valueRequired\":true,\"valueName\":\"search_term_string\"}}],\"inLanguage\":\"it-IT\"}]}<\/script>\n<!-- \/ Yoast SEO plugin. -->","yoast_head_json":{"title":"Maniglie del Reformer - CUORE PILATES","robots":{"index":"noindex","follow":"follow","max-snippet":"max-snippet:-1","max-image-preview":"max-image-preview:large","max-video-preview":"max-video-preview:-1"},"og_locale":"it_IT","og_type":"article","og_title":"Maniglie del Reformer - CUORE PILATES","og_description":"Goditi il massimo del comfort e della versatilit\u00e0 con il nostro zaino con maniglie in neoprene di prima qualit\u00e0. L'imbottitura interna ad alta densit\u00e0 elimina l'attrito e la pressione, proteggendo mani e caviglie durante gli allenamenti pi\u00f9 intensi. Grazie al design a doppio anello, sono perfette per essere utilizzate sia con le mani che con i piedi, consentendo transizioni rapide e fluide. Un accessorio essenziale per migliorare la sicurezza e l'efficacia di ogni sessione di Pilates sul Reformer.","og_url":"https:\/\/old.cuorepilates.indexeodev.es\/it\/accessori-pilates\/maniglie-del-reformer\/","og_site_name":"CUORE PILATES","article_modified_time":"2025-11-18T13:46:17+00:00","og_image":[{"width":1024,"height":1024,"url":"https:\/\/old.cuorepilates.indexeodev.es\/wp-content\/uploads\/2025\/11\/Generated-Image-November-05-2025-1_30PM.png","type":"image\/png"}],"twitter_card":"summary_large_image","schema":{"@context":"https:\/\/schema.org","@graph":[{"@type":"WebPage","@id":"https:\/\/old.cuorepilates.indexeodev.es\/it\/accessori-pilates\/maniglie-del-reformer\/","url":"https:\/\/old.cuorepilates.indexeodev.es\/it\/accessori-pilates\/maniglie-del-reformer\/","name":"Maniglie del Reformer - CUORE PILATES","isPartOf":{"@id":"https:\/\/old.cuorepilates.indexeodev.es\/it\/#website"},"primaryImageOfPage":{"@id":"https:\/\/old.cuorepilates.indexeodev.es\/it\/accessori-pilates\/maniglie-del-reformer\/#primaryimage"},"image":{"@id":"https:\/\/old.cuorepilates.indexeodev.es\/it\/accessori-pilates\/maniglie-del-reformer\/#primaryimage"},"thumbnailUrl":"https:\/\/old.cuorepilates.indexeodev.es\/wp-content\/uploads\/2025\/11\/Generated-Image-November-05-2025-1_30PM.png","datePublished":"2025-11-18T13:46:16+00:00","dateModified":"2025-11-18T13:46:17+00:00","breadcrumb":{"@id":"https:\/\/old.cuorepilates.indexeodev.es\/it\/accessori-pilates\/maniglie-del-reformer\/#breadcrumb"},"inLanguage":"it-IT","potentialAction":[{"@type":"ReadAction","target":["https:\/\/old.cuorepilates.indexeodev.es\/it\/accessori-pilates\/maniglie-del-reformer\/"]}]},{"@type":"ImageObject","inLanguage":"it-IT","@id":"https:\/\/old.cuorepilates.indexeodev.es\/it\/accessori-pilates\/maniglie-del-reformer\/#primaryimage","url":"https:\/\/old.cuorepilates.indexeodev.es\/wp-content\/uploads\/2025\/11\/Generated-Image-November-05-2025-1_30PM.png","contentUrl":"https:\/\/old.cuorepilates.indexeodev.es\/wp-content\/uploads\/2025\/11\/Generated-Image-November-05-2025-1_30PM.png","width":1024,"height":1024},{"@type":"BreadcrumbList","@id":"https:\/\/old.cuorepilates.indexeodev.es\/it\/accessori-pilates\/maniglie-del-reformer\/#breadcrumb","itemListElement":[{"@type":"ListItem","position":1,"name":"Portada","item":"https:\/\/old.cuorepilates.indexeodev.es\/it\/"},{"@type":"ListItem","position":2,"name":"Nuestra tienda","item":"https:\/\/old.cuorepilates.indexeodev.es\/nuestra-tienda\/"},{"@type":"ListItem","position":3,"name":"Maniglie del Reformer"}]},{"@type":"WebSite","@id":"https:\/\/old.cuorepilates.indexeodev.es\/it\/#website","url":"https:\/\/old.cuorepilates.indexeodev.es\/it\/","name":"CUORE PILATES","description":"Las m\u00e1quinas de pilates con la mejor Calidad-Precio.","potentialAction":[{"@type":"SearchAction","target":{"@type":"EntryPoint","urlTemplate":"https:\/\/old.cuorepilates.indexeodev.es\/it\/?s={search_term_string}"},"query-input":{"@type":"PropertyValueSpecification","valueRequired":true,"valueName":"search_term_string"}}],"inLanguage":"it-IT"}]}},"_links":{"self":[{"href":"https:\/\/old.cuorepilates.indexeodev.es\/it\/wp-json\/wp\/v2\/product\/263581","targetHints":{"allow":["GET"]}}],"collection":[{"href":"https:\/\/old.cuorepilates.indexeodev.es\/it\/wp-json\/wp\/v2\/product"}],"about":[{"href":"https:\/\/old.cuorepilates.indexeodev.es\/it\/wp-json\/wp\/v2\/types\/product"}],"replies":[{"embeddable":true,"href":"https:\/\/old.cuorepilates.indexeodev.es\/it\/wp-json\/wp\/v2\/comments?post=263581"}],"wp:featuredmedia":[{"embeddable":true,"href":"https:\/\/old.cuorepilates.indexeodev.es\/it\/wp-json\/wp\/v2\/media\/263576"}],"wp:attachment":[{"href":"https:\/\/old.cuorepilates.indexeodev.es\/it\/wp-json\/wp\/v2\/media?parent=263581"}],"wp:term":[{"taxonomy":"product_brand","embeddable":true,"href":"https:\/\/old.cuorepilates.indexeodev.es\/it\/wp-json\/wp\/v2\/product_brand?post=263581"},{"taxonomy":"product_cat","embeddable":true,"href":"https:\/\/old.cuorepilates.indexeodev.es\/it\/wp-json\/wp\/v2\/product_cat?post=263581"},{"taxonomy":"product_tag","embeddable":true,"href":"https:\/\/old.cuorepilates.indexeodev.es\/it\/wp-json\/wp\/v2\/product_tag?post=263581"}],"curies":[{"name":"wp","href":"https:\/\/api.w.org\/{rel}","templated":true}]}}