{"id":260767,"date":"2024-04-28T08:35:21","date_gmt":"2024-04-28T08:35:21","guid":{"rendered":"https:\/\/old.cuorepilates.indexeodev.es\/senza-categoria\/reformer-in-alluminio-con-torre\/"},"modified":"2026-05-11T10:30:20","modified_gmt":"2026-05-11T08:30:20","slug":"reformer-in-alluminio-con-torre","status":"publish","type":"product","link":"https:\/\/old.cuorepilates.indexeodev.es\/it\/reformers-pilates\/reformer-con-torre\/reformer-in-alluminio-con-torre\/","title":{"rendered":"Reformer in alluminio con torre"},"content":{"rendered":"<table dir=\"ltr\" border=\"1\" cellspacing=\"0\" cellpadding=\"0\" data-sheets-root=\"1\">\n<colgroup>\n<col width=\"273\" \/>\n<col width=\"550\" \/><\/colgroup>\n<tbody>\n<tr>\n<td data-sheets-value=\"{\">ALTEZZA DEL POLO<\/td>\n<td data-sheets-value=\"{\">Regolabile in 11 posizioni<\/td>\n<\/tr>\n<tr>\n<td data-sheets-value=\"{\">PIEDISTALLI<\/td>\n<td data-sheets-value=\"{\">5 posizioni, barra scorrevole in 8 posizioni<\/td>\n<\/tr>\n<tr>\n<td data-sheets-value=\"{\">MOLLE PER CARRELLI REGOLABILI<\/td>\n<td data-sheets-value=\"{\">2 altezze e 3 intensit\u00e0 di forza (le molle del carrello sono regolabili sia in altezza che in intensit\u00e0). 2 molle rosse (forti), 2 molle verdi (medie) e 2 molle gialle (leggere).<\/td>\n<\/tr>\n<tr>\n<td data-sheets-value=\"{\">TESTA<\/td>\n<td data-sheets-value=\"{\">3 posizioni<\/td>\n<\/tr>\n<tr>\n<td data-sheets-value=\"{\">SPALLE<\/td>\n<td data-sheets-value=\"{\">Rimovibili e intercambiabili, 2 posizioni per modificare la separazione delle spalle.<\/td>\n<\/tr>\n<tr>\n<td data-sheets-value=\"{\">MATERIALE<\/td>\n<td data-sheets-value=\"{\">Alluminio<\/td>\n<\/tr>\n<tr>\n<td data-sheets-value=\"{\">MISURE<\/td>\n<td data-sheets-value=\"{\">Lunghezza: 244 cm, Larghezza: 91 cm, Altezza: 192 cm<\/td>\n<\/tr>\n<tr>\n<td data-sheets-value=\"{\">PESO<\/td>\n<td data-sheets-value=\"{\">125 KG<\/td>\n<\/tr>\n<tr>\n<td colspan=\"1\" rowspan=\"8\" data-sheets-value=\"{\">\n<div>ACCESSORI PER IL REFORMER:<\/div>\n<\/td>\n<td data-sheets-value=\"{\">Due molle rosse (forti), 2 molle verdi (medie) e 2 molle gialle (leggere)<\/td>\n<\/tr>\n<tr>\n<td data-sheets-value=\"{\">Un set di comode doppie maniglie per l&#8217;utilizzo con mani e piedi.<\/td>\n<\/tr>\n<tr>\n<td data-sheets-value=\"{\">Pedana con superficie antiscivolo<\/td>\n<\/tr>\n<tr>\n<td data-sheets-value=\"{\">Cintura di stabilit\u00e0<\/td>\n<\/tr>\n<tr>\n<td data-sheets-value=\"{\">Box, box per dare versatilit\u00e0 agli esercizi sul carrello.<\/td>\n<\/tr>\n<tr>\n<td data-sheets-value=\"{\">Mat, che trasforma il reformer in una barella per gli esercizi a terra.<\/td>\n<\/tr>\n<tr>\n<td data-sheets-value=\"{\">Tavolo da salto<\/td>\n<\/tr>\n<tr>\n<td data-sheets-value=\"{\">Tappeto di estensione imbottito<\/td>\n<\/tr>\n<tr>\n<td colspan=\"1\" rowspan=\"4\" data-sheets-value=\"{\">\n<div>ACCESSORI DELLA TORRE:<\/div>\n<\/td>\n<td data-sheets-value=\"{\">Molle con maniglie per lavorare con gli arti superiori.<\/td>\n<\/tr>\n<tr>\n<td data-sheets-value=\"{\">Luccio di legno<\/td>\n<\/tr>\n<tr>\n<td data-sheets-value=\"{\">Barra di spinta antiscivolo, regolabile in altezza. Con cinghia di sicurezza.<\/td>\n<\/tr>\n<tr>\n<td data-sheets-value=\"{\">13 posizioni per lavorare con le molle e i grimaldelli a seconda delle esigenze.<\/td>\n<\/tr>\n<\/tbody>\n<\/table>\n<p>&nbsp;<\/p>\n<p>&nbsp;<\/p>\n","protected":false},"excerpt":{"rendered":"<p>Come complemento al nostro modello di reformer in legno con torre, offriamo questo modello in alluminio, con un&#8217;estetica pi\u00f9 moderna e un prodotto pi\u00f9 leggero rispetto alla versione in legno, che ci permetter\u00e0 di spostare il reformer pi\u00f9 facilmente da un luogo all&#8217;altro del nostro centro Pilates.<\/p>\n<p>Rispetto a un reformer tradizionale senza torre, sia esso in legno o in alluminio, questo modello di reformer in alluminio con torre ci offre la possibilit\u00e0 di aumentare il numero di esercizi e movimenti grazie alle carrucole e alle barre che possiamo posizionare a diverse altezze della torre.<\/p>\n","protected":false},"featured_media":262750,"comment_status":"open","ping_status":"closed","template":"","meta":{"_acf_changed":false,"_et_pb_use_builder":"","_et_pb_old_content":"","_et_gb_content_width":"","_joinchat":[]},"product_brand":[],"product_cat":[218],"product_tag":[157,158],"class_list":{"0":"post-260767","1":"product","2":"type-product","3":"status-publish","4":"has-post-thumbnail","6":"product_cat-reformer-con-torre","7":"product_tag-reformer-con-torre-it","8":"product_tag-riformatore-di-alluminio","9":"product_shipping_class-spedizione-reformer-professionale-con-torre","11":"first","12":"instock","13":"taxable","14":"shipping-taxable","15":"purchasable","16":"product-type-simple"},"acf":{"price_it":0.01,"price_fr":"","price_fin":""},"yoast_head":"<!-- This site is optimized with the Yoast SEO plugin v27.5 - https:\/\/yoast.com\/product\/yoast-seo-wordpress\/ -->\n<title>Reformer in alluminio con torre Pilates<\/title>\n<meta name=\"description\" content=\"Riformatore in alluminio con torre. Un reformer Pilates dal design moderno, funzionale e, grazie alla sua leggerezza, facile da spostare nella stanza.\" \/>\n<meta name=\"robots\" content=\"noindex, follow, max-snippet:-1, max-image-preview:large, max-video-preview:-1\" \/>\n<meta property=\"og:locale\" content=\"it_IT\" \/>\n<meta property=\"og:type\" content=\"article\" \/>\n<meta property=\"og:title\" content=\"Reformer in alluminio con torre Pilates\" \/>\n<meta property=\"og:description\" content=\"Riformatore in alluminio con torre. Un reformer Pilates dal design moderno, funzionale e, grazie alla sua leggerezza, facile da spostare nella stanza.\" \/>\n<meta property=\"og:url\" content=\"https:\/\/old.cuorepilates.indexeodev.es\/it\/reformers-pilates\/reformer-con-torre\/reformer-in-alluminio-con-torre\/\" \/>\n<meta property=\"og:site_name\" content=\"CUORE PILATES\" \/>\n<meta property=\"article:modified_time\" content=\"2026-05-11T08:30:20+00:00\" \/>\n<meta property=\"og:image\" content=\"https:\/\/old.cuorepilates.indexeodev.es\/wp-content\/uploads\/2024\/04\/REFTORREALU-2024_1.png\" \/>\n\t<meta property=\"og:image:width\" content=\"992\" \/>\n\t<meta property=\"og:image:height\" content=\"1056\" \/>\n\t<meta property=\"og:image:type\" content=\"image\/png\" \/>\n<meta name=\"twitter:card\" content=\"summary_large_image\" \/>\n<meta name=\"twitter:label1\" content=\"Tempo di lettura stimato\" \/>\n\t<meta name=\"twitter:data1\" content=\"2 minuti\" \/>\n<script type=\"application\/ld+json\" class=\"yoast-schema-graph\">{\"@context\":\"https:\\\/\\\/schema.org\",\"@graph\":[{\"@type\":\"WebPage\",\"@id\":\"https:\\\/\\\/old.cuorepilates.indexeodev.es\\\/it\\\/reformers-pilates\\\/reformer-con-torre\\\/reformer-in-alluminio-con-torre\\\/\",\"url\":\"https:\\\/\\\/old.cuorepilates.indexeodev.es\\\/it\\\/reformers-pilates\\\/reformer-con-torre\\\/reformer-in-alluminio-con-torre\\\/\",\"name\":\"Reformer in alluminio con torre Pilates\",\"isPartOf\":{\"@id\":\"https:\\\/\\\/old.cuorepilates.indexeodev.es\\\/it\\\/#website\"},\"primaryImageOfPage\":{\"@id\":\"https:\\\/\\\/old.cuorepilates.indexeodev.es\\\/it\\\/reformers-pilates\\\/reformer-con-torre\\\/reformer-in-alluminio-con-torre\\\/#primaryimage\"},\"image\":{\"@id\":\"https:\\\/\\\/old.cuorepilates.indexeodev.es\\\/it\\\/reformers-pilates\\\/reformer-con-torre\\\/reformer-in-alluminio-con-torre\\\/#primaryimage\"},\"thumbnailUrl\":\"https:\\\/\\\/old.cuorepilates.indexeodev.es\\\/wp-content\\\/uploads\\\/2024\\\/04\\\/REFTORREALU-2024_1.png\",\"datePublished\":\"2024-04-28T08:35:21+00:00\",\"dateModified\":\"2026-05-11T08:30:20+00:00\",\"description\":\"Riformatore in alluminio con torre. Un reformer Pilates dal design moderno, funzionale e, grazie alla sua leggerezza, facile da spostare nella stanza.\",\"breadcrumb\":{\"@id\":\"https:\\\/\\\/old.cuorepilates.indexeodev.es\\\/it\\\/reformers-pilates\\\/reformer-con-torre\\\/reformer-in-alluminio-con-torre\\\/#breadcrumb\"},\"inLanguage\":\"it-IT\",\"potentialAction\":[{\"@type\":\"ReadAction\",\"target\":[\"https:\\\/\\\/old.cuorepilates.indexeodev.es\\\/it\\\/reformers-pilates\\\/reformer-con-torre\\\/reformer-in-alluminio-con-torre\\\/\"]}]},{\"@type\":\"ImageObject\",\"inLanguage\":\"it-IT\",\"@id\":\"https:\\\/\\\/old.cuorepilates.indexeodev.es\\\/it\\\/reformers-pilates\\\/reformer-con-torre\\\/reformer-in-alluminio-con-torre\\\/#primaryimage\",\"url\":\"https:\\\/\\\/old.cuorepilates.indexeodev.es\\\/wp-content\\\/uploads\\\/2024\\\/04\\\/REFTORREALU-2024_1.png\",\"contentUrl\":\"https:\\\/\\\/old.cuorepilates.indexeodev.es\\\/wp-content\\\/uploads\\\/2024\\\/04\\\/REFTORREALU-2024_1.png\",\"width\":992,\"height\":1056},{\"@type\":\"BreadcrumbList\",\"@id\":\"https:\\\/\\\/old.cuorepilates.indexeodev.es\\\/it\\\/reformers-pilates\\\/reformer-con-torre\\\/reformer-in-alluminio-con-torre\\\/#breadcrumb\",\"itemListElement\":[{\"@type\":\"ListItem\",\"position\":1,\"name\":\"Portada\",\"item\":\"https:\\\/\\\/old.cuorepilates.indexeodev.es\\\/it\\\/\"},{\"@type\":\"ListItem\",\"position\":2,\"name\":\"Nuestra tienda\",\"item\":\"https:\\\/\\\/old.cuorepilates.indexeodev.es\\\/nuestra-tienda\\\/\"},{\"@type\":\"ListItem\",\"position\":3,\"name\":\"Reformer in alluminio con torre\"}]},{\"@type\":\"WebSite\",\"@id\":\"https:\\\/\\\/old.cuorepilates.indexeodev.es\\\/it\\\/#website\",\"url\":\"https:\\\/\\\/old.cuorepilates.indexeodev.es\\\/it\\\/\",\"name\":\"CUORE PILATES\",\"description\":\"Las m\u00e1quinas de pilates con la mejor Calidad-Precio.\",\"potentialAction\":[{\"@type\":\"SearchAction\",\"target\":{\"@type\":\"EntryPoint\",\"urlTemplate\":\"https:\\\/\\\/old.cuorepilates.indexeodev.es\\\/it\\\/?s={search_term_string}\"},\"query-input\":{\"@type\":\"PropertyValueSpecification\",\"valueRequired\":true,\"valueName\":\"search_term_string\"}}],\"inLanguage\":\"it-IT\"}]}<\/script>\n<!-- \/ Yoast SEO plugin. -->","yoast_head_json":{"title":"Reformer in alluminio con torre Pilates","description":"Riformatore in alluminio con torre. Un reformer Pilates dal design moderno, funzionale e, grazie alla sua leggerezza, facile da spostare nella stanza.","robots":{"index":"noindex","follow":"follow","max-snippet":"max-snippet:-1","max-image-preview":"max-image-preview:large","max-video-preview":"max-video-preview:-1"},"og_locale":"it_IT","og_type":"article","og_title":"Reformer in alluminio con torre Pilates","og_description":"Riformatore in alluminio con torre. Un reformer Pilates dal design moderno, funzionale e, grazie alla sua leggerezza, facile da spostare nella stanza.","og_url":"https:\/\/old.cuorepilates.indexeodev.es\/it\/reformers-pilates\/reformer-con-torre\/reformer-in-alluminio-con-torre\/","og_site_name":"CUORE PILATES","article_modified_time":"2026-05-11T08:30:20+00:00","og_image":[{"width":992,"height":1056,"url":"https:\/\/old.cuorepilates.indexeodev.es\/wp-content\/uploads\/2024\/04\/REFTORREALU-2024_1.png","type":"image\/png"}],"twitter_card":"summary_large_image","twitter_misc":{"Tempo di lettura stimato":"2 minuti"},"schema":{"@context":"https:\/\/schema.org","@graph":[{"@type":"WebPage","@id":"https:\/\/old.cuorepilates.indexeodev.es\/it\/reformers-pilates\/reformer-con-torre\/reformer-in-alluminio-con-torre\/","url":"https:\/\/old.cuorepilates.indexeodev.es\/it\/reformers-pilates\/reformer-con-torre\/reformer-in-alluminio-con-torre\/","name":"Reformer in alluminio con torre Pilates","isPartOf":{"@id":"https:\/\/old.cuorepilates.indexeodev.es\/it\/#website"},"primaryImageOfPage":{"@id":"https:\/\/old.cuorepilates.indexeodev.es\/it\/reformers-pilates\/reformer-con-torre\/reformer-in-alluminio-con-torre\/#primaryimage"},"image":{"@id":"https:\/\/old.cuorepilates.indexeodev.es\/it\/reformers-pilates\/reformer-con-torre\/reformer-in-alluminio-con-torre\/#primaryimage"},"thumbnailUrl":"https:\/\/old.cuorepilates.indexeodev.es\/wp-content\/uploads\/2024\/04\/REFTORREALU-2024_1.png","datePublished":"2024-04-28T08:35:21+00:00","dateModified":"2026-05-11T08:30:20+00:00","description":"Riformatore in alluminio con torre. Un reformer Pilates dal design moderno, funzionale e, grazie alla sua leggerezza, facile da spostare nella stanza.","breadcrumb":{"@id":"https:\/\/old.cuorepilates.indexeodev.es\/it\/reformers-pilates\/reformer-con-torre\/reformer-in-alluminio-con-torre\/#breadcrumb"},"inLanguage":"it-IT","potentialAction":[{"@type":"ReadAction","target":["https:\/\/old.cuorepilates.indexeodev.es\/it\/reformers-pilates\/reformer-con-torre\/reformer-in-alluminio-con-torre\/"]}]},{"@type":"ImageObject","inLanguage":"it-IT","@id":"https:\/\/old.cuorepilates.indexeodev.es\/it\/reformers-pilates\/reformer-con-torre\/reformer-in-alluminio-con-torre\/#primaryimage","url":"https:\/\/old.cuorepilates.indexeodev.es\/wp-content\/uploads\/2024\/04\/REFTORREALU-2024_1.png","contentUrl":"https:\/\/old.cuorepilates.indexeodev.es\/wp-content\/uploads\/2024\/04\/REFTORREALU-2024_1.png","width":992,"height":1056},{"@type":"BreadcrumbList","@id":"https:\/\/old.cuorepilates.indexeodev.es\/it\/reformers-pilates\/reformer-con-torre\/reformer-in-alluminio-con-torre\/#breadcrumb","itemListElement":[{"@type":"ListItem","position":1,"name":"Portada","item":"https:\/\/old.cuorepilates.indexeodev.es\/it\/"},{"@type":"ListItem","position":2,"name":"Nuestra tienda","item":"https:\/\/old.cuorepilates.indexeodev.es\/nuestra-tienda\/"},{"@type":"ListItem","position":3,"name":"Reformer in alluminio con torre"}]},{"@type":"WebSite","@id":"https:\/\/old.cuorepilates.indexeodev.es\/it\/#website","url":"https:\/\/old.cuorepilates.indexeodev.es\/it\/","name":"CUORE PILATES","description":"Las m\u00e1quinas de pilates con la mejor Calidad-Precio.","potentialAction":[{"@type":"SearchAction","target":{"@type":"EntryPoint","urlTemplate":"https:\/\/old.cuorepilates.indexeodev.es\/it\/?s={search_term_string}"},"query-input":{"@type":"PropertyValueSpecification","valueRequired":true,"valueName":"search_term_string"}}],"inLanguage":"it-IT"}]}},"_links":{"self":[{"href":"https:\/\/old.cuorepilates.indexeodev.es\/it\/wp-json\/wp\/v2\/product\/260767","targetHints":{"allow":["GET"]}}],"collection":[{"href":"https:\/\/old.cuorepilates.indexeodev.es\/it\/wp-json\/wp\/v2\/product"}],"about":[{"href":"https:\/\/old.cuorepilates.indexeodev.es\/it\/wp-json\/wp\/v2\/types\/product"}],"replies":[{"embeddable":true,"href":"https:\/\/old.cuorepilates.indexeodev.es\/it\/wp-json\/wp\/v2\/comments?post=260767"}],"wp:featuredmedia":[{"embeddable":true,"href":"https:\/\/old.cuorepilates.indexeodev.es\/it\/wp-json\/wp\/v2\/media\/262750"}],"wp:attachment":[{"href":"https:\/\/old.cuorepilates.indexeodev.es\/it\/wp-json\/wp\/v2\/media?parent=260767"}],"wp:term":[{"taxonomy":"product_brand","embeddable":true,"href":"https:\/\/old.cuorepilates.indexeodev.es\/it\/wp-json\/wp\/v2\/product_brand?post=260767"},{"taxonomy":"product_cat","embeddable":true,"href":"https:\/\/old.cuorepilates.indexeodev.es\/it\/wp-json\/wp\/v2\/product_cat?post=260767"},{"taxonomy":"product_tag","embeddable":true,"href":"https:\/\/old.cuorepilates.indexeodev.es\/it\/wp-json\/wp\/v2\/product_tag?post=260767"}],"curies":[{"name":"wp","href":"https:\/\/api.w.org\/{rel}","templated":true}]}}