{"id":262789,"date":"2023-06-09T17:34:26","date_gmt":"2023-06-09T17:34:26","guid":{"rendered":"https:\/\/old.cuorepilates.indexeodev.es\/informativa-sulla-privacy\/"},"modified":"2025-10-16T20:08:25","modified_gmt":"2025-10-16T20:08:25","slug":"informativa-sulla-privacy","status":"publish","type":"page","link":"https:\/\/old.cuorepilates.indexeodev.es\/it\/informativa-sulla-privacy\/","title":{"rendered":"Informativa sulla privacy"},"content":{"rendered":"<p>[et_pb_section fb_built=&#8221;1&#8243; admin_label=&#8221;section&#8221; _builder_version=&#8221;4.16&#8243; global_colors_info=&#8221;{}&#8221;][et_pb_row admin_label=&#8221;fila&#8221; _builder_version=&#8221;4.16&#8243; background_size=&#8221;initial&#8221; background_position=&#8221;top_left&#8221; background_repeat=&#8221;repeat&#8221; global_colors_info=&#8221;{}&#8221;][et_pb_column type=&#8221;4_4&#8243; _builder_version=&#8221;4.16&#8243; custom_padding=&#8221;|||&#8221; global_colors_info=&#8221;{}&#8221; custom_padding__hover=&#8221;|||&#8221;][et_pb_text admin_label=&#8221;Text&#8221; _builder_version=&#8221;4.23.1&#8243; text_font=&#8221;Work Sans||||||||&#8221; background_size=&#8221;initial&#8221; background_position=&#8221;top_left&#8221; background_repeat=&#8221;repeat&#8221; hover_enabled=&#8221;0&#8243; global_colors_info=&#8221;{}&#8221; sticky_enabled=&#8221;0&#8243;]<\/p>\n<p><!-- divi:heading --><\/p>\n<h1>INFORMATIVA SULLA PRIVACY<\/h1>\n<p>&nbsp;<\/p>\n<p>Noi di CUORE PILATES teniamo alla privacy e alla trasparenza.<\/p>\n<p>Chi \u00e8 responsabile del trattamento dei tuoi dati?<\/p>\n<p>CUORE PILATES S.L,<\/p>\n<p>Calle Alcalde Guach Navarro 5, locale 3<\/p>\n<p>El capello (03560)<\/p>\n<p>ALICANTE<\/p>\n<p>+34 640 083 116<\/p>\n<p>admin@cuorepilates.com<\/p>\n<p>Di seguito troverai i dettagli del trattamento dei dati personali che effettuiamo, nonch\u00e9 tutte le informazioni relative a tale trattamento.<\/p>\n<p>&nbsp;<\/p>\n<p>Per quali scopi trattiamo i tuoi dati personali?<\/p>\n<ul>\n<li><strong>Trattamento dei dati di potenziali clienti e contatti:<\/strong> Per gestire i potenziali clienti che hanno espresso interesse per i nostri prodotti e\/o servizi e per fornire il preventivo richiesto, nonch\u00e9 altri contatti commerciali e, se del caso, per inviare comunicazioni promozionali, anche per via elettronica. Se non fornisci i tuoi dati personali, non saremo in grado di adempiere alle finalit\u00e0 descritte. <\/li>\n<li><strong>Trattamento dei dati del cliente:<\/strong> Per inviare il prodotto acquistato, nonch\u00e9 per la gestione fiscale, contabile e amministrativa dei clienti, per riscuotere correttamente i pagamenti e per inviare comunicazioni commerciali. Se non fornisci i tuoi dati personali, non potremo adempiere alle finalit\u00e0 descritte. <\/li>\n<li><strong>Trattamento dei dati dei candidati:<\/strong> per gestire i CV ricevuti e svolgere i processi di selezione del personale, i colloqui e le altre procedure necessarie per la ricerca del miglior candidato possibile per una determinata posizione lavorativa. Se non fornisci i tuoi dati personali, non saremo in grado di adempiere alle finalit\u00e0 descritte. <\/li>\n<\/ul>\n<p>Non saranno prese decisioni automatizzate sulla base dei dati forniti in nessuna delle operazioni di trattamento.<\/p>\n<p>&nbsp;<\/p>\n<p>Per quanto tempo conserveremo i tuoi dati?<\/p>\n<ul>\n<li><strong>Trattamento dei dati di potenziali clienti e contatti: <\/strong>I dati saranno conservati fino a quando l&#8217;interessato non ne richieder\u00e0 la cancellazione, a condizione che siano necessari per le finalit\u00e0 descritte. Saranno cancellati quando non saranno pi\u00f9 necessari per le finalit\u00e0 descritte. <\/li>\n<li><strong>Trattamento dei dati dei clienti:<\/strong> I dati saranno conservati per tutto il tempo in cui l&#8217;interessato non ne richieder\u00e0 la cancellazione e, come periodo massimo, per gli anni necessari ad adempiere agli obblighi di legge.<\/li>\n<li><strong>Trattamento dei dati dei candidati:<\/strong> due anni dall&#8217;ultima interazione.<\/li>\n<\/ul>\n<p>&nbsp;<\/p>\n<p>Qual \u00e8 la legittimit\u00e0 del trattamento dei tuoi dati?<\/p>\n<p>Ti indichiamo la base giuridica del trattamento dei tuoi dati:<\/p>\n<ul>\n<li><strong>Elaborazione dei dati di potenziali clienti e contatti:  <\/strong>\n<ul>\n<li>Esecuzione di un contratto: gestione dei potenziali clienti che hanno espresso interesse per i nostri prodotti e\/o servizi e fornitura del preventivo richiesto (RGPD, art. 6.1.b). <\/li>\n<li>Consenso dell&#8217;interessato: Invio di comunicazioni promozionali, anche per via elettronica (RGPD, art. 6.1.a, LSSICE art.21). <\/li>\n<li>Legittimo interesse del Titolare: Gestione dei dati di contatto professionali (LOPDGDD art. 19, RGPD art. 6.1.f).<\/li>\n<\/ul>\n<\/li>\n<\/ul>\n<ul>\n<li><strong>Trattamento dei dati dei candidati al lavoro:  <\/strong>\n<ul>\n<li>Esecuzione di un contratto: Gestione del Curriculum Vitae presentato dal candidato al fine di effettuare processi di selezione del personale per la ricerca del miglior candidato possibile per una determinata posizione lavorativa (RGPD art. 6.1.b). <\/li>\n<\/ul>\n<\/li>\n<li><strong>Trattamento dei dati dei clienti:<\/strong>\n<ul>\n<li>Esecuzione del contratto: per effettuare la consegna del prodotto acquistato, la gestione fiscale, contabile e amministrativa dei clienti e per effettuare correttamente il pagamento (RGPD art. 6.1.b).<\/li>\n<li>Legittimo interesse del Titolare del trattamento: invio di comunicazioni commerciali, anche per via elettronica (RGPD Considerando 47, LSSICE art. 21.2). <\/li>\n<\/ul>\n<\/li>\n<\/ul>\n<p>&nbsp;<\/p>\n<p>A quali destinatari saranno comunicati i tuoi dati?<\/p>\n<ul>\n<li><strong>Trattamento dei dati di potenziali clienti e contatti:<\/strong> I dati non saranno trasmessi a terzi, a meno che non siano obbligati per legge.<\/li>\n<li><strong>Trattamento dei dati dei clienti:  <\/strong>\n<ul>\n<li>Societ\u00e0 di trasporto, al fine di consegnarti il prodotto acquistato (requisito contrattuale).<\/li>\n<li>Amministrazione fiscale, al fine di adempiere agli obblighi di legge (requisito legale).<\/li>\n<li>Istituti finanziari, ai fini della riscossione (requisito contrattuale)<\/li>\n<\/ul>\n<\/li>\n<\/ul>\n<p>&nbsp;<\/p>\n<ul>\n<li><strong>Trattamento dei dati dei candidati: i<\/strong> dati non saranno trasmessi a terzi, a meno che non siano obbligati per legge.<\/li>\n<\/ul>\n<p>Trasferimenti di dati a paesi terzi<\/p>\n<p>Non \u00e8 previsto il trasferimento di dati a paesi terzi in nessuna delle operazioni di trattamento.<\/p>\n<p>&nbsp;<\/p>\n<p>Quali sono i tuoi diritti quando ci fornisci i tuoi dati?<\/p>\n<p>Chiunque ha il diritto di ottenere la conferma che CUORE PILATES stia trattando o meno i dati personali che lo riguardano.<\/p>\n<p>Gli interessati hanno il diritto di accedere ai propri dati personali, nonch\u00e9 di richiedere la rettifica dei dati inesatti o, se del caso, di richiederne la cancellazione quando, tra le altre ragioni, i dati non sono pi\u00f9 necessari per gli scopi per cui sono stati raccolti. Hai anche il diritto alla portabilit\u00e0 dei tuoi dati. <\/p>\n<p>In alcune circostanze, gli interessati possono richiedere di limitare il trattamento dei loro dati, nel qual caso li conserveremo solo per esercitare o difendere i loro diritti.<\/p>\n<p>In determinate circostanze e per motivi legati alla loro particolare situazione, gli interessati possono opporsi al trattamento dei loro dati. In tal caso, CUORE PILATES interromper\u00e0 il trattamento dei dati, ad eccezione di motivi legittimi impellenti o dell&#8217;esercizio o della difesa di eventuali diritti. <\/p>\n<p>Puoi esercitare i tuoi diritti scrivendo a C\/ Alcalde Guach Navarro 5, local 3, El Campello (Alicante) o a <a href=\"mailto:enric.pineiro@animebunka.shop\">admin@cuorepilates.com.<\/a><\/p>\n<p>Nel caso in cui le comunicazioni commerciali vengano inviate utilizzando come base giuridica il legittimo interesse del titolare del trattamento, l&#8217;interessato pu\u00f2 opporsi al trattamento dei propri dati per tale finalit\u00e0.<\/p>\n<p>Se hai dato il tuo consenso per una finalit\u00e0 specifica, hai il diritto di revocare il consenso in qualsiasi momento, senza pregiudicare la liceit\u00e0 del trattamento basato sul tuo consenso prima della sua revoca.<\/p>\n<p>Nel caso in cui tu ritenga che i tuoi diritti in materia di protezione dei dati personali siano stati violati, in particolare se non hai ottenuto soddisfazione nell&#8217;esercizio dei tuoi diritti, puoi presentare un reclamo all&#8217;Autorit\u00e0 di controllo della protezione dei dati personali competente attraverso il sito web: <a href=\"http:\/\/www.aepd.es\">www.aepd.es.<\/a><\/p>\n<p>&nbsp;<\/p>\n<p>Come abbiamo ottenuto i tuoi dati?<\/p>\n<p>I dati personali trattati da CUORE PILATES provengono dall&#8217;interessato.<\/p>\n<p>Le categorie di dati trattati sono:<\/p>\n<ul>\n<li><strong>Elaborazione dei dati di potenziali clienti e contatti:  <\/strong>\n<ul>\n<li>Indirizzi postali e di posta elettronica.<\/li>\n<\/ul>\n<\/li>\n<li><strong>Trattamento dei dati dei clienti:<\/strong>\n<ul>\n<li>Identificazione dei dati.<\/li>\n<li>Dettagli di contatto (indirizzi postali e di posta elettronica).<\/li>\n<li>Dati economici.<\/li>\n<\/ul>\n<\/li>\n<li><strong>Trattamento dei dati dei candidati al lavoro:<\/strong>\n<ul>\n<li>Identificazione dei dati.<\/li>\n<li>Indirizzi postali e di posta elettronica.<\/li>\n<li>Informazioni commerciali<\/li>\n<\/ul>\n<\/li>\n<\/ul>\n<p><!-- \/divi:paragraph --><\/p>\n<p>[\/et_pb_text][\/et_pb_column][\/et_pb_row][\/et_pb_section]<\/p>\n","protected":false},"excerpt":{"rendered":"<p>INFORMATIVA SULLA PRIVACY &nbsp; Noi di CUORE PILATES teniamo alla privacy e alla trasparenza. Chi \u00e8 responsabile del trattamento dei tuoi dati? CUORE PILATES S.L, Calle Alcalde Guach Navarro 5, locale 3 El capello (03560) ALICANTE +34 640 083 116 admin@cuorepilates.com Di seguito troverai i dettagli del trattamento dei dati personali che effettuiamo, nonch\u00e9 tutte le informazioni relative a tale trattamento. &nbsp; Per quali scopi trattiamo i tuoi dati personali? Trattamento dei dati di potenziali clienti e contatti: Per gestire i potenziali clienti che hanno espresso interesse per i nostri prodotti e\/o servizi e per fornire il preventivo richiesto, nonch\u00e9 altri contatti commerciali e, se del caso, per inviare comunicazioni promozionali, anche per via elettronica. Se non fornisci i tuoi dati personali, non saremo in grado di adempiere alle finalit\u00e0 descritte. Trattamento dei dati del cliente: Per inviare il prodotto acquistato, nonch\u00e9 per la gestione fiscale, contabile e amministrativa dei clienti, per riscuotere correttamente i pagamenti e per inviare comunicazioni commerciali. Se non fornisci i tuoi dati personali, non potremo adempiere alle finalit\u00e0 descritte. Trattamento dei dati dei candidati: per gestire i CV ricevuti e svolgere i processi di selezione del personale, i colloqui e le altre procedure necessarie per [&hellip;]<\/p>\n","protected":false},"author":1,"featured_media":0,"parent":0,"menu_order":0,"comment_status":"closed","ping_status":"open","template":"","meta":{"_acf_changed":false,"_et_pb_use_builder":"on","_et_pb_old_content":"","_et_gb_content_width":"","_joinchat":[],"footnotes":""},"class_list":["post-262789","page","type-page","status-publish","hentry"],"acf":[],"yoast_head":"<!-- This site is optimized with the Yoast SEO plugin v27.5 - https:\/\/yoast.com\/product\/yoast-seo-wordpress\/ -->\n<title>Informativa sulla privacy : Cuore Pilates<\/title>\n<meta name=\"robots\" content=\"noindex, follow\" \/>\n<meta property=\"og:locale\" content=\"it_IT\" \/>\n<meta property=\"og:type\" content=\"article\" \/>\n<meta property=\"og:title\" content=\"Informativa sulla privacy : Cuore Pilates\" \/>\n<meta property=\"og:description\" content=\"INFORMATIVA SULLA PRIVACY &nbsp; Noi di CUORE PILATES teniamo alla privacy e alla trasparenza. Chi \u00e8 responsabile del trattamento dei tuoi dati? CUORE PILATES S.L, Calle Alcalde Guach Navarro 5, locale 3 El capello (03560) ALICANTE +34 640 083 116 admin@cuorepilates.com Di seguito troverai i dettagli del trattamento dei dati personali che effettuiamo, nonch\u00e9 tutte le informazioni relative a tale trattamento. &nbsp; Per quali scopi trattiamo i tuoi dati personali? Trattamento dei dati di potenziali clienti e contatti: Per gestire i potenziali clienti che hanno espresso interesse per i nostri prodotti e\/o servizi e per fornire il preventivo richiesto, nonch\u00e9 altri contatti commerciali e, se del caso, per inviare comunicazioni promozionali, anche per via elettronica. Se non fornisci i tuoi dati personali, non saremo in grado di adempiere alle finalit\u00e0 descritte. Trattamento dei dati del cliente: Per inviare il prodotto acquistato, nonch\u00e9 per la gestione fiscale, contabile e amministrativa dei clienti, per riscuotere correttamente i pagamenti e per inviare comunicazioni commerciali. Se non fornisci i tuoi dati personali, non potremo adempiere alle finalit\u00e0 descritte. Trattamento dei dati dei candidati: per gestire i CV ricevuti e svolgere i processi di selezione del personale, i colloqui e le altre procedure necessarie per [&hellip;]\" \/>\n<meta property=\"og:url\" content=\"https:\/\/old.cuorepilates.indexeodev.es\/it\/informativa-sulla-privacy\/\" \/>\n<meta property=\"og:site_name\" content=\"CUORE PILATES\" \/>\n<meta property=\"article:modified_time\" content=\"2025-10-16T20:08:25+00:00\" \/>\n<meta name=\"twitter:card\" content=\"summary_large_image\" \/>\n<meta name=\"twitter:label1\" content=\"Tempo di lettura stimato\" \/>\n\t<meta name=\"twitter:data1\" content=\"5 minuti\" \/>\n<script type=\"application\/ld+json\" class=\"yoast-schema-graph\">{\"@context\":\"https:\\\/\\\/schema.org\",\"@graph\":[{\"@type\":\"WebPage\",\"@id\":\"https:\\\/\\\/old.cuorepilates.indexeodev.es\\\/it\\\/informativa-sulla-privacy\\\/\",\"url\":\"https:\\\/\\\/old.cuorepilates.indexeodev.es\\\/it\\\/informativa-sulla-privacy\\\/\",\"name\":\"Informativa sulla privacy : Cuore Pilates\",\"isPartOf\":{\"@id\":\"https:\\\/\\\/old.cuorepilates.indexeodev.es\\\/it\\\/#website\"},\"datePublished\":\"2023-06-09T17:34:26+00:00\",\"dateModified\":\"2025-10-16T20:08:25+00:00\",\"breadcrumb\":{\"@id\":\"https:\\\/\\\/old.cuorepilates.indexeodev.es\\\/it\\\/informativa-sulla-privacy\\\/#breadcrumb\"},\"inLanguage\":\"it-IT\",\"potentialAction\":[{\"@type\":\"ReadAction\",\"target\":[\"https:\\\/\\\/old.cuorepilates.indexeodev.es\\\/it\\\/informativa-sulla-privacy\\\/\"]}]},{\"@type\":\"BreadcrumbList\",\"@id\":\"https:\\\/\\\/old.cuorepilates.indexeodev.es\\\/it\\\/informativa-sulla-privacy\\\/#breadcrumb\",\"itemListElement\":[{\"@type\":\"ListItem\",\"position\":1,\"name\":\"Portada\",\"item\":\"https:\\\/\\\/old.cuorepilates.indexeodev.es\\\/it\\\/\"},{\"@type\":\"ListItem\",\"position\":2,\"name\":\"Informativa sulla privacy\"}]},{\"@type\":\"WebSite\",\"@id\":\"https:\\\/\\\/old.cuorepilates.indexeodev.es\\\/it\\\/#website\",\"url\":\"https:\\\/\\\/old.cuorepilates.indexeodev.es\\\/it\\\/\",\"name\":\"CUORE PILATES\",\"description\":\"Las m\u00e1quinas de pilates con la mejor Calidad-Precio.\",\"potentialAction\":[{\"@type\":\"SearchAction\",\"target\":{\"@type\":\"EntryPoint\",\"urlTemplate\":\"https:\\\/\\\/old.cuorepilates.indexeodev.es\\\/it\\\/?s={search_term_string}\"},\"query-input\":{\"@type\":\"PropertyValueSpecification\",\"valueRequired\":true,\"valueName\":\"search_term_string\"}}],\"inLanguage\":\"it-IT\"}]}<\/script>\n<!-- \/ Yoast SEO plugin. -->","yoast_head_json":{"title":"Informativa sulla privacy : Cuore Pilates","robots":{"index":"noindex","follow":"follow"},"og_locale":"it_IT","og_type":"article","og_title":"Informativa sulla privacy : Cuore Pilates","og_description":"INFORMATIVA SULLA PRIVACY &nbsp; Noi di CUORE PILATES teniamo alla privacy e alla trasparenza. Chi \u00e8 responsabile del trattamento dei tuoi dati? CUORE PILATES S.L, Calle Alcalde Guach Navarro 5, locale 3 El capello (03560) ALICANTE +34 640 083 116 admin@cuorepilates.com Di seguito troverai i dettagli del trattamento dei dati personali che effettuiamo, nonch\u00e9 tutte le informazioni relative a tale trattamento. &nbsp; Per quali scopi trattiamo i tuoi dati personali? Trattamento dei dati di potenziali clienti e contatti: Per gestire i potenziali clienti che hanno espresso interesse per i nostri prodotti e\/o servizi e per fornire il preventivo richiesto, nonch\u00e9 altri contatti commerciali e, se del caso, per inviare comunicazioni promozionali, anche per via elettronica. Se non fornisci i tuoi dati personali, non saremo in grado di adempiere alle finalit\u00e0 descritte. Trattamento dei dati del cliente: Per inviare il prodotto acquistato, nonch\u00e9 per la gestione fiscale, contabile e amministrativa dei clienti, per riscuotere correttamente i pagamenti e per inviare comunicazioni commerciali. Se non fornisci i tuoi dati personali, non potremo adempiere alle finalit\u00e0 descritte. Trattamento dei dati dei candidati: per gestire i CV ricevuti e svolgere i processi di selezione del personale, i colloqui e le altre procedure necessarie per [&hellip;]","og_url":"https:\/\/old.cuorepilates.indexeodev.es\/it\/informativa-sulla-privacy\/","og_site_name":"CUORE PILATES","article_modified_time":"2025-10-16T20:08:25+00:00","twitter_card":"summary_large_image","twitter_misc":{"Tempo di lettura stimato":"5 minuti"},"schema":{"@context":"https:\/\/schema.org","@graph":[{"@type":"WebPage","@id":"https:\/\/old.cuorepilates.indexeodev.es\/it\/informativa-sulla-privacy\/","url":"https:\/\/old.cuorepilates.indexeodev.es\/it\/informativa-sulla-privacy\/","name":"Informativa sulla privacy : Cuore Pilates","isPartOf":{"@id":"https:\/\/old.cuorepilates.indexeodev.es\/it\/#website"},"datePublished":"2023-06-09T17:34:26+00:00","dateModified":"2025-10-16T20:08:25+00:00","breadcrumb":{"@id":"https:\/\/old.cuorepilates.indexeodev.es\/it\/informativa-sulla-privacy\/#breadcrumb"},"inLanguage":"it-IT","potentialAction":[{"@type":"ReadAction","target":["https:\/\/old.cuorepilates.indexeodev.es\/it\/informativa-sulla-privacy\/"]}]},{"@type":"BreadcrumbList","@id":"https:\/\/old.cuorepilates.indexeodev.es\/it\/informativa-sulla-privacy\/#breadcrumb","itemListElement":[{"@type":"ListItem","position":1,"name":"Portada","item":"https:\/\/old.cuorepilates.indexeodev.es\/it\/"},{"@type":"ListItem","position":2,"name":"Informativa sulla privacy"}]},{"@type":"WebSite","@id":"https:\/\/old.cuorepilates.indexeodev.es\/it\/#website","url":"https:\/\/old.cuorepilates.indexeodev.es\/it\/","name":"CUORE PILATES","description":"Las m\u00e1quinas de pilates con la mejor Calidad-Precio.","potentialAction":[{"@type":"SearchAction","target":{"@type":"EntryPoint","urlTemplate":"https:\/\/old.cuorepilates.indexeodev.es\/it\/?s={search_term_string}"},"query-input":{"@type":"PropertyValueSpecification","valueRequired":true,"valueName":"search_term_string"}}],"inLanguage":"it-IT"}]}},"_links":{"self":[{"href":"https:\/\/old.cuorepilates.indexeodev.es\/it\/wp-json\/wp\/v2\/pages\/262789","targetHints":{"allow":["GET"]}}],"collection":[{"href":"https:\/\/old.cuorepilates.indexeodev.es\/it\/wp-json\/wp\/v2\/pages"}],"about":[{"href":"https:\/\/old.cuorepilates.indexeodev.es\/it\/wp-json\/wp\/v2\/types\/page"}],"author":[{"embeddable":true,"href":"https:\/\/old.cuorepilates.indexeodev.es\/it\/wp-json\/wp\/v2\/users\/1"}],"replies":[{"embeddable":true,"href":"https:\/\/old.cuorepilates.indexeodev.es\/it\/wp-json\/wp\/v2\/comments?post=262789"}],"version-history":[{"count":2,"href":"https:\/\/old.cuorepilates.indexeodev.es\/it\/wp-json\/wp\/v2\/pages\/262789\/revisions"}],"predecessor-version":[{"id":262791,"href":"https:\/\/old.cuorepilates.indexeodev.es\/it\/wp-json\/wp\/v2\/pages\/262789\/revisions\/262791"}],"wp:attachment":[{"href":"https:\/\/old.cuorepilates.indexeodev.es\/it\/wp-json\/wp\/v2\/media?parent=262789"}],"curies":[{"name":"wp","href":"https:\/\/api.w.org\/{rel}","templated":true}]}}