{"id":263579,"date":"2025-11-18T13:46:16","date_gmt":"2025-11-18T13:46:16","guid":{"rendered":"https:\/\/old.cuorepilates.indexeodev.es\/?post_type=product&#038;p=263579"},"modified":"2025-11-18T13:46:17","modified_gmt":"2025-11-18T13:46:17","slug":"poignees-du-reformer","status":"publish","type":"product","link":"https:\/\/old.cuorepilates.indexeodev.es\/fr\/accessoires-pilates\/poignees-du-reformer\/","title":{"rendered":"Poign\u00e9es du Reformer"},"content":{"rendered":"","protected":false},"excerpt":{"rendered":"<p><b>Profitez d&#8217;un maximum de confort et de polyvalence<\/b> avec notre sac \u00e0 poign\u00e9es en n\u00e9opr\u00e8ne de premi\u00e8re qualit\u00e9. Le <g id=\"gid_1\">rembourrage int\u00e9rieur<\/g> haute densit\u00e9 \u00e9limine les frottements et la pression, prot\u00e9geant ainsi les mains et les chevilles pendant les s\u00e9ances d&#8217;entra\u00eenement intenses. Gr\u00e2ce \u00e0 la conception <b>\u00e0 double <i>boucle<\/i><\/b>, elles sont parfaites pour une utilisation avec les mains et les pieds, ce qui permet des transitions rapides et fluides. Un accessoire essentiel pour am\u00e9liorer la s\u00e9curit\u00e9 et l&#8217;efficacit\u00e9 de chaque s\u00e9ance de Pilates sur le Reformer.   <\/p>\n","protected":false},"featured_media":263575,"comment_status":"open","ping_status":"closed","template":"","meta":{"_acf_changed":false,"_et_pb_use_builder":"on","_et_pb_old_content":"","_et_gb_content_width":"","_joinchat":[]},"product_brand":[],"product_cat":[193],"product_tag":[],"class_list":{"0":"post-263579","1":"product","2":"type-product","3":"status-publish","4":"has-post-thumbnail","6":"product_cat-accessoires-pilates","8":"first","9":"instock","10":"taxable","11":"shipping-taxable","12":"purchasable","13":"product-type-simple"},"acf":{"price_it":0.01,"price_fr":"","price_fin":""},"yoast_head":"<!-- This site is optimized with the Yoast SEO plugin v27.5 - https:\/\/yoast.com\/product\/yoast-seo-wordpress\/ -->\n<title>Poign\u00e9es du Reformer - CUORE PILATES<\/title>\n<meta name=\"robots\" content=\"noindex, follow, max-snippet:-1, max-image-preview:large, max-video-preview:-1\" \/>\n<meta property=\"og:locale\" content=\"fr_FR\" \/>\n<meta property=\"og:type\" content=\"article\" \/>\n<meta property=\"og:title\" content=\"Poign\u00e9es du Reformer - CUORE PILATES\" \/>\n<meta property=\"og:description\" content=\"Profitez d&#039;un maximum de confort et de polyvalence avec notre sac \u00e0 poign\u00e9es en n\u00e9opr\u00e8ne de premi\u00e8re qualit\u00e9. Le rembourrage int\u00e9rieur haute densit\u00e9 \u00e9limine les frottements et la pression, prot\u00e9geant ainsi les mains et les chevilles pendant les s\u00e9ances d&#039;entra\u00eenement intenses. Gr\u00e2ce \u00e0 la conception \u00e0 double boucle, elles sont parfaites pour une utilisation avec les mains et les pieds, ce qui permet des transitions rapides et fluides. Un accessoire essentiel pour am\u00e9liorer la s\u00e9curit\u00e9 et l&#039;efficacit\u00e9 de chaque s\u00e9ance de Pilates sur le Reformer.\" \/>\n<meta property=\"og:url\" content=\"https:\/\/old.cuorepilates.indexeodev.es\/fr\/accessoires-pilates\/poignees-du-reformer\/\" \/>\n<meta property=\"og:site_name\" content=\"CUORE PILATES\" \/>\n<meta property=\"article:modified_time\" content=\"2025-11-18T13:46:17+00:00\" \/>\n<meta property=\"og:image\" content=\"https:\/\/old.cuorepilates.indexeodev.es\/wp-content\/uploads\/2025\/11\/Generated-Image-November-05-2025-1_30PM.png\" \/>\n\t<meta property=\"og:image:width\" content=\"1024\" \/>\n\t<meta property=\"og:image:height\" content=\"1024\" \/>\n\t<meta property=\"og:image:type\" content=\"image\/png\" \/>\n<meta name=\"twitter:card\" content=\"summary_large_image\" \/>\n<script type=\"application\/ld+json\" class=\"yoast-schema-graph\">{\"@context\":\"https:\\\/\\\/schema.org\",\"@graph\":[{\"@type\":\"WebPage\",\"@id\":\"https:\\\/\\\/old.cuorepilates.indexeodev.es\\\/fr\\\/accessoires-pilates\\\/poignees-du-reformer\\\/\",\"url\":\"https:\\\/\\\/old.cuorepilates.indexeodev.es\\\/fr\\\/accessoires-pilates\\\/poignees-du-reformer\\\/\",\"name\":\"Poign\u00e9es du Reformer - CUORE PILATES\",\"isPartOf\":{\"@id\":\"https:\\\/\\\/old.cuorepilates.indexeodev.es\\\/fr\\\/#website\"},\"primaryImageOfPage\":{\"@id\":\"https:\\\/\\\/old.cuorepilates.indexeodev.es\\\/fr\\\/accessoires-pilates\\\/poignees-du-reformer\\\/#primaryimage\"},\"image\":{\"@id\":\"https:\\\/\\\/old.cuorepilates.indexeodev.es\\\/fr\\\/accessoires-pilates\\\/poignees-du-reformer\\\/#primaryimage\"},\"thumbnailUrl\":\"https:\\\/\\\/old.cuorepilates.indexeodev.es\\\/wp-content\\\/uploads\\\/2025\\\/11\\\/Generated-Image-November-05-2025-1_30PM.png\",\"datePublished\":\"2025-11-18T13:46:16+00:00\",\"dateModified\":\"2025-11-18T13:46:17+00:00\",\"breadcrumb\":{\"@id\":\"https:\\\/\\\/old.cuorepilates.indexeodev.es\\\/fr\\\/accessoires-pilates\\\/poignees-du-reformer\\\/#breadcrumb\"},\"inLanguage\":\"fr-FR\",\"potentialAction\":[{\"@type\":\"ReadAction\",\"target\":[\"https:\\\/\\\/old.cuorepilates.indexeodev.es\\\/fr\\\/accessoires-pilates\\\/poignees-du-reformer\\\/\"]}]},{\"@type\":\"ImageObject\",\"inLanguage\":\"fr-FR\",\"@id\":\"https:\\\/\\\/old.cuorepilates.indexeodev.es\\\/fr\\\/accessoires-pilates\\\/poignees-du-reformer\\\/#primaryimage\",\"url\":\"https:\\\/\\\/old.cuorepilates.indexeodev.es\\\/wp-content\\\/uploads\\\/2025\\\/11\\\/Generated-Image-November-05-2025-1_30PM.png\",\"contentUrl\":\"https:\\\/\\\/old.cuorepilates.indexeodev.es\\\/wp-content\\\/uploads\\\/2025\\\/11\\\/Generated-Image-November-05-2025-1_30PM.png\",\"width\":1024,\"height\":1024},{\"@type\":\"BreadcrumbList\",\"@id\":\"https:\\\/\\\/old.cuorepilates.indexeodev.es\\\/fr\\\/accessoires-pilates\\\/poignees-du-reformer\\\/#breadcrumb\",\"itemListElement\":[{\"@type\":\"ListItem\",\"position\":1,\"name\":\"Portada\",\"item\":\"https:\\\/\\\/old.cuorepilates.indexeodev.es\\\/fr\\\/\"},{\"@type\":\"ListItem\",\"position\":2,\"name\":\"Nuestra tienda\",\"item\":\"https:\\\/\\\/old.cuorepilates.indexeodev.es\\\/nuestra-tienda\\\/\"},{\"@type\":\"ListItem\",\"position\":3,\"name\":\"Poign\u00e9es du Reformer\"}]},{\"@type\":\"WebSite\",\"@id\":\"https:\\\/\\\/old.cuorepilates.indexeodev.es\\\/fr\\\/#website\",\"url\":\"https:\\\/\\\/old.cuorepilates.indexeodev.es\\\/fr\\\/\",\"name\":\"CUORE PILATES\",\"description\":\"Las m\u00e1quinas de pilates con la mejor Calidad-Precio.\",\"potentialAction\":[{\"@type\":\"SearchAction\",\"target\":{\"@type\":\"EntryPoint\",\"urlTemplate\":\"https:\\\/\\\/old.cuorepilates.indexeodev.es\\\/fr\\\/?s={search_term_string}\"},\"query-input\":{\"@type\":\"PropertyValueSpecification\",\"valueRequired\":true,\"valueName\":\"search_term_string\"}}],\"inLanguage\":\"fr-FR\"}]}<\/script>\n<!-- \/ Yoast SEO plugin. -->","yoast_head_json":{"title":"Poign\u00e9es du Reformer - CUORE PILATES","robots":{"index":"noindex","follow":"follow","max-snippet":"max-snippet:-1","max-image-preview":"max-image-preview:large","max-video-preview":"max-video-preview:-1"},"og_locale":"fr_FR","og_type":"article","og_title":"Poign\u00e9es du Reformer - CUORE PILATES","og_description":"Profitez d'un maximum de confort et de polyvalence avec notre sac \u00e0 poign\u00e9es en n\u00e9opr\u00e8ne de premi\u00e8re qualit\u00e9. Le rembourrage int\u00e9rieur haute densit\u00e9 \u00e9limine les frottements et la pression, prot\u00e9geant ainsi les mains et les chevilles pendant les s\u00e9ances d'entra\u00eenement intenses. Gr\u00e2ce \u00e0 la conception \u00e0 double boucle, elles sont parfaites pour une utilisation avec les mains et les pieds, ce qui permet des transitions rapides et fluides. Un accessoire essentiel pour am\u00e9liorer la s\u00e9curit\u00e9 et l'efficacit\u00e9 de chaque s\u00e9ance de Pilates sur le Reformer.","og_url":"https:\/\/old.cuorepilates.indexeodev.es\/fr\/accessoires-pilates\/poignees-du-reformer\/","og_site_name":"CUORE PILATES","article_modified_time":"2025-11-18T13:46:17+00:00","og_image":[{"width":1024,"height":1024,"url":"https:\/\/old.cuorepilates.indexeodev.es\/wp-content\/uploads\/2025\/11\/Generated-Image-November-05-2025-1_30PM.png","type":"image\/png"}],"twitter_card":"summary_large_image","schema":{"@context":"https:\/\/schema.org","@graph":[{"@type":"WebPage","@id":"https:\/\/old.cuorepilates.indexeodev.es\/fr\/accessoires-pilates\/poignees-du-reformer\/","url":"https:\/\/old.cuorepilates.indexeodev.es\/fr\/accessoires-pilates\/poignees-du-reformer\/","name":"Poign\u00e9es du Reformer - CUORE PILATES","isPartOf":{"@id":"https:\/\/old.cuorepilates.indexeodev.es\/fr\/#website"},"primaryImageOfPage":{"@id":"https:\/\/old.cuorepilates.indexeodev.es\/fr\/accessoires-pilates\/poignees-du-reformer\/#primaryimage"},"image":{"@id":"https:\/\/old.cuorepilates.indexeodev.es\/fr\/accessoires-pilates\/poignees-du-reformer\/#primaryimage"},"thumbnailUrl":"https:\/\/old.cuorepilates.indexeodev.es\/wp-content\/uploads\/2025\/11\/Generated-Image-November-05-2025-1_30PM.png","datePublished":"2025-11-18T13:46:16+00:00","dateModified":"2025-11-18T13:46:17+00:00","breadcrumb":{"@id":"https:\/\/old.cuorepilates.indexeodev.es\/fr\/accessoires-pilates\/poignees-du-reformer\/#breadcrumb"},"inLanguage":"fr-FR","potentialAction":[{"@type":"ReadAction","target":["https:\/\/old.cuorepilates.indexeodev.es\/fr\/accessoires-pilates\/poignees-du-reformer\/"]}]},{"@type":"ImageObject","inLanguage":"fr-FR","@id":"https:\/\/old.cuorepilates.indexeodev.es\/fr\/accessoires-pilates\/poignees-du-reformer\/#primaryimage","url":"https:\/\/old.cuorepilates.indexeodev.es\/wp-content\/uploads\/2025\/11\/Generated-Image-November-05-2025-1_30PM.png","contentUrl":"https:\/\/old.cuorepilates.indexeodev.es\/wp-content\/uploads\/2025\/11\/Generated-Image-November-05-2025-1_30PM.png","width":1024,"height":1024},{"@type":"BreadcrumbList","@id":"https:\/\/old.cuorepilates.indexeodev.es\/fr\/accessoires-pilates\/poignees-du-reformer\/#breadcrumb","itemListElement":[{"@type":"ListItem","position":1,"name":"Portada","item":"https:\/\/old.cuorepilates.indexeodev.es\/fr\/"},{"@type":"ListItem","position":2,"name":"Nuestra tienda","item":"https:\/\/old.cuorepilates.indexeodev.es\/nuestra-tienda\/"},{"@type":"ListItem","position":3,"name":"Poign\u00e9es du Reformer"}]},{"@type":"WebSite","@id":"https:\/\/old.cuorepilates.indexeodev.es\/fr\/#website","url":"https:\/\/old.cuorepilates.indexeodev.es\/fr\/","name":"CUORE PILATES","description":"Las m\u00e1quinas de pilates con la mejor Calidad-Precio.","potentialAction":[{"@type":"SearchAction","target":{"@type":"EntryPoint","urlTemplate":"https:\/\/old.cuorepilates.indexeodev.es\/fr\/?s={search_term_string}"},"query-input":{"@type":"PropertyValueSpecification","valueRequired":true,"valueName":"search_term_string"}}],"inLanguage":"fr-FR"}]}},"_links":{"self":[{"href":"https:\/\/old.cuorepilates.indexeodev.es\/fr\/wp-json\/wp\/v2\/product\/263579","targetHints":{"allow":["GET"]}}],"collection":[{"href":"https:\/\/old.cuorepilates.indexeodev.es\/fr\/wp-json\/wp\/v2\/product"}],"about":[{"href":"https:\/\/old.cuorepilates.indexeodev.es\/fr\/wp-json\/wp\/v2\/types\/product"}],"replies":[{"embeddable":true,"href":"https:\/\/old.cuorepilates.indexeodev.es\/fr\/wp-json\/wp\/v2\/comments?post=263579"}],"wp:featuredmedia":[{"embeddable":true,"href":"https:\/\/old.cuorepilates.indexeodev.es\/fr\/wp-json\/wp\/v2\/media\/263575"}],"wp:attachment":[{"href":"https:\/\/old.cuorepilates.indexeodev.es\/fr\/wp-json\/wp\/v2\/media?parent=263579"}],"wp:term":[{"taxonomy":"product_brand","embeddable":true,"href":"https:\/\/old.cuorepilates.indexeodev.es\/fr\/wp-json\/wp\/v2\/product_brand?post=263579"},{"taxonomy":"product_cat","embeddable":true,"href":"https:\/\/old.cuorepilates.indexeodev.es\/fr\/wp-json\/wp\/v2\/product_cat?post=263579"},{"taxonomy":"product_tag","embeddable":true,"href":"https:\/\/old.cuorepilates.indexeodev.es\/fr\/wp-json\/wp\/v2\/product_tag?post=263579"}],"curies":[{"name":"wp","href":"https:\/\/api.w.org\/{rel}","templated":true}]}}