{"id":262221,"date":"2025-09-03T11:33:23","date_gmt":"2025-09-03T11:33:23","guid":{"rendered":"https:\/\/old.cuorepilates.indexeodev.es\/non%20class\u00e9\/reformer-avec-semitower\/"},"modified":"2026-01-23T08:43:04","modified_gmt":"2026-01-23T08:43:04","slug":"reformer-avec-semitower","status":"publish","type":"product","link":"https:\/\/old.cuorepilates.indexeodev.es\/fr\/reformers-pilates\/reformer-avec-tour\/reformer-avec-semitower\/","title":{"rendered":"Reformer avec Advance Semitower"},"content":{"rendered":"<p>[et_pb_section fb_built=&#8221;1&#8243; admin_label=&#8221;Secci\u00f3n&#8221; _builder_version=&#8221;4.16&#8243; custom_padding=&#8221;0px||||false|false&#8221; global_colors_info=&#8221;{}&#8221;][et_pb_row _builder_version=&#8221;4.16&#8243; background_size=&#8221;initial&#8221; background_position=&#8221;top_left&#8221; background_repeat=&#8221;repeat&#8221; width=&#8221;100%&#8221; custom_padding=&#8221;0px||0px||false|false&#8221; global_colors_info=&#8221;{}&#8221;][et_pb_column type=&#8221;4_4&#8243; _builder_version=&#8221;4.16&#8243; custom_padding=&#8221;|||&#8221; global_colors_info=&#8221;{}&#8221; custom_padding__hover=&#8221;|||&#8221;][et_pb_wc_breadcrumb _builder_version=&#8221;4.16&#8243; global_colors_info=&#8221;{}&#8221;][\/et_pb_wc_breadcrumb][et_pb_wc_cart_notice _builder_version=&#8221;4.16&#8243; global_colors_info=&#8221;{}&#8221;][\/et_pb_wc_cart_notice][\/et_pb_column][\/et_pb_row][et_pb_row column_structure=&#8221;1_2,1_2&#8243; _builder_version=&#8221;4.16&#8243; background_size=&#8221;initial&#8221; background_position=&#8221;top_left&#8221; background_repeat=&#8221;repeat&#8221; width=&#8221;100%&#8221; custom_padding=&#8221;0px||||false|false&#8221; global_colors_info=&#8221;{}&#8221;][et_pb_column type=&#8221;1_2&#8243; _builder_version=&#8221;4.16&#8243; custom_padding=&#8221;|||&#8221; global_colors_info=&#8221;{}&#8221; custom_padding__hover=&#8221;|||&#8221;][et_pb_wc_images _builder_version=&#8221;4.16&#8243; global_colors_info=&#8221;{}&#8221;][\/et_pb_wc_images][\/et_pb_column][et_pb_column type=&#8221;1_2&#8243; _builder_version=&#8221;4.16&#8243; custom_padding=&#8221;|||&#8221; global_colors_info=&#8221;{}&#8221; custom_padding__hover=&#8221;|||&#8221;][et_pb_wc_title _builder_version=&#8221;4.16&#8243; global_colors_info=&#8221;{}&#8221;][\/et_pb_wc_title][et_pb_wc_rating _builder_version=&#8221;4.16&#8243; global_colors_info=&#8221;{}&#8221;][\/et_pb_wc_rating][et_pb_wc_price _builder_version=&#8221;4.16&#8243; global_colors_info=&#8221;{}&#8221;][\/et_pb_wc_price][et_pb_wc_description _builder_version=&#8221;4.16&#8243; global_colors_info=&#8221;{}&#8221;][\/et_pb_wc_description][et_pb_wc_add_to_cart _builder_version=&#8221;4.16&#8243; global_colors_info=&#8221;{}&#8221;][\/et_pb_wc_add_to_cart][et_pb_wc_meta _builder_version=&#8221;4.16&#8243; global_colors_info=&#8221;{}&#8221;][\/et_pb_wc_meta][\/et_pb_column][\/et_pb_row][et_pb_row _builder_version=&#8221;4.16&#8243; background_size=&#8221;initial&#8221; background_position=&#8221;top_left&#8221; background_repeat=&#8221;repeat&#8221; width=&#8221;100%&#8221; global_colors_info=&#8221;{}&#8221;][et_pb_column type=&#8221;4_4&#8243; _builder_version=&#8221;4.16&#8243; custom_padding=&#8221;|||&#8221; global_colors_info=&#8221;{}&#8221; custom_padding__hover=&#8221;|||&#8221;][et_pb_wc_tabs _builder_version=&#8221;4.16&#8243; global_colors_info=&#8221;{}&#8221;]\t\t\t\t\t[\/et_pb_wc_tabs][et_pb_wc_upsells _builder_version=&#8221;4.16&#8243; global_colors_info=&#8221;{}&#8221;][\/et_pb_wc_upsells][et_pb_wc_related_products _builder_version=&#8221;4.16&#8243; global_colors_info=&#8221;{}&#8221;][\/et_pb_wc_related_products][\/et_pb_column][\/et_pb_row][\/et_pb_section]<\/p>\n","protected":false},"excerpt":{"rendered":"<p>Le Cuore Pilates Reformer avec Semi-tour allie esth\u00e9tique et performance dans un seul \u00e9quipement professionnel. Sa structure en ch\u00eane massif offre stabilit\u00e9 et durabilit\u00e9, tandis que la demi-tour int\u00e8gre des poulies et des ressorts r\u00e9glables pour adapter la r\u00e9sistance \u00e0 chaque exercice. Il comprend des accessoires pour un entra\u00eenement complet du tronc, de la mobilit\u00e9 et de la force. C&#8217;est une solution robuste et polyvalente pour les studios de Pilates et les utilisateurs qui recherchent la pr\u00e9cision dans leur pratique quotidienne.   <\/p>\n","protected":false},"featured_media":262706,"comment_status":"open","ping_status":"closed","template":"","meta":{"_acf_changed":false,"_et_pb_use_builder":"on","_et_pb_old_content":"<div class=\"product_description_short\">\n\nCon\u00e7u pour un usage intensif, le Cuore Pilates Reformer avec Semi-tour se distingue par sa construction en bois de ch\u00eane massif et une finition soign\u00e9e qui r\u00e9duit les vibrations et am\u00e9liore la stabilit\u00e9. La demi-tour int\u00e8gre un syst\u00e8me de poulies et de ressorts r\u00e9glables qui vous permet de personnaliser la tension et de travailler l'amplitude des mouvements avec contr\u00f4le et s\u00e9curit\u00e9. Ses accessoires \u00e9largissent les possibilit\u00e9s d'exercice, du travail postural et de mobilit\u00e9 \u00e0 la force fonctionnelle, ce qui en fait un \u00e9quipement polyvalent pour les cours priv\u00e9s ou collectifs. Id\u00e9al pour les studios \u00e0 la recherche d'un reformer robuste, \u00e9l\u00e9gant et hautement r\u00e9glable pour tous les types d'utilisateurs.   \n<table dir=\"ltr\" style=\"height: 393px\" border=\"1\" cellspacing=\"0\" cellpadding=\"0\" data-sheets-root=\"1\"><colgroup> <col width=\"273\"> <col width=\"559\"><\/colgroup>\n<tbody>\n<tr style=\"height: 22px\">\n<td style=\"height: 22px;width: 271px\" data-sheets-value=\"{\"1\":2,\"2\":\"ALTURA POLEAS\"}\">HAUTEUR DE LA PERCHE<\/td>\n<td style=\"height: 22px;width: 557px\" data-sheets-value=\"{\"1\":2,\"2\":\"Regulable en 5 posiciones\"}\"><span class=\"a_GcMg font-feature-liga-off font-feature-clig-off font-feature-calt-off text-decoration-none text-strikethrough-none\">R\u00e9glable horizontalement et verticalement<\/span><\/td>\n<\/tr>\n<tr style=\"height: 23px\">\n<td style=\"height: 23px;width: 271px\" data-sheets-value=\"{\"1\":2,\"2\":\"BARRA DE PIES\"}\">FOOTBAR<\/td>\n<td style=\"height: 23px;width: 557px\" data-sheets-value=\"{\"1\":2,\"2\":\"7 posiciones f\u00e1ciles de mover para los alumnos\"}\"><span class=\"a_GcMg font-feature-liga-off font-feature-clig-off font-feature-calt-off text-decoration-none text-strikethrough-none\">4 positions<\/span><\/td>\n<\/tr>\n<tr style=\"height: 71px\">\n<td style=\"height: 71px;width: 271px\" data-sheets-value=\"{\"1\":2,\"2\":\"MUELLES DEL CARRO REGULABLES\"}\">RESSORTS DE CHARIOT R\u00c9GLABLES<\/td>\n<td style=\"height: 71px;width: 557px\" data-sheets-value=\"{\"1\":2,\"2\":\"3 alturas y 3 intensidades de fuerza (los muelles del carro son regulables tanto en altura como en intensidad). 2 muelles rojos (fuertes), 2 muelles verdes (medios) y 2 muelles amarillo (ligero)\"}\"><span class=\"a_GcMg font-feature-liga-off font-feature-clig-off font-feature-calt-off text-decoration-none text-strikethrough-none\">3 hauteurs et 3 intensit\u00e9s de force (les ressorts du chariot sont r\u00e9glables en hauteur et en intensit\u00e9). 2 ressorts rouges (forts), 2 ressorts verts (moyens) et 2 ressorts jaunes (l\u00e9gers). <\/span><\/td>\n<\/tr>\n<tr style=\"height: 23px\">\n<td style=\"height: 23px;width: 271px\" data-sheets-value=\"{\"1\":2,\"2\":\"CABEZAL\"}\">LA SOURCE<\/td>\n<td style=\"height: 23px;width: 557px\" data-sheets-value=\"{\"1\":2,\"2\":\"3 posiciones\"}\"><span class=\"a_GcMg font-feature-liga-off font-feature-clig-off font-feature-calt-off text-decoration-none text-strikethrough-none\">3 positions<\/span><\/td>\n<\/tr>\n<tr style=\"height: 47px\">\n<td style=\"height: 47px;width: 271px\" data-sheets-value=\"{\"1\":2,\"2\":\"HOMBRERAS\"}\">\u00c9PAULES<\/td>\n<td style=\"height: 47px;width: 557px\" data-sheets-value=\"{\"1\":2,\"2\":\"Extra\u00edbles e intercambiables entre s\u00ed , 2 posiciones para cambiar la separaci\u00f3n de hombros.\"}\"><span class=\"a_GcMg font-feature-liga-off font-feature-clig-off font-feature-calt-off text-decoration-none text-strikethrough-none\">Amovibles et interchangeables, 2 positions pour modifier la s\u00e9paration des \u00e9paules.<\/span><\/td>\n<\/tr>\n<tr style=\"height: 23px\">\n<td style=\"height: 23px;width: 271px\" data-sheets-value=\"{\"1\":2,\"2\":\"MATERIAL\"}\">MAT\u00c9RIAU<\/td>\n<td style=\"height: 23px;width: 557px\" data-sheets-value=\"{\"1\":2,\"2\":\"Madera maciza de roble.\"}\"><span class=\"a_GcMg font-feature-liga-off font-feature-clig-off font-feature-calt-off text-decoration-none text-strikethrough-none\">Bois de ch\u00eane massif.<\/span><\/td>\n<\/tr>\n<tr style=\"height: 23px\">\n<td style=\"height: 23px;width: 271px\" data-sheets-value=\"{\"1\":2,\"2\":\"MEDIDAS\"}\">MESURES<\/td>\n<td style=\"height: 23px;width: 557px\" data-sheets-value=\"{\"1\":2,\"2\":\"Largo: 232 cm Ancho: 70 cm Alto: 210 cm\"}\"><span class=\"a_GcMg font-feature-liga-off font-feature-clig-off font-feature-calt-off text-decoration-none text-strikethrough-none\">Longueur : 228 cm Largeur : 67,5 cm Hauteur : 100 cm<\/span><\/td>\n<\/tr>\n<tr style=\"height: 23px\">\n<td style=\"height: 23px;width: 271px\" data-sheets-value=\"{\"1\":2,\"2\":\"PESO\"}\">POIDS<\/td>\n<td style=\"height: 23px;width: 557px\" data-sheets-value=\"{\"1\":2,\"2\":\"130 KG\"}\"><span class=\"a_GcMg font-feature-liga-off font-feature-clig-off font-feature-calt-off text-decoration-none text-strikethrough-none\">140 KG<\/span><\/td>\n<\/tr>\n<tr style=\"height: 23px\">\n<td style=\"height: 138px;width: 271px\" rowspan=\"6\" data-sheets-value=\"{\"1\":2,\"2\":\"ACCESORIOS\"}\">\n<div>ACCESSOIRES<\/div><\/td>\n<td style=\"height: 23px;width: 557px\" data-sheets-value=\"{\"1\":2,\"2\":\"Un set de asas dobles confortables para uso de manos y piesn\"}\"><span class=\"a_GcMg font-feature-liga-off font-feature-clig-off font-feature-calt-off text-decoration-none text-strikethrough-none\">Deux ressorts rouges (forts), 2 ressorts verts (moyens) et 2 ressorts jaunes (l\u00e9gers)<\/span><\/td>\n<\/tr>\n<tr style=\"height: 23px\">\n<td style=\"height: 23px;width: 557px\" data-sheets-value=\"{\"1\":2,\"2\":\"Plataforma de pies con superficie antideslizante\"}\"><span class=\"a_GcMg font-feature-liga-off font-feature-clig-off font-feature-calt-off text-decoration-none text-strikethrough-none\">Un ensemble de doubles poign\u00e9es confortables pour une utilisation \u00e0 la main ou au pied.<\/span><\/td>\n<\/tr>\n<tr style=\"height: 23px\">\n<td style=\"height: 23px;width: 557px\" data-sheets-value=\"{\"1\":2,\"2\":\"Cinta de estabilidadn\"}\"><span class=\"a_GcMg font-feature-liga-off font-feature-clig-off font-feature-calt-off text-decoration-none text-strikethrough-none\">Bo\u00eete, bo\u00eete pour donner de la polyvalence aux exercices sur le chariot.<\/span><\/td>\n<\/tr>\n<tr style=\"height: 23px\">\n<td style=\"height: 23px;width: 557px\" data-sheets-value=\"{\"1\":2,\"2\":\"Box: caj\u00f3n para dar versatilidad a los ejercicios en el carro.\"}\"><span class=\"a_GcMg font-feature-liga-off font-feature-clig-off font-feature-calt-off text-decoration-none text-strikethrough-none\">Mat, qui transforme le reformer en civi\u00e8re pour les exercices au sol.<\/span><\/td>\n<\/tr>\n<tr style=\"height: 23px\">\n<td style=\"height: 23px;width: 557px\" data-sheets-value=\"{\"1\":2,\"2\":\"Tabla de salton\"}\">Table de saut<\/td>\n<\/tr>\n<tr style=\"height: 23px\">\n<td style=\"height: 23px;width: 557px\" data-sheets-value=\"{\"1\":2,\"2\":\"Tabla extensi\u00f3n mat acolchada\"}\"><span class=\"a_GcMg font-feature-liga-off font-feature-clig-off font-feature-calt-off text-decoration-none text-strikethrough-none\">Tapis d'extension rembourr\u00e9<\/span><\/td>\n<\/tr>\n<tr>\n<td style=\"width: 271px\"><span class=\"a_GcMg font-feature-liga-off font-feature-clig-off font-feature-calt-off text-decoration-none text-strikethrough-none\">ACCESSOIRES DE LA TOUR<\/span>\n<div><\/div><\/td>\n<td style=\"width: 557px\"><span class=\"a_GcMg font-feature-liga-off font-feature-clig-off font-feature-calt-off text-decoration-none text-strikethrough-none\">Ressorts avec poign\u00e9es pour le travail des membres sup\u00e9rieurs.<\/span><\/td>\n<\/tr>\n<\/tbody>\n<\/table>\n<\/div>","_et_gb_content_width":"","_joinchat":[]},"product_brand":[],"product_cat":[217],"product_tag":[],"class_list":{"0":"post-262221","1":"product","2":"type-product","3":"status-publish","4":"has-post-thumbnail","6":"product_cat-reformer-avec-tour","8":"first","9":"instock","10":"taxable","11":"shipping-taxable","12":"purchasable","13":"product-type-variable"},"acf":{"price_it":0.01,"price_fr":"","price_fin":""},"yoast_head":"<!-- This site is optimized with the Yoast SEO plugin v27.5 - https:\/\/yoast.com\/product\/yoast-seo-wordpress\/ -->\n<title>Reformer avec Advance Semitower - CUORE PILATES<\/title>\n<meta name=\"description\" content=\"Reformer avec demi-rack Cuore Pilates en bois de ch\u00eane, avec poulies et ressorts r\u00e9glables et accessoires complets. Professionnel pour le studio et l&#039;utilisation intensive.\" \/>\n<meta name=\"robots\" content=\"noindex, follow, max-snippet:-1, max-image-preview:large, max-video-preview:-1\" \/>\n<meta property=\"og:locale\" content=\"fr_FR\" \/>\n<meta property=\"og:type\" content=\"article\" \/>\n<meta property=\"og:title\" content=\"Reformer avec Advance Semitower - CUORE PILATES\" \/>\n<meta property=\"og:description\" content=\"Reformer avec demi-rack Cuore Pilates en bois de ch\u00eane, avec poulies et ressorts r\u00e9glables et accessoires complets. Professionnel pour le studio et l&#039;utilisation intensive.\" \/>\n<meta property=\"og:url\" content=\"https:\/\/old.cuorepilates.indexeodev.es\/fr\/reformers-pilates\/reformer-avec-tour\/reformer-avec-semitower\/\" \/>\n<meta property=\"og:site_name\" content=\"CUORE PILATES\" \/>\n<meta property=\"article:modified_time\" content=\"2026-01-23T08:43:04+00:00\" \/>\n<meta property=\"og:image\" content=\"https:\/\/old.cuorepilates.indexeodev.es\/wp-content\/uploads\/2025\/10\/Generated-Image-October-07-2025-1_14PM-e1760964756670.png\" \/>\n\t<meta property=\"og:image:width\" content=\"1344\" \/>\n\t<meta property=\"og:image:height\" content=\"768\" \/>\n\t<meta property=\"og:image:type\" content=\"image\/png\" \/>\n<meta name=\"twitter:card\" content=\"summary_large_image\" \/>\n<meta name=\"twitter:label1\" content=\"Dur\u00e9e de lecture estim\u00e9e\" \/>\n\t<meta name=\"twitter:data1\" content=\"2 minutes\" \/>\n<script type=\"application\/ld+json\" class=\"yoast-schema-graph\">{\"@context\":\"https:\\\/\\\/schema.org\",\"@graph\":[{\"@type\":\"WebPage\",\"@id\":\"https:\\\/\\\/old.cuorepilates.indexeodev.es\\\/fr\\\/reformers-pilates\\\/reformer-avec-tour\\\/reformer-avec-semitower\\\/\",\"url\":\"https:\\\/\\\/old.cuorepilates.indexeodev.es\\\/fr\\\/reformers-pilates\\\/reformer-avec-tour\\\/reformer-avec-semitower\\\/\",\"name\":\"Reformer avec Advance Semitower - CUORE PILATES\",\"isPartOf\":{\"@id\":\"https:\\\/\\\/old.cuorepilates.indexeodev.es\\\/fr\\\/#website\"},\"primaryImageOfPage\":{\"@id\":\"https:\\\/\\\/old.cuorepilates.indexeodev.es\\\/fr\\\/reformers-pilates\\\/reformer-avec-tour\\\/reformer-avec-semitower\\\/#primaryimage\"},\"image\":{\"@id\":\"https:\\\/\\\/old.cuorepilates.indexeodev.es\\\/fr\\\/reformers-pilates\\\/reformer-avec-tour\\\/reformer-avec-semitower\\\/#primaryimage\"},\"thumbnailUrl\":\"https:\\\/\\\/old.cuorepilates.indexeodev.es\\\/wp-content\\\/uploads\\\/2025\\\/10\\\/Generated-Image-October-07-2025-1_14PM-e1760964756670.png\",\"datePublished\":\"2025-09-03T11:33:23+00:00\",\"dateModified\":\"2026-01-23T08:43:04+00:00\",\"description\":\"Reformer avec demi-rack Cuore Pilates en bois de ch\u00eane, avec poulies et ressorts r\u00e9glables et accessoires complets. Professionnel pour le studio et l'utilisation intensive.\",\"breadcrumb\":{\"@id\":\"https:\\\/\\\/old.cuorepilates.indexeodev.es\\\/fr\\\/reformers-pilates\\\/reformer-avec-tour\\\/reformer-avec-semitower\\\/#breadcrumb\"},\"inLanguage\":\"fr-FR\",\"potentialAction\":[{\"@type\":\"ReadAction\",\"target\":[\"https:\\\/\\\/old.cuorepilates.indexeodev.es\\\/fr\\\/reformers-pilates\\\/reformer-avec-tour\\\/reformer-avec-semitower\\\/\"]}]},{\"@type\":\"ImageObject\",\"inLanguage\":\"fr-FR\",\"@id\":\"https:\\\/\\\/old.cuorepilates.indexeodev.es\\\/fr\\\/reformers-pilates\\\/reformer-avec-tour\\\/reformer-avec-semitower\\\/#primaryimage\",\"url\":\"https:\\\/\\\/old.cuorepilates.indexeodev.es\\\/wp-content\\\/uploads\\\/2025\\\/10\\\/Generated-Image-October-07-2025-1_14PM-e1760964756670.png\",\"contentUrl\":\"https:\\\/\\\/old.cuorepilates.indexeodev.es\\\/wp-content\\\/uploads\\\/2025\\\/10\\\/Generated-Image-October-07-2025-1_14PM-e1760964756670.png\",\"width\":1344,\"height\":768},{\"@type\":\"BreadcrumbList\",\"@id\":\"https:\\\/\\\/old.cuorepilates.indexeodev.es\\\/fr\\\/reformers-pilates\\\/reformer-avec-tour\\\/reformer-avec-semitower\\\/#breadcrumb\",\"itemListElement\":[{\"@type\":\"ListItem\",\"position\":1,\"name\":\"Portada\",\"item\":\"https:\\\/\\\/old.cuorepilates.indexeodev.es\\\/fr\\\/\"},{\"@type\":\"ListItem\",\"position\":2,\"name\":\"Nuestra tienda\",\"item\":\"https:\\\/\\\/old.cuorepilates.indexeodev.es\\\/nuestra-tienda\\\/\"},{\"@type\":\"ListItem\",\"position\":3,\"name\":\"Reformer avec Advance Semitower\"}]},{\"@type\":\"WebSite\",\"@id\":\"https:\\\/\\\/old.cuorepilates.indexeodev.es\\\/fr\\\/#website\",\"url\":\"https:\\\/\\\/old.cuorepilates.indexeodev.es\\\/fr\\\/\",\"name\":\"CUORE PILATES\",\"description\":\"Las m\u00e1quinas de pilates con la mejor Calidad-Precio.\",\"potentialAction\":[{\"@type\":\"SearchAction\",\"target\":{\"@type\":\"EntryPoint\",\"urlTemplate\":\"https:\\\/\\\/old.cuorepilates.indexeodev.es\\\/fr\\\/?s={search_term_string}\"},\"query-input\":{\"@type\":\"PropertyValueSpecification\",\"valueRequired\":true,\"valueName\":\"search_term_string\"}}],\"inLanguage\":\"fr-FR\"}]}<\/script>\n<!-- \/ Yoast SEO plugin. -->","yoast_head_json":{"title":"Reformer avec Advance Semitower - CUORE PILATES","description":"Reformer avec demi-rack Cuore Pilates en bois de ch\u00eane, avec poulies et ressorts r\u00e9glables et accessoires complets. Professionnel pour le studio et l'utilisation intensive.","robots":{"index":"noindex","follow":"follow","max-snippet":"max-snippet:-1","max-image-preview":"max-image-preview:large","max-video-preview":"max-video-preview:-1"},"og_locale":"fr_FR","og_type":"article","og_title":"Reformer avec Advance Semitower - CUORE PILATES","og_description":"Reformer avec demi-rack Cuore Pilates en bois de ch\u00eane, avec poulies et ressorts r\u00e9glables et accessoires complets. Professionnel pour le studio et l'utilisation intensive.","og_url":"https:\/\/old.cuorepilates.indexeodev.es\/fr\/reformers-pilates\/reformer-avec-tour\/reformer-avec-semitower\/","og_site_name":"CUORE PILATES","article_modified_time":"2026-01-23T08:43:04+00:00","og_image":[{"width":1344,"height":768,"url":"https:\/\/old.cuorepilates.indexeodev.es\/wp-content\/uploads\/2025\/10\/Generated-Image-October-07-2025-1_14PM-e1760964756670.png","type":"image\/png"}],"twitter_card":"summary_large_image","twitter_misc":{"Dur\u00e9e de lecture estim\u00e9e":"2 minutes"},"schema":{"@context":"https:\/\/schema.org","@graph":[{"@type":"WebPage","@id":"https:\/\/old.cuorepilates.indexeodev.es\/fr\/reformers-pilates\/reformer-avec-tour\/reformer-avec-semitower\/","url":"https:\/\/old.cuorepilates.indexeodev.es\/fr\/reformers-pilates\/reformer-avec-tour\/reformer-avec-semitower\/","name":"Reformer avec Advance Semitower - CUORE PILATES","isPartOf":{"@id":"https:\/\/old.cuorepilates.indexeodev.es\/fr\/#website"},"primaryImageOfPage":{"@id":"https:\/\/old.cuorepilates.indexeodev.es\/fr\/reformers-pilates\/reformer-avec-tour\/reformer-avec-semitower\/#primaryimage"},"image":{"@id":"https:\/\/old.cuorepilates.indexeodev.es\/fr\/reformers-pilates\/reformer-avec-tour\/reformer-avec-semitower\/#primaryimage"},"thumbnailUrl":"https:\/\/old.cuorepilates.indexeodev.es\/wp-content\/uploads\/2025\/10\/Generated-Image-October-07-2025-1_14PM-e1760964756670.png","datePublished":"2025-09-03T11:33:23+00:00","dateModified":"2026-01-23T08:43:04+00:00","description":"Reformer avec demi-rack Cuore Pilates en bois de ch\u00eane, avec poulies et ressorts r\u00e9glables et accessoires complets. Professionnel pour le studio et l'utilisation intensive.","breadcrumb":{"@id":"https:\/\/old.cuorepilates.indexeodev.es\/fr\/reformers-pilates\/reformer-avec-tour\/reformer-avec-semitower\/#breadcrumb"},"inLanguage":"fr-FR","potentialAction":[{"@type":"ReadAction","target":["https:\/\/old.cuorepilates.indexeodev.es\/fr\/reformers-pilates\/reformer-avec-tour\/reformer-avec-semitower\/"]}]},{"@type":"ImageObject","inLanguage":"fr-FR","@id":"https:\/\/old.cuorepilates.indexeodev.es\/fr\/reformers-pilates\/reformer-avec-tour\/reformer-avec-semitower\/#primaryimage","url":"https:\/\/old.cuorepilates.indexeodev.es\/wp-content\/uploads\/2025\/10\/Generated-Image-October-07-2025-1_14PM-e1760964756670.png","contentUrl":"https:\/\/old.cuorepilates.indexeodev.es\/wp-content\/uploads\/2025\/10\/Generated-Image-October-07-2025-1_14PM-e1760964756670.png","width":1344,"height":768},{"@type":"BreadcrumbList","@id":"https:\/\/old.cuorepilates.indexeodev.es\/fr\/reformers-pilates\/reformer-avec-tour\/reformer-avec-semitower\/#breadcrumb","itemListElement":[{"@type":"ListItem","position":1,"name":"Portada","item":"https:\/\/old.cuorepilates.indexeodev.es\/fr\/"},{"@type":"ListItem","position":2,"name":"Nuestra tienda","item":"https:\/\/old.cuorepilates.indexeodev.es\/nuestra-tienda\/"},{"@type":"ListItem","position":3,"name":"Reformer avec Advance Semitower"}]},{"@type":"WebSite","@id":"https:\/\/old.cuorepilates.indexeodev.es\/fr\/#website","url":"https:\/\/old.cuorepilates.indexeodev.es\/fr\/","name":"CUORE PILATES","description":"Las m\u00e1quinas de pilates con la mejor Calidad-Precio.","potentialAction":[{"@type":"SearchAction","target":{"@type":"EntryPoint","urlTemplate":"https:\/\/old.cuorepilates.indexeodev.es\/fr\/?s={search_term_string}"},"query-input":{"@type":"PropertyValueSpecification","valueRequired":true,"valueName":"search_term_string"}}],"inLanguage":"fr-FR"}]}},"_links":{"self":[{"href":"https:\/\/old.cuorepilates.indexeodev.es\/fr\/wp-json\/wp\/v2\/product\/262221","targetHints":{"allow":["GET"]}}],"collection":[{"href":"https:\/\/old.cuorepilates.indexeodev.es\/fr\/wp-json\/wp\/v2\/product"}],"about":[{"href":"https:\/\/old.cuorepilates.indexeodev.es\/fr\/wp-json\/wp\/v2\/types\/product"}],"replies":[{"embeddable":true,"href":"https:\/\/old.cuorepilates.indexeodev.es\/fr\/wp-json\/wp\/v2\/comments?post=262221"}],"wp:featuredmedia":[{"embeddable":true,"href":"https:\/\/old.cuorepilates.indexeodev.es\/fr\/wp-json\/wp\/v2\/media\/262706"}],"wp:attachment":[{"href":"https:\/\/old.cuorepilates.indexeodev.es\/fr\/wp-json\/wp\/v2\/media?parent=262221"}],"wp:term":[{"taxonomy":"product_brand","embeddable":true,"href":"https:\/\/old.cuorepilates.indexeodev.es\/fr\/wp-json\/wp\/v2\/product_brand?post=262221"},{"taxonomy":"product_cat","embeddable":true,"href":"https:\/\/old.cuorepilates.indexeodev.es\/fr\/wp-json\/wp\/v2\/product_cat?post=262221"},{"taxonomy":"product_tag","embeddable":true,"href":"https:\/\/old.cuorepilates.indexeodev.es\/fr\/wp-json\/wp\/v2\/product_tag?post=262221"}],"curies":[{"name":"wp","href":"https:\/\/api.w.org\/{rel}","templated":true}]}}