{"id":262215,"date":"2025-09-04T08:33:09","date_gmt":"2025-09-04T08:33:09","guid":{"rendered":"https:\/\/old.cuorepilates.indexeodev.es\/non%20class\u00e9\/treillis-multifonctionnel\/"},"modified":"2026-05-11T10:30:21","modified_gmt":"2026-05-11T08:30:21","slug":"treillis-multifonctionnel","status":"publish","type":"product","link":"https:\/\/old.cuorepilates.indexeodev.es\/fr\/equipement-pilates\/treillis-multifonctionnel\/","title":{"rendered":"Treillis multifonctionnel"},"content":{"rendered":"<p>[et_pb_section fb_built=&#8221;1&#8243; _builder_version=&#8221;4.16&#8243; custom_padding=&#8221;0px||||false|false&#8221; global_colors_info=&#8221;{}&#8221;][et_pb_row _builder_version=&#8221;4.16&#8243; background_size=&#8221;initial&#8221; background_position=&#8221;top_left&#8221; background_repeat=&#8221;repeat&#8221; width=&#8221;100%&#8221; custom_padding=&#8221;0px||0px||false|false&#8221; global_colors_info=&#8221;{}&#8221;][et_pb_column type=&#8221;4_4&#8243; _builder_version=&#8221;4.16&#8243; custom_padding=&#8221;|||&#8221; global_colors_info=&#8221;{}&#8221; custom_padding__hover=&#8221;|||&#8221;][et_pb_wc_breadcrumb _builder_version=&#8221;4.16&#8243; global_colors_info=&#8221;{}&#8221;][\/et_pb_wc_breadcrumb][et_pb_wc_cart_notice _builder_version=&#8221;4.16&#8243; global_colors_info=&#8221;{}&#8221;][\/et_pb_wc_cart_notice][\/et_pb_column][\/et_pb_row][et_pb_row _builder_version=&#8221;4.16&#8243; background_size=&#8221;initial&#8221; background_position=&#8221;top_left&#8221; background_repeat=&#8221;repeat&#8221; width=&#8221;100%&#8221; custom_padding=&#8221;0px||||false|false&#8221; global_colors_info=&#8221;{}&#8221; column_structure=&#8221;1_2,1_2&#8243;][et_pb_column type=&#8221;1_2&#8243; _builder_version=&#8221;4.16&#8243; custom_padding=&#8221;|||&#8221; global_colors_info=&#8221;{}&#8221; custom_padding__hover=&#8221;|||&#8221;][et_pb_wc_images _builder_version=&#8221;4.16&#8243; global_colors_info=&#8221;{}&#8221;][\/et_pb_wc_images][\/et_pb_column][et_pb_column type=&#8221;1_2&#8243; _builder_version=&#8221;4.16&#8243; custom_padding=&#8221;|||&#8221; global_colors_info=&#8221;{}&#8221; custom_padding__hover=&#8221;|||&#8221;][et_pb_wc_title _builder_version=&#8221;4.16&#8243; global_colors_info=&#8221;{}&#8221;][\/et_pb_wc_title][et_pb_wc_rating _builder_version=&#8221;4.16&#8243; global_colors_info=&#8221;{}&#8221;][\/et_pb_wc_rating][et_pb_wc_price _builder_version=&#8221;4.16&#8243; global_colors_info=&#8221;{}&#8221;][\/et_pb_wc_price][et_pb_wc_description _builder_version=&#8221;4.16&#8243; global_colors_info=&#8221;{}&#8221;][\/et_pb_wc_description][et_pb_wc_add_to_cart _builder_version=&#8221;4.16&#8243; global_colors_info=&#8221;{}&#8221;][\/et_pb_wc_add_to_cart][et_pb_wc_meta _builder_version=&#8221;4.16&#8243; global_colors_info=&#8221;{}&#8221;][\/et_pb_wc_meta][\/et_pb_column][\/et_pb_row][et_pb_row _builder_version=&#8221;4.16&#8243; background_size=&#8221;initial&#8221; background_position=&#8221;top_left&#8221; background_repeat=&#8221;repeat&#8221; width=&#8221;100%&#8221; global_colors_info=&#8221;{}&#8221;][et_pb_column type=&#8221;4_4&#8243; _builder_version=&#8221;4.16&#8243; custom_padding=&#8221;|||&#8221; global_colors_info=&#8221;{}&#8221; custom_padding__hover=&#8221;|||&#8221;][et_pb_wc_tabs _builder_version=&#8221;4.16&#8243; global_colors_info=&#8221;{}&#8221;]\t\t\t\t\t[\/et_pb_wc_tabs][et_pb_wc_upsells columns_number=&#8221;3&#8243; _builder_version=&#8221;4.16&#8243; global_colors_info=&#8221;{}&#8221;][\/et_pb_wc_upsells][et_pb_wc_related_products columns_number=&#8221;3&#8243; _builder_version=&#8221;4.16&#8243; global_colors_info=&#8221;{}&#8221;][\/et_pb_wc_related_products][\/et_pb_column][\/et_pb_row][\/et_pb_section]<\/p>\n","protected":false},"excerpt":{"rendered":"<p>Le <strong data-start=\"179\" data-end=\"217\">support dorsal multifonction Cuore Sport<\/strong> est le compl\u00e9ment id\u00e9al pour les exercices de Pilates, de fitness et de r\u00e9\u00e9ducation. Fabriqu\u00e9 en acier avec une finition \u00e9poxy noire et des barres en bois, il permet de faire des \u00e9tirements, des exercices de base, des tractions et des pompes. Sa conception robuste et polyvalente favorise la mobilit\u00e9, la force et l&#8217;alignement postural, ce qui le rend adapt\u00e9 \u00e0 tous les niveaux. Avec une capacit\u00e9 de charge allant jusqu&#8217;\u00e0 150 kg, il est parfait pour une utilisation domestique ou professionnelle dans les studios de Pilates et les centres sportifs.   <\/p>\n","protected":false},"featured_media":261871,"comment_status":"open","ping_status":"closed","template":"","meta":{"_acf_changed":false,"_et_pb_use_builder":"on","_et_pb_old_content":"<div class=\"product_description_short\">\n\n<span class=\"a_GcMg font-feature-liga-off font-feature-clig-off font-feature-calt-off text-decoration-none text-strikethrough-none\">Le support dorsal multifonction est un \u00e9quipement multidisciplinaire qui am\u00e9liore la mobilit\u00e9, la force et l'alignement postural. Il permet de faire des \u00e9tirements, des exercices de base et un travail de stabilit\u00e9. Adapt\u00e9 \u00e0 tous les niveaux, il favorise la flexibilit\u00e9 et la ma\u00eetrise du corps. Sa conception robuste et polyvalente en fait un outil essentiel pour le Pilates.   <\/span>.\n<table dir=\"ltr\" style=\"height: 223px\" border=\"1\" cellspacing=\"0\" cellpadding=\"0\" data-sheets-root=\"1\"><colgroup> <col width=\"273\"> <col width=\"559\"><\/colgroup>\n<tbody>\n<tr style=\"height: 22px\">\n<td style=\"height: 22px;width: 271px\" data-sheets-value=\"{\"1\":2,\"2\":\"ALTURA POLEAS\"}\">STRUCTURE<\/td>\n<td style=\"height: 22px;width: 557px\" data-sheets-value=\"{\"1\":2,\"2\":\"Regulable en 5 posiciones\"}\"><span class=\"a_GcMg font-feature-liga-off font-feature-clig-off font-feature-calt-off text-decoration-none text-strikethrough-none\">Acier avec peinture \u00e9poxy noire.<\/span><\/td>\n<\/tr>\n<tr style=\"height: 23px\">\n<td style=\"height: 23px;width: 271px\" data-sheets-value=\"{\"1\":2,\"2\":\"BARRA DE PIES\"}\">BARRES CROIS\u00c9ES<\/td>\n<td style=\"height: 23px;width: 557px\" data-sheets-value=\"{\"1\":2,\"2\":\"7 posiciones f\u00e1ciles de mover para los alumnos\"}\"><span class=\"a_GcMg font-feature-liga-off font-feature-clig-off font-feature-calt-off text-decoration-none text-strikethrough-none\">10 traverses en bois.<\/span><\/td>\n<\/tr>\n<tr style=\"height: 71px\">\n<td style=\"height: 26px;width: 271px\" data-sheets-value=\"{\"1\":2,\"2\":\"MUELLES DEL CARRO REGULABLES\"}\">MESURES<\/td>\n<td style=\"height: 26px;width: 557px\" data-sheets-value=\"{\"1\":2,\"2\":\"3 alturas y 3 intensidades de fuerza (los muelles del carro son regulables tanto en altura como en intensidad). 2 muelles rojos (fuertes), 2 muelles verdes (medios) y 2 muelles amarillo (ligero)\"}\">Longueur : 80 cm Largeur : 19 cm Hauteur : 222 cm<\/td>\n<\/tr>\n<tr style=\"height: 23px\">\n<td style=\"width: 271px;height: 23px\">MAT\u00c9RIAU<\/td>\n<td style=\"width: 557px;height: 23px\">Bois de h\u00eatre et acier au carbone.<\/td>\n<\/tr>\n<tr style=\"height: 23px\">\n<td style=\"height: 23px;width: 271px\" data-sheets-value=\"{\"1\":2,\"2\":\"CABEZAL\"}\">POIDS NET<\/td>\n<td style=\"height: 23px;width: 557px\" data-sheets-value=\"{\"1\":2,\"2\":\"3 posiciones\"}\">22 KG<\/td>\n<\/tr>\n<tr style=\"height: 47px\">\n<td style=\"height: 29px;width: 271px\" data-sheets-value=\"{\"1\":2,\"2\":\"HOMBRERAS\"}\">POIDS BRUT (dans l'emballage)<\/td>\n<td style=\"height: 29px;width: 557px\" data-sheets-value=\"{\"1\":2,\"2\":\"Extra\u00edbles e intercambiables entre s\u00ed , 2 posiciones para cambiar la separaci\u00f3n de hombros.\"}\">24 KG<\/td>\n<\/tr>\n<tr style=\"height: 23px\">\n<td style=\"height: 23px;width: 271px\" data-sheets-value=\"{\"1\":2,\"2\":\"MATERIAL\"}\">POIDS MAXIMAL DE L'UTILISATEUR<\/td>\n<td style=\"height: 23px;width: 557px\" data-sheets-value=\"{\"1\":2,\"2\":\"Madera maciza de roble.\"}\">150 KG<\/td>\n<\/tr>\n<tr style=\"height: 23px\">\n<td style=\"height: 31px;width: 271px\" data-sheets-value=\"{\"1\":2,\"2\":\"ACCESORIOS\"}\">\n<div>ACCESSOIRES<\/div><\/td>\n<td style=\"height: 31px;width: 557px\" data-sheets-value=\"{\"1\":2,\"2\":\"Un set de asas dobles confortables para uso de manos y piesn\"}\"><span class=\"a_GcMg font-feature-liga-off font-feature-clig-off font-feature-calt-off text-decoration-none text-strikethrough-none\">Barre sup\u00e9rieure pour les tractions<\/span> <span class=\"a_GcMg font-feature-liga-off font-feature-clig-off font-feature-calt-off text-decoration-none text-strikethrough-none\">et deux barres lat\u00e9rales pour les pompes.<\/span><\/td>\n<\/tr>\n<tr style=\"height: 23px\">\n<td style=\"width: 271px;height: 23px\">\n<div><span class=\"a_GcMg font-feature-liga-off font-feature-clig-off font-feature-calt-off text-decoration-none text-strikethrough-none\">UTILISATION RECOMMAND\u00c9E  <\/span><\/div><\/td>\n<td style=\"width: 557px;height: 23px\"><span class=\"a_GcMg font-feature-liga-off font-feature-clig-off font-feature-calt-off text-decoration-none text-strikethrough-none\">Ancrage pour l'entra\u00eenement en suspension ou les bandes \u00e9lastiques.<\/span><\/td>\n<\/tr>\n<\/tbody>\n<\/table>\n<\/div>","_et_gb_content_width":"","_joinchat":[]},"product_brand":[],"product_cat":[201],"product_tag":[],"class_list":{"0":"post-262215","1":"product","2":"type-product","3":"status-publish","4":"has-post-thumbnail","6":"product_cat-equipement-pilates","8":"first","9":"onbackorder","10":"taxable","11":"shipping-taxable","12":"purchasable","13":"product-type-simple"},"acf":{"price_it":0.01,"price_fr":"","price_fin":""},"yoast_head":"<!-- This site is optimized with the Yoast SEO plugin v27.5 - https:\/\/yoast.com\/product\/yoast-seo-wordpress\/ -->\n<title>Treillis multifonctionnel - CUORE PILATES<\/title>\n<meta name=\"description\" content=\"Support dorsal multifonctionnel Cuore Sport : acier et bois, id\u00e9al pour le Pilates, le fitness et la r\u00e9\u00e9ducation. R\u00e9sistant, polyvalent et adapt\u00e9 \u00e0 tous les niveaux.\" \/>\n<meta name=\"robots\" content=\"noindex, follow, max-snippet:-1, max-image-preview:large, max-video-preview:-1\" \/>\n<meta property=\"og:locale\" content=\"fr_FR\" \/>\n<meta property=\"og:type\" content=\"article\" \/>\n<meta property=\"og:title\" content=\"Treillis multifonctionnel - CUORE PILATES\" \/>\n<meta property=\"og:description\" content=\"Support dorsal multifonctionnel Cuore Sport : acier et bois, id\u00e9al pour le Pilates, le fitness et la r\u00e9\u00e9ducation. R\u00e9sistant, polyvalent et adapt\u00e9 \u00e0 tous les niveaux.\" \/>\n<meta property=\"og:url\" content=\"https:\/\/old.cuorepilates.indexeodev.es\/fr\/equipement-pilates\/treillis-multifonctionnel\/\" \/>\n<meta property=\"og:site_name\" content=\"CUORE PILATES\" \/>\n<meta property=\"article:modified_time\" content=\"2026-05-11T08:30:21+00:00\" \/>\n<meta property=\"og:image\" content=\"https:\/\/old.cuorepilates.indexeodev.es\/wp-content\/uploads\/2025\/08\/Swedish-Ladder-3-1.png\" \/>\n\t<meta property=\"og:image:width\" content=\"720\" \/>\n\t<meta property=\"og:image:height\" content=\"720\" \/>\n\t<meta property=\"og:image:type\" content=\"image\/png\" \/>\n<meta name=\"twitter:card\" content=\"summary_large_image\" \/>\n<meta name=\"twitter:label1\" content=\"Dur\u00e9e de lecture estim\u00e9e\" \/>\n\t<meta name=\"twitter:data1\" content=\"2 minutes\" \/>\n<script type=\"application\/ld+json\" class=\"yoast-schema-graph\">{\"@context\":\"https:\\\/\\\/schema.org\",\"@graph\":[{\"@type\":\"WebPage\",\"@id\":\"https:\\\/\\\/old.cuorepilates.indexeodev.es\\\/fr\\\/equipement-pilates\\\/treillis-multifonctionnel\\\/\",\"url\":\"https:\\\/\\\/old.cuorepilates.indexeodev.es\\\/fr\\\/equipement-pilates\\\/treillis-multifonctionnel\\\/\",\"name\":\"Treillis multifonctionnel - CUORE PILATES\",\"isPartOf\":{\"@id\":\"https:\\\/\\\/old.cuorepilates.indexeodev.es\\\/fr\\\/#website\"},\"primaryImageOfPage\":{\"@id\":\"https:\\\/\\\/old.cuorepilates.indexeodev.es\\\/fr\\\/equipement-pilates\\\/treillis-multifonctionnel\\\/#primaryimage\"},\"image\":{\"@id\":\"https:\\\/\\\/old.cuorepilates.indexeodev.es\\\/fr\\\/equipement-pilates\\\/treillis-multifonctionnel\\\/#primaryimage\"},\"thumbnailUrl\":\"https:\\\/\\\/old.cuorepilates.indexeodev.es\\\/wp-content\\\/uploads\\\/2025\\\/08\\\/Swedish-Ladder-3-1.png\",\"datePublished\":\"2025-09-04T08:33:09+00:00\",\"dateModified\":\"2026-05-11T08:30:21+00:00\",\"description\":\"Support dorsal multifonctionnel Cuore Sport : acier et bois, id\u00e9al pour le Pilates, le fitness et la r\u00e9\u00e9ducation. R\u00e9sistant, polyvalent et adapt\u00e9 \u00e0 tous les niveaux.\",\"breadcrumb\":{\"@id\":\"https:\\\/\\\/old.cuorepilates.indexeodev.es\\\/fr\\\/equipement-pilates\\\/treillis-multifonctionnel\\\/#breadcrumb\"},\"inLanguage\":\"fr-FR\",\"potentialAction\":[{\"@type\":\"ReadAction\",\"target\":[\"https:\\\/\\\/old.cuorepilates.indexeodev.es\\\/fr\\\/equipement-pilates\\\/treillis-multifonctionnel\\\/\"]}]},{\"@type\":\"ImageObject\",\"inLanguage\":\"fr-FR\",\"@id\":\"https:\\\/\\\/old.cuorepilates.indexeodev.es\\\/fr\\\/equipement-pilates\\\/treillis-multifonctionnel\\\/#primaryimage\",\"url\":\"https:\\\/\\\/old.cuorepilates.indexeodev.es\\\/wp-content\\\/uploads\\\/2025\\\/08\\\/Swedish-Ladder-3-1.png\",\"contentUrl\":\"https:\\\/\\\/old.cuorepilates.indexeodev.es\\\/wp-content\\\/uploads\\\/2025\\\/08\\\/Swedish-Ladder-3-1.png\",\"width\":720,\"height\":720},{\"@type\":\"BreadcrumbList\",\"@id\":\"https:\\\/\\\/old.cuorepilates.indexeodev.es\\\/fr\\\/equipement-pilates\\\/treillis-multifonctionnel\\\/#breadcrumb\",\"itemListElement\":[{\"@type\":\"ListItem\",\"position\":1,\"name\":\"Portada\",\"item\":\"https:\\\/\\\/old.cuorepilates.indexeodev.es\\\/fr\\\/\"},{\"@type\":\"ListItem\",\"position\":2,\"name\":\"Nuestra tienda\",\"item\":\"https:\\\/\\\/old.cuorepilates.indexeodev.es\\\/nuestra-tienda\\\/\"},{\"@type\":\"ListItem\",\"position\":3,\"name\":\"Treillis multifonctionnel\"}]},{\"@type\":\"WebSite\",\"@id\":\"https:\\\/\\\/old.cuorepilates.indexeodev.es\\\/fr\\\/#website\",\"url\":\"https:\\\/\\\/old.cuorepilates.indexeodev.es\\\/fr\\\/\",\"name\":\"CUORE PILATES\",\"description\":\"Las m\u00e1quinas de pilates con la mejor Calidad-Precio.\",\"potentialAction\":[{\"@type\":\"SearchAction\",\"target\":{\"@type\":\"EntryPoint\",\"urlTemplate\":\"https:\\\/\\\/old.cuorepilates.indexeodev.es\\\/fr\\\/?s={search_term_string}\"},\"query-input\":{\"@type\":\"PropertyValueSpecification\",\"valueRequired\":true,\"valueName\":\"search_term_string\"}}],\"inLanguage\":\"fr-FR\"}]}<\/script>\n<!-- \/ Yoast SEO plugin. -->","yoast_head_json":{"title":"Treillis multifonctionnel - CUORE PILATES","description":"Support dorsal multifonctionnel Cuore Sport : acier et bois, id\u00e9al pour le Pilates, le fitness et la r\u00e9\u00e9ducation. R\u00e9sistant, polyvalent et adapt\u00e9 \u00e0 tous les niveaux.","robots":{"index":"noindex","follow":"follow","max-snippet":"max-snippet:-1","max-image-preview":"max-image-preview:large","max-video-preview":"max-video-preview:-1"},"og_locale":"fr_FR","og_type":"article","og_title":"Treillis multifonctionnel - CUORE PILATES","og_description":"Support dorsal multifonctionnel Cuore Sport : acier et bois, id\u00e9al pour le Pilates, le fitness et la r\u00e9\u00e9ducation. R\u00e9sistant, polyvalent et adapt\u00e9 \u00e0 tous les niveaux.","og_url":"https:\/\/old.cuorepilates.indexeodev.es\/fr\/equipement-pilates\/treillis-multifonctionnel\/","og_site_name":"CUORE PILATES","article_modified_time":"2026-05-11T08:30:21+00:00","og_image":[{"width":720,"height":720,"url":"https:\/\/old.cuorepilates.indexeodev.es\/wp-content\/uploads\/2025\/08\/Swedish-Ladder-3-1.png","type":"image\/png"}],"twitter_card":"summary_large_image","twitter_misc":{"Dur\u00e9e de lecture estim\u00e9e":"2 minutes"},"schema":{"@context":"https:\/\/schema.org","@graph":[{"@type":"WebPage","@id":"https:\/\/old.cuorepilates.indexeodev.es\/fr\/equipement-pilates\/treillis-multifonctionnel\/","url":"https:\/\/old.cuorepilates.indexeodev.es\/fr\/equipement-pilates\/treillis-multifonctionnel\/","name":"Treillis multifonctionnel - CUORE PILATES","isPartOf":{"@id":"https:\/\/old.cuorepilates.indexeodev.es\/fr\/#website"},"primaryImageOfPage":{"@id":"https:\/\/old.cuorepilates.indexeodev.es\/fr\/equipement-pilates\/treillis-multifonctionnel\/#primaryimage"},"image":{"@id":"https:\/\/old.cuorepilates.indexeodev.es\/fr\/equipement-pilates\/treillis-multifonctionnel\/#primaryimage"},"thumbnailUrl":"https:\/\/old.cuorepilates.indexeodev.es\/wp-content\/uploads\/2025\/08\/Swedish-Ladder-3-1.png","datePublished":"2025-09-04T08:33:09+00:00","dateModified":"2026-05-11T08:30:21+00:00","description":"Support dorsal multifonctionnel Cuore Sport : acier et bois, id\u00e9al pour le Pilates, le fitness et la r\u00e9\u00e9ducation. R\u00e9sistant, polyvalent et adapt\u00e9 \u00e0 tous les niveaux.","breadcrumb":{"@id":"https:\/\/old.cuorepilates.indexeodev.es\/fr\/equipement-pilates\/treillis-multifonctionnel\/#breadcrumb"},"inLanguage":"fr-FR","potentialAction":[{"@type":"ReadAction","target":["https:\/\/old.cuorepilates.indexeodev.es\/fr\/equipement-pilates\/treillis-multifonctionnel\/"]}]},{"@type":"ImageObject","inLanguage":"fr-FR","@id":"https:\/\/old.cuorepilates.indexeodev.es\/fr\/equipement-pilates\/treillis-multifonctionnel\/#primaryimage","url":"https:\/\/old.cuorepilates.indexeodev.es\/wp-content\/uploads\/2025\/08\/Swedish-Ladder-3-1.png","contentUrl":"https:\/\/old.cuorepilates.indexeodev.es\/wp-content\/uploads\/2025\/08\/Swedish-Ladder-3-1.png","width":720,"height":720},{"@type":"BreadcrumbList","@id":"https:\/\/old.cuorepilates.indexeodev.es\/fr\/equipement-pilates\/treillis-multifonctionnel\/#breadcrumb","itemListElement":[{"@type":"ListItem","position":1,"name":"Portada","item":"https:\/\/old.cuorepilates.indexeodev.es\/fr\/"},{"@type":"ListItem","position":2,"name":"Nuestra tienda","item":"https:\/\/old.cuorepilates.indexeodev.es\/nuestra-tienda\/"},{"@type":"ListItem","position":3,"name":"Treillis multifonctionnel"}]},{"@type":"WebSite","@id":"https:\/\/old.cuorepilates.indexeodev.es\/fr\/#website","url":"https:\/\/old.cuorepilates.indexeodev.es\/fr\/","name":"CUORE PILATES","description":"Las m\u00e1quinas de pilates con la mejor Calidad-Precio.","potentialAction":[{"@type":"SearchAction","target":{"@type":"EntryPoint","urlTemplate":"https:\/\/old.cuorepilates.indexeodev.es\/fr\/?s={search_term_string}"},"query-input":{"@type":"PropertyValueSpecification","valueRequired":true,"valueName":"search_term_string"}}],"inLanguage":"fr-FR"}]}},"_links":{"self":[{"href":"https:\/\/old.cuorepilates.indexeodev.es\/fr\/wp-json\/wp\/v2\/product\/262215","targetHints":{"allow":["GET"]}}],"collection":[{"href":"https:\/\/old.cuorepilates.indexeodev.es\/fr\/wp-json\/wp\/v2\/product"}],"about":[{"href":"https:\/\/old.cuorepilates.indexeodev.es\/fr\/wp-json\/wp\/v2\/types\/product"}],"replies":[{"embeddable":true,"href":"https:\/\/old.cuorepilates.indexeodev.es\/fr\/wp-json\/wp\/v2\/comments?post=262215"}],"wp:featuredmedia":[{"embeddable":true,"href":"https:\/\/old.cuorepilates.indexeodev.es\/fr\/wp-json\/wp\/v2\/media\/261871"}],"wp:attachment":[{"href":"https:\/\/old.cuorepilates.indexeodev.es\/fr\/wp-json\/wp\/v2\/media?parent=262215"}],"wp:term":[{"taxonomy":"product_brand","embeddable":true,"href":"https:\/\/old.cuorepilates.indexeodev.es\/fr\/wp-json\/wp\/v2\/product_brand?post=262215"},{"taxonomy":"product_cat","embeddable":true,"href":"https:\/\/old.cuorepilates.indexeodev.es\/fr\/wp-json\/wp\/v2\/product_cat?post=262215"},{"taxonomy":"product_tag","embeddable":true,"href":"https:\/\/old.cuorepilates.indexeodev.es\/fr\/wp-json\/wp\/v2\/product_tag?post=262215"}],"curies":[{"name":"wp","href":"https:\/\/api.w.org\/{rel}","templated":true}]}}