{"id":261401,"date":"2023-10-24T11:56:26","date_gmt":"2023-10-24T11:56:26","guid":{"rendered":"https:\/\/old.cuorepilates.indexeodev.es\/uncategorized\/tapis-de-protection\/"},"modified":"2026-01-01T05:40:25","modified_gmt":"2026-01-01T05:40:25","slug":"tapis-de-protection","status":"publish","type":"product","link":"https:\/\/old.cuorepilates.indexeodev.es\/fr\/accessoires-pilates\/tapis-de-protection\/","title":{"rendered":"Tapis protecteurs"},"content":{"rendered":"<p>[et_pb_section fb_built=&#8221;1&#8243; _builder_version=&#8221;4.16&#8243; custom_padding=&#8221;0px||||false|false&#8221; global_colors_info=&#8221;{}&#8221;][et_pb_row _builder_version=&#8221;4.16&#8243; background_size=&#8221;initial&#8221; background_position=&#8221;top_left&#8221; background_repeat=&#8221;repeat&#8221; width=&#8221;100%&#8221; custom_padding=&#8221;0px||0px||false|false&#8221; global_colors_info=&#8221;{}&#8221;][et_pb_column type=&#8221;4_4&#8243; _builder_version=&#8221;4.16&#8243; custom_padding=&#8221;|||&#8221; global_colors_info=&#8221;{}&#8221; custom_padding__hover=&#8221;|||&#8221;][et_pb_wc_breadcrumb _builder_version=&#8221;4.16&#8243; global_colors_info=&#8221;{}&#8221;][\/et_pb_wc_breadcrumb][et_pb_wc_cart_notice _builder_version=&#8221;4.21.0&#8243; title_text_color=&#8221;#d31479&#8243; background_color=&#8221;RGBA(255,255,255,0)&#8221; custom_button=&#8221;on&#8221; button_text_color=&#8221;#d31479&#8243; button_bg_color=&#8221;#FFFFFF&#8221; button_border_width=&#8221;1px&#8221; button_border_color=&#8221;#d31479&#8243; custom_margin_tablet=&#8221;&#8221; custom_margin_phone=&#8221;&#8221; custom_margin_last_edited=&#8221;on|desktop&#8221; custom_padding=&#8221;15px||||false|false&#8221; custom_css_button=&#8221;border-radius:50px;&#8221; border_radii=&#8221;on||||&#8221; border_width_all=&#8221;2px&#8221; border_color_all=&#8221;#d31479&#8243; global_colors_info=&#8221;{}&#8221; button_text_color__hover_enabled=&#8221;on|hover&#8221; button_text_color__hover=&#8221;#FFFFFF&#8221; button_bg_color__hover_enabled=&#8221;on|hover&#8221; button_bg_color__hover=&#8221;#d31479&#8243; button_bg_enable_color__hover=&#8221;on&#8221;][\/et_pb_wc_cart_notice][\/et_pb_column][\/et_pb_row][et_pb_row column_structure=&#8221;1_2,1_2&#8243; _builder_version=&#8221;4.16&#8243; background_size=&#8221;initial&#8221; background_position=&#8221;top_left&#8221; background_repeat=&#8221;repeat&#8221; width=&#8221;100%&#8221; custom_padding=&#8221;0px||||false|false&#8221; global_colors_info=&#8221;{}&#8221;][et_pb_column type=&#8221;1_2&#8243; _builder_version=&#8221;4.16&#8243; custom_padding=&#8221;|||&#8221; global_colors_info=&#8221;{}&#8221; custom_padding__hover=&#8221;|||&#8221;][et_pb_wc_images _builder_version=&#8221;4.16&#8243; global_colors_info=&#8221;{}&#8221;][\/et_pb_wc_images][\/et_pb_column][et_pb_column type=&#8221;1_2&#8243; _builder_version=&#8221;4.16&#8243; custom_padding=&#8221;|||&#8221; global_colors_info=&#8221;{}&#8221; custom_padding__hover=&#8221;|||&#8221;][et_pb_wc_title _builder_version=&#8221;4.21.0&#8243; header_text_color=&#8221;#d31479&#8243; global_colors_info=&#8221;{}&#8221;][\/et_pb_wc_title][et_pb_wc_rating _builder_version=&#8221;4.21.0&#8243; rating_text_color=&#8221;#E09900&#8243; body_text_color=&#8221;#d31479&#8243; global_colors_info=&#8221;{}&#8221;][\/et_pb_wc_rating][et_pb_wc_price _builder_version=&#8221;4.21.0&#8243; body_text_color=&#8221;#d31479&#8243; global_colors_info=&#8221;{}&#8221;][\/et_pb_wc_price][et_pb_wc_description _builder_version=&#8221;4.16&#8243; global_colors_info=&#8221;{}&#8221;][\/et_pb_wc_description][et_pb_wc_add_to_cart _builder_version=&#8221;4.21.0&#8243; fields_background_color=&#8221;#d31479&#8243; fields_text_color=&#8221;#FFFFFF&#8221; fields_custom_padding=&#8221;||||false|false&#8221; fields_letter_spacing=&#8221;5px&#8221; custom_button=&#8221;on&#8221; button_text_color=&#8221;#d31479&#8243; global_colors_info=&#8221;{}&#8221; button_text_color__hover_enabled=&#8221;on|hover&#8221; button_text_color__hover=&#8221;#FFFFFF&#8221; button_bg_color__hover_enabled=&#8221;on|hover&#8221; button_bg_color__hover=&#8221;#d31479&#8243; button_bg_enable_color__hover=&#8221;on&#8221;][\/et_pb_wc_add_to_cart][et_pb_wc_meta _builder_version=&#8221;4.21.0&#8243; body_text_color=&#8221;#d31479&#8243; global_colors_info=&#8221;{}&#8221;][\/et_pb_wc_meta][\/et_pb_column][\/et_pb_row][et_pb_row _builder_version=&#8221;4.16&#8243; background_size=&#8221;initial&#8221; background_position=&#8221;top_left&#8221; background_repeat=&#8221;repeat&#8221; width=&#8221;100%&#8221; global_colors_info=&#8221;{}&#8221;][et_pb_column type=&#8221;4_4&#8243; _builder_version=&#8221;4.16&#8243; custom_padding=&#8221;|||&#8221; global_colors_info=&#8221;{}&#8221; custom_padding__hover=&#8221;|||&#8221;][et_pb_wc_tabs active_tab_background_color=&#8221;#d31479&#8243; active_tab_text_color=&#8221;#FFFFFF&#8221; _builder_version=&#8221;4.21.0&#8243; tab_text_color=&#8221;#d31479&#8243; body_text_color=&#8221;#d31479&#8243; border_color_all=&#8221;#d31479&#8243; global_colors_info=&#8221;{}&#8221;] [\/et_pb_wc_tabs][et_pb_wc_upsells _builder_version=&#8221;4.16&#8243; global_colors_info=&#8221;{}&#8221;][\/et_pb_wc_upsells][et_pb_wc_related_products _builder_version=&#8221;4.16&#8243; global_colors_info=&#8221;{}&#8221;][\/et_pb_wc_related_products][\/et_pb_column][\/et_pb_row][\/et_pb_section]<\/p>\n","protected":false},"excerpt":{"rendered":"<p><b>Tapis de protection <\/b><span style=\"font-weight: 400;\">Les tapis pour appareils Pilates sont des accessoires con\u00e7us pour \u00eatre plac\u00e9s sous l&#8217;appareil Pilates Reformer. Ces tapis ont plusieurs fonctions importantes : <\/span><\/p>\n<ul>\n<li style=\"font-weight: 400;\"><b>Protection des sols :<\/b><span style=\"font-weight: 400;\"> Ils aident \u00e0 prot\u00e9ger le sol des rayures, des marques et des dommages \u00e9ventuels que l&#8217;appareil Pilates Reformer pourrait causer pendant l&#8217;utilisation. Ceci est particuli\u00e8rement important si le Reformer est utilis\u00e9 sur des surfaces d\u00e9licates telles que des planchers en bois ou des tapis. <\/span><\/li>\n<li style=\"font-weight: 400;\"><b>Absorption du son et des vibrations :<\/b><span style=\"font-weight: 400;\"> Les tapis de protection peuvent \u00e9galement contribuer \u00e0 r\u00e9duire le bruit et les vibrations produits lors de l&#8217;utilisation du Reformer. Cela est b\u00e9n\u00e9fique \u00e0 la fois pour l&#8217;utilisateur et pour les personnes qui se trouvent \u00e0 proximit\u00e9. <\/span><\/li>\n<li style=\"font-weight: 400;\"><b>Stabilit\u00e9 suppl\u00e9mentaire :<\/b><span style=\"font-weight: 400;\"> En fournissant une base antid\u00e9rapante, les tapis aident \u00e0 maintenir la stabilit\u00e9 du Reformer pendant les exercices, pour une exp\u00e9rience plus s\u00fbre et plus confortable.<\/span><\/li>\n<li style=\"font-weight: 400;\"><b>Durabilit\u00e9 du Reformer :<\/b><span style=\"font-weight: 400;\"> En prot\u00e9geant le sol et en r\u00e9duisant l&#8217;usure de la machine, ces tapis contribuent \u00e9galement \u00e0 prolonger la dur\u00e9e de vie du Reformer.<\/span><\/li>\n<\/ul>\n<p>&nbsp;<\/p>\n","protected":false},"featured_media":261405,"comment_status":"open","ping_status":"closed","template":"","meta":{"_acf_changed":false,"_et_pb_use_builder":"on","_et_pb_old_content":"Taille : 125 cm x 240 cm\r\n\r\n\u00c9paisseur : 7 mm","_et_gb_content_width":"","_joinchat":[]},"product_brand":[],"product_cat":[193],"product_tag":[],"class_list":{"0":"post-261401","1":"product","2":"type-product","3":"status-publish","4":"has-post-thumbnail","6":"product_cat-accessoires-pilates","7":"product_shipping_class-tapis-de-sol-pour-lexpedition","9":"first","10":"instock","11":"taxable","12":"shipping-taxable","13":"purchasable","14":"product-type-simple"},"acf":{"price_it":0.01,"price_fr":"","price_fin":""},"yoast_head":"<!-- This site is optimized with the Yoast SEO plugin v27.5 - https:\/\/yoast.com\/product\/yoast-seo-wordpress\/ -->\n<title>Tapis de Protection de Sol pour Reformer de Pilates<\/title>\n<meta name=\"description\" content=\"Protection du sol : aide \u00e0 prot\u00e9ger le sol des rayures, des marques et des dommages \u00e9ventuels que le Pilates Reformer peut causer pendant l&#039;utilisation.\" \/>\n<meta name=\"robots\" content=\"noindex, follow, max-snippet:-1, max-image-preview:large, max-video-preview:-1\" \/>\n<meta property=\"og:locale\" content=\"fr_FR\" \/>\n<meta property=\"og:type\" content=\"article\" \/>\n<meta property=\"og:title\" content=\"Tapis de Protection de Sol pour Reformer de Pilates\" \/>\n<meta property=\"og:description\" content=\"Protection du sol : aide \u00e0 prot\u00e9ger le sol des rayures, des marques et des dommages \u00e9ventuels que le Pilates Reformer peut causer pendant l&#039;utilisation.\" \/>\n<meta property=\"og:url\" content=\"https:\/\/old.cuorepilates.indexeodev.es\/fr\/accessoires-pilates\/tapis-de-protection\/\" \/>\n<meta property=\"og:site_name\" content=\"CUORE PILATES\" \/>\n<meta property=\"article:modified_time\" content=\"2026-01-01T05:40:25+00:00\" \/>\n<meta property=\"og:image\" content=\"https:\/\/old.cuorepilates.indexeodev.es\/wp-content\/uploads\/2023\/10\/81gIiHcp2XL.jpg\" \/>\n\t<meta property=\"og:image:width\" content=\"800\" \/>\n\t<meta property=\"og:image:height\" content=\"800\" \/>\n\t<meta property=\"og:image:type\" content=\"image\/jpeg\" \/>\n<meta name=\"twitter:card\" content=\"summary_large_image\" \/>\n<meta name=\"twitter:label1\" content=\"Dur\u00e9e de lecture estim\u00e9e\" \/>\n\t<meta name=\"twitter:data1\" content=\"1 minute\" \/>\n<script type=\"application\/ld+json\" class=\"yoast-schema-graph\">{\"@context\":\"https:\\\/\\\/schema.org\",\"@graph\":[{\"@type\":\"WebPage\",\"@id\":\"https:\\\/\\\/old.cuorepilates.indexeodev.es\\\/fr\\\/accessoires-pilates\\\/tapis-de-protection\\\/\",\"url\":\"https:\\\/\\\/old.cuorepilates.indexeodev.es\\\/fr\\\/accessoires-pilates\\\/tapis-de-protection\\\/\",\"name\":\"Tapis de Protection de Sol pour Reformer de Pilates\",\"isPartOf\":{\"@id\":\"https:\\\/\\\/old.cuorepilates.indexeodev.es\\\/fr\\\/#website\"},\"primaryImageOfPage\":{\"@id\":\"https:\\\/\\\/old.cuorepilates.indexeodev.es\\\/fr\\\/accessoires-pilates\\\/tapis-de-protection\\\/#primaryimage\"},\"image\":{\"@id\":\"https:\\\/\\\/old.cuorepilates.indexeodev.es\\\/fr\\\/accessoires-pilates\\\/tapis-de-protection\\\/#primaryimage\"},\"thumbnailUrl\":\"https:\\\/\\\/old.cuorepilates.indexeodev.es\\\/wp-content\\\/uploads\\\/2023\\\/10\\\/81gIiHcp2XL.jpg\",\"datePublished\":\"2023-10-24T11:56:26+00:00\",\"dateModified\":\"2026-01-01T05:40:25+00:00\",\"description\":\"Protection du sol : aide \u00e0 prot\u00e9ger le sol des rayures, des marques et des dommages \u00e9ventuels que le Pilates Reformer peut causer pendant l'utilisation.\",\"breadcrumb\":{\"@id\":\"https:\\\/\\\/old.cuorepilates.indexeodev.es\\\/fr\\\/accessoires-pilates\\\/tapis-de-protection\\\/#breadcrumb\"},\"inLanguage\":\"fr-FR\",\"potentialAction\":[{\"@type\":\"ReadAction\",\"target\":[\"https:\\\/\\\/old.cuorepilates.indexeodev.es\\\/fr\\\/accessoires-pilates\\\/tapis-de-protection\\\/\"]}]},{\"@type\":\"ImageObject\",\"inLanguage\":\"fr-FR\",\"@id\":\"https:\\\/\\\/old.cuorepilates.indexeodev.es\\\/fr\\\/accessoires-pilates\\\/tapis-de-protection\\\/#primaryimage\",\"url\":\"https:\\\/\\\/old.cuorepilates.indexeodev.es\\\/wp-content\\\/uploads\\\/2023\\\/10\\\/81gIiHcp2XL.jpg\",\"contentUrl\":\"https:\\\/\\\/old.cuorepilates.indexeodev.es\\\/wp-content\\\/uploads\\\/2023\\\/10\\\/81gIiHcp2XL.jpg\",\"width\":800,\"height\":800},{\"@type\":\"BreadcrumbList\",\"@id\":\"https:\\\/\\\/old.cuorepilates.indexeodev.es\\\/fr\\\/accessoires-pilates\\\/tapis-de-protection\\\/#breadcrumb\",\"itemListElement\":[{\"@type\":\"ListItem\",\"position\":1,\"name\":\"Portada\",\"item\":\"https:\\\/\\\/old.cuorepilates.indexeodev.es\\\/fr\\\/\"},{\"@type\":\"ListItem\",\"position\":2,\"name\":\"Nuestra tienda\",\"item\":\"https:\\\/\\\/old.cuorepilates.indexeodev.es\\\/nuestra-tienda\\\/\"},{\"@type\":\"ListItem\",\"position\":3,\"name\":\"Tapis protecteurs\"}]},{\"@type\":\"WebSite\",\"@id\":\"https:\\\/\\\/old.cuorepilates.indexeodev.es\\\/fr\\\/#website\",\"url\":\"https:\\\/\\\/old.cuorepilates.indexeodev.es\\\/fr\\\/\",\"name\":\"CUORE PILATES\",\"description\":\"Las m\u00e1quinas de pilates con la mejor Calidad-Precio.\",\"potentialAction\":[{\"@type\":\"SearchAction\",\"target\":{\"@type\":\"EntryPoint\",\"urlTemplate\":\"https:\\\/\\\/old.cuorepilates.indexeodev.es\\\/fr\\\/?s={search_term_string}\"},\"query-input\":{\"@type\":\"PropertyValueSpecification\",\"valueRequired\":true,\"valueName\":\"search_term_string\"}}],\"inLanguage\":\"fr-FR\"}]}<\/script>\n<!-- \/ Yoast SEO plugin. -->","yoast_head_json":{"title":"Tapis de Protection de Sol pour Reformer de Pilates","description":"Protection du sol : aide \u00e0 prot\u00e9ger le sol des rayures, des marques et des dommages \u00e9ventuels que le Pilates Reformer peut causer pendant l'utilisation.","robots":{"index":"noindex","follow":"follow","max-snippet":"max-snippet:-1","max-image-preview":"max-image-preview:large","max-video-preview":"max-video-preview:-1"},"og_locale":"fr_FR","og_type":"article","og_title":"Tapis de Protection de Sol pour Reformer de Pilates","og_description":"Protection du sol : aide \u00e0 prot\u00e9ger le sol des rayures, des marques et des dommages \u00e9ventuels que le Pilates Reformer peut causer pendant l'utilisation.","og_url":"https:\/\/old.cuorepilates.indexeodev.es\/fr\/accessoires-pilates\/tapis-de-protection\/","og_site_name":"CUORE PILATES","article_modified_time":"2026-01-01T05:40:25+00:00","og_image":[{"width":800,"height":800,"url":"https:\/\/old.cuorepilates.indexeodev.es\/wp-content\/uploads\/2023\/10\/81gIiHcp2XL.jpg","type":"image\/jpeg"}],"twitter_card":"summary_large_image","twitter_misc":{"Dur\u00e9e de lecture estim\u00e9e":"1 minute"},"schema":{"@context":"https:\/\/schema.org","@graph":[{"@type":"WebPage","@id":"https:\/\/old.cuorepilates.indexeodev.es\/fr\/accessoires-pilates\/tapis-de-protection\/","url":"https:\/\/old.cuorepilates.indexeodev.es\/fr\/accessoires-pilates\/tapis-de-protection\/","name":"Tapis de Protection de Sol pour Reformer de Pilates","isPartOf":{"@id":"https:\/\/old.cuorepilates.indexeodev.es\/fr\/#website"},"primaryImageOfPage":{"@id":"https:\/\/old.cuorepilates.indexeodev.es\/fr\/accessoires-pilates\/tapis-de-protection\/#primaryimage"},"image":{"@id":"https:\/\/old.cuorepilates.indexeodev.es\/fr\/accessoires-pilates\/tapis-de-protection\/#primaryimage"},"thumbnailUrl":"https:\/\/old.cuorepilates.indexeodev.es\/wp-content\/uploads\/2023\/10\/81gIiHcp2XL.jpg","datePublished":"2023-10-24T11:56:26+00:00","dateModified":"2026-01-01T05:40:25+00:00","description":"Protection du sol : aide \u00e0 prot\u00e9ger le sol des rayures, des marques et des dommages \u00e9ventuels que le Pilates Reformer peut causer pendant l'utilisation.","breadcrumb":{"@id":"https:\/\/old.cuorepilates.indexeodev.es\/fr\/accessoires-pilates\/tapis-de-protection\/#breadcrumb"},"inLanguage":"fr-FR","potentialAction":[{"@type":"ReadAction","target":["https:\/\/old.cuorepilates.indexeodev.es\/fr\/accessoires-pilates\/tapis-de-protection\/"]}]},{"@type":"ImageObject","inLanguage":"fr-FR","@id":"https:\/\/old.cuorepilates.indexeodev.es\/fr\/accessoires-pilates\/tapis-de-protection\/#primaryimage","url":"https:\/\/old.cuorepilates.indexeodev.es\/wp-content\/uploads\/2023\/10\/81gIiHcp2XL.jpg","contentUrl":"https:\/\/old.cuorepilates.indexeodev.es\/wp-content\/uploads\/2023\/10\/81gIiHcp2XL.jpg","width":800,"height":800},{"@type":"BreadcrumbList","@id":"https:\/\/old.cuorepilates.indexeodev.es\/fr\/accessoires-pilates\/tapis-de-protection\/#breadcrumb","itemListElement":[{"@type":"ListItem","position":1,"name":"Portada","item":"https:\/\/old.cuorepilates.indexeodev.es\/fr\/"},{"@type":"ListItem","position":2,"name":"Nuestra tienda","item":"https:\/\/old.cuorepilates.indexeodev.es\/nuestra-tienda\/"},{"@type":"ListItem","position":3,"name":"Tapis protecteurs"}]},{"@type":"WebSite","@id":"https:\/\/old.cuorepilates.indexeodev.es\/fr\/#website","url":"https:\/\/old.cuorepilates.indexeodev.es\/fr\/","name":"CUORE PILATES","description":"Las m\u00e1quinas de pilates con la mejor Calidad-Precio.","potentialAction":[{"@type":"SearchAction","target":{"@type":"EntryPoint","urlTemplate":"https:\/\/old.cuorepilates.indexeodev.es\/fr\/?s={search_term_string}"},"query-input":{"@type":"PropertyValueSpecification","valueRequired":true,"valueName":"search_term_string"}}],"inLanguage":"fr-FR"}]}},"_links":{"self":[{"href":"https:\/\/old.cuorepilates.indexeodev.es\/fr\/wp-json\/wp\/v2\/product\/261401","targetHints":{"allow":["GET"]}}],"collection":[{"href":"https:\/\/old.cuorepilates.indexeodev.es\/fr\/wp-json\/wp\/v2\/product"}],"about":[{"href":"https:\/\/old.cuorepilates.indexeodev.es\/fr\/wp-json\/wp\/v2\/types\/product"}],"replies":[{"embeddable":true,"href":"https:\/\/old.cuorepilates.indexeodev.es\/fr\/wp-json\/wp\/v2\/comments?post=261401"}],"wp:featuredmedia":[{"embeddable":true,"href":"https:\/\/old.cuorepilates.indexeodev.es\/fr\/wp-json\/wp\/v2\/media\/261405"}],"wp:attachment":[{"href":"https:\/\/old.cuorepilates.indexeodev.es\/fr\/wp-json\/wp\/v2\/media?parent=261401"}],"wp:term":[{"taxonomy":"product_brand","embeddable":true,"href":"https:\/\/old.cuorepilates.indexeodev.es\/fr\/wp-json\/wp\/v2\/product_brand?post=261401"},{"taxonomy":"product_cat","embeddable":true,"href":"https:\/\/old.cuorepilates.indexeodev.es\/fr\/wp-json\/wp\/v2\/product_cat?post=261401"},{"taxonomy":"product_tag","embeddable":true,"href":"https:\/\/old.cuorepilates.indexeodev.es\/fr\/wp-json\/wp\/v2\/product_tag?post=261401"}],"curies":[{"name":"wp","href":"https:\/\/api.w.org\/{rel}","templated":true}]}}