{"id":261352,"date":"2024-04-28T08:35:21","date_gmt":"2024-04-28T08:35:21","guid":{"rendered":"https:\/\/old.cuorepilates.indexeodev.es\/uncategorized\/reformer-en-aluminium-avec-tour\/"},"modified":"2026-05-11T10:30:21","modified_gmt":"2026-05-11T08:30:21","slug":"reformer-metallique-avec-tour","status":"publish","type":"product","link":"https:\/\/old.cuorepilates.indexeodev.es\/fr\/reformers-pilates\/reformer-avec-tour\/reformer-metallique-avec-tour\/","title":{"rendered":"Reformer en aluminium avec tour"},"content":{"rendered":"<table dir=\"ltr\" border=\"1\" cellspacing=\"0\" cellpadding=\"0\" data-sheets-root=\"1\">\n<colgroup>\n<col width=\"273\" \/>\n<col width=\"550\" \/><\/colgroup>\n<tbody>\n<tr>\n<td data-sheets-value=\"{\">HAUTEUR DE LA PERCHE<\/td>\n<td data-sheets-value=\"{\">R\u00e9glable en 11 positions<\/td>\n<\/tr>\n<tr>\n<td data-sheets-value=\"{\">BARRE DE PIEDS<\/td>\n<td data-sheets-value=\"{\">5 positions, barre coulissante en 8 positions<\/td>\n<\/tr>\n<tr>\n<td data-sheets-value=\"{\">RESSORTS DE CHARIOT R\u00c9GLABLES<\/td>\n<td data-sheets-value=\"{\">2 hauteurs et 3 intensit\u00e9s de force (les ressorts du chariot sont r\u00e9glables en hauteur et en intensit\u00e9). 2 ressorts rouges (forts), 2 ressorts verts (moyens) et 2 ressorts jaunes (l\u00e9gers).<\/td>\n<\/tr>\n<tr>\n<td data-sheets-value=\"{\">LA SOURCE<\/td>\n<td data-sheets-value=\"{\">3 positions<\/td>\n<\/tr>\n<tr>\n<td data-sheets-value=\"{\">\u00c9CARTEURS D&#8217;\u00c9PAULES<\/td>\n<td data-sheets-value=\"{\">Amovibles et interchangeables, 2 positions pour modifier la s\u00e9paration des \u00e9paules.<\/td>\n<\/tr>\n<tr>\n<td data-sheets-value=\"{\">MAT\u00c9RIAU<\/td>\n<td data-sheets-value=\"{\">Aluminium<\/td>\n<\/tr>\n<tr>\n<td data-sheets-value=\"{\">MESURES<\/td>\n<td data-sheets-value=\"{\">Longueur : 244 cm, Largeur : 91 cm, Hauteur : 192 cm<\/td>\n<\/tr>\n<tr>\n<td data-sheets-value=\"{\">POIDS<\/td>\n<td data-sheets-value=\"{\">125 KG<\/td>\n<\/tr>\n<tr>\n<td colspan=\"1\" rowspan=\"8\" data-sheets-value=\"{\">\n<div>ACCESSOIRES DE REFORMAGE :<\/div>\n<\/td>\n<td data-sheets-value=\"{\">Deux ressorts rouges (forts), 2 ressorts verts (moyens) et 2 ressorts jaunes (l\u00e9gers)<\/td>\n<\/tr>\n<tr>\n<td data-sheets-value=\"{\">Un ensemble de doubles poign\u00e9es confortables pour une utilisation \u00e0 la main ou au pied.<\/td>\n<\/tr>\n<tr>\n<td data-sheets-value=\"{\">Plate-forme pour les pieds avec surface antid\u00e9rapante<\/td>\n<\/tr>\n<tr>\n<td data-sheets-value=\"{\">Ceinture de stabilit\u00e9<\/td>\n<\/tr>\n<tr>\n<td data-sheets-value=\"{\">Bo\u00eete, bo\u00eete pour donner de la polyvalence aux exercices sur le chariot.<\/td>\n<\/tr>\n<tr>\n<td data-sheets-value=\"{\">Mat, qui transforme le reformer en civi\u00e8re pour les exercices au sol.<\/td>\n<\/tr>\n<tr>\n<td data-sheets-value=\"{\">Table de saut<\/td>\n<\/tr>\n<tr>\n<td data-sheets-value=\"{\">Tapis d&#8217;extension rembourr\u00e9<\/td>\n<\/tr>\n<tr>\n<td colspan=\"1\" rowspan=\"4\" data-sheets-value=\"{\">\n<div>ACCESSOIRES DE LA TOUR :<\/div>\n<\/td>\n<td data-sheets-value=\"{\">Ressorts avec poign\u00e9es pour le travail des membres sup\u00e9rieurs.<\/td>\n<\/tr>\n<tr>\n<td data-sheets-value=\"{\">Brochet en bois<\/td>\n<\/tr>\n<tr>\n<td data-sheets-value=\"{\">Barre de pouss\u00e9e antid\u00e9rapante, r\u00e9glable en hauteur. Avec sangle de s\u00e9curit\u00e9.<\/td>\n<\/tr>\n<tr>\n<td data-sheets-value=\"{\">13 positions pour travailler avec des ressorts, et des pics en fonction des besoins.<\/td>\n<\/tr>\n<\/tbody>\n<\/table>\n<p>&nbsp;<\/p>\n<p>&nbsp;<\/p>\n","protected":false},"excerpt":{"rendered":"<p>En compl\u00e9ment de notre mod\u00e8le de reformer en bois avec tour, nous vous proposons ce mod\u00e8le en aluminium, avec une esth\u00e9tique plus moderne et un produit plus l\u00e9ger que la version en bois, ce qui nous permettra de d\u00e9placer plus facilement le reformer d&#8217;un endroit \u00e0 l&#8217;autre dans notre centre Pilates.<\/p>\n<p>Par rapport \u00e0 un reformer traditionnel sans tour, qu&#8217;il soit en bois ou en aluminium, ce mod\u00e8le de reformer en aluminium avec tour nous offre la possibilit\u00e9 d&#8217;augmenter le nombre d&#8217;exercices et de mouvements gr\u00e2ce \u00e0 ses poulies et barres que nous pouvons placer \u00e0 diff\u00e9rentes hauteurs de la tour.<\/p>\n","protected":false},"featured_media":262749,"comment_status":"open","ping_status":"closed","template":"","meta":{"_acf_changed":false,"_et_pb_use_builder":"","_et_pb_old_content":"","_et_gb_content_width":"","_joinchat":[]},"product_brand":[],"product_cat":[217],"product_tag":[199,200],"class_list":{"0":"post-261352","1":"product","2":"type-product","3":"status-publish","4":"has-post-thumbnail","6":"product_cat-reformer-avec-tour","7":"product_tag-reformateur-avec-tour","8":"product_tag-reformeur-daluminium","9":"product_shipping_class-expedition-reformer-professionnel-avec-tour","11":"first","12":"instock","13":"taxable","14":"shipping-taxable","15":"purchasable","16":"product-type-simple"},"acf":{"price_it":0.01,"price_fr":"","price_fin":""},"yoast_head":"<!-- This site is optimized with the Yoast SEO plugin v27.5 - https:\/\/yoast.com\/product\/yoast-seo-wordpress\/ -->\n<title>Reformer en Aluminium avec Tour pour Pilates<\/title>\n<meta name=\"description\" content=\"Reformer en aluminium avec tour. Un reformer Pilates au design moderne, fonctionnel et, gr\u00e2ce \u00e0 sa l\u00e9g\u00e8ret\u00e9, facile \u00e0 d\u00e9placer dans la pi\u00e8ce.\" \/>\n<meta name=\"robots\" content=\"noindex, follow, max-snippet:-1, max-image-preview:large, max-video-preview:-1\" \/>\n<meta property=\"og:locale\" content=\"fr_FR\" \/>\n<meta property=\"og:type\" content=\"article\" \/>\n<meta property=\"og:title\" content=\"Reformer en Aluminium avec Tour pour Pilates\" \/>\n<meta property=\"og:description\" content=\"Reformer en aluminium avec tour. Un reformer Pilates au design moderne, fonctionnel et, gr\u00e2ce \u00e0 sa l\u00e9g\u00e8ret\u00e9, facile \u00e0 d\u00e9placer dans la pi\u00e8ce.\" \/>\n<meta property=\"og:url\" content=\"https:\/\/old.cuorepilates.indexeodev.es\/fr\/reformers-pilates\/reformer-avec-tour\/reformer-metallique-avec-tour\/\" \/>\n<meta property=\"og:site_name\" content=\"CUORE PILATES\" \/>\n<meta property=\"article:modified_time\" content=\"2026-05-11T08:30:21+00:00\" \/>\n<meta property=\"og:image\" content=\"https:\/\/old.cuorepilates.indexeodev.es\/wp-content\/uploads\/2024\/04\/REFTORREALU-2024_1.png\" \/>\n\t<meta property=\"og:image:width\" content=\"992\" \/>\n\t<meta property=\"og:image:height\" content=\"1056\" \/>\n\t<meta property=\"og:image:type\" content=\"image\/png\" \/>\n<meta name=\"twitter:card\" content=\"summary_large_image\" \/>\n<meta name=\"twitter:label1\" content=\"Dur\u00e9e de lecture estim\u00e9e\" \/>\n\t<meta name=\"twitter:data1\" content=\"2 minutes\" \/>\n<script type=\"application\/ld+json\" class=\"yoast-schema-graph\">{\"@context\":\"https:\\\/\\\/schema.org\",\"@graph\":[{\"@type\":\"WebPage\",\"@id\":\"https:\\\/\\\/old.cuorepilates.indexeodev.es\\\/fr\\\/reformers-pilates\\\/reformer-avec-tour\\\/reformer-metallique-avec-tour\\\/\",\"url\":\"https:\\\/\\\/old.cuorepilates.indexeodev.es\\\/fr\\\/reformers-pilates\\\/reformer-avec-tour\\\/reformer-metallique-avec-tour\\\/\",\"name\":\"Reformer en Aluminium avec Tour pour Pilates\",\"isPartOf\":{\"@id\":\"https:\\\/\\\/old.cuorepilates.indexeodev.es\\\/fr\\\/#website\"},\"primaryImageOfPage\":{\"@id\":\"https:\\\/\\\/old.cuorepilates.indexeodev.es\\\/fr\\\/reformers-pilates\\\/reformer-avec-tour\\\/reformer-metallique-avec-tour\\\/#primaryimage\"},\"image\":{\"@id\":\"https:\\\/\\\/old.cuorepilates.indexeodev.es\\\/fr\\\/reformers-pilates\\\/reformer-avec-tour\\\/reformer-metallique-avec-tour\\\/#primaryimage\"},\"thumbnailUrl\":\"https:\\\/\\\/old.cuorepilates.indexeodev.es\\\/wp-content\\\/uploads\\\/2024\\\/04\\\/REFTORREALU-2024_1.png\",\"datePublished\":\"2024-04-28T08:35:21+00:00\",\"dateModified\":\"2026-05-11T08:30:21+00:00\",\"description\":\"Reformer en aluminium avec tour. Un reformer Pilates au design moderne, fonctionnel et, gr\u00e2ce \u00e0 sa l\u00e9g\u00e8ret\u00e9, facile \u00e0 d\u00e9placer dans la pi\u00e8ce.\",\"breadcrumb\":{\"@id\":\"https:\\\/\\\/old.cuorepilates.indexeodev.es\\\/fr\\\/reformers-pilates\\\/reformer-avec-tour\\\/reformer-metallique-avec-tour\\\/#breadcrumb\"},\"inLanguage\":\"fr-FR\",\"potentialAction\":[{\"@type\":\"ReadAction\",\"target\":[\"https:\\\/\\\/old.cuorepilates.indexeodev.es\\\/fr\\\/reformers-pilates\\\/reformer-avec-tour\\\/reformer-metallique-avec-tour\\\/\"]}]},{\"@type\":\"ImageObject\",\"inLanguage\":\"fr-FR\",\"@id\":\"https:\\\/\\\/old.cuorepilates.indexeodev.es\\\/fr\\\/reformers-pilates\\\/reformer-avec-tour\\\/reformer-metallique-avec-tour\\\/#primaryimage\",\"url\":\"https:\\\/\\\/old.cuorepilates.indexeodev.es\\\/wp-content\\\/uploads\\\/2024\\\/04\\\/REFTORREALU-2024_1.png\",\"contentUrl\":\"https:\\\/\\\/old.cuorepilates.indexeodev.es\\\/wp-content\\\/uploads\\\/2024\\\/04\\\/REFTORREALU-2024_1.png\",\"width\":992,\"height\":1056},{\"@type\":\"BreadcrumbList\",\"@id\":\"https:\\\/\\\/old.cuorepilates.indexeodev.es\\\/fr\\\/reformers-pilates\\\/reformer-avec-tour\\\/reformer-metallique-avec-tour\\\/#breadcrumb\",\"itemListElement\":[{\"@type\":\"ListItem\",\"position\":1,\"name\":\"Portada\",\"item\":\"https:\\\/\\\/old.cuorepilates.indexeodev.es\\\/fr\\\/\"},{\"@type\":\"ListItem\",\"position\":2,\"name\":\"Nuestra tienda\",\"item\":\"https:\\\/\\\/old.cuorepilates.indexeodev.es\\\/nuestra-tienda\\\/\"},{\"@type\":\"ListItem\",\"position\":3,\"name\":\"Reformer en aluminium avec tour\"}]},{\"@type\":\"WebSite\",\"@id\":\"https:\\\/\\\/old.cuorepilates.indexeodev.es\\\/fr\\\/#website\",\"url\":\"https:\\\/\\\/old.cuorepilates.indexeodev.es\\\/fr\\\/\",\"name\":\"CUORE PILATES\",\"description\":\"Las m\u00e1quinas de pilates con la mejor Calidad-Precio.\",\"potentialAction\":[{\"@type\":\"SearchAction\",\"target\":{\"@type\":\"EntryPoint\",\"urlTemplate\":\"https:\\\/\\\/old.cuorepilates.indexeodev.es\\\/fr\\\/?s={search_term_string}\"},\"query-input\":{\"@type\":\"PropertyValueSpecification\",\"valueRequired\":true,\"valueName\":\"search_term_string\"}}],\"inLanguage\":\"fr-FR\"}]}<\/script>\n<!-- \/ Yoast SEO plugin. -->","yoast_head_json":{"title":"Reformer en Aluminium avec Tour pour Pilates","description":"Reformer en aluminium avec tour. Un reformer Pilates au design moderne, fonctionnel et, gr\u00e2ce \u00e0 sa l\u00e9g\u00e8ret\u00e9, facile \u00e0 d\u00e9placer dans la pi\u00e8ce.","robots":{"index":"noindex","follow":"follow","max-snippet":"max-snippet:-1","max-image-preview":"max-image-preview:large","max-video-preview":"max-video-preview:-1"},"og_locale":"fr_FR","og_type":"article","og_title":"Reformer en Aluminium avec Tour pour Pilates","og_description":"Reformer en aluminium avec tour. Un reformer Pilates au design moderne, fonctionnel et, gr\u00e2ce \u00e0 sa l\u00e9g\u00e8ret\u00e9, facile \u00e0 d\u00e9placer dans la pi\u00e8ce.","og_url":"https:\/\/old.cuorepilates.indexeodev.es\/fr\/reformers-pilates\/reformer-avec-tour\/reformer-metallique-avec-tour\/","og_site_name":"CUORE PILATES","article_modified_time":"2026-05-11T08:30:21+00:00","og_image":[{"width":992,"height":1056,"url":"https:\/\/old.cuorepilates.indexeodev.es\/wp-content\/uploads\/2024\/04\/REFTORREALU-2024_1.png","type":"image\/png"}],"twitter_card":"summary_large_image","twitter_misc":{"Dur\u00e9e de lecture estim\u00e9e":"2 minutes"},"schema":{"@context":"https:\/\/schema.org","@graph":[{"@type":"WebPage","@id":"https:\/\/old.cuorepilates.indexeodev.es\/fr\/reformers-pilates\/reformer-avec-tour\/reformer-metallique-avec-tour\/","url":"https:\/\/old.cuorepilates.indexeodev.es\/fr\/reformers-pilates\/reformer-avec-tour\/reformer-metallique-avec-tour\/","name":"Reformer en Aluminium avec Tour pour Pilates","isPartOf":{"@id":"https:\/\/old.cuorepilates.indexeodev.es\/fr\/#website"},"primaryImageOfPage":{"@id":"https:\/\/old.cuorepilates.indexeodev.es\/fr\/reformers-pilates\/reformer-avec-tour\/reformer-metallique-avec-tour\/#primaryimage"},"image":{"@id":"https:\/\/old.cuorepilates.indexeodev.es\/fr\/reformers-pilates\/reformer-avec-tour\/reformer-metallique-avec-tour\/#primaryimage"},"thumbnailUrl":"https:\/\/old.cuorepilates.indexeodev.es\/wp-content\/uploads\/2024\/04\/REFTORREALU-2024_1.png","datePublished":"2024-04-28T08:35:21+00:00","dateModified":"2026-05-11T08:30:21+00:00","description":"Reformer en aluminium avec tour. Un reformer Pilates au design moderne, fonctionnel et, gr\u00e2ce \u00e0 sa l\u00e9g\u00e8ret\u00e9, facile \u00e0 d\u00e9placer dans la pi\u00e8ce.","breadcrumb":{"@id":"https:\/\/old.cuorepilates.indexeodev.es\/fr\/reformers-pilates\/reformer-avec-tour\/reformer-metallique-avec-tour\/#breadcrumb"},"inLanguage":"fr-FR","potentialAction":[{"@type":"ReadAction","target":["https:\/\/old.cuorepilates.indexeodev.es\/fr\/reformers-pilates\/reformer-avec-tour\/reformer-metallique-avec-tour\/"]}]},{"@type":"ImageObject","inLanguage":"fr-FR","@id":"https:\/\/old.cuorepilates.indexeodev.es\/fr\/reformers-pilates\/reformer-avec-tour\/reformer-metallique-avec-tour\/#primaryimage","url":"https:\/\/old.cuorepilates.indexeodev.es\/wp-content\/uploads\/2024\/04\/REFTORREALU-2024_1.png","contentUrl":"https:\/\/old.cuorepilates.indexeodev.es\/wp-content\/uploads\/2024\/04\/REFTORREALU-2024_1.png","width":992,"height":1056},{"@type":"BreadcrumbList","@id":"https:\/\/old.cuorepilates.indexeodev.es\/fr\/reformers-pilates\/reformer-avec-tour\/reformer-metallique-avec-tour\/#breadcrumb","itemListElement":[{"@type":"ListItem","position":1,"name":"Portada","item":"https:\/\/old.cuorepilates.indexeodev.es\/fr\/"},{"@type":"ListItem","position":2,"name":"Nuestra tienda","item":"https:\/\/old.cuorepilates.indexeodev.es\/nuestra-tienda\/"},{"@type":"ListItem","position":3,"name":"Reformer en aluminium avec tour"}]},{"@type":"WebSite","@id":"https:\/\/old.cuorepilates.indexeodev.es\/fr\/#website","url":"https:\/\/old.cuorepilates.indexeodev.es\/fr\/","name":"CUORE PILATES","description":"Las m\u00e1quinas de pilates con la mejor Calidad-Precio.","potentialAction":[{"@type":"SearchAction","target":{"@type":"EntryPoint","urlTemplate":"https:\/\/old.cuorepilates.indexeodev.es\/fr\/?s={search_term_string}"},"query-input":{"@type":"PropertyValueSpecification","valueRequired":true,"valueName":"search_term_string"}}],"inLanguage":"fr-FR"}]}},"_links":{"self":[{"href":"https:\/\/old.cuorepilates.indexeodev.es\/fr\/wp-json\/wp\/v2\/product\/261352","targetHints":{"allow":["GET"]}}],"collection":[{"href":"https:\/\/old.cuorepilates.indexeodev.es\/fr\/wp-json\/wp\/v2\/product"}],"about":[{"href":"https:\/\/old.cuorepilates.indexeodev.es\/fr\/wp-json\/wp\/v2\/types\/product"}],"replies":[{"embeddable":true,"href":"https:\/\/old.cuorepilates.indexeodev.es\/fr\/wp-json\/wp\/v2\/comments?post=261352"}],"wp:featuredmedia":[{"embeddable":true,"href":"https:\/\/old.cuorepilates.indexeodev.es\/fr\/wp-json\/wp\/v2\/media\/262749"}],"wp:attachment":[{"href":"https:\/\/old.cuorepilates.indexeodev.es\/fr\/wp-json\/wp\/v2\/media?parent=261352"}],"wp:term":[{"taxonomy":"product_brand","embeddable":true,"href":"https:\/\/old.cuorepilates.indexeodev.es\/fr\/wp-json\/wp\/v2\/product_brand?post=261352"},{"taxonomy":"product_cat","embeddable":true,"href":"https:\/\/old.cuorepilates.indexeodev.es\/fr\/wp-json\/wp\/v2\/product_cat?post=261352"},{"taxonomy":"product_tag","embeddable":true,"href":"https:\/\/old.cuorepilates.indexeodev.es\/fr\/wp-json\/wp\/v2\/product_tag?post=261352"}],"curies":[{"name":"wp","href":"https:\/\/api.w.org\/{rel}","templated":true}]}}