{"id":261679,"date":"2023-06-09T17:48:35","date_gmt":"2023-06-09T17:48:35","guid":{"rendered":"https:\/\/old.cuorepilates.indexeodev.es\/chariot\/"},"modified":"2025-09-23T21:07:01","modified_gmt":"2025-09-23T21:07:01","slug":"chariot","status":"publish","type":"page","link":"https:\/\/old.cuorepilates.indexeodev.es\/fr\/chariot\/","title":{"rendered":"Chariot"},"content":{"rendered":"<p>[et_pb_section fb_built=&#8221;1&#8243; _builder_version=&#8221;4.16&#8243; custom_padding=&#8221;||100px|||&#8221; global_colors_info=&#8221;{}&#8221;][et_pb_row _builder_version=&#8221;4.16&#8243; background_size=&#8221;initial&#8221; background_position=&#8221;top_left&#8221; background_repeat=&#8221;repeat&#8221; global_colors_info=&#8221;{}&#8221;][et_pb_column type=&#8221;4_4&#8243; _builder_version=&#8221;4.16&#8243; custom_padding=&#8221;|||&#8221; global_colors_info=&#8221;{}&#8221; custom_padding__hover=&#8221;|||&#8221;][et_pb_post_title meta=&#8221;off&#8221; featured_image=&#8221;off&#8221; _builder_version=&#8221;4.21.0&#8243; global_colors_info=&#8221;{}&#8221;][\/et_pb_post_title][et_pb_wc_cart_notice _builder_version=&#8221;4.21.0&#8243; title_font=&#8221;Zen Kaku Gothic New||||||||&#8221; title_text_color=&#8221;#000000&#8243; error_font=&#8221;Zen Kaku Gothic New||||||||&#8221; error_text_color=&#8221;#E02B20&#8243; background_color=&#8221;gcid-7995c5f0-6514-4744-85f0-073eef7ebfb2&#8243; custom_button=&#8221;on&#8221; button_text_color=&#8221;#FFFFFF&#8221; button_bg_color=&#8221;#000000&#8243; button_border_color=&#8221;#000000&#8243; global_colors_info=&#8221;{%22gcid-7995c5f0-6514-4744-85f0-073eef7ebfb2%22:%91%22background_color%22%93}&#8221;][\/et_pb_wc_cart_notice][et_pb_text _builder_version=&#8221;4.27.4&#8243; _module_preset=&#8221;default&#8221; hover_enabled=&#8221;0&#8243; sticky_enabled=&#8221;0&#8243;]<\/p>\n<p style=\"text-align: center;\"><em>Les commandes \u00e0 destination des \u00celes Canaries et des \u00celes Bal\u00e9ares sont soumises \u00e0 des frais d&#8217;exp\u00e9dition suppl\u00e9mentaires. Pour plus d&#8217;informations ou pour g\u00e9rer votre commande, veuillez contacter notre \u00e9quipe de vente. <\/em><\/p>\n<p>[\/et_pb_text][\/et_pb_column][\/et_pb_row][et_pb_row column_structure=&#8221;3_5,2_5&#8243; make_equal=&#8221;on&#8221; _builder_version=&#8221;4.21.0&#8243; _module_preset=&#8221;default&#8221; background_color=&#8221;#FFFFFF&#8221; custom_margin=&#8221;||||false|false&#8221; custom_padding=&#8221;|20px|||false|false&#8221; custom_css_main_element=&#8221;display:flex;||align-items:center;&#8221; border_radii=&#8221;on|10px|10px|10px|10px&#8221; global_colors_info=&#8221;{}&#8221; custom_css_main_element_last_edited=&#8221;on|tablet&#8221; custom_css_main_element_tablet=&#8221;display:flex;||flex-direction:column;&#8221; custom_css_main_element_phone=&#8221;display:flex;||flex-direction:column;&#8221;][et_pb_column type=&#8221;3_5&#8243; _builder_version=&#8221;4.21.0&#8243; _module_preset=&#8221;default&#8221; background_color=&#8221;gcid-7995c5f0-6514-4744-85f0-073eef7ebfb2&#8243; custom_padding=&#8221;100px||20px||false|false&#8221; box_shadow_style=&#8221;preset1&#8243; global_colors_info=&#8221;{%22gcid-7995c5f0-6514-4744-85f0-073eef7ebfb2%22:%91%22background_color%22%93}&#8221;][et_pb_wc_cart_products row_layout=&#8221;vertical&#8221; placeholder_color=&#8221;#000000&#8243; show_coupon_code=&#8221;off&#8221; _builder_version=&#8221;4.21.0&#8243; table_background_color=&#8221;#FFFFFF&#8221; table_row_background_color=&#8221;RGBA(255,255,255,0)&#8221; table_cell_background_color=&#8221;RGBA(255,255,255,0)&#8221; table_cell_alternating_background_color=&#8221;#FFFFFF&#8221; icon_background_color=&#8221;#FFFFFF&#8221; icon_text_color=&#8221;#E02B20&#8243; form_field_text_color=&#8221;#000000&#8243; form_field_focus_text_color=&#8221;#000000&#8243; body_text_color=&#8221;#000000&#8243; link_font=&#8221;|800|||||||&#8221; link_text_color=&#8221;#b10a93&#8243; table_header_font=&#8221;Zen Kaku Gothic New|700||on|||||&#8221; table_header_text_color=&#8221;#000000&#8243; custom_button=&#8221;on&#8221; button_text_color=&#8221;#FFFFFF&#8221; button_bg_color=&#8221;#b10a93&#8243; button_border_color=&#8221;#b10a93&#8243; custom_disabled_button=&#8221;on&#8221; disabled_button_text_color=&#8221;#FFFFFF&#8221; disabled_button_bg_color=&#8221;#000000&#8243; disabled_button_border_color=&#8221;#000000&#8243; position_origin_a=&#8221;top_center&#8221; position_origin_r=&#8221;top_right&#8221; vertical_offset=&#8221;-137px&#8221; horizontal_offset=&#8221;20px&#8221; text_orientation=&#8221;left&#8221; width=&#8221;100%&#8221; overflow-x=&#8221;hidden&#8221; overflow-y=&#8221;hidden&#8221; custom_margin=&#8221;||||false|false&#8221; custom_padding=&#8221;||||false|false&#8221; border_radii=&#8221;on|10px|10px|10px|10px&#8221; border_color_all_table=&#8221;#000000&#8243; border_color_all_table_cell=&#8221;#000000&#8243; global_colors_info=&#8221;{}&#8221; table_cell_custom_padding__hover_enabled=&#8221;off|desktop&#8221; disabled_button_bg_color__hover_enabled=&#8221;on|desktop&#8221; disabled_button_bg_color__hover=&#8221;#000000&#8243;][\/et_pb_wc_cart_products][\/et_pb_column][et_pb_column type=&#8221;2_5&#8243; _builder_version=&#8221;4.21.0&#8243; _module_preset=&#8221;default&#8221; background_color=&#8221;gcid-7995c5f0-6514-4744-85f0-073eef7ebfb2&#8243; custom_padding=&#8221;100px||20px||false|false&#8221; border_radii=&#8221;on|6px|6px|6px|6px&#8221; box_shadow_style=&#8221;preset1&#8243; global_colors_info=&#8221;{%22gcid-7995c5f0-6514-4744-85f0-073eef7ebfb2%22:%91%22background_color%22%93}&#8221;][et_pb_wc_cart_totals _builder_version=&#8221;4.21.0&#8243; table_background_color=&#8221;#FFFFFF&#8221; title_text_color=&#8221;#000000&#8243; column_label_text_color=&#8221;#000000&#8243; body_text_color=&#8221;#000000&#8243; link_text_color=&#8221;gcid-1b9885b1-d5db-4c39-ab49-d8f90e824600&#8243; background_enable_color=&#8221;off&#8221; custom_button=&#8221;on&#8221; button_text_color=&#8221;#b10a93&#8243; button_bg_color=&#8221;#FFFFFF&#8221; button_border_width=&#8221;1px&#8221; button_border_color=&#8221;gcid-1b9885b1-d5db-4c39-ab49-d8f90e824600&#8243; custom_padding=&#8221;|20px||20px|false|true&#8221; border_width_all_table=&#8221;0px&#8221; border_color_all_table=&#8221;#E09900&#8243; border_color_all_table_cell=&#8221;RGBA(255,255,255,0)&#8221; box_shadow_style_button=&#8221;preset2&#8243; global_colors_info=&#8221;{%22gcid-1b9885b1-d5db-4c39-ab49-d8f90e824600%22:%91%22link_text_color%22,%22button_border_color%22%93}&#8221;][\/et_pb_wc_cart_totals][\/et_pb_column][\/et_pb_row][et_pb_row _builder_version=&#8221;4.21.0&#8243; _module_preset=&#8221;default&#8221; global_colors_info=&#8221;{}&#8221;][et_pb_column type=&#8221;4_4&#8243; _builder_version=&#8221;4.21.0&#8243; _module_preset=&#8221;default&#8221; global_colors_info=&#8221;{}&#8221;][et_pb_text _builder_version=&#8221;4.21.0&#8243; _module_preset=&#8221;default&#8221; header_3_font=&#8221;|700||on|||||&#8221; header_3_font_size=&#8221;30px&#8221; global_colors_info=&#8221;{}&#8221;]<\/p>\n<h3 style=\"text-align: center;\">Instructions pour la livraison des marchandises<\/h3>\n<p>[\/et_pb_text][\/et_pb_column][\/et_pb_row][et_pb_row column_structure=&#8221;1_2,1_2&#8243; _builder_version=&#8221;4.21.0&#8243; _module_preset=&#8221;default&#8221; locked=&#8221;off&#8221; global_colors_info=&#8221;{}&#8221;][et_pb_column type=&#8221;1_2&#8243; _builder_version=&#8221;4.21.0&#8243; _module_preset=&#8221;default&#8221; global_colors_info=&#8221;{}&#8221;][et_pb_blurb title=&#8221;Acc\u00e8s pour le camion de livraison :&#8221; use_icon=&#8221;on&#8221; font_icon=&#8221;&#x52;||divi||400&#8243; icon_color=&#8221;gcid-1b9885b1-d5db-4c39-ab49-d8f90e824600&#8243; icon_placement=&#8221;left&#8221; image_icon_width=&#8221;22px&#8221; _builder_version=&#8221;4.21.0&#8243; _module_preset=&#8221;default&#8221; header_font=&#8221;|700|||||||&#8221; header_font_size=&#8221;20px&#8221; body_font=&#8221;Zen Kaku Gothic New||||||||&#8221; body_text_color=&#8221;#000000&#8243; body_font_size=&#8221;18px&#8221; body_line_height=&#8221;1.8em&#8221; global_colors_info=&#8221;{%22gcid-1b9885b1-d5db-4c39-ab49-d8f90e824600%22:%91%22icon_color%22%93}&#8221;]Veillez \u00e0 ce que le site de livraison dispose d&#8217;un espace et d&#8217;un acc\u00e8s \u00e0 la rue suffisants pour un camion de transport de marchandises volumineuses.<br \/>\n[\/et_pb_blurb][\/et_pb_column][et_pb_column type=&#8221;1_2&#8243; _builder_version=&#8221;4.21.0&#8243; _module_preset=&#8221;default&#8221; global_colors_info=&#8221;{}&#8221;][et_pb_blurb title=&#8221;Disponibilit\u00e9 \u00e0 l&apos;adresse de livraison :&#8221; use_icon=&#8221;on&#8221; font_icon=&#8221;&#x52;||divi||400&#8243; icon_color=&#8221;gcid-1b9885b1-d5db-4c39-ab49-d8f90e824600&#8243; icon_placement=&#8221;left&#8221; image_icon_width=&#8221;22px&#8221; _builder_version=&#8221;4.21.0&#8243; _module_preset=&#8221;default&#8221; header_font=&#8221;|700|||||||&#8221; header_font_size=&#8221;20px&#8221; body_font=&#8221;Zen Kaku Gothic New||||||||&#8221; body_text_color=&#8221;#000000&#8243; body_font_size=&#8221;18px&#8221; body_line_height=&#8221;1.8em&#8221; global_colors_info=&#8221;{%22gcid-1b9885b1-d5db-4c39-ab49-d8f90e824600%22:%91%22icon_color%22%93}&#8221;]Confirmez que quelqu&#8217;un est disponible \u00e0 l&#8217;adresse de livraison pour recevoir les marchandises \u00e0 la date et \u00e0 l&#8217;heure pr\u00e9vues.<br \/>\n[\/et_pb_blurb][\/et_pb_column][\/et_pb_row][et_pb_row column_structure=&#8221;1_2,1_2&#8243; _builder_version=&#8221;4.21.0&#8243; _module_preset=&#8221;default&#8221; locked=&#8221;off&#8221; global_colors_info=&#8221;{}&#8221;][et_pb_column type=&#8221;1_2&#8243; _builder_version=&#8221;4.21.0&#8243; _module_preset=&#8221;default&#8221; global_colors_info=&#8221;{}&#8221;][et_pb_blurb title=&#8221;Coordination des livraisons&#8221; use_icon=&#8221;on&#8221; font_icon=&#8221;&#x52;||divi||400&#8243; icon_color=&#8221;gcid-1b9885b1-d5db-4c39-ab49-d8f90e824600&#8243; icon_placement=&#8221;left&#8221; image_icon_width=&#8221;22px&#8221; _builder_version=&#8221;4.21.0&#8243; _module_preset=&#8221;default&#8221; header_font=&#8221;|700|||||||&#8221; header_font_size=&#8221;20px&#8221; body_font=&#8221;Zen Kaku Gothic New||||||||&#8221; body_text_color=&#8221;#000000&#8243; body_font_size=&#8221;18px&#8221; body_line_height=&#8221;1.8em&#8221; global_colors_info=&#8221;{%22gcid-1b9885b1-d5db-4c39-ab49-d8f90e824600%22:%91%22icon_color%22%93}&#8221;]Notre \u00e9quipe de livraison vous contactera avant votre arriv\u00e9e pour coordonner les d\u00e9tails et faciliter la r\u00e9ception dans la rue.<br \/>\n[\/et_pb_blurb][\/et_pb_column][et_pb_column type=&#8221;1_2&#8243; _builder_version=&#8221;4.21.0&#8243; _module_preset=&#8221;default&#8221; global_colors_info=&#8221;{}&#8221;][et_pb_blurb title=&#8221;V\u00e9rification du produit :&#8221; use_icon=&#8221;on&#8221; font_icon=&#8221;&#x52;||divi||400&#8243; icon_color=&#8221;gcid-1b9885b1-d5db-4c39-ab49-d8f90e824600&#8243; icon_placement=&#8221;left&#8221; image_icon_width=&#8221;22px&#8221; _builder_version=&#8221;4.21.0&#8243; _module_preset=&#8221;default&#8221; header_font=&#8221;|700|||||||&#8221; header_font_size=&#8221;20px&#8221; body_font=&#8221;Zen Kaku Gothic New||||||||&#8221; body_text_color=&#8221;#000000&#8243; body_font_size=&#8221;18px&#8221; body_line_height=&#8221;1.8em&#8221; global_colors_info=&#8221;{%22gcid-1b9885b1-d5db-4c39-ab49-d8f90e824600%22:%91%22icon_color%22%93}&#8221;]\u00c0 la r\u00e9ception des produits, veuillez v\u00e9rifier l&#8217;int\u00e9grit\u00e9 du colis et des articles. En cas de probl\u00e8me, veuillez contacter imm\u00e9diatement notre service client\u00e8le.<br \/>\n[\/et_pb_blurb][\/et_pb_column][\/et_pb_row][et_pb_row _builder_version=&#8221;4.21.0&#8243; _module_preset=&#8221;default&#8221; global_colors_info=&#8221;{}&#8221;][et_pb_column type=&#8221;4_4&#8243; _builder_version=&#8221;4.21.0&#8243; _module_preset=&#8221;default&#8221; global_colors_info=&#8221;{}&#8221;][et_pb_text _builder_version=&#8221;4.21.0&#8243; _module_preset=&#8221;default&#8221; text_font_size=&#8221;18px&#8221; text_orientation=&#8221;justified&#8221; module_alignment=&#8221;center&#8221; custom_padding=&#8221;|||50px|false|false&#8221; global_colors_info=&#8221;{}&#8221;]Veuillez noter que la livraison aura lieu dans la rue, il est donc important que vous soyez pr\u00eat \u00e0 recevoir les produits \u00e0 l&#8217;endroit d\u00e9sign\u00e9. Si vous avez des questions ou si vous souhaitez modifier la date de livraison, n&#8217;h\u00e9sitez pas \u00e0 contacter notre service client\u00e8le au <strong>640 08 31 16<\/strong> ou \u00e0 l&#8217;adresse admin@cuorepilates.com. <\/p>\n<p>&nbsp;<\/p>\n<p>Nous vous remercions de votre compr\u00e9hension et de votre coop\u00e9ration afin d&#8217;assurer une livraison r\u00e9ussie de vos marchandises encombrantes.<\/p>\n<p>&nbsp;<\/p>\n<p>&nbsp;<\/p>\n<p>Je vous prie d&#8217;agr\u00e9er, Monsieur le Pr\u00e9sident, l&#8217;expression de mes sentiments distingu\u00e9s,<\/p>\n<p>&nbsp;<\/p>\n<p>Cuore Pilates &amp; Fitness S.L.<br \/>\n[\/et_pb_text][\/et_pb_column][\/et_pb_row][\/et_pb_section]<\/p>\n","protected":false},"excerpt":{"rendered":"<p>Les commandes \u00e0 destination des \u00celes Canaries et des \u00celes Bal\u00e9ares sont soumises \u00e0 des frais d&#8217;exp\u00e9dition suppl\u00e9mentaires. Pour plus d&#8217;informations ou pour g\u00e9rer votre commande, veuillez contacter notre \u00e9quipe de vente. Instructions pour la livraison des marchandises Veillez \u00e0 ce que le site de livraison dispose d&#8217;un espace et d&#8217;un acc\u00e8s \u00e0 la rue suffisants pour un camion de transport de marchandises volumineuses. Confirmez que quelqu&#8217;un est disponible \u00e0 l&#8217;adresse de livraison pour recevoir les marchandises \u00e0 la date et \u00e0 l&#8217;heure pr\u00e9vues. Notre \u00e9quipe de livraison vous contactera avant votre arriv\u00e9e pour coordonner les d\u00e9tails et faciliter la r\u00e9ception dans la rue. \u00c0 la r\u00e9ception des produits, veuillez v\u00e9rifier l&#8217;int\u00e9grit\u00e9 du colis et des articles. En cas de probl\u00e8me, veuillez contacter imm\u00e9diatement notre service client\u00e8le. Veuillez noter que la livraison aura lieu dans la rue, il est donc important que vous soyez pr\u00eat \u00e0 recevoir les produits \u00e0 l&#8217;endroit d\u00e9sign\u00e9. Si vous avez des questions ou si vous souhaitez modifier la date de livraison, n&#8217;h\u00e9sitez pas \u00e0 contacter notre service client\u00e8le au 640 08 31 16 ou \u00e0 l&#8217;adresse admin@cuorepilates.com. &nbsp; Nous vous remercions de votre compr\u00e9hension et de votre coop\u00e9ration afin d&#8217;assurer une livraison r\u00e9ussie de vos [&hellip;]<\/p>\n","protected":false},"author":1,"featured_media":0,"parent":0,"menu_order":0,"comment_status":"closed","ping_status":"closed","template":"","meta":{"_acf_changed":false,"_et_pb_use_builder":"on","_et_pb_old_content":"","_et_gb_content_width":"","_joinchat":[],"footnotes":""},"class_list":["post-261679","page","type-page","status-publish","hentry"],"acf":[],"yoast_head":"<!-- This site is optimized with the Yoast SEO plugin v27.5 - https:\/\/yoast.com\/product\/yoast-seo-wordpress\/ -->\n<title>Chariot - Cuore Pilates<\/title>\n<meta name=\"robots\" content=\"noindex, follow, max-snippet:-1, max-image-preview:large, max-video-preview:-1\" \/>\n<meta property=\"og:locale\" content=\"fr_FR\" \/>\n<meta property=\"og:type\" content=\"article\" \/>\n<meta property=\"og:title\" content=\"Chariot - Cuore Pilates\" \/>\n<meta property=\"og:description\" content=\"Les commandes \u00e0 destination des \u00celes Canaries et des \u00celes Bal\u00e9ares sont soumises \u00e0 des frais d&#039;exp\u00e9dition suppl\u00e9mentaires. Pour plus d&#039;informations ou pour g\u00e9rer votre commande, veuillez contacter notre \u00e9quipe de vente. Instructions pour la livraison des marchandises Veillez \u00e0 ce que le site de livraison dispose d&#039;un espace et d&#039;un acc\u00e8s \u00e0 la rue suffisants pour un camion de transport de marchandises volumineuses. Confirmez que quelqu&#039;un est disponible \u00e0 l&#039;adresse de livraison pour recevoir les marchandises \u00e0 la date et \u00e0 l&#039;heure pr\u00e9vues. Notre \u00e9quipe de livraison vous contactera avant votre arriv\u00e9e pour coordonner les d\u00e9tails et faciliter la r\u00e9ception dans la rue. \u00c0 la r\u00e9ception des produits, veuillez v\u00e9rifier l&#039;int\u00e9grit\u00e9 du colis et des articles. En cas de probl\u00e8me, veuillez contacter imm\u00e9diatement notre service client\u00e8le. Veuillez noter que la livraison aura lieu dans la rue, il est donc important que vous soyez pr\u00eat \u00e0 recevoir les produits \u00e0 l&#039;endroit d\u00e9sign\u00e9. Si vous avez des questions ou si vous souhaitez modifier la date de livraison, n&#039;h\u00e9sitez pas \u00e0 contacter notre service client\u00e8le au 640 08 31 16 ou \u00e0 l&#039;adresse admin@cuorepilates.com. &nbsp; Nous vous remercions de votre compr\u00e9hension et de votre coop\u00e9ration afin d&#039;assurer une livraison r\u00e9ussie de vos [&hellip;]\" \/>\n<meta property=\"og:url\" content=\"https:\/\/old.cuorepilates.indexeodev.es\/fr\/chariot\/\" \/>\n<meta property=\"og:site_name\" content=\"CUORE PILATES\" \/>\n<meta property=\"article:modified_time\" content=\"2025-09-23T21:07:01+00:00\" \/>\n<meta name=\"twitter:card\" content=\"summary_large_image\" \/>\n<meta name=\"twitter:label1\" content=\"Dur\u00e9e de lecture estim\u00e9e\" \/>\n\t<meta name=\"twitter:data1\" content=\"7 minutes\" \/>\n<script type=\"application\/ld+json\" class=\"yoast-schema-graph\">{\"@context\":\"https:\\\/\\\/schema.org\",\"@graph\":[{\"@type\":\"WebPage\",\"@id\":\"https:\\\/\\\/old.cuorepilates.indexeodev.es\\\/fr\\\/chariot\\\/\",\"url\":\"https:\\\/\\\/old.cuorepilates.indexeodev.es\\\/fr\\\/chariot\\\/\",\"name\":\"Chariot - Cuore Pilates\",\"isPartOf\":{\"@id\":\"https:\\\/\\\/old.cuorepilates.indexeodev.es\\\/fr\\\/#website\"},\"datePublished\":\"2023-06-09T17:48:35+00:00\",\"dateModified\":\"2025-09-23T21:07:01+00:00\",\"breadcrumb\":{\"@id\":\"https:\\\/\\\/old.cuorepilates.indexeodev.es\\\/fr\\\/chariot\\\/#breadcrumb\"},\"inLanguage\":\"fr-FR\",\"potentialAction\":[{\"@type\":\"ReadAction\",\"target\":[\"https:\\\/\\\/old.cuorepilates.indexeodev.es\\\/fr\\\/chariot\\\/\"]}]},{\"@type\":\"BreadcrumbList\",\"@id\":\"https:\\\/\\\/old.cuorepilates.indexeodev.es\\\/fr\\\/chariot\\\/#breadcrumb\",\"itemListElement\":[{\"@type\":\"ListItem\",\"position\":1,\"name\":\"Portada\",\"item\":\"https:\\\/\\\/old.cuorepilates.indexeodev.es\\\/fr\\\/\"},{\"@type\":\"ListItem\",\"position\":2,\"name\":\"Chariot\"}]},{\"@type\":\"WebSite\",\"@id\":\"https:\\\/\\\/old.cuorepilates.indexeodev.es\\\/fr\\\/#website\",\"url\":\"https:\\\/\\\/old.cuorepilates.indexeodev.es\\\/fr\\\/\",\"name\":\"CUORE PILATES\",\"description\":\"Las m\u00e1quinas de pilates con la mejor Calidad-Precio.\",\"potentialAction\":[{\"@type\":\"SearchAction\",\"target\":{\"@type\":\"EntryPoint\",\"urlTemplate\":\"https:\\\/\\\/old.cuorepilates.indexeodev.es\\\/fr\\\/?s={search_term_string}\"},\"query-input\":{\"@type\":\"PropertyValueSpecification\",\"valueRequired\":true,\"valueName\":\"search_term_string\"}}],\"inLanguage\":\"fr-FR\"}]}<\/script>\n<!-- \/ Yoast SEO plugin. -->","yoast_head_json":{"title":"Chariot - Cuore Pilates","robots":{"index":"noindex","follow":"follow","max-snippet":"max-snippet:-1","max-image-preview":"max-image-preview:large","max-video-preview":"max-video-preview:-1"},"og_locale":"fr_FR","og_type":"article","og_title":"Chariot - Cuore Pilates","og_description":"Les commandes \u00e0 destination des \u00celes Canaries et des \u00celes Bal\u00e9ares sont soumises \u00e0 des frais d'exp\u00e9dition suppl\u00e9mentaires. Pour plus d'informations ou pour g\u00e9rer votre commande, veuillez contacter notre \u00e9quipe de vente. Instructions pour la livraison des marchandises Veillez \u00e0 ce que le site de livraison dispose d'un espace et d'un acc\u00e8s \u00e0 la rue suffisants pour un camion de transport de marchandises volumineuses. Confirmez que quelqu'un est disponible \u00e0 l'adresse de livraison pour recevoir les marchandises \u00e0 la date et \u00e0 l'heure pr\u00e9vues. Notre \u00e9quipe de livraison vous contactera avant votre arriv\u00e9e pour coordonner les d\u00e9tails et faciliter la r\u00e9ception dans la rue. \u00c0 la r\u00e9ception des produits, veuillez v\u00e9rifier l'int\u00e9grit\u00e9 du colis et des articles. En cas de probl\u00e8me, veuillez contacter imm\u00e9diatement notre service client\u00e8le. Veuillez noter que la livraison aura lieu dans la rue, il est donc important que vous soyez pr\u00eat \u00e0 recevoir les produits \u00e0 l'endroit d\u00e9sign\u00e9. Si vous avez des questions ou si vous souhaitez modifier la date de livraison, n'h\u00e9sitez pas \u00e0 contacter notre service client\u00e8le au 640 08 31 16 ou \u00e0 l'adresse admin@cuorepilates.com. &nbsp; Nous vous remercions de votre compr\u00e9hension et de votre coop\u00e9ration afin d'assurer une livraison r\u00e9ussie de vos [&hellip;]","og_url":"https:\/\/old.cuorepilates.indexeodev.es\/fr\/chariot\/","og_site_name":"CUORE PILATES","article_modified_time":"2025-09-23T21:07:01+00:00","twitter_card":"summary_large_image","twitter_misc":{"Dur\u00e9e de lecture estim\u00e9e":"7 minutes"},"schema":{"@context":"https:\/\/schema.org","@graph":[{"@type":"WebPage","@id":"https:\/\/old.cuorepilates.indexeodev.es\/fr\/chariot\/","url":"https:\/\/old.cuorepilates.indexeodev.es\/fr\/chariot\/","name":"Chariot - Cuore Pilates","isPartOf":{"@id":"https:\/\/old.cuorepilates.indexeodev.es\/fr\/#website"},"datePublished":"2023-06-09T17:48:35+00:00","dateModified":"2025-09-23T21:07:01+00:00","breadcrumb":{"@id":"https:\/\/old.cuorepilates.indexeodev.es\/fr\/chariot\/#breadcrumb"},"inLanguage":"fr-FR","potentialAction":[{"@type":"ReadAction","target":["https:\/\/old.cuorepilates.indexeodev.es\/fr\/chariot\/"]}]},{"@type":"BreadcrumbList","@id":"https:\/\/old.cuorepilates.indexeodev.es\/fr\/chariot\/#breadcrumb","itemListElement":[{"@type":"ListItem","position":1,"name":"Portada","item":"https:\/\/old.cuorepilates.indexeodev.es\/fr\/"},{"@type":"ListItem","position":2,"name":"Chariot"}]},{"@type":"WebSite","@id":"https:\/\/old.cuorepilates.indexeodev.es\/fr\/#website","url":"https:\/\/old.cuorepilates.indexeodev.es\/fr\/","name":"CUORE PILATES","description":"Las m\u00e1quinas de pilates con la mejor Calidad-Precio.","potentialAction":[{"@type":"SearchAction","target":{"@type":"EntryPoint","urlTemplate":"https:\/\/old.cuorepilates.indexeodev.es\/fr\/?s={search_term_string}"},"query-input":{"@type":"PropertyValueSpecification","valueRequired":true,"valueName":"search_term_string"}}],"inLanguage":"fr-FR"}]}},"_links":{"self":[{"href":"https:\/\/old.cuorepilates.indexeodev.es\/fr\/wp-json\/wp\/v2\/pages\/261679","targetHints":{"allow":["GET"]}}],"collection":[{"href":"https:\/\/old.cuorepilates.indexeodev.es\/fr\/wp-json\/wp\/v2\/pages"}],"about":[{"href":"https:\/\/old.cuorepilates.indexeodev.es\/fr\/wp-json\/wp\/v2\/types\/page"}],"author":[{"embeddable":true,"href":"https:\/\/old.cuorepilates.indexeodev.es\/fr\/wp-json\/wp\/v2\/users\/1"}],"replies":[{"embeddable":true,"href":"https:\/\/old.cuorepilates.indexeodev.es\/fr\/wp-json\/wp\/v2\/comments?post=261679"}],"version-history":[{"count":14,"href":"https:\/\/old.cuorepilates.indexeodev.es\/fr\/wp-json\/wp\/v2\/pages\/261679\/revisions"}],"predecessor-version":[{"id":262504,"href":"https:\/\/old.cuorepilates.indexeodev.es\/fr\/wp-json\/wp\/v2\/pages\/261679\/revisions\/262504"}],"wp:attachment":[{"href":"https:\/\/old.cuorepilates.indexeodev.es\/fr\/wp-json\/wp\/v2\/media?parent=261679"}],"curies":[{"name":"wp","href":"https:\/\/api.w.org\/{rel}","templated":true}]}}