{"id":261635,"date":"2023-06-09T17:34:26","date_gmt":"2023-06-09T17:34:26","guid":{"rendered":"https:\/\/old.cuorepilates.indexeodev.es\/politique-de-confidentialite\/"},"modified":"2025-09-15T20:00:57","modified_gmt":"2025-09-15T20:00:57","slug":"politique-confidentialite","status":"publish","type":"page","link":"https:\/\/old.cuorepilates.indexeodev.es\/fr\/politique-confidentialite\/","title":{"rendered":"Politique de confidentialit\u00e9"},"content":{"rendered":"<p>[et_pb_section fb_built=&#8221;1&#8243; admin_label=&#8221;section&#8221; _builder_version=&#8221;4.16&#8243; global_colors_info=&#8221;{}&#8221;][et_pb_row admin_label=&#8221;rang\u00e9e&#8221; _builder_version=&#8221;4.16&#8243; background_size=&#8221;initial&#8221; background_position=&#8221;top_left&#8221; background_repeat=&#8221;repeat&#8221; global_colors_info=&#8221;{}&#8221;][et_pb_column type=&#8221;4_4&#8243; _builder_version=&#8221;4.16&#8243; custom_padding=&#8221;|||&#8221; global_colors_info=&#8221;{}&#8221; custom_padding__hover=&#8221;|||&#8221;][et_pb_text admin_label=&#8221;Text&#8221; _builder_version=&#8221;4.23.1&#8243; text_font=&#8221;Work Sans||||||||&#8221; background_size=&#8221;initial&#8221; background_position=&#8221;top_left&#8221; background_repeat=&#8221;repeat&#8221; hover_enabled=&#8221;0&#8243; global_colors_info=&#8221;{}&#8221; sticky_enabled=&#8221;0&#8243;]<\/p>\n<p><!-- divi:heading --><\/p>\n<h1>POLITIQUE DE CONFIDENTIALIT\u00c9<\/h1>\n<p>&nbsp;<\/p>\n<p>Chez CUORE PILATES, nous nous soucions de la confidentialit\u00e9 et de la transparence.<\/p>\n<p>Qui est responsable du traitement de vos donn\u00e9es ?<\/p>\n<p>CUORE PILATES S.L,<\/p>\n<p>Calle Alcalde Guach Navarro 5, local 3<\/p>\n<p>El capello (03560)<\/p>\n<p>ALICANTE<\/p>\n<p>+34 640 083 116<\/p>\n<p>admin@cuorepilates.com<\/p>\n<p>Vous trouverez ci-dessous le d\u00e9tail des traitements de donn\u00e9es \u00e0 caract\u00e8re personnel que nous effectuons, ainsi que toutes les informations relatives \u00e0 ces traitements.<\/p>\n<p>&nbsp;<\/p>\n<p>\u00c0 quelles fins traitons-nous vos donn\u00e9es personnelles ?<\/p>\n<ul>\n<li><strong>Traitement des donn\u00e9es relatives aux clients potentiels et aux contacts :<\/strong> G\u00e9rer les clients potentiels qui ont manifest\u00e9 un int\u00e9r\u00eat pour nos produits et\/ou services et fournir le devis demand\u00e9, ainsi que d&#8217;autres contacts commerciaux et, le cas \u00e9ch\u00e9ant, envoyer des communications promotionnelles, y compris par voie \u00e9lectronique. Si vous ne fournissez pas vos donn\u00e9es personnelles, nous ne serons pas en mesure d&#8217;atteindre les objectifs d\u00e9crits. <\/li>\n<li><strong>Traitement des donn\u00e9es des clients :<\/strong> Pour l&#8217;envoi du produit achet\u00e9, ainsi que pour la gestion fiscale, comptable et administrative des clients, pour la collecte correcte des paiements et pour l&#8217;envoi de communications commerciales. Si vous ne fournissez pas vos donn\u00e9es personnelles, nous ne pourrons pas atteindre les objectifs d\u00e9crits. <\/li>\n<li><strong>Traitement des donn\u00e9es des candidats \u00e0 l&#8217;emploi :<\/strong> pour g\u00e9rer les CV re\u00e7us et mener \u00e0 bien les processus de s\u00e9lection du personnel, les entretiens et autres proc\u00e9dures n\u00e9cessaires \u00e0 la recherche du meilleur candidat possible pour un poste sp\u00e9cifique. Si vous ne fournissez pas vos donn\u00e9es personnelles, nous ne pourrons pas atteindre les objectifs d\u00e9crits. <\/li>\n<\/ul>\n<p>Aucune d\u00e9cision automatis\u00e9e ne sera prise sur la base des donn\u00e9es fournies dans le cadre des op\u00e9rations de traitement.<\/p>\n<p>&nbsp;<\/p>\n<p>Combien de temps conserverons-nous vos donn\u00e9es ?<\/p>\n<ul>\n<li><strong>Traitement des donn\u00e9es relatives aux clients potentiels et aux contacts : <\/strong>Les donn\u00e9es sont conserv\u00e9es aussi longtemps que la personne concern\u00e9e ne demande pas leur suppression, pour autant qu&#8217;elles soient n\u00e9cessaires aux fins d\u00e9crites. Elles seront supprim\u00e9es d\u00e8s qu&#8217;elles ne seront plus n\u00e9cessaires aux fins d\u00e9crites. <\/li>\n<li><strong>Traitement des donn\u00e9es relatives aux clients :<\/strong> Les donn\u00e9es sont conserv\u00e9es aussi longtemps que la personne concern\u00e9e ne demande pas leur suppression et, au maximum, pendant les ann\u00e9es n\u00e9cessaires au respect des obligations l\u00e9gales.<\/li>\n<li><strong>Traitement des donn\u00e9es relatives aux candidats \u00e0 l&#8217;emploi :<\/strong> deux ans \u00e0 compter de la derni\u00e8re interaction.<\/li>\n<\/ul>\n<p>&nbsp;<\/p>\n<p>Quelle est la l\u00e9gitimit\u00e9 du traitement de vos donn\u00e9es ?<\/p>\n<p>Nous indiquons la base juridique du traitement de vos donn\u00e9es :<\/p>\n<ul>\n<li><strong>Traitement des donn\u00e9es des clients potentiels et des contacts :  <\/strong>\n<ul>\n<li>Ex\u00e9cution d&#8217;un contrat : gestion des clients potentiels qui ont manifest\u00e9 un int\u00e9r\u00eat pour nos produits et\/ou services et fourniture du devis demand\u00e9 (RGPD, art. 6.1.b). <\/li>\n<li>Consentement de la personne concern\u00e9e : Envoi de communications promotionnelles, y compris par voie \u00e9lectronique (RGPD, art. 6.1.a, LSSICE art.21). <\/li>\n<li>Int\u00e9r\u00eat l\u00e9gitime du contr\u00f4leur : gestion des donn\u00e9es de contact professionnelles (LOPDGDD art. 19, RGPD art. 6.1.f).<\/li>\n<\/ul>\n<\/li>\n<\/ul>\n<ul>\n<li><strong>Traitement des donn\u00e9es des candidats \u00e0 l&#8217;emploi :  <\/strong>\n<ul>\n<li>Ex\u00e9cution d&#8217;un contrat : gestion du curriculum vitae soumis par le candidat afin de mener \u00e0 bien les processus de s\u00e9lection du personnel pour la recherche du meilleur candidat possible pour un poste sp\u00e9cifique (RGPD art. 6.1.b). <\/li>\n<\/ul>\n<\/li>\n<li><strong>Traitement des donn\u00e9es relatives aux clients :<\/strong>\n<ul>\n<li>Ex\u00e9cution d&#8217;un contrat : pour effectuer la livraison du produit achet\u00e9, la gestion fiscale, comptable et administrative des clients, et pour percevoir correctement les paiements (RGPD art. 6.1.b).<\/li>\n<li>Int\u00e9r\u00eat l\u00e9gitime du responsable du traitement : envoi de communications commerciales, y compris par voie \u00e9lectronique (RGPD, consid\u00e9rant 47, LSSICE, article 21.2). <\/li>\n<\/ul>\n<\/li>\n<\/ul>\n<p>&nbsp;<\/p>\n<p>\u00c0 quels destinataires vos donn\u00e9es seront-elles communiqu\u00e9es ?<\/p>\n<ul>\n<li><strong>Traitement des donn\u00e9es des clients potentiels et des contacts :<\/strong> Aucune donn\u00e9e ne sera transmise \u00e0 des tiers, sauf en cas d&#8217;obligation l\u00e9gale.<\/li>\n<li><strong>Traitement des donn\u00e9es relatives aux clients :  <\/strong>\n<ul>\n<li>Les soci\u00e9t\u00e9s de transport, afin de vous livrer le produit achet\u00e9 (exigence contractuelle).<\/li>\n<li>l&#8217;administration fiscale, afin de respecter les obligations l\u00e9gales (obligation l\u00e9gale).<\/li>\n<li>Institutions financi\u00e8res, \u00e0 des fins de recouvrement (exigence contractuelle)<\/li>\n<\/ul>\n<\/li>\n<\/ul>\n<p>&nbsp;<\/p>\n<ul>\n<li><strong>Traitement des donn\u00e9es des candidats \u00e0 l&#8217;emploi :<\/strong> aucune donn\u00e9e ne sera transmise \u00e0 des tiers, sauf en cas d&#8217;obligation l\u00e9gale.<\/li>\n<\/ul>\n<p>Transferts de donn\u00e9es vers des pays tiers<\/p>\n<p>Aucun transfert de donn\u00e9es vers des pays tiers n&#8217;est pr\u00e9vu dans le cadre des op\u00e9rations de traitement.<\/p>\n<p>&nbsp;<\/p>\n<p>Quels sont vos droits lorsque vous nous fournissez vos donn\u00e9es ?<\/p>\n<p>Toute personne a le droit d&#8217;obtenir la confirmation que CUORE PILATES traite ou non des donn\u00e9es personnelles la concernant.<\/p>\n<p>Les personnes int\u00e9ress\u00e9es ont le droit d&#8217;acc\u00e9der \u00e0 leurs donn\u00e9es personnelles, ainsi que de demander la rectification des donn\u00e9es inexactes ou, le cas \u00e9ch\u00e9ant, de demander leur suppression lorsque, entre autres raisons, les donn\u00e9es ne sont plus n\u00e9cessaires aux fins pour lesquelles elles ont \u00e9t\u00e9 collect\u00e9es. Vous avez \u00e9galement le droit \u00e0 la portabilit\u00e9 de vos donn\u00e9es. <\/p>\n<p>Dans certaines circonstances, les personnes concern\u00e9es peuvent nous demander de limiter le traitement de leurs donn\u00e9es, auquel cas nous ne conserverons les donn\u00e9es que dans le but d&#8217;exercer ou de d\u00e9fendre des r\u00e9clamations.<\/p>\n<p>Dans certaines circonstances et pour des raisons tenant \u00e0 leur situation particuli\u00e8re, les personnes concern\u00e9es peuvent s&#8217;opposer au traitement de leurs donn\u00e9es. Dans ce cas, CUORE PILATES cessera de traiter les donn\u00e9es, sauf pour des raisons l\u00e9gitimes imp\u00e9rieuses, ou pour l&#8217;exercice ou la d\u00e9fense d&#8217;\u00e9ventuelles r\u00e9clamations. <\/p>\n<p>Vous pouvez exercer vos droits en \u00e9crivant \u00e0 C\/ Alcalde Guach Navarro 5, local 3, El Campello (Alicante) ou \u00e0 <a href=\"mailto:enric.pineiro@animebunka.shop\">admin@cuorepilates.com.<\/a><\/p>\n<p>Lorsque des communications commerciales sont envoy\u00e9es en utilisant comme base juridique l&#8217;int\u00e9r\u00eat l\u00e9gitime du responsable du traitement, la personne concern\u00e9e peut s&#8217;opposer au traitement de ses donn\u00e9es \u00e0 cette fin.<\/p>\n<p>Si vous avez donn\u00e9 votre consentement pour une finalit\u00e9 sp\u00e9cifique, vous avez le droit de le retirer \u00e0 tout moment, sans que cela n&#8217;affecte la l\u00e9galit\u00e9 du traitement fond\u00e9 sur votre consentement avant son retrait.<\/p>\n<p>Si vous estimez que vos droits concernant la protection de vos donn\u00e9es personnelles ont \u00e9t\u00e9 viol\u00e9s, en particulier lorsque vous n&#8217;avez pas obtenu satisfaction dans l&#8217;exercice de vos droits, vous pouvez introduire une plainte aupr\u00e8s de l&#8217;autorit\u00e9 de contr\u00f4le de la protection des donn\u00e9es comp\u00e9tente via son site web : <a href=\"http:\/\/www.aepd.es\">www.aepd.es<\/a>.<\/p>\n<p>&nbsp;<\/p>\n<p>Comment avons-nous obtenu vos donn\u00e9es ?<\/p>\n<p>Les donn\u00e9es personnelles que nous traitons chez CUORE PILATES proviennent de la personne concern\u00e9e.<\/p>\n<p>Les cat\u00e9gories de donn\u00e9es trait\u00e9es sont les suivantes :<\/p>\n<ul>\n<li><strong>Traitement des donn\u00e9es des clients potentiels et des contacts :  <\/strong>\n<ul>\n<li>Adresses postale et \u00e9lectronique.<\/li>\n<\/ul>\n<\/li>\n<li><strong>Traitement des donn\u00e9es relatives aux clients :<\/strong>\n<ul>\n<li>Donn\u00e9es d&#8217;identification.<\/li>\n<li>Coordonn\u00e9es (adresses postale et \u00e9lectronique).<\/li>\n<li>Donn\u00e9es \u00e9conomiques.<\/li>\n<\/ul>\n<\/li>\n<li><strong>Traitement des donn\u00e9es des candidats \u00e0 l&#8217;emploi :<\/strong>\n<ul>\n<li>Donn\u00e9es d&#8217;identification.<\/li>\n<li>Adresses postale et \u00e9lectronique.<\/li>\n<li>Informations commerciales<\/li>\n<\/ul>\n<\/li>\n<\/ul>\n<p><!-- \/divi:paragraph --><\/p>\n<p>[\/et_pb_text][\/et_pb_column][\/et_pb_row][\/et_pb_section]<\/p>\n","protected":false},"excerpt":{"rendered":"<p>POLITIQUE DE CONFIDENTIALIT\u00c9 &nbsp; Chez CUORE PILATES, nous nous soucions de la confidentialit\u00e9 et de la transparence. Qui est responsable du traitement de vos donn\u00e9es ? CUORE PILATES S.L, Calle Alcalde Guach Navarro 5, local 3 El capello (03560) ALICANTE +34 640 083 116 admin@cuorepilates.com Vous trouverez ci-dessous le d\u00e9tail des traitements de donn\u00e9es \u00e0 caract\u00e8re personnel que nous effectuons, ainsi que toutes les informations relatives \u00e0 ces traitements. &nbsp; \u00c0 quelles fins traitons-nous vos donn\u00e9es personnelles ? Traitement des donn\u00e9es relatives aux clients potentiels et aux contacts : G\u00e9rer les clients potentiels qui ont manifest\u00e9 un int\u00e9r\u00eat pour nos produits et\/ou services et fournir le devis demand\u00e9, ainsi que d&#8217;autres contacts commerciaux et, le cas \u00e9ch\u00e9ant, envoyer des communications promotionnelles, y compris par voie \u00e9lectronique. Si vous ne fournissez pas vos donn\u00e9es personnelles, nous ne serons pas en mesure d&#8217;atteindre les objectifs d\u00e9crits. Traitement des donn\u00e9es des clients : Pour l&#8217;envoi du produit achet\u00e9, ainsi que pour la gestion fiscale, comptable et administrative des clients, pour la collecte correcte des paiements et pour l&#8217;envoi de communications commerciales. Si vous ne fournissez pas vos donn\u00e9es personnelles, nous ne pourrons pas atteindre les objectifs d\u00e9crits. Traitement des donn\u00e9es des candidats \u00e0 [&hellip;]<\/p>\n","protected":false},"author":1,"featured_media":0,"parent":0,"menu_order":0,"comment_status":"closed","ping_status":"open","template":"","meta":{"_acf_changed":false,"_et_pb_use_builder":"on","_et_pb_old_content":"","_et_gb_content_width":"","_joinchat":[],"footnotes":""},"class_list":["post-261635","page","type-page","status-publish","hentry"],"acf":[],"yoast_head":"<!-- This site is optimized with the Yoast SEO plugin v27.5 - https:\/\/yoast.com\/product\/yoast-seo-wordpress\/ -->\n<title>Politique de Confidentialit\u00e9 | Cuore Pilates<\/title>\n<meta name=\"robots\" content=\"noindex, follow\" \/>\n<meta property=\"og:locale\" content=\"fr_FR\" \/>\n<meta property=\"og:type\" content=\"article\" \/>\n<meta property=\"og:title\" content=\"Politique de Confidentialit\u00e9 | Cuore Pilates\" \/>\n<meta property=\"og:description\" content=\"POLITIQUE DE CONFIDENTIALIT\u00c9 &nbsp; Chez CUORE PILATES, nous nous soucions de la confidentialit\u00e9 et de la transparence. Qui est responsable du traitement de vos donn\u00e9es ? CUORE PILATES S.L, Calle Alcalde Guach Navarro 5, local 3 El capello (03560) ALICANTE +34 640 083 116 admin@cuorepilates.com Vous trouverez ci-dessous le d\u00e9tail des traitements de donn\u00e9es \u00e0 caract\u00e8re personnel que nous effectuons, ainsi que toutes les informations relatives \u00e0 ces traitements. &nbsp; \u00c0 quelles fins traitons-nous vos donn\u00e9es personnelles ? Traitement des donn\u00e9es relatives aux clients potentiels et aux contacts : G\u00e9rer les clients potentiels qui ont manifest\u00e9 un int\u00e9r\u00eat pour nos produits et\/ou services et fournir le devis demand\u00e9, ainsi que d&#039;autres contacts commerciaux et, le cas \u00e9ch\u00e9ant, envoyer des communications promotionnelles, y compris par voie \u00e9lectronique. Si vous ne fournissez pas vos donn\u00e9es personnelles, nous ne serons pas en mesure d&#039;atteindre les objectifs d\u00e9crits. Traitement des donn\u00e9es des clients : Pour l&#039;envoi du produit achet\u00e9, ainsi que pour la gestion fiscale, comptable et administrative des clients, pour la collecte correcte des paiements et pour l&#039;envoi de communications commerciales. Si vous ne fournissez pas vos donn\u00e9es personnelles, nous ne pourrons pas atteindre les objectifs d\u00e9crits. Traitement des donn\u00e9es des candidats \u00e0 [&hellip;]\" \/>\n<meta property=\"og:url\" content=\"https:\/\/old.cuorepilates.indexeodev.es\/fr\/politique-confidentialite\/\" \/>\n<meta property=\"og:site_name\" content=\"CUORE PILATES\" \/>\n<meta property=\"article:modified_time\" content=\"2025-09-15T20:00:57+00:00\" \/>\n<meta name=\"twitter:card\" content=\"summary_large_image\" \/>\n<meta name=\"twitter:label1\" content=\"Dur\u00e9e de lecture estim\u00e9e\" \/>\n\t<meta name=\"twitter:data1\" content=\"5 minutes\" \/>\n<script type=\"application\/ld+json\" class=\"yoast-schema-graph\">{\"@context\":\"https:\\\/\\\/schema.org\",\"@graph\":[{\"@type\":\"WebPage\",\"@id\":\"https:\\\/\\\/old.cuorepilates.indexeodev.es\\\/fr\\\/politique-confidentialite\\\/\",\"url\":\"https:\\\/\\\/old.cuorepilates.indexeodev.es\\\/fr\\\/politique-confidentialite\\\/\",\"name\":\"Politique de Confidentialit\u00e9 | Cuore Pilates\",\"isPartOf\":{\"@id\":\"https:\\\/\\\/old.cuorepilates.indexeodev.es\\\/fr\\\/#website\"},\"datePublished\":\"2023-06-09T17:34:26+00:00\",\"dateModified\":\"2025-09-15T20:00:57+00:00\",\"breadcrumb\":{\"@id\":\"https:\\\/\\\/old.cuorepilates.indexeodev.es\\\/fr\\\/politique-confidentialite\\\/#breadcrumb\"},\"inLanguage\":\"fr-FR\",\"potentialAction\":[{\"@type\":\"ReadAction\",\"target\":[\"https:\\\/\\\/old.cuorepilates.indexeodev.es\\\/fr\\\/politique-confidentialite\\\/\"]}]},{\"@type\":\"BreadcrumbList\",\"@id\":\"https:\\\/\\\/old.cuorepilates.indexeodev.es\\\/fr\\\/politique-confidentialite\\\/#breadcrumb\",\"itemListElement\":[{\"@type\":\"ListItem\",\"position\":1,\"name\":\"Portada\",\"item\":\"https:\\\/\\\/old.cuorepilates.indexeodev.es\\\/fr\\\/\"},{\"@type\":\"ListItem\",\"position\":2,\"name\":\"Politique de confidentialit\u00e9\"}]},{\"@type\":\"WebSite\",\"@id\":\"https:\\\/\\\/old.cuorepilates.indexeodev.es\\\/fr\\\/#website\",\"url\":\"https:\\\/\\\/old.cuorepilates.indexeodev.es\\\/fr\\\/\",\"name\":\"CUORE PILATES\",\"description\":\"Las m\u00e1quinas de pilates con la mejor Calidad-Precio.\",\"potentialAction\":[{\"@type\":\"SearchAction\",\"target\":{\"@type\":\"EntryPoint\",\"urlTemplate\":\"https:\\\/\\\/old.cuorepilates.indexeodev.es\\\/fr\\\/?s={search_term_string}\"},\"query-input\":{\"@type\":\"PropertyValueSpecification\",\"valueRequired\":true,\"valueName\":\"search_term_string\"}}],\"inLanguage\":\"fr-FR\"}]}<\/script>\n<!-- \/ Yoast SEO plugin. -->","yoast_head_json":{"title":"Politique de Confidentialit\u00e9 | Cuore Pilates","robots":{"index":"noindex","follow":"follow"},"og_locale":"fr_FR","og_type":"article","og_title":"Politique de Confidentialit\u00e9 | Cuore Pilates","og_description":"POLITIQUE DE CONFIDENTIALIT\u00c9 &nbsp; Chez CUORE PILATES, nous nous soucions de la confidentialit\u00e9 et de la transparence. Qui est responsable du traitement de vos donn\u00e9es ? CUORE PILATES S.L, Calle Alcalde Guach Navarro 5, local 3 El capello (03560) ALICANTE +34 640 083 116 admin@cuorepilates.com Vous trouverez ci-dessous le d\u00e9tail des traitements de donn\u00e9es \u00e0 caract\u00e8re personnel que nous effectuons, ainsi que toutes les informations relatives \u00e0 ces traitements. &nbsp; \u00c0 quelles fins traitons-nous vos donn\u00e9es personnelles ? Traitement des donn\u00e9es relatives aux clients potentiels et aux contacts : G\u00e9rer les clients potentiels qui ont manifest\u00e9 un int\u00e9r\u00eat pour nos produits et\/ou services et fournir le devis demand\u00e9, ainsi que d'autres contacts commerciaux et, le cas \u00e9ch\u00e9ant, envoyer des communications promotionnelles, y compris par voie \u00e9lectronique. Si vous ne fournissez pas vos donn\u00e9es personnelles, nous ne serons pas en mesure d'atteindre les objectifs d\u00e9crits. Traitement des donn\u00e9es des clients : Pour l'envoi du produit achet\u00e9, ainsi que pour la gestion fiscale, comptable et administrative des clients, pour la collecte correcte des paiements et pour l'envoi de communications commerciales. Si vous ne fournissez pas vos donn\u00e9es personnelles, nous ne pourrons pas atteindre les objectifs d\u00e9crits. Traitement des donn\u00e9es des candidats \u00e0 [&hellip;]","og_url":"https:\/\/old.cuorepilates.indexeodev.es\/fr\/politique-confidentialite\/","og_site_name":"CUORE PILATES","article_modified_time":"2025-09-15T20:00:57+00:00","twitter_card":"summary_large_image","twitter_misc":{"Dur\u00e9e de lecture estim\u00e9e":"5 minutes"},"schema":{"@context":"https:\/\/schema.org","@graph":[{"@type":"WebPage","@id":"https:\/\/old.cuorepilates.indexeodev.es\/fr\/politique-confidentialite\/","url":"https:\/\/old.cuorepilates.indexeodev.es\/fr\/politique-confidentialite\/","name":"Politique de Confidentialit\u00e9 | Cuore Pilates","isPartOf":{"@id":"https:\/\/old.cuorepilates.indexeodev.es\/fr\/#website"},"datePublished":"2023-06-09T17:34:26+00:00","dateModified":"2025-09-15T20:00:57+00:00","breadcrumb":{"@id":"https:\/\/old.cuorepilates.indexeodev.es\/fr\/politique-confidentialite\/#breadcrumb"},"inLanguage":"fr-FR","potentialAction":[{"@type":"ReadAction","target":["https:\/\/old.cuorepilates.indexeodev.es\/fr\/politique-confidentialite\/"]}]},{"@type":"BreadcrumbList","@id":"https:\/\/old.cuorepilates.indexeodev.es\/fr\/politique-confidentialite\/#breadcrumb","itemListElement":[{"@type":"ListItem","position":1,"name":"Portada","item":"https:\/\/old.cuorepilates.indexeodev.es\/fr\/"},{"@type":"ListItem","position":2,"name":"Politique de confidentialit\u00e9"}]},{"@type":"WebSite","@id":"https:\/\/old.cuorepilates.indexeodev.es\/fr\/#website","url":"https:\/\/old.cuorepilates.indexeodev.es\/fr\/","name":"CUORE PILATES","description":"Las m\u00e1quinas de pilates con la mejor Calidad-Precio.","potentialAction":[{"@type":"SearchAction","target":{"@type":"EntryPoint","urlTemplate":"https:\/\/old.cuorepilates.indexeodev.es\/fr\/?s={search_term_string}"},"query-input":{"@type":"PropertyValueSpecification","valueRequired":true,"valueName":"search_term_string"}}],"inLanguage":"fr-FR"}]}},"_links":{"self":[{"href":"https:\/\/old.cuorepilates.indexeodev.es\/fr\/wp-json\/wp\/v2\/pages\/261635","targetHints":{"allow":["GET"]}}],"collection":[{"href":"https:\/\/old.cuorepilates.indexeodev.es\/fr\/wp-json\/wp\/v2\/pages"}],"about":[{"href":"https:\/\/old.cuorepilates.indexeodev.es\/fr\/wp-json\/wp\/v2\/types\/page"}],"author":[{"embeddable":true,"href":"https:\/\/old.cuorepilates.indexeodev.es\/fr\/wp-json\/wp\/v2\/users\/1"}],"replies":[{"embeddable":true,"href":"https:\/\/old.cuorepilates.indexeodev.es\/fr\/wp-json\/wp\/v2\/comments?post=261635"}],"version-history":[{"count":13,"href":"https:\/\/old.cuorepilates.indexeodev.es\/fr\/wp-json\/wp\/v2\/pages\/261635\/revisions"}],"predecessor-version":[{"id":262378,"href":"https:\/\/old.cuorepilates.indexeodev.es\/fr\/wp-json\/wp\/v2\/pages\/261635\/revisions\/262378"}],"wp:attachment":[{"href":"https:\/\/old.cuorepilates.indexeodev.es\/fr\/wp-json\/wp\/v2\/media?parent=261635"}],"curies":[{"name":"wp","href":"https:\/\/api.w.org\/{rel}","templated":true}]}}