{"id":261634,"date":"2023-06-22T14:00:26","date_gmt":"2023-06-22T14:00:26","guid":{"rendered":"https:\/\/old.cuorepilates.indexeodev.es\/contact\/"},"modified":"2025-07-17T19:31:33","modified_gmt":"2025-07-17T19:31:33","slug":"contact","status":"publish","type":"page","link":"https:\/\/old.cuorepilates.indexeodev.es\/fr\/contact\/","title":{"rendered":"Contactez-nous"},"content":{"rendered":"<p>[et_pb_section fb_built=&#8221;1&#8243; admin_label=&#8221;Header&#8221; _builder_version=&#8221;4.19.3&#8243; _module_preset=&#8221;default&#8221; locked=&#8221;off&#8221; collapsed=&#8221;on&#8221; global_colors_info=&#8221;{}&#8221;][et_pb_row column_structure=&#8221;1_2,1_2&#8243; make_equal=&#8221;on&#8221; _builder_version=&#8221;4.21.0&#8243; _module_preset=&#8221;default&#8221; global_colors_info=&#8221;{}&#8221;][et_pb_column type=&#8221;1_2&#8243; _builder_version=&#8221;4.19.3&#8243; _module_preset=&#8221;default&#8221; z_index=&#8221;10&#8243; custom_padding=&#8221;4%||||false|false&#8221; custom_padding_tablet=&#8221;0%||||false|false&#8221; custom_padding_phone=&#8221;0%||||false|false&#8221; custom_padding_last_edited=&#8221;on|tablet&#8221; global_colors_info=&#8221;{}&#8221;][et_pb_text _builder_version=&#8221;4.21.0&#8243; _module_preset=&#8221;7b7dcc6d-c8bf-42c6-ae0f-290a64a39972&#8243; header_font=&#8221;Zen Kaku Gothic New|600|||||||&#8221; header_text_color=&#8221;gcid-555099d8-0bfe-48de-9d1d-02daa12bfc00&#8243; custom_margin=&#8221;|-48%|||false|false&#8221; custom_margin_tablet=&#8221;|0%|||false|false&#8221; custom_margin_phone=&#8221;|0%|||false|false&#8221; custom_margin_last_edited=&#8221;on|tablet&#8221; global_colors_info=&#8221;{%22gcid-555099d8-0bfe-48de-9d1d-02daa12bfc00%22:%91%22header_text_color%22%93}&#8221;]<\/p>\n<h1>Contactez nous<\/h1>\n<p>[\/et_pb_text][et_pb_contact_form captcha=&#8221;off&#8221; email=&#8221;admin@cuorepilates.com&#8221; custom_message=&#8221;Message envoy\u00e9 depuis le formulaire de contact du site totalclean:||et_pb_line_break_holder||||et_pb_line_break_holder||Nom : %%Name%%|et_pb_line_break_holder||||et_pb_line_break_holder||Email : %%Email%%|et_pb_line_break_holder||||et_pb_line_break_holder|||Message : %%Message%%%.&#8221; _builder_version=&#8221;4.21.0&#8243; _module_preset=&#8221;7fb59c02-7020-4c02-84d6-ddfc6959fcff&#8221; form_field_text_color=&#8221;gcid-555099d8-0bfe-48de-9d1d-02daa12bfc00&#8243; title_font=&#8221;Zen Kaku Gothic New||||||||&#8221; background_color=&#8221;#FFFFFF&#8221; button_bg_color=&#8221;#b10a93&#8243; button_border_color=&#8221;#b10a93&#8243; button_custom_margin=&#8221;30px||||false|false&#8221; custom_margin=&#8221;|-48%|||false|false&#8221; custom_margin_tablet=&#8221;|0%|||false|false&#8221; custom_margin_phone=&#8221;|0%|||false|false&#8221; custom_margin_last_edited=&#8221;on|desktop&#8221; custom_padding=&#8221;60px|60px|60px||true|false&#8221; custom_padding_tablet=&#8221;30px|0px|30px|0px|true|true&#8221; custom_padding_phone=&#8221;20px||20px||true|true&#8221; custom_padding_last_edited=&#8221;on|desktop&#8221; locked=&#8221;off&#8221; global_colors_info=&#8221;{%22gcid-a7422b2f-47f3-46f2-9b9e-dc87bab6d79c%22:%91%22background_color%22%93,%22gcid-555099d8-0bfe-48de-9d1d-02daa12bfc00%22:%91%22form_field_text_color%22%93}&#8221;][et_pb_contact_field field_id=&#8221;Name&#8221; field_title=&#8221;Nom&#8221; _builder_version=&#8221;4.21.0&#8243; _module_preset=&#8221;default&#8221; form_field_text_color=&#8221;#000000&#8243; form_field_focus_text_color=&#8221;#000000&#8243; form_field_font=&#8221;Zen Kaku Gothic New|500||on|||||&#8221; global_colors_info=&#8221;{}&#8221; button_text_size__hover_enabled=&#8221;off&#8221; button_one_text_size__hover_enabled=&#8221;off&#8221; button_two_text_size__hover_enabled=&#8221;off&#8221; button_text_color__hover_enabled=&#8221;off&#8221; button_one_text_color__hover_enabled=&#8221;off&#8221; button_two_text_color__hover_enabled=&#8221;off&#8221; button_border_width__hover_enabled=&#8221;off&#8221; button_one_border_width__hover_enabled=&#8221;off&#8221; button_two_border_width__hover_enabled=&#8221;off&#8221; button_border_color__hover_enabled=&#8221;off&#8221; button_one_border_color__hover_enabled=&#8221;off&#8221; button_two_border_color__hover_enabled=&#8221;off&#8221; button_border_radius__hover_enabled=&#8221;off&#8221; button_one_border_radius__hover_enabled=&#8221;off&#8221; button_two_border_radius__hover_enabled=&#8221;off&#8221; button_letter_spacing__hover_enabled=&#8221;off&#8221; button_one_letter_spacing__hover_enabled=&#8221;off&#8221; button_two_letter_spacing__hover_enabled=&#8221;off&#8221; button_bg_color__hover_enabled=&#8221;off&#8221; button_one_bg_color__hover_enabled=&#8221;off&#8221; button_two_bg_color__hover_enabled=&#8221;off&#8221;][\/et_pb_contact_field][et_pb_contact_field field_id=&#8221;Email&#8221; field_title=&#8221;Courriel&#8221; field_type=&#8221;email&#8221; _builder_version=&#8221;4.21.0&#8243; _module_preset=&#8221;default&#8221; form_field_text_color=&#8221;#000000&#8243; form_field_focus_text_color=&#8221;#000000&#8243; form_field_font=&#8221;Zen Kaku Gothic New|500||on|||||&#8221; global_colors_info=&#8221;{}&#8221; button_text_size__hover_enabled=&#8221;off&#8221; button_one_text_size__hover_enabled=&#8221;off&#8221; button_two_text_size__hover_enabled=&#8221;off&#8221; button_text_color__hover_enabled=&#8221;off&#8221; button_one_text_color__hover_enabled=&#8221;off&#8221; button_two_text_color__hover_enabled=&#8221;off&#8221; button_border_width__hover_enabled=&#8221;off&#8221; button_one_border_width__hover_enabled=&#8221;off&#8221; button_two_border_width__hover_enabled=&#8221;off&#8221; button_border_color__hover_enabled=&#8221;off&#8221; button_one_border_color__hover_enabled=&#8221;off&#8221; button_two_border_color__hover_enabled=&#8221;off&#8221; button_border_radius__hover_enabled=&#8221;off&#8221; button_one_border_radius__hover_enabled=&#8221;off&#8221; button_two_border_radius__hover_enabled=&#8221;off&#8221; button_letter_spacing__hover_enabled=&#8221;off&#8221; button_one_letter_spacing__hover_enabled=&#8221;off&#8221; button_two_letter_spacing__hover_enabled=&#8221;off&#8221; button_bg_color__hover_enabled=&#8221;off&#8221; button_one_bg_color__hover_enabled=&#8221;off&#8221; button_two_bg_color__hover_enabled=&#8221;off&#8221;][\/et_pb_contact_field][et_pb_contact_field field_id=&#8221;Message&#8221; field_title=&#8221;Message&#8221; field_type=&#8221;text&#8221; fullwidth_field=&#8221;on&#8221; _builder_version=&#8221;4.21.0&#8243; _module_preset=&#8221;default&#8221; global_colors_info=&#8221;{}&#8221; button_text_size__hover_enabled=&#8221;off&#8221; button_one_text_size__hover_enabled=&#8221;off&#8221; button_two_text_size__hover_enabled=&#8221;off&#8221; button_text_color__hover_enabled=&#8221;off&#8221; button_one_text_color__hover_enabled=&#8221;off&#8221; button_two_text_color__hover_enabled=&#8221;off&#8221; button_border_width__hover_enabled=&#8221;off&#8221; button_one_border_width__hover_enabled=&#8221;off&#8221; button_two_border_width__hover_enabled=&#8221;off&#8221; button_border_color__hover_enabled=&#8221;off&#8221; button_one_border_color__hover_enabled=&#8221;off&#8221; button_two_border_color__hover_enabled=&#8221;off&#8221; button_border_radius__hover_enabled=&#8221;off&#8221; button_one_border_radius__hover_enabled=&#8221;off&#8221; button_two_border_radius__hover_enabled=&#8221;off&#8221; button_letter_spacing__hover_enabled=&#8221;off&#8221; button_one_letter_spacing__hover_enabled=&#8221;off&#8221; button_two_letter_spacing__hover_enabled=&#8221;off&#8221; button_bg_color__hover_enabled=&#8221;off&#8221; button_one_bg_color__hover_enabled=&#8221;off&#8221; button_two_bg_color__hover_enabled=&#8221;off&#8221;][\/et_pb_contact_field][\/et_pb_contact_form][\/et_pb_column][et_pb_column type=&#8221;1_2&#8243; _builder_version=&#8221;4.21.0&#8243; _module_preset=&#8221;default&#8221; background_image=&#8221;http:\/\/cuorepilates.com\/wp-content\/uploads\/2023\/06\/AdobeStock_528988557-scaled.jpeg&#8221; global_colors_info=&#8221;{}&#8221;][et_pb_divider show_divider=&#8221;off&#8221; _builder_version=&#8221;4.19.5&#8243; _module_preset=&#8221;default&#8221; height_tablet=&#8221;40vw&#8221; height_phone=&#8221;40vw&#8221; height_last_edited=&#8221;on|desktop&#8221; global_colors_info=&#8221;{}&#8221;][\/et_pb_divider][\/et_pb_column][\/et_pb_row][et_pb_row module_id=&#8221;trabaja_con_nosotros&#8221; _builder_version=&#8221;4.21.0&#8243; _module_preset=&#8221;default&#8221; custom_padding=&#8221;75px||75px||true|false&#8221; global_colors_info=&#8221;{}&#8221;][et_pb_column type=&#8221;4_4&#8243; _builder_version=&#8221;4.21.0&#8243; _module_preset=&#8221;default&#8221; global_colors_info=&#8221;{}&#8221;][et_pb_text _builder_version=&#8221;4.21.0&#8243; _module_preset=&#8221;default&#8221; text_font_size=&#8221;16px&#8221; header_2_font=&#8221;Zen Kaku Gothic Antique|500|||||||&#8221; header_2_font_size=&#8221;40px&#8221; text_orientation=&#8221;justified&#8221; custom_padding=&#8221;||7px|||&#8221; global_colors_info=&#8221;{}&#8221;]<\/p>\n<h2>Travaillez avec nous<\/h2>\n<p>&nbsp;<\/p>\n<p>Joignez-vous \u00e0 notre \u00e9quipe et faites partie de la famille <strong>CUORE PILATES<\/strong>! Nous recherchons des personnes passionn\u00e9es par le bien-\u00eatre et la qualit\u00e9 de vie, qui partagent notre vision de la promotion de la sant\u00e9 par la pratique du Pilates. Si vous \u00eates passionn\u00e9 par le fitness et que vous souhaitez faire partie d&#8217;une entreprise leader dans la vente d&#8217;appareils de Pilates, nous voulons vous rencontrer ! <\/p>\n<p>&nbsp;<\/p>\n<p>Chez <strong>CUORE PILATES<\/strong>, nous valorisons la collaboration et nous croyons au pouvoir de l&#8217;\u00e9tablissement de relations solides avec nos distributeurs et nos partenaires. Nous nous effor\u00e7ons de construire un r\u00e9seau mondial de partenaires engag\u00e9s dans l&#8217;excellence et la satisfaction de la client\u00e8le. Si vous avez de l&#8217;exp\u00e9rience dans la vente, que vous \u00eates passionn\u00e9 par la m\u00e9thode Pilates et que vous \u00eates \u00e0 la recherche d&#8217;une opportunit\u00e9 passionnante, nous vous invitons \u00e0 explorer les possibilit\u00e9s que nous vous offrons.  <\/p>\n<p>&nbsp;<\/p>\n<p>En tant que distributeur de <strong>CUORE PILATES<\/strong>, vous aurez acc\u00e8s \u00e0 une gamme compl\u00e8te de produits de haute qualit\u00e9 qui s&#8217;appuient sur notre r\u00e9putation d&#8217;excellence. Nous appr\u00e9cions nos partenaires et leur fournissons le soutien dont ils ont besoin pour r\u00e9ussir ensemble. De plus, nous offrons des programmes de formation continue et des ressources pour que vous soyez toujours au courant des derni\u00e8res tendances et des derniers d\u00e9veloppements dans le monde du Pilates.  <\/p>\n<p>&nbsp;<\/p>\n<p>Chez <strong>CUORE PILATES<\/strong>, nous sommes fiers de cr\u00e9er un environnement de travail inclusif et collaboratif. Nous valorisons la diversit\u00e9 des id\u00e9es et des exp\u00e9riences, car nous pensons qu&#8217;elle est essentielle \u00e0 notre croissance et \u00e0 notre r\u00e9ussite. Rejoignez-nous et faites partie d&#8217;une entreprise qui ne se contente pas de vendre des appareils de Pilates, mais qui cultive des relations durables avec ses employ\u00e9s.  <\/p>\n<p>Si vous \u00eates pr\u00eat \u00e0 entamer une carri\u00e8re passionnante dans l&#8217;industrie du Pilates et \u00e0 contribuer au bien-\u00eatre des gens, nous attendons votre candidature avec impatience ! Chez <strong>CUORE PILATES<\/strong>, nous nous engageons \u00e0 assurer votre r\u00e9ussite et nous nous r\u00e9jouissons de travailler avec vous pour porter le Pilates \u00e0 de nouveaux sommets &#8211; faites partie de notre \u00e9quipe et faites du bien-\u00eatre une priorit\u00e9 !  <\/p>\n<p>[\/et_pb_text][\/et_pb_column][\/et_pb_row][et_pb_row column_structure=&#8221;1_2,1_2&#8243; _builder_version=&#8221;4.21.0&#8243; _module_preset=&#8221;default&#8221; custom_padding=&#8221;||50px||false|false&#8221; global_colors_info=&#8221;{}&#8221;][et_pb_column type=&#8221;1_2&#8243; _builder_version=&#8221;4.20.0&#8243; _module_preset=&#8221;default&#8221; global_colors_info=&#8221;{}&#8221;][et_pb_text _builder_version=&#8221;4.21.0&#8243; _module_preset=&#8221;1ce821ae-b5d7-4061-ad4f-6bd15eb50daf&#8221; header_2_font=&#8221;Zen Kaku Gothic New|600|||||||&#8221; header_2_text_color=&#8221;gcid-555099d8-0bfe-48de-9d1d-02daa12bfc00&#8243; custom_margin_tablet=&#8221;|0%|||false|false&#8221; custom_margin_phone=&#8221;|0%|||false|false&#8221; custom_margin_last_edited=&#8221;off|desktop&#8221; locked=&#8221;off&#8221; global_colors_info=&#8221;{%22gcid-555099d8-0bfe-48de-9d1d-02daa12bfc00%22:%91%22header_2_text_color%22%93}&#8221;]<\/p>\n<h2>Venez nous rendre visite<\/h2>\n<p>[\/et_pb_text][et_pb_text _builder_version=&#8221;4.21.0&#8243; _module_preset=&#8221;75fa550a-5f5a-4881-b5be-c240207d528e&#8221; text_font=&#8221;Zen Kaku Gothic New||||||||&#8221; text_text_color=&#8221;#000000&#8243; text_line_height=&#8221;2em&#8221; locked=&#8221;off&#8221; global_colors_info=&#8221;{%22gcid-1b9885b1-d5db-4c39-ab49-d8f90e824600%22:%91%22text_text_color%22,%22link_text_color%22%93}&#8221;]<\/p>\n<p><span>Carrer Port d&#8217;Albaida, 4<\/span>, bajo, El Campello 03560 (ALICANTE)<\/p>\n<p>[\/et_pb_text][et_pb_text _builder_version=&#8221;4.21.0&#8243; _module_preset=&#8221;75fa550a-5f5a-4881-b5be-c240207d528e&#8221; text_font=&#8221;Zen Kaku Gothic New||||||||&#8221; text_text_color=&#8221;#000000&#8243; text_line_height=&#8221;2em&#8221; locked=&#8221;off&#8221; global_colors_info=&#8221;{%22gcid-1b9885b1-d5db-4c39-ab49-d8f90e824600%22:%91%22text_text_color%22,%22link_text_color%22%93}&#8221;]<\/p>\n<p>(+34) 640 083 116<\/p>\n<p>[\/et_pb_text][et_pb_text _builder_version=&#8221;4.24.0&#8243; _module_preset=&#8221;75fa550a-5f5a-4881-b5be-c240207d528e&#8221; text_font=&#8221;Zen Kaku Gothic New||||||||&#8221; text_text_color=&#8221;#000000&#8243; text_line_height=&#8221;2em&#8221; link_font=&#8221;||||on|||#b10a93|&#8221; link_text_color=&#8221;#b10a93&#8243; locked=&#8221;off&#8221; global_colors_info=&#8221;{%22gcid-1b9885b1-d5db-4c39-ab49-d8f90e824600%22:%91%22text_text_color%22%93}&#8221;]<\/p>\n<p><a href=\"mailto:contacto@cuorepilates.es\">comercial@cuorepilates.com<\/a><\/p>\n<p>[\/et_pb_text][\/et_pb_column][et_pb_column type=&#8221;1_2&#8243; _builder_version=&#8221;4.20.0&#8243; _module_preset=&#8221;default&#8221; global_colors_info=&#8221;{}&#8221;][et_pb_image src=&#8221;https:\/\/old.cuorepilates.indexeodev.es\/wp-content\/uploads\/2023\/11\/CUORE-PILATES-LOCAL-vista-exterior-1.jpeg&#8221; title_text=&#8221;CUORE PILATES LOCAL vue ext\u00e9rieure 1&#8243; align=&#8221;right&#8221; _builder_version=&#8221;4.21.0&#8243; _module_preset=&#8221;default&#8221; max_height=&#8221;500px&#8221; global_colors_info=&#8221;{}&#8221;][\/et_pb_image][\/et_pb_column][\/et_pb_row][et_pb_row _builder_version=&#8221;4.19.3&#8243; _module_preset=&#8221;default&#8221; global_colors_info=&#8221;{}&#8221;][et_pb_column type=&#8221;4_4&#8243; _builder_version=&#8221;4.19.3&#8243; _module_preset=&#8221;default&#8221; global_colors_info=&#8221;{}&#8221;][et_pb_map address=&#8221;Carrer de de l&#8217;Alcalde Guasch Navarro, 5, Local 3 el, 03560 El Campello, Alicante, Espa\u00f1a&#8221; address_lat=&#8221;38.429666639284&#8243; address_lng=&#8221;-0.39410062023773&#8243; mouse_wheel=&#8221;off&#8221; _builder_version=&#8221;4.21.0&#8243; _module_preset=&#8221;default&#8221; global_colors_info=&#8221;{}&#8221;][et_pb_map_pin title=&#8221;CUOREPILATES&#8221; pin_address=&#8221;Carrer de de l&#8217;Alcalde Guasch Navarro, 5, Local 3 el, 03560 El Campello, Alicante, Espa\u00f1a&#8221; pin_address_lat=&#8221;38.4295551&#8243; pin_address_lng=&#8221;-0.3940456&#8243; _builder_version=&#8221;4.21.0&#8243; _module_preset=&#8221;default&#8221; global_colors_info=&#8221;{}&#8221;]<\/p>\n<p>Visitez notre exposition<\/p>\n<p>[\/et_pb_map_pin][\/et_pb_map][\/et_pb_column][\/et_pb_row][\/et_pb_section]<\/p>\n","protected":false},"excerpt":{"rendered":"<p>Contactez nousTravaillez avec nous &nbsp; Joignez-vous \u00e0 notre \u00e9quipe et faites partie de la famille CUORE PILATES! Nous recherchons des personnes passionn\u00e9es par le bien-\u00eatre et la qualit\u00e9 de vie, qui partagent notre vision de la promotion de la sant\u00e9 par la pratique du Pilates. Si vous \u00eates passionn\u00e9 par le fitness et que vous souhaitez faire partie d&#8217;une entreprise leader dans la vente d&#8217;appareils de Pilates, nous voulons vous rencontrer ! &nbsp; Chez CUORE PILATES, nous valorisons la collaboration et nous croyons au pouvoir de l&#8217;\u00e9tablissement de relations solides avec nos distributeurs et nos partenaires. Nous nous effor\u00e7ons de construire un r\u00e9seau mondial de partenaires engag\u00e9s dans l&#8217;excellence et la satisfaction de la client\u00e8le. Si vous avez de l&#8217;exp\u00e9rience dans la vente, que vous \u00eates passionn\u00e9 par la m\u00e9thode Pilates et que vous \u00eates \u00e0 la recherche d&#8217;une opportunit\u00e9 passionnante, nous vous invitons \u00e0 explorer les possibilit\u00e9s que nous vous offrons. &nbsp; En tant que distributeur de CUORE PILATES, vous aurez acc\u00e8s \u00e0 une gamme compl\u00e8te de produits de haute qualit\u00e9 qui s&#8217;appuient sur notre r\u00e9putation d&#8217;excellence. Nous appr\u00e9cions nos partenaires et leur fournissons le soutien dont ils ont besoin pour r\u00e9ussir ensemble. De plus, nous offrons des programmes [&hellip;]<\/p>\n","protected":false},"author":1,"featured_media":0,"parent":0,"menu_order":0,"comment_status":"closed","ping_status":"closed","template":"","meta":{"_acf_changed":false,"_et_pb_use_builder":"on","_et_pb_old_content":"","_et_gb_content_width":"","_joinchat":[],"footnotes":""},"class_list":["post-261634","page","type-page","status-publish","hentry"],"acf":[],"yoast_head":"<!-- This site is optimized with the Yoast SEO plugin v27.5 - https:\/\/yoast.com\/product\/yoast-seo-wordpress\/ -->\n<title>Contact - Cuore Pilates<\/title>\n<meta name=\"robots\" content=\"noindex, follow, max-snippet:-1, max-image-preview:large, max-video-preview:-1\" \/>\n<meta property=\"og:locale\" content=\"fr_FR\" \/>\n<meta property=\"og:type\" content=\"article\" \/>\n<meta property=\"og:title\" content=\"Contact - Cuore Pilates\" \/>\n<meta property=\"og:description\" content=\"Contactez nousTravaillez avec nous &nbsp; Joignez-vous \u00e0 notre \u00e9quipe et faites partie de la famille CUORE PILATES! Nous recherchons des personnes passionn\u00e9es par le bien-\u00eatre et la qualit\u00e9 de vie, qui partagent notre vision de la promotion de la sant\u00e9 par la pratique du Pilates. Si vous \u00eates passionn\u00e9 par le fitness et que vous souhaitez faire partie d&#039;une entreprise leader dans la vente d&#039;appareils de Pilates, nous voulons vous rencontrer ! &nbsp; Chez CUORE PILATES, nous valorisons la collaboration et nous croyons au pouvoir de l&#039;\u00e9tablissement de relations solides avec nos distributeurs et nos partenaires. Nous nous effor\u00e7ons de construire un r\u00e9seau mondial de partenaires engag\u00e9s dans l&#039;excellence et la satisfaction de la client\u00e8le. Si vous avez de l&#039;exp\u00e9rience dans la vente, que vous \u00eates passionn\u00e9 par la m\u00e9thode Pilates et que vous \u00eates \u00e0 la recherche d&#039;une opportunit\u00e9 passionnante, nous vous invitons \u00e0 explorer les possibilit\u00e9s que nous vous offrons. &nbsp; En tant que distributeur de CUORE PILATES, vous aurez acc\u00e8s \u00e0 une gamme compl\u00e8te de produits de haute qualit\u00e9 qui s&#039;appuient sur notre r\u00e9putation d&#039;excellence. Nous appr\u00e9cions nos partenaires et leur fournissons le soutien dont ils ont besoin pour r\u00e9ussir ensemble. De plus, nous offrons des programmes [&hellip;]\" \/>\n<meta property=\"og:url\" content=\"https:\/\/old.cuorepilates.indexeodev.es\/fr\/contact\/\" \/>\n<meta property=\"og:site_name\" content=\"CUORE PILATES\" \/>\n<meta property=\"article:modified_time\" content=\"2025-07-17T19:31:33+00:00\" \/>\n<meta name=\"twitter:card\" content=\"summary_large_image\" \/>\n<meta name=\"twitter:label1\" content=\"Dur\u00e9e de lecture estim\u00e9e\" \/>\n\t<meta name=\"twitter:data1\" content=\"9 minutes\" \/>\n<script type=\"application\/ld+json\" class=\"yoast-schema-graph\">{\"@context\":\"https:\\\/\\\/schema.org\",\"@graph\":[{\"@type\":\"WebPage\",\"@id\":\"https:\\\/\\\/old.cuorepilates.indexeodev.es\\\/fr\\\/contact\\\/\",\"url\":\"https:\\\/\\\/old.cuorepilates.indexeodev.es\\\/fr\\\/contact\\\/\",\"name\":\"Contact - Cuore Pilates\",\"isPartOf\":{\"@id\":\"https:\\\/\\\/old.cuorepilates.indexeodev.es\\\/fr\\\/#website\"},\"datePublished\":\"2023-06-22T14:00:26+00:00\",\"dateModified\":\"2025-07-17T19:31:33+00:00\",\"breadcrumb\":{\"@id\":\"https:\\\/\\\/old.cuorepilates.indexeodev.es\\\/fr\\\/contact\\\/#breadcrumb\"},\"inLanguage\":\"fr-FR\",\"potentialAction\":[{\"@type\":\"ReadAction\",\"target\":[\"https:\\\/\\\/old.cuorepilates.indexeodev.es\\\/fr\\\/contact\\\/\"]}]},{\"@type\":\"BreadcrumbList\",\"@id\":\"https:\\\/\\\/old.cuorepilates.indexeodev.es\\\/fr\\\/contact\\\/#breadcrumb\",\"itemListElement\":[{\"@type\":\"ListItem\",\"position\":1,\"name\":\"Portada\",\"item\":\"https:\\\/\\\/old.cuorepilates.indexeodev.es\\\/fr\\\/\"},{\"@type\":\"ListItem\",\"position\":2,\"name\":\"Contactez-nous\"}]},{\"@type\":\"WebSite\",\"@id\":\"https:\\\/\\\/old.cuorepilates.indexeodev.es\\\/fr\\\/#website\",\"url\":\"https:\\\/\\\/old.cuorepilates.indexeodev.es\\\/fr\\\/\",\"name\":\"CUORE PILATES\",\"description\":\"Las m\u00e1quinas de pilates con la mejor Calidad-Precio.\",\"potentialAction\":[{\"@type\":\"SearchAction\",\"target\":{\"@type\":\"EntryPoint\",\"urlTemplate\":\"https:\\\/\\\/old.cuorepilates.indexeodev.es\\\/fr\\\/?s={search_term_string}\"},\"query-input\":{\"@type\":\"PropertyValueSpecification\",\"valueRequired\":true,\"valueName\":\"search_term_string\"}}],\"inLanguage\":\"fr-FR\"}]}<\/script>\n<!-- \/ Yoast SEO plugin. -->","yoast_head_json":{"title":"Contact - Cuore Pilates","robots":{"index":"noindex","follow":"follow","max-snippet":"max-snippet:-1","max-image-preview":"max-image-preview:large","max-video-preview":"max-video-preview:-1"},"og_locale":"fr_FR","og_type":"article","og_title":"Contact - Cuore Pilates","og_description":"Contactez nousTravaillez avec nous &nbsp; Joignez-vous \u00e0 notre \u00e9quipe et faites partie de la famille CUORE PILATES! Nous recherchons des personnes passionn\u00e9es par le bien-\u00eatre et la qualit\u00e9 de vie, qui partagent notre vision de la promotion de la sant\u00e9 par la pratique du Pilates. Si vous \u00eates passionn\u00e9 par le fitness et que vous souhaitez faire partie d'une entreprise leader dans la vente d'appareils de Pilates, nous voulons vous rencontrer ! &nbsp; Chez CUORE PILATES, nous valorisons la collaboration et nous croyons au pouvoir de l'\u00e9tablissement de relations solides avec nos distributeurs et nos partenaires. Nous nous effor\u00e7ons de construire un r\u00e9seau mondial de partenaires engag\u00e9s dans l'excellence et la satisfaction de la client\u00e8le. Si vous avez de l'exp\u00e9rience dans la vente, que vous \u00eates passionn\u00e9 par la m\u00e9thode Pilates et que vous \u00eates \u00e0 la recherche d'une opportunit\u00e9 passionnante, nous vous invitons \u00e0 explorer les possibilit\u00e9s que nous vous offrons. &nbsp; En tant que distributeur de CUORE PILATES, vous aurez acc\u00e8s \u00e0 une gamme compl\u00e8te de produits de haute qualit\u00e9 qui s'appuient sur notre r\u00e9putation d'excellence. Nous appr\u00e9cions nos partenaires et leur fournissons le soutien dont ils ont besoin pour r\u00e9ussir ensemble. De plus, nous offrons des programmes [&hellip;]","og_url":"https:\/\/old.cuorepilates.indexeodev.es\/fr\/contact\/","og_site_name":"CUORE PILATES","article_modified_time":"2025-07-17T19:31:33+00:00","twitter_card":"summary_large_image","twitter_misc":{"Dur\u00e9e de lecture estim\u00e9e":"9 minutes"},"schema":{"@context":"https:\/\/schema.org","@graph":[{"@type":"WebPage","@id":"https:\/\/old.cuorepilates.indexeodev.es\/fr\/contact\/","url":"https:\/\/old.cuorepilates.indexeodev.es\/fr\/contact\/","name":"Contact - Cuore Pilates","isPartOf":{"@id":"https:\/\/old.cuorepilates.indexeodev.es\/fr\/#website"},"datePublished":"2023-06-22T14:00:26+00:00","dateModified":"2025-07-17T19:31:33+00:00","breadcrumb":{"@id":"https:\/\/old.cuorepilates.indexeodev.es\/fr\/contact\/#breadcrumb"},"inLanguage":"fr-FR","potentialAction":[{"@type":"ReadAction","target":["https:\/\/old.cuorepilates.indexeodev.es\/fr\/contact\/"]}]},{"@type":"BreadcrumbList","@id":"https:\/\/old.cuorepilates.indexeodev.es\/fr\/contact\/#breadcrumb","itemListElement":[{"@type":"ListItem","position":1,"name":"Portada","item":"https:\/\/old.cuorepilates.indexeodev.es\/fr\/"},{"@type":"ListItem","position":2,"name":"Contactez-nous"}]},{"@type":"WebSite","@id":"https:\/\/old.cuorepilates.indexeodev.es\/fr\/#website","url":"https:\/\/old.cuorepilates.indexeodev.es\/fr\/","name":"CUORE PILATES","description":"Las m\u00e1quinas de pilates con la mejor Calidad-Precio.","potentialAction":[{"@type":"SearchAction","target":{"@type":"EntryPoint","urlTemplate":"https:\/\/old.cuorepilates.indexeodev.es\/fr\/?s={search_term_string}"},"query-input":{"@type":"PropertyValueSpecification","valueRequired":true,"valueName":"search_term_string"}}],"inLanguage":"fr-FR"}]}},"_links":{"self":[{"href":"https:\/\/old.cuorepilates.indexeodev.es\/fr\/wp-json\/wp\/v2\/pages\/261634","targetHints":{"allow":["GET"]}}],"collection":[{"href":"https:\/\/old.cuorepilates.indexeodev.es\/fr\/wp-json\/wp\/v2\/pages"}],"about":[{"href":"https:\/\/old.cuorepilates.indexeodev.es\/fr\/wp-json\/wp\/v2\/types\/page"}],"author":[{"embeddable":true,"href":"https:\/\/old.cuorepilates.indexeodev.es\/fr\/wp-json\/wp\/v2\/users\/1"}],"replies":[{"embeddable":true,"href":"https:\/\/old.cuorepilates.indexeodev.es\/fr\/wp-json\/wp\/v2\/comments?post=261634"}],"version-history":[{"count":13,"href":"https:\/\/old.cuorepilates.indexeodev.es\/fr\/wp-json\/wp\/v2\/pages\/261634\/revisions"}],"predecessor-version":[{"id":261713,"href":"https:\/\/old.cuorepilates.indexeodev.es\/fr\/wp-json\/wp\/v2\/pages\/261634\/revisions\/261713"}],"wp:attachment":[{"href":"https:\/\/old.cuorepilates.indexeodev.es\/fr\/wp-json\/wp\/v2\/media?parent=261634"}],"curies":[{"name":"wp","href":"https:\/\/api.w.org\/{rel}","templated":true}]}}